{"id":87,"date":"2025-09-11T20:13:42","date_gmt":"2025-09-11T20:13:42","guid":{"rendered":"http:\/\/localhost:8888\/test\/?page_id=545"},"modified":"2025-09-29T19:55:23","modified_gmt":"2025-09-29T19:55:23","slug":"faq","status":"publish","type":"page","link":"https:\/\/www.gotopess.com\/es\/about\/faq\/","title":{"rendered":"PREGUNTAS FRECUENTES"},"content":{"rendered":"<section class=\"section\" id=\"section_750691592\">\n\t\t<div class=\"bg section-bg fill bg-fill bg-loaded bg-loaded\" >\n\n\t\t\t\n\t\t\t\n\t\t\t\n\n\t\t<\/div>\n\n\t\t\n\n\t\t<div class=\"section-content relative\">\n\t\t\t\n\n<div class=\"container section-title-container\" style=\"max-width:100%;\"><h3 class=\"section-title section-title-normal\"><b><\/b><span class=\"section-title-main\" >Preguntas frecuentes<\/span><b><\/b><\/h3><\/div>\n\n<div class=\"row row-full-width\"  id=\"row-1650107468\">\n\n\n\t<div id=\"col-175639600\" class=\"col small-12 large-12\"  >\n\t\t\t\t<div class=\"col-inner\"  >\n\t\t\t\n\t\t\t\n\n<p><span style=\"font-size: 20.16px; color: #333333;\">\u00bfQu\u00e9 capacidades de bater\u00eda ofrecen para uso dom\u00e9stico y comercial?<\/span><\/p>\n<section class=\"custom-faq-container\">\n<div class=\"custom-faq-card\">\n<p>Ofrecemos una amplia gama, desde 5 kWh para uso dom\u00e9stico hasta soluciones de varios MWh para proyectos comerciales e industriales.<\/p>\n<\/div>\n<div class=\"custom-faq-card\">\n<h3>\u00bfPuede personalizarse su ESS para diferentes aplicaciones industriales?<\/h3>\n<p>S\u00ed, nuestros sistemas son modulares y pueden adaptarse a las necesidades espec\u00edficas de energ\u00eda y almacenamiento.<\/p>\n<\/div>\n<div class=\"custom-faq-card\">\n<h3>\u00bfCu\u00e1l es el periodo de garant\u00eda de sus bater\u00edas y sistemas?<\/h3>\n<p>Normalmente entre 5 y 10 a\u00f1os, seg\u00fan el modelo de producto y la aplicaci\u00f3n.<\/p>\n<\/div>\n<div class=\"custom-faq-card\">\n<h3>\u00bfProporcionan asistencia para la instalaci\u00f3n y posventa?<\/h3>\n<p>S\u00ed, ofrecemos orientaci\u00f3n profesional para la instalaci\u00f3n, formaci\u00f3n t\u00e9cnica y servicio posventa global.<\/p>\n<\/div>\n<div class=\"custom-faq-card\">\n<h3>\u00bfQu\u00e9 certificaciones de seguridad y conformidad tienen sus productos?<\/h3>\n<p>Nuestros productos cumplen normas internacionales como CE, UL, UN38.3 e IEC.<\/p>\n<\/div>\n<div class=\"custom-faq-card\">\n<h3>\u00bfEn cu\u00e1nto tiempo puedo recibir mi pedido?<\/h3>\n<p>Los productos est\u00e1ndar se env\u00edan en un plazo de 2 a 4 semanas, con opciones aceleradas disponibles para proyectos urgentes.<\/p>\n<\/div>\n<div class=\"custom-faq-card\">\n<h3>\u00bfSus bater\u00edas admiten la integraci\u00f3n de energ\u00eda solar y renovable?<\/h3>\n<p>S\u00ed, nuestro ESS se integra perfectamente con sistemas de energ\u00eda solar, e\u00f3lica e h\u00edbrida.<\/p>\n<\/div>\n<div class=\"custom-faq-card\">\n<h3>\u00bfCu\u00e1l es la vida \u00fatil prevista de sus bater\u00edas?<\/h3>\n<p>M\u00e1s de 6.000 ciclos, que proporcionan m\u00e1s de 10 a\u00f1os de rendimiento fiable.<\/p>\n<\/div>\n<div class=\"custom-faq-card\">\n<h3>\u00bfPueden ampliarse sus sistemas m\u00e1s adelante a medida que crece la demanda?<\/h3>\n<p>S\u00ed, nuestro dise\u00f1o modular permite ampliar f\u00e1cilmente la capacidad.<\/p>\n<\/div>\n<div class=\"custom-faq-card\">\n<h3>\u00bfOfrecen servicios OEM\/ODM para socios?<\/h3>\n<p>S\u00ed, admitimos OEM\/ODM para satisfacer las necesidades comerciales personalizadas.<\/p>\n<\/div>\n<\/section>\n<p>\u00a0<\/p>\n\n\t\t<\/div>\n\t\t\t\t\t<\/div>\n\n\t\n\n<\/div>\n\n\t\t<\/div>\n\n\t\t\n<style>\n#section_750691592 {\n  padding-top: 30px;\n  padding-bottom: 30px;\n}\n<\/style>\n\t<\/section>","protected":false},"excerpt":{"rendered":"","protected":false},"author":2,"featured_media":0,"parent":92,"menu_order":0,"comment_status":"closed","ping_status":"closed","template":"","meta":{"footnotes":""},"class_list":["post-87","page","type-page","status-publish","hentry"],"_links":{"self":[{"href":"https:\/\/www.gotopess.com\/es\/wp-json\/wp\/v2\/pages\/87","targetHints":{"allow":["GET"]}}],"collection":[{"href":"https:\/\/www.gotopess.com\/es\/wp-json\/wp\/v2\/pages"}],"about":[{"href":"https:\/\/www.gotopess.com\/es\/wp-json\/wp\/v2\/types\/page"}],"author":[{"embeddable":true,"href":"https:\/\/www.gotopess.com\/es\/wp-json\/wp\/v2\/users\/2"}],"replies":[{"embeddable":true,"href":"https:\/\/www.gotopess.com\/es\/wp-json\/wp\/v2\/comments?post=87"}],"version-history":[{"count":5,"href":"https:\/\/www.gotopess.com\/es\/wp-json\/wp\/v2\/pages\/87\/revisions"}],"predecessor-version":[{"id":1547,"href":"https:\/\/www.gotopess.com\/es\/wp-json\/wp\/v2\/pages\/87\/revisions\/1547"}],"up":[{"embeddable":true,"href":"https:\/\/www.gotopess.com\/es\/wp-json\/wp\/v2\/pages\/92"}],"wp:attachment":[{"href":"https:\/\/www.gotopess.com\/es\/wp-json\/wp\/v2\/media?parent=87"}],"curies":[{"name":"wp","href":"https:\/\/api.w.org\/{rel}","templated":true}]}}