{"id":1038,"date":"2025-10-10T09:13:24","date_gmt":"2025-10-10T01:13:24","guid":{"rendered":"http:\/\/8.218.239.88\/?post_type=product&#038;p=1038"},"modified":"2025-10-18T21:13:04","modified_gmt":"2025-10-18T13:13:04","slug":"gd-pro-series-4000w11000w-not-parallel-hybrid-inverter","status":"publish","type":"product","link":"https:\/\/www.gotopess.com\/es\/product\/4000w11000w-solar-inverter-gd-pro-series\/","title":{"rendered":"Inversor h\u00edbrido GD Pro Series 4000W~11000W"},"content":{"rendered":"<p data-wp-editing=\"1\"><img decoding=\"async\" class=\"aligncenter wp-image-1068 size-full\" src=\"https:\/\/www.gotopess.com\/wp-content\/uploads\/2025\/09\/SOLAR-INVERTER-GD-PrO-SERIES6-scaled.jpg\" alt=\"\" width=\"1810\" height=\"2560\" srcset=\"https:\/\/www.gotopess.com\/wp-content\/uploads\/2025\/09\/SOLAR-INVERTER-GD-PrO-SERIES6-scaled.jpg 1810w, https:\/\/www.gotopess.com\/wp-content\/uploads\/2025\/09\/SOLAR-INVERTER-GD-PrO-SERIES6-283x400.jpg 283w, https:\/\/www.gotopess.com\/wp-content\/uploads\/2025\/09\/SOLAR-INVERTER-GD-PrO-SERIES6-566x800.jpg 566w, https:\/\/www.gotopess.com\/wp-content\/uploads\/2025\/09\/SOLAR-INVERTER-GD-PrO-SERIES6-768x1086.jpg 768w, https:\/\/www.gotopess.com\/wp-content\/uploads\/2025\/09\/SOLAR-INVERTER-GD-PrO-SERIES6-1086x1536.jpg 1086w, https:\/\/www.gotopess.com\/wp-content\/uploads\/2025\/09\/SOLAR-INVERTER-GD-PrO-SERIES6-1448x2048.jpg 1448w, https:\/\/www.gotopess.com\/wp-content\/uploads\/2025\/09\/SOLAR-INVERTER-GD-PrO-SERIES6-600x848.jpg 600w\" sizes=\"(max-width: 1810px) 100vw, 1810px\" \/> <img decoding=\"async\" class=\"aligncenter wp-image-1069 size-full\" src=\"https:\/\/www.gotopess.com\/wp-content\/uploads\/2025\/09\/SOLAR-INVERTER-GD-PrO-SERIES7-scaled.jpg\" alt=\"\" width=\"1810\" height=\"2560\" srcset=\"https:\/\/www.gotopess.com\/wp-content\/uploads\/2025\/09\/SOLAR-INVERTER-GD-PrO-SERIES7-scaled.jpg 1810w, https:\/\/www.gotopess.com\/wp-content\/uploads\/2025\/09\/SOLAR-INVERTER-GD-PrO-SERIES7-283x400.jpg 283w, https:\/\/www.gotopess.com\/wp-content\/uploads\/2025\/09\/SOLAR-INVERTER-GD-PrO-SERIES7-566x800.jpg 566w, https:\/\/www.gotopess.com\/wp-content\/uploads\/2025\/09\/SOLAR-INVERTER-GD-PrO-SERIES7-768x1086.jpg 768w, https:\/\/www.gotopess.com\/wp-content\/uploads\/2025\/09\/SOLAR-INVERTER-GD-PrO-SERIES7-1086x1536.jpg 1086w, https:\/\/www.gotopess.com\/wp-content\/uploads\/2025\/09\/SOLAR-INVERTER-GD-PrO-SERIES7-1448x2048.jpg 1448w, https:\/\/www.gotopess.com\/wp-content\/uploads\/2025\/09\/SOLAR-INVERTER-GD-PrO-SERIES7-600x848.jpg 600w\" sizes=\"(max-width: 1810px) 100vw, 1810px\" \/><\/p>","protected":false},"excerpt":{"rendered":"<ul>\n<li>Funci\u00f3n de reinicio autom\u00e1tico de la bater\u00eda de litio, m\u00e1s c\u00f3moda para la carga de bater\u00edas de litio<\/li>\n<li>Modo de alimentaci\u00f3n inteligente, distribuci\u00f3n inteligente de las cuotas de energ\u00eda del panel solar\/fuentes\/bater\u00eda<\/li>\n<li>Tensi\u00f3n de carga de red\/tensi\u00f3n de carga de energ\u00eda fotovoltaica ajustable, para diferentes requisitos de carga de la bater\u00eda.<\/li>\n<li>Cuerpo delgado, c\u00f3modo de guardar y transportar<\/li>\n<li>Protecci\u00f3n de conexi\u00f3n inversa de la bater\u00eda con interruptor con fusible, instalaci\u00f3n m\u00e1s segura<\/li>\n<li>PF1.0, Alta eficiencia,Menor consumo,Conservaci\u00f3n de la energ\u00eda\/Protecci\u00f3n del medio ambiente\/<\/li>\n<li>Ahorro de electricidad\/ahorro de costes<\/li>\n<li>Soporta el trabajo sin bater\u00eda: Reduce el Coste del Sistema Solar<\/li>\n<li>Funci\u00f3n paralela hasta un m\u00e1ximo de 9 unidades: Ampliar M\u00e1s Cargas<\/li>\n<li>Alta Precisi\u00f3n de la Tensi\u00f3n de Salida,\u00b15%, Cuide sus Electrodom\u00e9sticos<\/li>\n<li>Opci\u00f3n de Comunicaci\u00f3n: WiFi externo, supervisar en cualquier momento<\/li>\n<li>Funci\u00f3n BMS para bater\u00eda de litio<\/li>\n<\/ul>","protected":false},"featured_media":1840,"comment_status":"open","ping_status":"closed","template":"","meta":[],"product_brand":[145],"product_cat":[60,61],"product_tag":[276,275],"class_list":{"0":"post-1038","1":"product","2":"type-product","3":"status-publish","4":"has-post-thumbnail","6":"product_brand-gotopower","7":"product_cat-inverters-battery-energy-storage-system","8":"product_cat-hybrid-inverter-battery-energy-storage-system","9":"product_tag-high-frequency-inverter","10":"product_tag-solar-inverter","12":"first","13":"instock","14":"shipping-taxable","15":"product-type-simple"},"_links":{"self":[{"href":"https:\/\/www.gotopess.com\/es\/wp-json\/wp\/v2\/product\/1038","targetHints":{"allow":["GET"]}}],"collection":[{"href":"https:\/\/www.gotopess.com\/es\/wp-json\/wp\/v2\/product"}],"about":[{"href":"https:\/\/www.gotopess.com\/es\/wp-json\/wp\/v2\/types\/product"}],"replies":[{"embeddable":true,"href":"https:\/\/www.gotopess.com\/es\/wp-json\/wp\/v2\/comments?post=1038"}],"wp:featuredmedia":[{"embeddable":true,"href":"https:\/\/www.gotopess.com\/es\/wp-json\/wp\/v2\/media\/1840"}],"wp:attachment":[{"href":"https:\/\/www.gotopess.com\/es\/wp-json\/wp\/v2\/media?parent=1038"}],"wp:term":[{"taxonomy":"product_brand","embeddable":true,"href":"https:\/\/www.gotopess.com\/es\/wp-json\/wp\/v2\/product_brand?post=1038"},{"taxonomy":"product_cat","embeddable":true,"href":"https:\/\/www.gotopess.com\/es\/wp-json\/wp\/v2\/product_cat?post=1038"},{"taxonomy":"product_tag","embeddable":true,"href":"https:\/\/www.gotopess.com\/es\/wp-json\/wp\/v2\/product_tag?post=1038"}],"curies":[{"name":"wp","href":"https:\/\/api.w.org\/{rel}","templated":true}]}}