{"id":1043,"date":"2025-10-10T09:14:41","date_gmt":"2025-10-10T01:14:41","guid":{"rendered":"http:\/\/8.218.239.88\/?post_type=product&#038;p=1043"},"modified":"2025-10-18T20:45:45","modified_gmt":"2025-10-18T12:45:45","slug":"gd-pro-series-6-2kw-8-2kw-11kw-parallel-hybrid-inverter","status":"publish","type":"product","link":"https:\/\/www.gotopess.com\/es\/product\/gd-pro-series-6-2kw-8-2kw-11kw-parallel-hybrid-inverter\/","title":{"rendered":"Inversor h\u00edbrido paralelo serie GD Pro+ 6,2KW\/8,2KW\/11KW"},"content":{"rendered":"<p><img decoding=\"async\" class=\"aligncenter wp-image-1072 size-full\" src=\"https:\/\/www.gotopess.com\/wp-content\/uploads\/2025\/09\/6.2KW8.6KW11KW-ProEnergy-Storage-Hybrid-Inverter-Solutions5-scaled.jpg\" alt=\"\" width=\"1810\" height=\"2560\" srcset=\"https:\/\/www.gotopess.com\/wp-content\/uploads\/2025\/09\/6.2KW8.6KW11KW-ProEnergy-Storage-Hybrid-Inverter-Solutions5-scaled.jpg 1810w, https:\/\/www.gotopess.com\/wp-content\/uploads\/2025\/09\/6.2KW8.6KW11KW-ProEnergy-Storage-Hybrid-Inverter-Solutions5-283x400.jpg 283w, https:\/\/www.gotopess.com\/wp-content\/uploads\/2025\/09\/6.2KW8.6KW11KW-ProEnergy-Storage-Hybrid-Inverter-Solutions5-566x800.jpg 566w, https:\/\/www.gotopess.com\/wp-content\/uploads\/2025\/09\/6.2KW8.6KW11KW-ProEnergy-Storage-Hybrid-Inverter-Solutions5-768x1086.jpg 768w, https:\/\/www.gotopess.com\/wp-content\/uploads\/2025\/09\/6.2KW8.6KW11KW-ProEnergy-Storage-Hybrid-Inverter-Solutions5-1086x1536.jpg 1086w, https:\/\/www.gotopess.com\/wp-content\/uploads\/2025\/09\/6.2KW8.6KW11KW-ProEnergy-Storage-Hybrid-Inverter-Solutions5-1448x2048.jpg 1448w, https:\/\/www.gotopess.com\/wp-content\/uploads\/2025\/09\/6.2KW8.6KW11KW-ProEnergy-Storage-Hybrid-Inverter-Solutions5-600x848.jpg 600w\" sizes=\"(max-width: 1810px) 100vw, 1810px\" \/> <img decoding=\"async\" class=\"aligncenter wp-image-1073 size-full\" src=\"https:\/\/www.gotopess.com\/wp-content\/uploads\/2025\/09\/6.2KW8.6KW11KW-ProEnergy-Storage-Hybrid-Inverter-Solutions6-scaled.jpg\" alt=\"\" width=\"1810\" height=\"2560\" srcset=\"https:\/\/www.gotopess.com\/wp-content\/uploads\/2025\/09\/6.2KW8.6KW11KW-ProEnergy-Storage-Hybrid-Inverter-Solutions6-scaled.jpg 1810w, https:\/\/www.gotopess.com\/wp-content\/uploads\/2025\/09\/6.2KW8.6KW11KW-ProEnergy-Storage-Hybrid-Inverter-Solutions6-283x400.jpg 283w, https:\/\/www.gotopess.com\/wp-content\/uploads\/2025\/09\/6.2KW8.6KW11KW-ProEnergy-Storage-Hybrid-Inverter-Solutions6-566x800.jpg 566w, https:\/\/www.gotopess.com\/wp-content\/uploads\/2025\/09\/6.2KW8.6KW11KW-ProEnergy-Storage-Hybrid-Inverter-Solutions6-768x1086.jpg 768w, https:\/\/www.gotopess.com\/wp-content\/uploads\/2025\/09\/6.2KW8.6KW11KW-ProEnergy-Storage-Hybrid-Inverter-Solutions6-1086x1536.jpg 1086w, https:\/\/www.gotopess.com\/wp-content\/uploads\/2025\/09\/6.2KW8.6KW11KW-ProEnergy-Storage-Hybrid-Inverter-Solutions6-1448x2048.jpg 1448w, https:\/\/www.gotopess.com\/wp-content\/uploads\/2025\/09\/6.2KW8.6KW11KW-ProEnergy-Storage-Hybrid-Inverter-Solutions6-600x848.jpg 600w\" sizes=\"(max-width: 1810px) 100vw, 1810px\" \/><\/p>","protected":false},"excerpt":{"rendered":"<ul>\n<li>Almacenamiento de energ\u00eda Soluciones de inversores h\u00edbridos<\/li>\n<li>Funci\u00f3n de reinicio autom\u00e1tico de la bater\u00eda de litio, m\u00e1s c\u00f3moda para la carga de bater\u00edas de litio<\/li>\n<li>Modo de alimentaci\u00f3n inteligente, distribuci\u00f3n inteligente de las cuotas de energ\u00eda del panel solar\/fuentes\/bater\u00eda<\/li>\n<li>Tensi\u00f3n de carga de red\/tensi\u00f3n de carga de energ\u00eda fotovoltaica ajustable, para diferentes requisitos de carga de la bater\u00eda.<\/li>\n<li>Cuerpo delgado, c\u00f3modo de guardar y transportar<\/li>\n<li>Protecci\u00f3n de conexi\u00f3n inversa de la bater\u00eda con interruptor con fusible, instalaci\u00f3n m\u00e1s segura<\/li>\n<li>PF1.0, Alta eficiencia,Menor consumo,Conservaci\u00f3n de la energ\u00eda\/Protecci\u00f3n del medio ambiente\/<\/li>\n<li>Ahorro de electricidad\/ahorro de costes<\/li>\n<li>Soporta el trabajo sin bater\u00eda: Reduce el Coste del Sistema Solar<\/li>\n<li>Funci\u00f3n paralela hasta un m\u00e1ximo de 9 unidades: Ampliar M\u00e1s Cargas<\/li>\n<li>Alta Precisi\u00f3n de la Tensi\u00f3n de Salida,\u00b15%, Cuide sus Electrodom\u00e9sticos<\/li>\n<li>Opci\u00f3n de Comunicaci\u00f3n: WiFi externo, supervisar en cualquier momento<\/li>\n<li>Funci\u00f3n BMS para bater\u00eda de litio<\/li>\n<\/ul>","protected":false},"featured_media":1044,"comment_status":"open","ping_status":"closed","template":"","meta":[],"product_brand":[145],"product_cat":[60,61],"product_tag":[276,176],"class_list":{"0":"post-1043","1":"product","2":"type-product","3":"status-publish","4":"has-post-thumbnail","6":"product_brand-gotopower","7":"product_cat-inverters-battery-energy-storage-system","8":"product_cat-hybrid-inverter-battery-energy-storage-system","9":"product_tag-high-frequency-inverter","10":"product_tag-inverter","12":"first","13":"instock","14":"shipping-taxable","15":"product-type-simple"},"_links":{"self":[{"href":"https:\/\/www.gotopess.com\/es\/wp-json\/wp\/v2\/product\/1043","targetHints":{"allow":["GET"]}}],"collection":[{"href":"https:\/\/www.gotopess.com\/es\/wp-json\/wp\/v2\/product"}],"about":[{"href":"https:\/\/www.gotopess.com\/es\/wp-json\/wp\/v2\/types\/product"}],"replies":[{"embeddable":true,"href":"https:\/\/www.gotopess.com\/es\/wp-json\/wp\/v2\/comments?post=1043"}],"wp:featuredmedia":[{"embeddable":true,"href":"https:\/\/www.gotopess.com\/es\/wp-json\/wp\/v2\/media\/1044"}],"wp:attachment":[{"href":"https:\/\/www.gotopess.com\/es\/wp-json\/wp\/v2\/media?parent=1043"}],"wp:term":[{"taxonomy":"product_brand","embeddable":true,"href":"https:\/\/www.gotopess.com\/es\/wp-json\/wp\/v2\/product_brand?post=1043"},{"taxonomy":"product_cat","embeddable":true,"href":"https:\/\/www.gotopess.com\/es\/wp-json\/wp\/v2\/product_cat?post=1043"},{"taxonomy":"product_tag","embeddable":true,"href":"https:\/\/www.gotopess.com\/es\/wp-json\/wp\/v2\/product_tag?post=1043"}],"curies":[{"name":"wp","href":"https:\/\/api.w.org\/{rel}","templated":true}]}}