{"id":1054,"date":"2025-09-22T11:20:13","date_gmt":"2025-09-22T11:20:13","guid":{"rendered":"http:\/\/8.218.239.88\/?post_type=product&#038;p=1054"},"modified":"2025-09-22T12:39:28","modified_gmt":"2025-09-22T12:39:28","slug":"12-8v-100ah-mini-rechargeable-lifepo4-battery","status":"publish","type":"product","link":"https:\/\/www.gotopess.com\/es\/product\/12-8v-100ah-mini-rechargeable-lifepo4-battery\/","title":{"rendered":"12.8V 100Ah Mini Bater\u00eda recargable LiFePO4"},"content":{"rendered":"<p><img decoding=\"async\" class=\"alignnone wp-image-1056 size-full aligncenter\" src=\"https:\/\/www.gotopess.com\/wp-content\/uploads\/2025\/09\/12.8V100Ah-Mini2.jpeg\" alt=\"\" width=\"905\" height=\"1280\" srcset=\"https:\/\/www.gotopess.com\/wp-content\/uploads\/2025\/09\/12.8V100Ah-Mini2.jpeg 905w, https:\/\/www.gotopess.com\/wp-content\/uploads\/2025\/09\/12.8V100Ah-Mini2-283x400.jpeg 283w, https:\/\/www.gotopess.com\/wp-content\/uploads\/2025\/09\/12.8V100Ah-Mini2-566x800.jpeg 566w, https:\/\/www.gotopess.com\/wp-content\/uploads\/2025\/09\/12.8V100Ah-Mini2-768x1086.jpeg 768w, https:\/\/www.gotopess.com\/wp-content\/uploads\/2025\/09\/12.8V100Ah-Mini2-600x849.jpeg 600w\" sizes=\"(max-width: 905px) 100vw, 905px\" \/><img decoding=\"async\" class=\"wp-image-1055 size-full aligncenter\" src=\"https:\/\/www.gotopess.com\/wp-content\/uploads\/2025\/09\/12.8V100Ah-Mini1.jpeg\" alt=\"\" width=\"905\" height=\"1280\" srcset=\"https:\/\/www.gotopess.com\/wp-content\/uploads\/2025\/09\/12.8V100Ah-Mini1.jpeg 905w, https:\/\/www.gotopess.com\/wp-content\/uploads\/2025\/09\/12.8V100Ah-Mini1-283x400.jpeg 283w, https:\/\/www.gotopess.com\/wp-content\/uploads\/2025\/09\/12.8V100Ah-Mini1-566x800.jpeg 566w, https:\/\/www.gotopess.com\/wp-content\/uploads\/2025\/09\/12.8V100Ah-Mini1-768x1086.jpeg 768w, https:\/\/www.gotopess.com\/wp-content\/uploads\/2025\/09\/12.8V100Ah-Mini1-600x849.jpeg 600w\" sizes=\"(max-width: 905px) 100vw, 905px\" \/><\/p>","protected":false},"excerpt":{"rendered":"<ul>\n<li>C\u00e9lulas LiFePO4 prism\u00e1ticas de larga duraci\u00f3n, ciclo de vida superior a 6000 veces, certificaci\u00f3n: ROHS, IEC62619, UL1973, UL9540A, UN38.3, MSDS, IP65, ISTA 2A<\/li>\n<li>Contenedor ABS, sustituye perfectamente a la bater\u00eda VRLA, Clase IP 65, Sin mantenimiento<\/li>\n<li>Hardware BMS integrado en el interior, protecci\u00f3n independiente para carga y descarga, OVP, LVP, OCP, OTP, LTP, protecci\u00f3n contra cortocircuitos<\/li>\n<\/ul>","protected":false},"featured_media":1057,"comment_status":"open","ping_status":"closed","template":"","meta":[],"product_brand":[145],"product_cat":[45,83,146],"product_tag":[103,183,186,102],"class_list":{"0":"post-1054","1":"product","2":"type-product","3":"status-publish","4":"has-post-thumbnail","6":"product_brand-gotopower","7":"product_cat-lifepo4-battery","8":"product_cat-lithium-lifepo4-battery","9":"product_cat-12v-lifepo4-battery","10":"product_tag-boat","11":"product_tag-home","12":"product_tag-marine","13":"product_tag-trolling-motor","15":"first","16":"instock","17":"downloadable","18":"shipping-taxable","19":"product-type-simple"},"_links":{"self":[{"href":"https:\/\/www.gotopess.com\/es\/wp-json\/wp\/v2\/product\/1054","targetHints":{"allow":["GET"]}}],"collection":[{"href":"https:\/\/www.gotopess.com\/es\/wp-json\/wp\/v2\/product"}],"about":[{"href":"https:\/\/www.gotopess.com\/es\/wp-json\/wp\/v2\/types\/product"}],"replies":[{"embeddable":true,"href":"https:\/\/www.gotopess.com\/es\/wp-json\/wp\/v2\/comments?post=1054"}],"wp:featuredmedia":[{"embeddable":true,"href":"https:\/\/www.gotopess.com\/es\/wp-json\/wp\/v2\/media\/1057"}],"wp:attachment":[{"href":"https:\/\/www.gotopess.com\/es\/wp-json\/wp\/v2\/media?parent=1054"}],"wp:term":[{"taxonomy":"product_brand","embeddable":true,"href":"https:\/\/www.gotopess.com\/es\/wp-json\/wp\/v2\/product_brand?post=1054"},{"taxonomy":"product_cat","embeddable":true,"href":"https:\/\/www.gotopess.com\/es\/wp-json\/wp\/v2\/product_cat?post=1054"},{"taxonomy":"product_tag","embeddable":true,"href":"https:\/\/www.gotopess.com\/es\/wp-json\/wp\/v2\/product_tag?post=1054"}],"curies":[{"name":"wp","href":"https:\/\/api.w.org\/{rel}","templated":true}]}}