{"id":1120,"date":"2025-09-23T08:58:12","date_gmt":"2025-09-23T08:58:12","guid":{"rendered":"http:\/\/8.218.239.88\/?post_type=product&#038;p=1120"},"modified":"2025-09-23T08:58:12","modified_gmt":"2025-09-23T08:58:12","slug":"12-8v-12ah-rechargeable-lifepo4-battery","status":"publish","type":"product","link":"https:\/\/www.gotopess.com\/es\/product\/12-8v-12ah-bateria-recargable-lifepo4\/","title":{"rendered":"Bater\u00eda recargable LiFePO4 12,8V 12Ah"},"content":{"rendered":"<p><img decoding=\"async\" class=\"aligncenter size-full wp-image-1121\" src=\"https:\/\/www.gotopess.com\/wp-content\/uploads\/2025\/09\/12.8V-12Ah-Rechargeable-LiFePO4-Battery-12_0-scaled.jpg\" alt=\"\" width=\"1810\" height=\"2560\" srcset=\"https:\/\/www.gotopess.com\/wp-content\/uploads\/2025\/09\/12.8V-12Ah-Rechargeable-LiFePO4-Battery-12_0-scaled.jpg 1810w, https:\/\/www.gotopess.com\/wp-content\/uploads\/2025\/09\/12.8V-12Ah-Rechargeable-LiFePO4-Battery-12_0-283x400.jpg 283w, https:\/\/www.gotopess.com\/wp-content\/uploads\/2025\/09\/12.8V-12Ah-Rechargeable-LiFePO4-Battery-12_0-566x800.jpg 566w, https:\/\/www.gotopess.com\/wp-content\/uploads\/2025\/09\/12.8V-12Ah-Rechargeable-LiFePO4-Battery-12_0-768x1086.jpg 768w, https:\/\/www.gotopess.com\/wp-content\/uploads\/2025\/09\/12.8V-12Ah-Rechargeable-LiFePO4-Battery-12_0-1086x1536.jpg 1086w, https:\/\/www.gotopess.com\/wp-content\/uploads\/2025\/09\/12.8V-12Ah-Rechargeable-LiFePO4-Battery-12_0-1448x2048.jpg 1448w, https:\/\/www.gotopess.com\/wp-content\/uploads\/2025\/09\/12.8V-12Ah-Rechargeable-LiFePO4-Battery-12_0-600x848.jpg 600w\" sizes=\"(max-width: 1810px) 100vw, 1810px\" \/> <img decoding=\"async\" class=\"aligncenter size-full wp-image-1122\" src=\"https:\/\/www.gotopess.com\/wp-content\/uploads\/2025\/09\/12.8V-12Ah-Rechargeable-LiFePO4-Battery-12_1-scaled.jpg\" alt=\"\" width=\"1810\" height=\"2560\" srcset=\"https:\/\/www.gotopess.com\/wp-content\/uploads\/2025\/09\/12.8V-12Ah-Rechargeable-LiFePO4-Battery-12_1-scaled.jpg 1810w, https:\/\/www.gotopess.com\/wp-content\/uploads\/2025\/09\/12.8V-12Ah-Rechargeable-LiFePO4-Battery-12_1-283x400.jpg 283w, https:\/\/www.gotopess.com\/wp-content\/uploads\/2025\/09\/12.8V-12Ah-Rechargeable-LiFePO4-Battery-12_1-566x800.jpg 566w, https:\/\/www.gotopess.com\/wp-content\/uploads\/2025\/09\/12.8V-12Ah-Rechargeable-LiFePO4-Battery-12_1-768x1086.jpg 768w, https:\/\/www.gotopess.com\/wp-content\/uploads\/2025\/09\/12.8V-12Ah-Rechargeable-LiFePO4-Battery-12_1-1086x1536.jpg 1086w, https:\/\/www.gotopess.com\/wp-content\/uploads\/2025\/09\/12.8V-12Ah-Rechargeable-LiFePO4-Battery-12_1-1448x2048.jpg 1448w, https:\/\/www.gotopess.com\/wp-content\/uploads\/2025\/09\/12.8V-12Ah-Rechargeable-LiFePO4-Battery-12_1-600x848.jpg 600w\" sizes=\"(max-width: 1810px) 100vw, 1810px\" \/><\/p>","protected":false},"excerpt":{"rendered":"<ul>\n<li>C\u00e9lulas cil\u00edndricas LiFePO4, Alta consistencia, ciclo de vida superior a 6000 veces @80%DOD y mucha m\u00e1s seguridad. UN38.3, certificaci\u00f3n CE para el sistema.<\/li>\n<li>Contenedor de ABS, sustituye perfectamente a la bater\u00eda VRLA, Rendimiento de carga r\u00e1pida,-20~+55\u00b0 C amplio rango de temperatura,Sin mantenimiento<\/li>\n<li>Protecci\u00f3n independiente para carga y descarga, protecci\u00f3n contra sobretensi\u00f3n, baja tensi\u00f3n, sobretemperatura y cortocircuito.<\/li>\n<\/ul>","protected":false},"featured_media":1123,"comment_status":"open","ping_status":"closed","template":"","meta":[],"product_brand":[145],"product_cat":[45,83,146],"product_tag":[103,105,183,181,186,184,106,102],"class_list":{"0":"post-1120","1":"product","2":"type-product","3":"status-publish","4":"has-post-thumbnail","6":"product_brand-gotopower","7":"product_cat-lifepo4-battery","8":"product_cat-lithium-lifepo4-battery","9":"product_cat-12v-lifepo4-battery","10":"product_tag-boat","11":"product_tag-golf-cart","12":"product_tag-home","13":"product_tag-lithium-battery","14":"product_tag-marine","15":"product_tag-off-grid","16":"product_tag-rv","17":"product_tag-trolling-motor","19":"first","20":"instock","21":"downloadable","22":"shipping-taxable","23":"product-type-simple"},"_links":{"self":[{"href":"https:\/\/www.gotopess.com\/es\/wp-json\/wp\/v2\/product\/1120","targetHints":{"allow":["GET"]}}],"collection":[{"href":"https:\/\/www.gotopess.com\/es\/wp-json\/wp\/v2\/product"}],"about":[{"href":"https:\/\/www.gotopess.com\/es\/wp-json\/wp\/v2\/types\/product"}],"replies":[{"embeddable":true,"href":"https:\/\/www.gotopess.com\/es\/wp-json\/wp\/v2\/comments?post=1120"}],"wp:featuredmedia":[{"embeddable":true,"href":"https:\/\/www.gotopess.com\/es\/wp-json\/wp\/v2\/media\/1123"}],"wp:attachment":[{"href":"https:\/\/www.gotopess.com\/es\/wp-json\/wp\/v2\/media?parent=1120"}],"wp:term":[{"taxonomy":"product_brand","embeddable":true,"href":"https:\/\/www.gotopess.com\/es\/wp-json\/wp\/v2\/product_brand?post=1120"},{"taxonomy":"product_cat","embeddable":true,"href":"https:\/\/www.gotopess.com\/es\/wp-json\/wp\/v2\/product_cat?post=1120"},{"taxonomy":"product_tag","embeddable":true,"href":"https:\/\/www.gotopess.com\/es\/wp-json\/wp\/v2\/product_tag?post=1120"}],"curies":[{"name":"wp","href":"https:\/\/api.w.org\/{rel}","templated":true}]}}