{"id":1167,"date":"2025-09-23T09:04:28","date_gmt":"2025-09-23T09:04:28","guid":{"rendered":"http:\/\/8.218.239.88\/?post_type=product&#038;p=1167"},"modified":"2025-10-17T17:48:33","modified_gmt":"2025-10-17T09:48:33","slug":"ge-t48v-100ah-smart-li-ion-battery","status":"publish","type":"product","link":"https:\/\/www.gotopess.com\/es\/product\/ge-t48v-100ah-smart-li-ion-battery-2\/","title":{"rendered":"Bater\u00eda GE-T48V 100Ah Smart Li-ion"},"content":{"rendered":"<p><img decoding=\"async\" class=\"aligncenter size-full wp-image-1169\" src=\"https:\/\/www.gotopess.com\/wp-content\/uploads\/woocommerce_uploads\/2025\/09\/GE-T48V100Ah-Smart-Li-ion-battery1-coycht-scaled.jpg\" alt=\"\" width=\"1810\" height=\"2560\" srcset=\"https:\/\/www.gotopess.com\/wp-content\/uploads\/woocommerce_uploads\/2025\/09\/GE-T48V100Ah-Smart-Li-ion-battery1-coycht-scaled.jpg 1810w, https:\/\/www.gotopess.com\/wp-content\/uploads\/woocommerce_uploads\/2025\/09\/GE-T48V100Ah-Smart-Li-ion-battery1-coycht-283x400.jpg 283w, https:\/\/www.gotopess.com\/wp-content\/uploads\/woocommerce_uploads\/2025\/09\/GE-T48V100Ah-Smart-Li-ion-battery1-coycht-566x800.jpg 566w, https:\/\/www.gotopess.com\/wp-content\/uploads\/woocommerce_uploads\/2025\/09\/GE-T48V100Ah-Smart-Li-ion-battery1-coycht-768x1086.jpg 768w, https:\/\/www.gotopess.com\/wp-content\/uploads\/woocommerce_uploads\/2025\/09\/GE-T48V100Ah-Smart-Li-ion-battery1-coycht-1086x1536.jpg 1086w, https:\/\/www.gotopess.com\/wp-content\/uploads\/woocommerce_uploads\/2025\/09\/GE-T48V100Ah-Smart-Li-ion-battery1-coycht-1448x2048.jpg 1448w, https:\/\/www.gotopess.com\/wp-content\/uploads\/woocommerce_uploads\/2025\/09\/GE-T48V100Ah-Smart-Li-ion-battery1-coycht-600x848.jpg 600w\" sizes=\"(max-width: 1810px) 100vw, 1810px\" \/> <img decoding=\"async\" class=\"aligncenter size-full wp-image-1170\" src=\"https:\/\/www.gotopess.com\/wp-content\/uploads\/woocommerce_uploads\/2025\/09\/GE-T48V100Ah-Smart-Li-ion-battery2-fsv7sa-scaled.jpg\" alt=\"\" width=\"1810\" height=\"2560\" srcset=\"https:\/\/www.gotopess.com\/wp-content\/uploads\/woocommerce_uploads\/2025\/09\/GE-T48V100Ah-Smart-Li-ion-battery2-fsv7sa-scaled.jpg 1810w, https:\/\/www.gotopess.com\/wp-content\/uploads\/woocommerce_uploads\/2025\/09\/GE-T48V100Ah-Smart-Li-ion-battery2-fsv7sa-283x400.jpg 283w, https:\/\/www.gotopess.com\/wp-content\/uploads\/woocommerce_uploads\/2025\/09\/GE-T48V100Ah-Smart-Li-ion-battery2-fsv7sa-566x800.jpg 566w, https:\/\/www.gotopess.com\/wp-content\/uploads\/woocommerce_uploads\/2025\/09\/GE-T48V100Ah-Smart-Li-ion-battery2-fsv7sa-768x1086.jpg 768w, https:\/\/www.gotopess.com\/wp-content\/uploads\/woocommerce_uploads\/2025\/09\/GE-T48V100Ah-Smart-Li-ion-battery2-fsv7sa-1086x1536.jpg 1086w, https:\/\/www.gotopess.com\/wp-content\/uploads\/woocommerce_uploads\/2025\/09\/GE-T48V100Ah-Smart-Li-ion-battery2-fsv7sa-1448x2048.jpg 1448w, https:\/\/www.gotopess.com\/wp-content\/uploads\/woocommerce_uploads\/2025\/09\/GE-T48V100Ah-Smart-Li-ion-battery2-fsv7sa-600x848.jpg 600w\" sizes=\"(max-width: 1810px) 100vw, 1810px\" \/><\/p>","protected":false},"excerpt":{"rendered":"<ul>\n<li>Celdas prism\u00e1ticas LiFePO4 de larga duraci\u00f3n, sistema de baja tensi\u00f3n, seguridad para la aplicaci\u00f3n.Certificaci\u00f3n de las celdas: UN38.3,ROHS,IEC62619,UL1973,UN38.3,MSDS<\/li>\n<li>Flexible y de f\u00e1cil instalaci\u00f3n, -20~+55\u00b0C amplio rango de temperatura, libre de mantenimiento, convertidor DC\/DC bidireccional en el interior.<\/li>\n<li>Funci\u00f3n BMS y convertidor CC\/CC juntos.Indicadores LED SOC, RUN, ALARMA y alarma sonora Protecci\u00f3n OVP, LVP, OCP, OTP, LTP<\/li>\n<li>Soporta paralelo con la bater\u00eda VRLA y paralelo bater\u00eda nueva \/ vieja\uff0cMax 32pcs\uff0cMultiples modos de trabajo est\u00e1 disponible<\/li>\n<\/ul>","protected":false},"featured_media":1275,"comment_status":"open","ping_status":"closed","template":"","meta":[],"product_brand":[145],"product_cat":[45,83,150,153],"product_tag":[99,101,183,100,181,184,222],"class_list":{"0":"post-1167","1":"product","2":"type-product","3":"status-publish","4":"has-post-thumbnail","6":"product_brand-gotopower","7":"product_cat-lifepo4-battery","8":"product_cat-lithium-lifepo4-battery","9":"product_cat-48v-lifepo4-battery","10":"product_cat-rack-mounted-48v-51-2v-lifepo4-battery","11":"product_tag-battery","12":"product_tag-bluetooth","13":"product_tag-home","14":"product_tag-lithium","15":"product_tag-lithium-battery","16":"product_tag-off-grid","17":"product_tag-rack","19":"first","20":"instock","21":"downloadable","22":"shipping-taxable","23":"product-type-simple"},"_links":{"self":[{"href":"https:\/\/www.gotopess.com\/es\/wp-json\/wp\/v2\/product\/1167","targetHints":{"allow":["GET"]}}],"collection":[{"href":"https:\/\/www.gotopess.com\/es\/wp-json\/wp\/v2\/product"}],"about":[{"href":"https:\/\/www.gotopess.com\/es\/wp-json\/wp\/v2\/types\/product"}],"replies":[{"embeddable":true,"href":"https:\/\/www.gotopess.com\/es\/wp-json\/wp\/v2\/comments?post=1167"}],"wp:featuredmedia":[{"embeddable":true,"href":"https:\/\/www.gotopess.com\/es\/wp-json\/wp\/v2\/media\/1275"}],"wp:attachment":[{"href":"https:\/\/www.gotopess.com\/es\/wp-json\/wp\/v2\/media?parent=1167"}],"wp:term":[{"taxonomy":"product_brand","embeddable":true,"href":"https:\/\/www.gotopess.com\/es\/wp-json\/wp\/v2\/product_brand?post=1167"},{"taxonomy":"product_cat","embeddable":true,"href":"https:\/\/www.gotopess.com\/es\/wp-json\/wp\/v2\/product_cat?post=1167"},{"taxonomy":"product_tag","embeddable":true,"href":"https:\/\/www.gotopess.com\/es\/wp-json\/wp\/v2\/product_tag?post=1167"}],"curies":[{"name":"wp","href":"https:\/\/api.w.org\/{rel}","templated":true}]}}