{"id":1172,"date":"2025-09-23T09:29:27","date_gmt":"2025-09-23T09:29:27","guid":{"rendered":"http:\/\/8.218.239.88\/?post_type=product&#038;p=1172"},"modified":"2025-10-17T17:48:14","modified_gmt":"2025-10-17T09:48:14","slug":"ge-t48v-100ah-snmp-li-ion-battery","status":"publish","type":"product","link":"https:\/\/www.gotopess.com\/es\/product\/ge-t48v-100ah-snmp-li-ion-battery\/","title":{"rendered":"Bater\u00eda GE-T48V 100Ah SNMP Li-ion"},"content":{"rendered":"<p><img decoding=\"async\" class=\"aligncenter size-full wp-image-1174\" src=\"https:\/\/www.gotopess.com\/wp-content\/uploads\/2025\/09\/Datasheet_-GE-T48V100Ah-SNMP-Li-ion-battery_0-scaled.jpg\" alt=\"\" width=\"1810\" height=\"2560\" srcset=\"https:\/\/www.gotopess.com\/wp-content\/uploads\/2025\/09\/Datasheet_-GE-T48V100Ah-SNMP-Li-ion-battery_0-scaled.jpg 1810w, https:\/\/www.gotopess.com\/wp-content\/uploads\/2025\/09\/Datasheet_-GE-T48V100Ah-SNMP-Li-ion-battery_0-283x400.jpg 283w, https:\/\/www.gotopess.com\/wp-content\/uploads\/2025\/09\/Datasheet_-GE-T48V100Ah-SNMP-Li-ion-battery_0-566x800.jpg 566w, https:\/\/www.gotopess.com\/wp-content\/uploads\/2025\/09\/Datasheet_-GE-T48V100Ah-SNMP-Li-ion-battery_0-768x1086.jpg 768w, https:\/\/www.gotopess.com\/wp-content\/uploads\/2025\/09\/Datasheet_-GE-T48V100Ah-SNMP-Li-ion-battery_0-1086x1536.jpg 1086w, https:\/\/www.gotopess.com\/wp-content\/uploads\/2025\/09\/Datasheet_-GE-T48V100Ah-SNMP-Li-ion-battery_0-1448x2048.jpg 1448w, https:\/\/www.gotopess.com\/wp-content\/uploads\/2025\/09\/Datasheet_-GE-T48V100Ah-SNMP-Li-ion-battery_0-600x848.jpg 600w\" sizes=\"(max-width: 1810px) 100vw, 1810px\" \/> <img decoding=\"async\" class=\"aligncenter size-full wp-image-1175\" src=\"https:\/\/www.gotopess.com\/wp-content\/uploads\/2025\/09\/Datasheet_-GE-T48V100Ah-SNMP-Li-ion-battery_1-scaled.jpg\" alt=\"\" width=\"1810\" height=\"2560\" srcset=\"https:\/\/www.gotopess.com\/wp-content\/uploads\/2025\/09\/Datasheet_-GE-T48V100Ah-SNMP-Li-ion-battery_1-scaled.jpg 1810w, https:\/\/www.gotopess.com\/wp-content\/uploads\/2025\/09\/Datasheet_-GE-T48V100Ah-SNMP-Li-ion-battery_1-283x400.jpg 283w, https:\/\/www.gotopess.com\/wp-content\/uploads\/2025\/09\/Datasheet_-GE-T48V100Ah-SNMP-Li-ion-battery_1-566x800.jpg 566w, https:\/\/www.gotopess.com\/wp-content\/uploads\/2025\/09\/Datasheet_-GE-T48V100Ah-SNMP-Li-ion-battery_1-768x1086.jpg 768w, https:\/\/www.gotopess.com\/wp-content\/uploads\/2025\/09\/Datasheet_-GE-T48V100Ah-SNMP-Li-ion-battery_1-1086x1536.jpg 1086w, https:\/\/www.gotopess.com\/wp-content\/uploads\/2025\/09\/Datasheet_-GE-T48V100Ah-SNMP-Li-ion-battery_1-1448x2048.jpg 1448w, https:\/\/www.gotopess.com\/wp-content\/uploads\/2025\/09\/Datasheet_-GE-T48V100Ah-SNMP-Li-ion-battery_1-600x848.jpg 600w\" sizes=\"(max-width: 1810px) 100vw, 1810px\" \/><\/p>","protected":false},"excerpt":{"rendered":"<ul class=\"ul1\">\n<li class=\"li1\">Celdas prism\u00e1ticas LiFePO4 de larga duraci\u00f3n, sistema de baja tensi\u00f3n, seguridad para la aplicaci\u00f3n.Certificaci\u00f3n de las celdas: UN38.3,ROHS,IEC62619,UL1973,UN38.3,MSDS<\/li>\n<li class=\"li1\">6000 Dise\u00f1o de rack est\u00e1ndar de 19\u2033, 3U de altura.Flexible y f\u00e1cilinstalaci\u00f3n,-20~+55\u00b0C amplio rango de temperatura.Libre de mantenimiento.125A MCB Limitador de carga: 20A.<\/li>\n<li class=\"li1\">Soporte paralelo para m\u00e1s energ\u00eda, Max 63 pcs\uff0cPartes opcionales: Parte de calefacci\u00f3n; Pantalla LCD de 3,5\u2033,M\u00f3dulo antirrobo giroscopio;<\/li>\n<li class=\"li1\">M\u00f3dulo antirrobo GPS Protecci\u00f3n OVP, LVP, OCP, OTP, LTP.Indicadores LED SOC,RUN, ALARM y alarma por zumbadorContacto seco *4<\/li>\n<\/ul>","protected":false},"featured_media":1173,"comment_status":"open","ping_status":"closed","template":"","meta":[],"product_brand":[145],"product_cat":[45,83,150,153],"product_tag":[99,101,183,100,181,184,222],"class_list":{"0":"post-1172","1":"product","2":"type-product","3":"status-publish","4":"has-post-thumbnail","6":"product_brand-gotopower","7":"product_cat-lifepo4-battery","8":"product_cat-lithium-lifepo4-battery","9":"product_cat-48v-lifepo4-battery","10":"product_cat-rack-mounted-48v-51-2v-lifepo4-battery","11":"product_tag-battery","12":"product_tag-bluetooth","13":"product_tag-home","14":"product_tag-lithium","15":"product_tag-lithium-battery","16":"product_tag-off-grid","17":"product_tag-rack","19":"first","20":"instock","21":"downloadable","22":"shipping-taxable","23":"product-type-simple"},"_links":{"self":[{"href":"https:\/\/www.gotopess.com\/es\/wp-json\/wp\/v2\/product\/1172","targetHints":{"allow":["GET"]}}],"collection":[{"href":"https:\/\/www.gotopess.com\/es\/wp-json\/wp\/v2\/product"}],"about":[{"href":"https:\/\/www.gotopess.com\/es\/wp-json\/wp\/v2\/types\/product"}],"replies":[{"embeddable":true,"href":"https:\/\/www.gotopess.com\/es\/wp-json\/wp\/v2\/comments?post=1172"}],"wp:featuredmedia":[{"embeddable":true,"href":"https:\/\/www.gotopess.com\/es\/wp-json\/wp\/v2\/media\/1173"}],"wp:attachment":[{"href":"https:\/\/www.gotopess.com\/es\/wp-json\/wp\/v2\/media?parent=1172"}],"wp:term":[{"taxonomy":"product_brand","embeddable":true,"href":"https:\/\/www.gotopess.com\/es\/wp-json\/wp\/v2\/product_brand?post=1172"},{"taxonomy":"product_cat","embeddable":true,"href":"https:\/\/www.gotopess.com\/es\/wp-json\/wp\/v2\/product_cat?post=1172"},{"taxonomy":"product_tag","embeddable":true,"href":"https:\/\/www.gotopess.com\/es\/wp-json\/wp\/v2\/product_tag?post=1172"}],"curies":[{"name":"wp","href":"https:\/\/api.w.org\/{rel}","templated":true}]}}