{"id":1207,"date":"2025-10-10T11:27:35","date_gmt":"2025-10-10T03:27:35","guid":{"rendered":"http:\/\/8.218.239.88\/?post_type=product&#038;p=1207"},"modified":"2025-10-19T20:05:17","modified_gmt":"2025-10-19T12:05:17","slug":"30kw500kw-hybrid-solar-storage-diesel-integrated-system","status":"publish","type":"product","link":"https:\/\/www.gotopess.com\/es\/product\/30kw500kw-sistema-hibrido-solar-de-almacenamiento-diesel-integrado\/","title":{"rendered":"Sistema integrado h\u00edbrido de almacenamiento solar y di\u00e9sel de 30 kW a 500 kW"},"content":{"rendered":"<p><img decoding=\"async\" class=\"aligncenter size-full wp-image-1209\" src=\"https:\/\/www.gotopess.com\/wp-content\/uploads\/2025\/09\/30KW500KW-Hybrid-Solar-Storage-Diesel-Integrated-System.jpg\" alt=\"\" width=\"1718\" height=\"2551\" srcset=\"https:\/\/www.gotopess.com\/wp-content\/uploads\/2025\/09\/30KW500KW-Hybrid-Solar-Storage-Diesel-Integrated-System.jpg 1718w, https:\/\/www.gotopess.com\/wp-content\/uploads\/2025\/09\/30KW500KW-Hybrid-Solar-Storage-Diesel-Integrated-System-269x400.jpg 269w, https:\/\/www.gotopess.com\/wp-content\/uploads\/2025\/09\/30KW500KW-Hybrid-Solar-Storage-Diesel-Integrated-System-539x800.jpg 539w, https:\/\/www.gotopess.com\/wp-content\/uploads\/2025\/09\/30KW500KW-Hybrid-Solar-Storage-Diesel-Integrated-System-768x1140.jpg 768w, https:\/\/www.gotopess.com\/wp-content\/uploads\/2025\/09\/30KW500KW-Hybrid-Solar-Storage-Diesel-Integrated-System-1034x1536.jpg 1034w, https:\/\/www.gotopess.com\/wp-content\/uploads\/2025\/09\/30KW500KW-Hybrid-Solar-Storage-Diesel-Integrated-System-1379x2048.jpg 1379w, https:\/\/www.gotopess.com\/wp-content\/uploads\/2025\/09\/30KW500KW-Hybrid-Solar-Storage-Diesel-Integrated-System-600x891.jpg 600w\" sizes=\"(max-width: 1718px) 100vw, 1718px\" \/> <img decoding=\"async\" class=\"aligncenter wp-image-1210 size-full\" src=\"https:\/\/www.gotopess.com\/wp-content\/uploads\/2025\/09\/30KW500KW-Hybrid-Solar-Storage-Diesel-Integrated-System1-e1760858569100.jpg\" alt=\"\" width=\"1718\" height=\"2310\" srcset=\"https:\/\/www.gotopess.com\/wp-content\/uploads\/2025\/09\/30KW500KW-Hybrid-Solar-Storage-Diesel-Integrated-System1-e1760858569100.jpg 1718w, https:\/\/www.gotopess.com\/wp-content\/uploads\/2025\/09\/30KW500KW-Hybrid-Solar-Storage-Diesel-Integrated-System1-e1760858569100-297x400.jpg 297w, https:\/\/www.gotopess.com\/wp-content\/uploads\/2025\/09\/30KW500KW-Hybrid-Solar-Storage-Diesel-Integrated-System1-e1760858569100-595x800.jpg 595w, https:\/\/www.gotopess.com\/wp-content\/uploads\/2025\/09\/30KW500KW-Hybrid-Solar-Storage-Diesel-Integrated-System1-e1760858569100-768x1033.jpg 768w, https:\/\/www.gotopess.com\/wp-content\/uploads\/2025\/09\/30KW500KW-Hybrid-Solar-Storage-Diesel-Integrated-System1-e1760858569100-1142x1536.jpg 1142w, https:\/\/www.gotopess.com\/wp-content\/uploads\/2025\/09\/30KW500KW-Hybrid-Solar-Storage-Diesel-Integrated-System1-e1760858569100-1523x2048.jpg 1523w, https:\/\/www.gotopess.com\/wp-content\/uploads\/2025\/09\/30KW500KW-Hybrid-Solar-Storage-Diesel-Integrated-System1-e1760858569100-600x807.jpg 600w, https:\/\/www.gotopess.com\/wp-content\/uploads\/2025\/09\/30KW500KW-Hybrid-Solar-Storage-Diesel-Integrated-System1-e1760858569100-9x12.jpg 9w\" sizes=\"(max-width: 1718px) 100vw, 1718px\" \/><\/p>","protected":false},"excerpt":{"rendered":"<ul>\n<li>Escenarios de aplicaci\u00f3n del sistema h\u00edbrido solar-di\u00e9sel-almacenamiento, que permite el acceso colectivo a generadores di\u00e9sel, fotovoltaicos, almacenamiento de energ\u00eda, cargas, redes el\u00e9ctricas, etc.<\/li>\n<li>M\u00faltiples interfaces MPTT, ricas interfaces fotovoltaicas, una sola fotovoltaica soporta hasta 100kW de entrada, y soporta hasta 10 m\u00e1quinas fotovoltaicas de almacenamiento integrado en paralelo<\/li>\n<li>Potencia m\u00e1xima de salida de CA del extremo de carga de 50 kW de una sola unidad<\/li>\n<li>Soporte flexible para conexi\u00f3n sin red, conmutaci\u00f3n sin fisuras entre VF\/PQ compatible M\u00faltiples protecciones el\u00e9ctricas, advertencia proactiva, protecci\u00f3n proactiva<\/li>\n<li>Numerosas funciones de protecci\u00f3n: protecci\u00f3n en isla, protecci\u00f3n contra sobrecorriente, protecci\u00f3n contra conexi\u00f3n inversa, protecci\u00f3n contra sobretensiones, etc.<\/li>\n<li>El esquema de equilibrado activo bidireccional resuelve eficazmente el problema de consistencia de las celdas de la bater\u00eda<\/li>\n<\/ul>","protected":false},"featured_media":2388,"comment_status":"open","ping_status":"closed","template":"","meta":[],"product_brand":[145],"product_cat":[35,82,22,71],"product_tag":[207,260,208],"class_list":{"0":"post-1207","1":"product","2":"type-product","3":"status-publish","4":"has-post-thumbnail","6":"product_brand-gotopower","7":"product_cat-lifepo4-battery-energy-storage-system","8":"product_cat-commercial-industrial-battery-energy-storage-system","9":"product_cat-solar-kits","10":"product_cat-high-watt-solar-kit","11":"product_tag-commercial-ess","12":"product_tag-hybrid-solar-storage","13":"product_tag-solar-kit","15":"first","16":"instock","17":"shipping-taxable","18":"product-type-simple"},"_links":{"self":[{"href":"https:\/\/www.gotopess.com\/es\/wp-json\/wp\/v2\/product\/1207","targetHints":{"allow":["GET"]}}],"collection":[{"href":"https:\/\/www.gotopess.com\/es\/wp-json\/wp\/v2\/product"}],"about":[{"href":"https:\/\/www.gotopess.com\/es\/wp-json\/wp\/v2\/types\/product"}],"replies":[{"embeddable":true,"href":"https:\/\/www.gotopess.com\/es\/wp-json\/wp\/v2\/comments?post=1207"}],"wp:featuredmedia":[{"embeddable":true,"href":"https:\/\/www.gotopess.com\/es\/wp-json\/wp\/v2\/media\/2388"}],"wp:attachment":[{"href":"https:\/\/www.gotopess.com\/es\/wp-json\/wp\/v2\/media?parent=1207"}],"wp:term":[{"taxonomy":"product_brand","embeddable":true,"href":"https:\/\/www.gotopess.com\/es\/wp-json\/wp\/v2\/product_brand?post=1207"},{"taxonomy":"product_cat","embeddable":true,"href":"https:\/\/www.gotopess.com\/es\/wp-json\/wp\/v2\/product_cat?post=1207"},{"taxonomy":"product_tag","embeddable":true,"href":"https:\/\/www.gotopess.com\/es\/wp-json\/wp\/v2\/product_tag?post=1207"}],"curies":[{"name":"wp","href":"https:\/\/api.w.org\/{rel}","templated":true}]}}