{"id":1508,"date":"2025-09-29T05:43:43","date_gmt":"2025-09-29T05:43:43","guid":{"rendered":"http:\/\/8.218.239.88\/?post_type=product&#038;p=1508"},"modified":"2025-10-17T17:33:10","modified_gmt":"2025-10-17T09:33:10","slug":"51-2v-200ah-gt-rack-lithium-battery","status":"publish","type":"product","link":"https:\/\/www.gotopess.com\/es\/product\/51-2v-200ah-gt-rack-lithium-battery-2\/","title":{"rendered":"Bater\u00eda de litio para rack GT-ESS48200 de 51,2 V y 200 Ah"},"content":{"rendered":"<p><img decoding=\"async\" class=\"aligncenter size-full wp-image-1921\" src=\"https:\/\/www.gotopess.com\/wp-content\/uploads\/2025\/09\/51.2V-200Ah-GT-ESS48200-Rack-Lithium-Battery_0.webp\" alt=\"\" width=\"1358\" height=\"1920\" srcset=\"https:\/\/www.gotopess.com\/wp-content\/uploads\/2025\/09\/51.2V-200Ah-GT-ESS48200-Rack-Lithium-Battery_0.webp 1358w, https:\/\/www.gotopess.com\/wp-content\/uploads\/2025\/09\/51.2V-200Ah-GT-ESS48200-Rack-Lithium-Battery_0-283x400.webp 283w, https:\/\/www.gotopess.com\/wp-content\/uploads\/2025\/09\/51.2V-200Ah-GT-ESS48200-Rack-Lithium-Battery_0-566x800.webp 566w, https:\/\/www.gotopess.com\/wp-content\/uploads\/2025\/09\/51.2V-200Ah-GT-ESS48200-Rack-Lithium-Battery_0-768x1086.webp 768w, https:\/\/www.gotopess.com\/wp-content\/uploads\/2025\/09\/51.2V-200Ah-GT-ESS48200-Rack-Lithium-Battery_0-1086x1536.webp 1086w, https:\/\/www.gotopess.com\/wp-content\/uploads\/2025\/09\/51.2V-200Ah-GT-ESS48200-Rack-Lithium-Battery_0-8x12.webp 8w, https:\/\/www.gotopess.com\/wp-content\/uploads\/2025\/09\/51.2V-200Ah-GT-ESS48200-Rack-Lithium-Battery_0-600x848.webp 600w\" sizes=\"(max-width: 1358px) 100vw, 1358px\" \/> <img decoding=\"async\" class=\"aligncenter size-full wp-image-1922\" src=\"https:\/\/www.gotopess.com\/wp-content\/uploads\/2025\/09\/51.2V-200Ah-GT-ESS48200-Rack-Lithium-Battery_1.webp\" alt=\"\" width=\"1358\" height=\"1920\" srcset=\"https:\/\/www.gotopess.com\/wp-content\/uploads\/2025\/09\/51.2V-200Ah-GT-ESS48200-Rack-Lithium-Battery_1.webp 1358w, https:\/\/www.gotopess.com\/wp-content\/uploads\/2025\/09\/51.2V-200Ah-GT-ESS48200-Rack-Lithium-Battery_1-283x400.webp 283w, https:\/\/www.gotopess.com\/wp-content\/uploads\/2025\/09\/51.2V-200Ah-GT-ESS48200-Rack-Lithium-Battery_1-566x800.webp 566w, https:\/\/www.gotopess.com\/wp-content\/uploads\/2025\/09\/51.2V-200Ah-GT-ESS48200-Rack-Lithium-Battery_1-768x1086.webp 768w, https:\/\/www.gotopess.com\/wp-content\/uploads\/2025\/09\/51.2V-200Ah-GT-ESS48200-Rack-Lithium-Battery_1-1086x1536.webp 1086w, https:\/\/www.gotopess.com\/wp-content\/uploads\/2025\/09\/51.2V-200Ah-GT-ESS48200-Rack-Lithium-Battery_1-8x12.webp 8w, https:\/\/www.gotopess.com\/wp-content\/uploads\/2025\/09\/51.2V-200Ah-GT-ESS48200-Rack-Lithium-Battery_1-600x848.webp 600w\" sizes=\"(max-width: 1358px) 100vw, 1358px\" \/><img decoding=\"async\" class=\"aligncenter size-full wp-image-1509\" src=\"https:\/\/www.gotopess.com\/wp-content\/uploads\/2025\/09\/51.2V200-3.webp\" alt=\"\" width=\"1920\" height=\"1326\" srcset=\"https:\/\/www.gotopess.com\/wp-content\/uploads\/2025\/09\/51.2V200-3.webp 1920w, https:\/\/www.gotopess.com\/wp-content\/uploads\/2025\/09\/51.2V200-3-579x400.webp 579w, https:\/\/www.gotopess.com\/wp-content\/uploads\/2025\/09\/51.2V200-3-1158x800.webp 1158w, https:\/\/www.gotopess.com\/wp-content\/uploads\/2025\/09\/51.2V200-3-768x530.webp 768w, https:\/\/www.gotopess.com\/wp-content\/uploads\/2025\/09\/51.2V200-3-1536x1061.webp 1536w, https:\/\/www.gotopess.com\/wp-content\/uploads\/2025\/09\/51.2V200-3-600x414.webp 600w\" sizes=\"(max-width: 1920px) 100vw, 1920px\" \/> <img decoding=\"async\" class=\"aligncenter size-full wp-image-1510\" src=\"https:\/\/www.gotopess.com\/wp-content\/uploads\/2025\/09\/51.2V200.439.webp\" alt=\"\" width=\"1920\" height=\"1326\" srcset=\"https:\/\/www.gotopess.com\/wp-content\/uploads\/2025\/09\/51.2V200.439.webp 1920w, https:\/\/www.gotopess.com\/wp-content\/uploads\/2025\/09\/51.2V200.439-579x400.webp 579w, https:\/\/www.gotopess.com\/wp-content\/uploads\/2025\/09\/51.2V200.439-1158x800.webp 1158w, https:\/\/www.gotopess.com\/wp-content\/uploads\/2025\/09\/51.2V200.439-768x530.webp 768w, https:\/\/www.gotopess.com\/wp-content\/uploads\/2025\/09\/51.2V200.439-1536x1061.webp 1536w, https:\/\/www.gotopess.com\/wp-content\/uploads\/2025\/09\/51.2V200.439-600x414.webp 600w\" sizes=\"(max-width: 1920px) 100vw, 1920px\" \/> <img decoding=\"async\" class=\"aligncenter size-full wp-image-1511\" src=\"https:\/\/www.gotopess.com\/wp-content\/uploads\/2025\/09\/51.2V200.441.webp\" alt=\"\" width=\"1920\" height=\"1326\" srcset=\"https:\/\/www.gotopess.com\/wp-content\/uploads\/2025\/09\/51.2V200.441.webp 1920w, https:\/\/www.gotopess.com\/wp-content\/uploads\/2025\/09\/51.2V200.441-579x400.webp 579w, https:\/\/www.gotopess.com\/wp-content\/uploads\/2025\/09\/51.2V200.441-1158x800.webp 1158w, https:\/\/www.gotopess.com\/wp-content\/uploads\/2025\/09\/51.2V200.441-768x530.webp 768w, https:\/\/www.gotopess.com\/wp-content\/uploads\/2025\/09\/51.2V200.441-1536x1061.webp 1536w, https:\/\/www.gotopess.com\/wp-content\/uploads\/2025\/09\/51.2V200.441-600x414.webp 600w\" sizes=\"(max-width: 1920px) 100vw, 1920px\" \/> <img decoding=\"async\" class=\"aligncenter size-full wp-image-1512\" src=\"https:\/\/www.gotopess.com\/wp-content\/uploads\/2025\/09\/51.2V200.442.webp\" alt=\"\" width=\"1920\" height=\"1326\" srcset=\"https:\/\/www.gotopess.com\/wp-content\/uploads\/2025\/09\/51.2V200.442.webp 1920w, https:\/\/www.gotopess.com\/wp-content\/uploads\/2025\/09\/51.2V200.442-579x400.webp 579w, https:\/\/www.gotopess.com\/wp-content\/uploads\/2025\/09\/51.2V200.442-1158x800.webp 1158w, https:\/\/www.gotopess.com\/wp-content\/uploads\/2025\/09\/51.2V200.442-768x530.webp 768w, https:\/\/www.gotopess.com\/wp-content\/uploads\/2025\/09\/51.2V200.442-1536x1061.webp 1536w, https:\/\/www.gotopess.com\/wp-content\/uploads\/2025\/09\/51.2V200.442-600x414.webp 600w\" sizes=\"(max-width: 1920px) 100vw, 1920px\" \/> <img decoding=\"async\" class=\"aligncenter size-full wp-image-1513\" src=\"https:\/\/www.gotopess.com\/wp-content\/uploads\/2025\/09\/51.2V200.webp\" alt=\"\" width=\"1920\" height=\"1326\" srcset=\"https:\/\/www.gotopess.com\/wp-content\/uploads\/2025\/09\/51.2V200.webp 1920w, https:\/\/www.gotopess.com\/wp-content\/uploads\/2025\/09\/51.2V200-579x400.webp 579w, https:\/\/www.gotopess.com\/wp-content\/uploads\/2025\/09\/51.2V200-1158x800.webp 1158w, https:\/\/www.gotopess.com\/wp-content\/uploads\/2025\/09\/51.2V200-768x530.webp 768w, https:\/\/www.gotopess.com\/wp-content\/uploads\/2025\/09\/51.2V200-1536x1061.webp 1536w, https:\/\/www.gotopess.com\/wp-content\/uploads\/2025\/09\/51.2V200-600x414.webp 600w\" sizes=\"(max-width: 1920px) 100vw, 1920px\" \/><\/p>","protected":false},"excerpt":{"rendered":"<p><strong>Born for Home Storage, la soluci\u00f3n energ\u00e9tica m\u00e1s rentable para su hogar y fuera de la red el\u00e9ctrica<\/strong><\/p>\n<ul>\n<li><strong>Chasis 3U, f\u00e1cil de instalar<\/strong>: Con\u00e9ctelo directamente a un armario rack para servidores 3U o utilice el componente de apilamiento personalizado LiTime.<\/li>\n<li><strong>Pantalla t\u00e1ctil inteligente de 3,5 pulgadas e indicadores LED<\/strong>Visualizaci\u00f3n de los datos de la bater\u00eda y ajuste de la configuraci\u00f3n. Las luces LED pueden indicar el SOC de la bater\u00eda, las alarmas y el estado de funcionamiento.<\/li>\n<li><strong>Viviendas SPCC<\/strong>: hacen de la bater\u00eda una carcasa robusta y duradera y una mejor disipaci\u00f3n del calor.<\/li>\n<li><strong>C\u00e9lulas LiFePO4 de calidad superior para veh\u00edculos el\u00e9ctricos<\/strong>: celdas LiFePO4 de grado EV m\u00e1s ligeras, seguras y eficientes, 4000+ ciclos @100%DOD y 10+ a\u00f1os de vida \u00fatil de la bater\u00eda.<\/li>\n<li><strong>10,24 kWh de alta energ\u00eda<\/strong>: uno equivale a 8*12V100Ah bater\u00edas de litio<\/li>\n<li><strong>M\u00e1ximo 16 en paralelo<\/strong>: conseguir 81,92 kWh de energ\u00eda de expansi\u00f3n<\/li>\n<li><strong>Comunicaciones s\u00f3lidas<\/strong>Soporta CAN bus\/RS485, compatible con la mayor\u00eda de los cargadores de inversores solares del mercado, como LiTime, Victron, SMA, DEYE, GoodWe y Growatt.<\/li>\n<\/ul>","protected":false},"featured_media":1518,"comment_status":"open","ping_status":"closed","template":"","meta":[],"product_brand":[145],"product_cat":[35,263,266],"product_tag":[207,206,205,181,222],"class_list":{"0":"post-1508","1":"product","2":"type-product","3":"status-publish","4":"has-post-thumbnail","6":"product_brand-gotopower","7":"product_cat-lifepo4-battery-energy-storage-system","8":"product_cat-residential-energy-storage-system","9":"product_cat-rack-mounted-ess","10":"product_tag-commercial-ess","11":"product_tag-energy-storage","12":"product_tag-ess","13":"product_tag-lithium-battery","14":"product_tag-rack","16":"first","17":"instock","18":"downloadable","19":"shipping-taxable","20":"product-type-simple"},"_links":{"self":[{"href":"https:\/\/www.gotopess.com\/es\/wp-json\/wp\/v2\/product\/1508","targetHints":{"allow":["GET"]}}],"collection":[{"href":"https:\/\/www.gotopess.com\/es\/wp-json\/wp\/v2\/product"}],"about":[{"href":"https:\/\/www.gotopess.com\/es\/wp-json\/wp\/v2\/types\/product"}],"replies":[{"embeddable":true,"href":"https:\/\/www.gotopess.com\/es\/wp-json\/wp\/v2\/comments?post=1508"}],"wp:featuredmedia":[{"embeddable":true,"href":"https:\/\/www.gotopess.com\/es\/wp-json\/wp\/v2\/media\/1518"}],"wp:attachment":[{"href":"https:\/\/www.gotopess.com\/es\/wp-json\/wp\/v2\/media?parent=1508"}],"wp:term":[{"taxonomy":"product_brand","embeddable":true,"href":"https:\/\/www.gotopess.com\/es\/wp-json\/wp\/v2\/product_brand?post=1508"},{"taxonomy":"product_cat","embeddable":true,"href":"https:\/\/www.gotopess.com\/es\/wp-json\/wp\/v2\/product_cat?post=1508"},{"taxonomy":"product_tag","embeddable":true,"href":"https:\/\/www.gotopess.com\/es\/wp-json\/wp\/v2\/product_tag?post=1508"}],"curies":[{"name":"wp","href":"https:\/\/api.w.org\/{rel}","templated":true}]}}