{"id":168,"date":"2025-09-18T10:06:55","date_gmt":"2025-09-18T10:06:55","guid":{"rendered":"http:\/\/uxthemes.wpengine.com\/?post_type=product&#038;p=395"},"modified":"2025-10-15T10:42:21","modified_gmt":"2025-10-15T10:42:21","slug":"12v-50ah-lithium-bluetooth-battery","status":"publish","type":"product","link":"https:\/\/www.gotopess.com\/es\/product\/bateria-12v-50ah-litio-bluetooth-2\/","title":{"rendered":"12V 50ah Lithium Bluetooth Bateria Para Motores Trolling"},"content":{"rendered":"<h4 style=\"text-align: center;\">Powerful Lithium Bluetooth Battery for trolling motors \u2013 lightweight, long-lasting, and smartly monitored via Bluetooth for reliable marine performance.<\/h4>\n<p><img decoding=\"async\" class=\"aligncenter size-full wp-image-1683\" src=\"https:\/\/www.gotopess.com\/wp-content\/uploads\/2025\/09\/12V-50ah-Lithium-Bluetooth-Battery-For-Trolling-Motors1.webp\" alt=\"\" width=\"1920\" height=\"787\" srcset=\"https:\/\/www.gotopess.com\/wp-content\/uploads\/2025\/09\/12V-50ah-Lithium-Bluetooth-Battery-For-Trolling-Motors1.webp 1920w, https:\/\/www.gotopess.com\/wp-content\/uploads\/2025\/09\/12V-50ah-Lithium-Bluetooth-Battery-For-Trolling-Motors1-800x328.webp 800w, https:\/\/www.gotopess.com\/wp-content\/uploads\/2025\/09\/12V-50ah-Lithium-Bluetooth-Battery-For-Trolling-Motors1-1400x574.webp 1400w, https:\/\/www.gotopess.com\/wp-content\/uploads\/2025\/09\/12V-50ah-Lithium-Bluetooth-Battery-For-Trolling-Motors1-768x315.webp 768w, https:\/\/www.gotopess.com\/wp-content\/uploads\/2025\/09\/12V-50ah-Lithium-Bluetooth-Battery-For-Trolling-Motors1-1536x630.webp 1536w, https:\/\/www.gotopess.com\/wp-content\/uploads\/2025\/09\/12V-50ah-Lithium-Bluetooth-Battery-For-Trolling-Motors1-18x7.webp 18w, https:\/\/www.gotopess.com\/wp-content\/uploads\/2025\/09\/12V-50ah-Lithium-Bluetooth-Battery-For-Trolling-Motors1-600x246.webp 600w\" sizes=\"(max-width: 1920px) 100vw, 1920px\" \/> <img decoding=\"async\" class=\"aligncenter size-full wp-image-1684\" src=\"https:\/\/www.gotopess.com\/wp-content\/uploads\/2025\/09\/12V-50ah-Lithium-Bluetooth-Battery-For-Trolling-Motors2.webp\" alt=\"\" width=\"1920\" height=\"787\" srcset=\"https:\/\/www.gotopess.com\/wp-content\/uploads\/2025\/09\/12V-50ah-Lithium-Bluetooth-Battery-For-Trolling-Motors2.webp 1920w, https:\/\/www.gotopess.com\/wp-content\/uploads\/2025\/09\/12V-50ah-Lithium-Bluetooth-Battery-For-Trolling-Motors2-800x328.webp 800w, https:\/\/www.gotopess.com\/wp-content\/uploads\/2025\/09\/12V-50ah-Lithium-Bluetooth-Battery-For-Trolling-Motors2-1400x574.webp 1400w, https:\/\/www.gotopess.com\/wp-content\/uploads\/2025\/09\/12V-50ah-Lithium-Bluetooth-Battery-For-Trolling-Motors2-768x315.webp 768w, https:\/\/www.gotopess.com\/wp-content\/uploads\/2025\/09\/12V-50ah-Lithium-Bluetooth-Battery-For-Trolling-Motors2-1536x630.webp 1536w, https:\/\/www.gotopess.com\/wp-content\/uploads\/2025\/09\/12V-50ah-Lithium-Bluetooth-Battery-For-Trolling-Motors2-18x7.webp 18w, https:\/\/www.gotopess.com\/wp-content\/uploads\/2025\/09\/12V-50ah-Lithium-Bluetooth-Battery-For-Trolling-Motors2-600x246.webp 600w\" sizes=\"(max-width: 1920px) 100vw, 1920px\" \/> <img decoding=\"async\" class=\"aligncenter size-full wp-image-1685\" src=\"https:\/\/www.gotopess.com\/wp-content\/uploads\/2025\/09\/12V-50ah-Lithium-Bluetooth-Battery-For-Trolling-Motors3.webp\" alt=\"\" width=\"1920\" height=\"787\" srcset=\"https:\/\/www.gotopess.com\/wp-content\/uploads\/2025\/09\/12V-50ah-Lithium-Bluetooth-Battery-For-Trolling-Motors3.webp 1920w, https:\/\/www.gotopess.com\/wp-content\/uploads\/2025\/09\/12V-50ah-Lithium-Bluetooth-Battery-For-Trolling-Motors3-800x328.webp 800w, https:\/\/www.gotopess.com\/wp-content\/uploads\/2025\/09\/12V-50ah-Lithium-Bluetooth-Battery-For-Trolling-Motors3-1400x574.webp 1400w, https:\/\/www.gotopess.com\/wp-content\/uploads\/2025\/09\/12V-50ah-Lithium-Bluetooth-Battery-For-Trolling-Motors3-768x315.webp 768w, https:\/\/www.gotopess.com\/wp-content\/uploads\/2025\/09\/12V-50ah-Lithium-Bluetooth-Battery-For-Trolling-Motors3-1536x630.webp 1536w, https:\/\/www.gotopess.com\/wp-content\/uploads\/2025\/09\/12V-50ah-Lithium-Bluetooth-Battery-For-Trolling-Motors3-18x7.webp 18w, https:\/\/www.gotopess.com\/wp-content\/uploads\/2025\/09\/12V-50ah-Lithium-Bluetooth-Battery-For-Trolling-Motors3-600x246.webp 600w\" sizes=\"(max-width: 1920px) 100vw, 1920px\" \/> <img decoding=\"async\" class=\"aligncenter size-full wp-image-1686\" src=\"https:\/\/www.gotopess.com\/wp-content\/uploads\/2025\/09\/12V-50ah-Lithium-Bluetooth-Battery-For-Trolling-Motors4.webp\" alt=\"\" width=\"1920\" height=\"787\" srcset=\"https:\/\/www.gotopess.com\/wp-content\/uploads\/2025\/09\/12V-50ah-Lithium-Bluetooth-Battery-For-Trolling-Motors4.webp 1920w, https:\/\/www.gotopess.com\/wp-content\/uploads\/2025\/09\/12V-50ah-Lithium-Bluetooth-Battery-For-Trolling-Motors4-800x328.webp 800w, https:\/\/www.gotopess.com\/wp-content\/uploads\/2025\/09\/12V-50ah-Lithium-Bluetooth-Battery-For-Trolling-Motors4-1400x574.webp 1400w, https:\/\/www.gotopess.com\/wp-content\/uploads\/2025\/09\/12V-50ah-Lithium-Bluetooth-Battery-For-Trolling-Motors4-768x315.webp 768w, https:\/\/www.gotopess.com\/wp-content\/uploads\/2025\/09\/12V-50ah-Lithium-Bluetooth-Battery-For-Trolling-Motors4-1536x630.webp 1536w, https:\/\/www.gotopess.com\/wp-content\/uploads\/2025\/09\/12V-50ah-Lithium-Bluetooth-Battery-For-Trolling-Motors4-18x7.webp 18w, https:\/\/www.gotopess.com\/wp-content\/uploads\/2025\/09\/12V-50ah-Lithium-Bluetooth-Battery-For-Trolling-Motors4-600x246.webp 600w\" sizes=\"(max-width: 1920px) 100vw, 1920px\" \/> <img decoding=\"async\" class=\"aligncenter size-full wp-image-1687\" src=\"https:\/\/www.gotopess.com\/wp-content\/uploads\/2025\/09\/12V-50ah-Lithium-Bluetooth-Battery-For-Trolling-Motors5.webp\" alt=\"\" width=\"1920\" height=\"787\" srcset=\"https:\/\/www.gotopess.com\/wp-content\/uploads\/2025\/09\/12V-50ah-Lithium-Bluetooth-Battery-For-Trolling-Motors5.webp 1920w, https:\/\/www.gotopess.com\/wp-content\/uploads\/2025\/09\/12V-50ah-Lithium-Bluetooth-Battery-For-Trolling-Motors5-800x328.webp 800w, https:\/\/www.gotopess.com\/wp-content\/uploads\/2025\/09\/12V-50ah-Lithium-Bluetooth-Battery-For-Trolling-Motors5-1400x574.webp 1400w, https:\/\/www.gotopess.com\/wp-content\/uploads\/2025\/09\/12V-50ah-Lithium-Bluetooth-Battery-For-Trolling-Motors5-768x315.webp 768w, https:\/\/www.gotopess.com\/wp-content\/uploads\/2025\/09\/12V-50ah-Lithium-Bluetooth-Battery-For-Trolling-Motors5-1536x630.webp 1536w, https:\/\/www.gotopess.com\/wp-content\/uploads\/2025\/09\/12V-50ah-Lithium-Bluetooth-Battery-For-Trolling-Motors5-18x7.webp 18w, https:\/\/www.gotopess.com\/wp-content\/uploads\/2025\/09\/12V-50ah-Lithium-Bluetooth-Battery-For-Trolling-Motors5-600x246.webp 600w\" sizes=\"(max-width: 1920px) 100vw, 1920px\" \/> <img decoding=\"async\" class=\"aligncenter size-full wp-image-1688\" src=\"https:\/\/www.gotopess.com\/wp-content\/uploads\/2025\/09\/12V-50ah-Lithium-Bluetooth-Battery-For-Trolling-Motors6.webp\" alt=\"\" width=\"1920\" height=\"787\" srcset=\"https:\/\/www.gotopess.com\/wp-content\/uploads\/2025\/09\/12V-50ah-Lithium-Bluetooth-Battery-For-Trolling-Motors6.webp 1920w, https:\/\/www.gotopess.com\/wp-content\/uploads\/2025\/09\/12V-50ah-Lithium-Bluetooth-Battery-For-Trolling-Motors6-800x328.webp 800w, https:\/\/www.gotopess.com\/wp-content\/uploads\/2025\/09\/12V-50ah-Lithium-Bluetooth-Battery-For-Trolling-Motors6-1400x574.webp 1400w, https:\/\/www.gotopess.com\/wp-content\/uploads\/2025\/09\/12V-50ah-Lithium-Bluetooth-Battery-For-Trolling-Motors6-768x315.webp 768w, https:\/\/www.gotopess.com\/wp-content\/uploads\/2025\/09\/12V-50ah-Lithium-Bluetooth-Battery-For-Trolling-Motors6-1536x630.webp 1536w, https:\/\/www.gotopess.com\/wp-content\/uploads\/2025\/09\/12V-50ah-Lithium-Bluetooth-Battery-For-Trolling-Motors6-18x7.webp 18w, https:\/\/www.gotopess.com\/wp-content\/uploads\/2025\/09\/12V-50ah-Lithium-Bluetooth-Battery-For-Trolling-Motors6-600x246.webp 600w\" sizes=\"(max-width: 1920px) 100vw, 1920px\" \/> <img decoding=\"async\" class=\"aligncenter size-full wp-image-1689\" src=\"https:\/\/www.gotopess.com\/wp-content\/uploads\/2025\/09\/12V-50ah-Lithium-Bluetooth-Battery-For-Trolling-Motors7.webp\" alt=\"\" width=\"1920\" height=\"787\" srcset=\"https:\/\/www.gotopess.com\/wp-content\/uploads\/2025\/09\/12V-50ah-Lithium-Bluetooth-Battery-For-Trolling-Motors7.webp 1920w, https:\/\/www.gotopess.com\/wp-content\/uploads\/2025\/09\/12V-50ah-Lithium-Bluetooth-Battery-For-Trolling-Motors7-800x328.webp 800w, https:\/\/www.gotopess.com\/wp-content\/uploads\/2025\/09\/12V-50ah-Lithium-Bluetooth-Battery-For-Trolling-Motors7-1400x574.webp 1400w, https:\/\/www.gotopess.com\/wp-content\/uploads\/2025\/09\/12V-50ah-Lithium-Bluetooth-Battery-For-Trolling-Motors7-768x315.webp 768w, https:\/\/www.gotopess.com\/wp-content\/uploads\/2025\/09\/12V-50ah-Lithium-Bluetooth-Battery-For-Trolling-Motors7-1536x630.webp 1536w, https:\/\/www.gotopess.com\/wp-content\/uploads\/2025\/09\/12V-50ah-Lithium-Bluetooth-Battery-For-Trolling-Motors7-18x7.webp 18w, https:\/\/www.gotopess.com\/wp-content\/uploads\/2025\/09\/12V-50ah-Lithium-Bluetooth-Battery-For-Trolling-Motors7-600x246.webp 600w\" sizes=\"(max-width: 1920px) 100vw, 1920px\" \/> <img decoding=\"async\" class=\"aligncenter size-full wp-image-1690\" src=\"https:\/\/www.gotopess.com\/wp-content\/uploads\/2025\/09\/12V-50ah-Lithium-Bluetooth-Battery-For-Trolling-Motors8.webp\" alt=\"\" width=\"1920\" height=\"787\" srcset=\"https:\/\/www.gotopess.com\/wp-content\/uploads\/2025\/09\/12V-50ah-Lithium-Bluetooth-Battery-For-Trolling-Motors8.webp 1920w, https:\/\/www.gotopess.com\/wp-content\/uploads\/2025\/09\/12V-50ah-Lithium-Bluetooth-Battery-For-Trolling-Motors8-800x328.webp 800w, https:\/\/www.gotopess.com\/wp-content\/uploads\/2025\/09\/12V-50ah-Lithium-Bluetooth-Battery-For-Trolling-Motors8-1400x574.webp 1400w, https:\/\/www.gotopess.com\/wp-content\/uploads\/2025\/09\/12V-50ah-Lithium-Bluetooth-Battery-For-Trolling-Motors8-768x315.webp 768w, https:\/\/www.gotopess.com\/wp-content\/uploads\/2025\/09\/12V-50ah-Lithium-Bluetooth-Battery-For-Trolling-Motors8-1536x630.webp 1536w, https:\/\/www.gotopess.com\/wp-content\/uploads\/2025\/09\/12V-50ah-Lithium-Bluetooth-Battery-For-Trolling-Motors8-18x7.webp 18w, https:\/\/www.gotopess.com\/wp-content\/uploads\/2025\/09\/12V-50ah-Lithium-Bluetooth-Battery-For-Trolling-Motors8-600x246.webp 600w\" sizes=\"(max-width: 1920px) 100vw, 1920px\" \/><\/p>","protected":false},"excerpt":{"rendered":"<p><strong>Energ\u00eda f\u00e1cil de transportar para sus necesidades energ\u00e9ticas esenciales: apta para embarcaciones, veh\u00edculos recreativos y campamentos.<\/strong><\/p>\n<ul>\n<li>50A BMS con protecci\u00f3n 100%.<\/li>\n<li>C\u00e9lulas LiFePO4 mejoradas para VE, 4000+ ciclos@100% DOD, 10 a\u00f1os de vida \u00fatil.<\/li>\n<li>640 Wh de energ\u00eda utilizable, 640 W de potencia m\u00e1xima de salida continua.<\/li>\n<li>M\u00e1x. Conexi\u00f3n 4P4S, sistema de hasta 51,2V 200Ah (10,24kWh).<\/li>\n<li>83% m\u00e1s ligera, 55% m\u00e1s peque\u00f1a, 3,3X vida \u00fatil y 6% m\u00e1s energ\u00eda (1C), en comparaci\u00f3n con la bater\u00eda de plomo-\u00e1cido de 12V 100Ah.<\/li>\n<li>Ideal para uso marino, motores de arrastre de 20-30 lb de empuje, buscadores de peces, etc.<\/li>\n<\/ul>","protected":false},"featured_media":1691,"comment_status":"open","ping_status":"closed","template":"","meta":[],"product_brand":[145],"product_cat":[45,83,146],"product_tag":[99,101,103,100,186,102],"class_list":{"0":"post-168","1":"product","2":"type-product","3":"status-publish","4":"has-post-thumbnail","6":"product_brand-gotopower","7":"product_cat-lifepo4-battery","8":"product_cat-lithium-lifepo4-battery","9":"product_cat-12v-lifepo4-battery","10":"product_tag-battery","11":"product_tag-bluetooth","12":"product_tag-boat","13":"product_tag-lithium","14":"product_tag-marine","15":"product_tag-trolling-motor","17":"first","18":"instock","19":"sale","20":"featured","21":"shipping-taxable","22":"purchasable","23":"product-type-simple"},"_links":{"self":[{"href":"https:\/\/www.gotopess.com\/es\/wp-json\/wp\/v2\/product\/168","targetHints":{"allow":["GET"]}}],"collection":[{"href":"https:\/\/www.gotopess.com\/es\/wp-json\/wp\/v2\/product"}],"about":[{"href":"https:\/\/www.gotopess.com\/es\/wp-json\/wp\/v2\/types\/product"}],"replies":[{"embeddable":true,"href":"https:\/\/www.gotopess.com\/es\/wp-json\/wp\/v2\/comments?post=168"}],"wp:featuredmedia":[{"embeddable":true,"href":"https:\/\/www.gotopess.com\/es\/wp-json\/wp\/v2\/media\/1691"}],"wp:attachment":[{"href":"https:\/\/www.gotopess.com\/es\/wp-json\/wp\/v2\/media?parent=168"}],"wp:term":[{"taxonomy":"product_brand","embeddable":true,"href":"https:\/\/www.gotopess.com\/es\/wp-json\/wp\/v2\/product_brand?post=168"},{"taxonomy":"product_cat","embeddable":true,"href":"https:\/\/www.gotopess.com\/es\/wp-json\/wp\/v2\/product_cat?post=168"},{"taxonomy":"product_tag","embeddable":true,"href":"https:\/\/www.gotopess.com\/es\/wp-json\/wp\/v2\/product_tag?post=168"}],"curies":[{"name":"wp","href":"https:\/\/api.w.org\/{rel}","templated":true}]}}