{"id":2357,"date":"2025-10-19T00:05:05","date_gmt":"2025-10-18T16:05:05","guid":{"rendered":"https:\/\/www.gotopess.com\/?post_type=product&#038;p=2357"},"modified":"2025-10-19T00:41:08","modified_gmt":"2025-10-18T16:41:08","slug":"12v-200ah-high-temperature-long-life-deep-cycle-hybrid-gel-battery-copy","status":"publish","type":"product","link":"https:\/\/www.gotopess.com\/es\/product\/12v-200ah-alta-temperatura-larga-vida-ciclo-profundo-hibrido-gel-bateria-copia\/","title":{"rendered":"Bater\u00eda de GEL H\u00edbrida de Ciclo Profundo de Alta Temperatura y Larga Duraci\u00f3n de 12V 200Ah"},"content":{"rendered":"<p><img decoding=\"async\" class=\"aligncenter size-full wp-image-2358\" src=\"https:\/\/www.gotopess.com\/wp-content\/uploads\/2025\/10\/High-Temperature-Long-Life0ADeep-cycle-GEL-battery3-scaled.webp\" alt=\"\" width=\"1810\" height=\"2560\" srcset=\"https:\/\/www.gotopess.com\/wp-content\/uploads\/2025\/10\/High-Temperature-Long-Life0ADeep-cycle-GEL-battery3-scaled.webp 1810w, https:\/\/www.gotopess.com\/wp-content\/uploads\/2025\/10\/High-Temperature-Long-Life0ADeep-cycle-GEL-battery3-283x400.webp 283w, https:\/\/www.gotopess.com\/wp-content\/uploads\/2025\/10\/High-Temperature-Long-Life0ADeep-cycle-GEL-battery3-566x800.webp 566w, https:\/\/www.gotopess.com\/wp-content\/uploads\/2025\/10\/High-Temperature-Long-Life0ADeep-cycle-GEL-battery3-768x1086.webp 768w, https:\/\/www.gotopess.com\/wp-content\/uploads\/2025\/10\/High-Temperature-Long-Life0ADeep-cycle-GEL-battery3-1086x1536.webp 1086w, https:\/\/www.gotopess.com\/wp-content\/uploads\/2025\/10\/High-Temperature-Long-Life0ADeep-cycle-GEL-battery3-1448x2048.webp 1448w, https:\/\/www.gotopess.com\/wp-content\/uploads\/2025\/10\/High-Temperature-Long-Life0ADeep-cycle-GEL-battery3-8x12.webp 8w, https:\/\/www.gotopess.com\/wp-content\/uploads\/2025\/10\/High-Temperature-Long-Life0ADeep-cycle-GEL-battery3-600x848.webp 600w\" sizes=\"(max-width: 1810px) 100vw, 1810px\" \/> <img decoding=\"async\" class=\"aligncenter size-full wp-image-2359\" src=\"https:\/\/www.gotopess.com\/wp-content\/uploads\/2025\/10\/High-Temperature-Long-Life0ADeep-cycle-GEL-battery4-scaled.webp\" alt=\"\" width=\"1810\" height=\"2560\" srcset=\"https:\/\/www.gotopess.com\/wp-content\/uploads\/2025\/10\/High-Temperature-Long-Life0ADeep-cycle-GEL-battery4-scaled.webp 1810w, https:\/\/www.gotopess.com\/wp-content\/uploads\/2025\/10\/High-Temperature-Long-Life0ADeep-cycle-GEL-battery4-283x400.webp 283w, https:\/\/www.gotopess.com\/wp-content\/uploads\/2025\/10\/High-Temperature-Long-Life0ADeep-cycle-GEL-battery4-566x800.webp 566w, https:\/\/www.gotopess.com\/wp-content\/uploads\/2025\/10\/High-Temperature-Long-Life0ADeep-cycle-GEL-battery4-768x1086.webp 768w, https:\/\/www.gotopess.com\/wp-content\/uploads\/2025\/10\/High-Temperature-Long-Life0ADeep-cycle-GEL-battery4-1086x1536.webp 1086w, https:\/\/www.gotopess.com\/wp-content\/uploads\/2025\/10\/High-Temperature-Long-Life0ADeep-cycle-GEL-battery4-1448x2048.webp 1448w, https:\/\/www.gotopess.com\/wp-content\/uploads\/2025\/10\/High-Temperature-Long-Life0ADeep-cycle-GEL-battery4-8x12.webp 8w, https:\/\/www.gotopess.com\/wp-content\/uploads\/2025\/10\/High-Temperature-Long-Life0ADeep-cycle-GEL-battery4-600x848.webp 600w\" sizes=\"(max-width: 1810px) 100vw, 1810px\" \/><\/p>","protected":false},"excerpt":{"rendered":"<p>La serie Gotopower DC-MG (GEL de ciclo profundo) es una bater\u00eda h\u00edbrida de GEL con 12 a\u00f1os de vida \u00fatil de dise\u00f1o flotante, ideal para aplicaciones de reserva o de descarga c\u00edclica frecuente en entornos extremos. Mediante el uso de rejillas resistentes, plomo de alta pureza y electrolito de gel patentado, la serie DG-MG ofrece una excelente capacidad de recuperaci\u00f3n despu\u00e9s de una descarga profunda en el uso de descarga c\u00edclica frecuente, y puede ofrecer 380 ciclos a 100% DOD. Adecuada para sistemas solares y e\u00f3licos, CATV, marinos, RV y SAI de descarga profunda, y telecomunicaciones, etc.<\/p>","protected":false},"featured_media":2360,"comment_status":"open","ping_status":"closed","template":"","meta":[],"product_brand":[145],"product_cat":[45,85,158],"product_tag":[279,280,281],"class_list":{"0":"post-2357","1":"product","2":"type-product","3":"status-publish","4":"has-post-thumbnail","6":"product_brand-gotopower","7":"product_cat-lifepo4-battery","8":"product_cat-lead-acid","9":"product_cat-gel-tech","10":"product_tag-deep-cycle","11":"product_tag-gel-battery","12":"product_tag-rechargeable-gel-battery","14":"first","15":"instock","16":"downloadable","17":"shipping-taxable","18":"product-type-simple"},"_links":{"self":[{"href":"https:\/\/www.gotopess.com\/es\/wp-json\/wp\/v2\/product\/2357","targetHints":{"allow":["GET"]}}],"collection":[{"href":"https:\/\/www.gotopess.com\/es\/wp-json\/wp\/v2\/product"}],"about":[{"href":"https:\/\/www.gotopess.com\/es\/wp-json\/wp\/v2\/types\/product"}],"replies":[{"embeddable":true,"href":"https:\/\/www.gotopess.com\/es\/wp-json\/wp\/v2\/comments?post=2357"}],"wp:featuredmedia":[{"embeddable":true,"href":"https:\/\/www.gotopess.com\/es\/wp-json\/wp\/v2\/media\/2360"}],"wp:attachment":[{"href":"https:\/\/www.gotopess.com\/es\/wp-json\/wp\/v2\/media?parent=2357"}],"wp:term":[{"taxonomy":"product_brand","embeddable":true,"href":"https:\/\/www.gotopess.com\/es\/wp-json\/wp\/v2\/product_brand?post=2357"},{"taxonomy":"product_cat","embeddable":true,"href":"https:\/\/www.gotopess.com\/es\/wp-json\/wp\/v2\/product_cat?post=2357"},{"taxonomy":"product_tag","embeddable":true,"href":"https:\/\/www.gotopess.com\/es\/wp-json\/wp\/v2\/product_tag?post=2357"}],"curies":[{"name":"wp","href":"https:\/\/api.w.org\/{rel}","templated":true}]}}