{"id":2367,"date":"2025-10-19T00:38:57","date_gmt":"2025-10-18T16:38:57","guid":{"rendered":"https:\/\/www.gotopess.com\/?post_type=product&#038;p=2367"},"modified":"2025-10-19T00:38:57","modified_gmt":"2025-10-18T16:38:57","slug":"reserve-battery","status":"publish","type":"product","link":"https:\/\/www.gotopess.com\/es\/product\/bateria-de-reserva\/","title":{"rendered":"Bater\u00eda de reserva"},"content":{"rendered":"","protected":false},"excerpt":{"rendered":"<p>La serie Gotopower GS GM GL HR FT es una bater\u00eda de uso general con una vida \u00fatil de entre 6 y 12 a\u00f1os en servicio de flotaci\u00f3n. Cumple las normas IEC, JIS y BS. Gracias a la tecnolog\u00eda actualizada de regulaci\u00f3n por v\u00e1lvula AGM y a las materias primas de alta pureza, esta serie de bater\u00edas mantiene una alta consistencia para un mejor rendimiento y una vida \u00fatil fiable en modo de espera. Resulta adecuada para aplicaciones de SAI\/EPS, telecomunicaciones, centros de datos, equipos m\u00e9dicos, luces de emergencia y sistemas de seguridad.<\/p>","protected":false},"featured_media":2369,"comment_status":"open","ping_status":"closed","template":"","meta":[],"product_brand":[145],"product_cat":[45,85,156],"product_tag":[99,284,283],"class_list":{"0":"post-2367","1":"product","2":"type-product","3":"status-publish","4":"has-post-thumbnail","6":"product_brand-gotopower","7":"product_cat-lifepo4-battery","8":"product_cat-lead-acid","9":"product_cat-reserve-power-battery","10":"product_tag-battery","11":"product_tag-rechargeable-battery","12":"product_tag-reserve-power-battery","14":"first","15":"instock","16":"shipping-taxable","17":"product-type-simple"},"_links":{"self":[{"href":"https:\/\/www.gotopess.com\/es\/wp-json\/wp\/v2\/product\/2367","targetHints":{"allow":["GET"]}}],"collection":[{"href":"https:\/\/www.gotopess.com\/es\/wp-json\/wp\/v2\/product"}],"about":[{"href":"https:\/\/www.gotopess.com\/es\/wp-json\/wp\/v2\/types\/product"}],"replies":[{"embeddable":true,"href":"https:\/\/www.gotopess.com\/es\/wp-json\/wp\/v2\/comments?post=2367"}],"wp:featuredmedia":[{"embeddable":true,"href":"https:\/\/www.gotopess.com\/es\/wp-json\/wp\/v2\/media\/2369"}],"wp:attachment":[{"href":"https:\/\/www.gotopess.com\/es\/wp-json\/wp\/v2\/media?parent=2367"}],"wp:term":[{"taxonomy":"product_brand","embeddable":true,"href":"https:\/\/www.gotopess.com\/es\/wp-json\/wp\/v2\/product_brand?post=2367"},{"taxonomy":"product_cat","embeddable":true,"href":"https:\/\/www.gotopess.com\/es\/wp-json\/wp\/v2\/product_cat?post=2367"},{"taxonomy":"product_tag","embeddable":true,"href":"https:\/\/www.gotopess.com\/es\/wp-json\/wp\/v2\/product_tag?post=2367"}],"curies":[{"name":"wp","href":"https:\/\/api.w.org\/{rel}","templated":true}]}}