{"id":581,"date":"2025-09-15T09:32:17","date_gmt":"2025-09-15T09:32:17","guid":{"rendered":"http:\/\/8.218.239.88\/?post_type=product&#038;p=581"},"modified":"2025-10-27T13:38:27","modified_gmt":"2025-10-27T05:38:27","slug":"12-8v-100ah-lifepo4-lithium-battery-smart-bluetooth","status":"publish","type":"product","link":"https:\/\/www.gotopess.com\/es\/product\/12-8v-100ah-lifepo4-bateria-de-litio-smart-bluetooth-2\/","title":{"rendered":"12.8V 100Ah LiFePO4 Bater\u00eda de Litio Smart Bluetooth"},"content":{"rendered":"<p><img decoding=\"async\" class=\"aligncenter size-full wp-image-1802\" src=\"https:\/\/www.gotopess.com\/wp-content\/uploads\/2025\/09\/12.8V-100ah-LiFePO4-Lithium-Battery-Smart-Bluetooth1.webp\" alt=\"\" width=\"1920\" height=\"787\" srcset=\"https:\/\/www.gotopess.com\/wp-content\/uploads\/2025\/09\/12.8V-100ah-LiFePO4-Lithium-Battery-Smart-Bluetooth1.webp 1920w, https:\/\/www.gotopess.com\/wp-content\/uploads\/2025\/09\/12.8V-100ah-LiFePO4-Lithium-Battery-Smart-Bluetooth1-800x328.webp 800w, https:\/\/www.gotopess.com\/wp-content\/uploads\/2025\/09\/12.8V-100ah-LiFePO4-Lithium-Battery-Smart-Bluetooth1-1400x574.webp 1400w, https:\/\/www.gotopess.com\/wp-content\/uploads\/2025\/09\/12.8V-100ah-LiFePO4-Lithium-Battery-Smart-Bluetooth1-768x315.webp 768w, https:\/\/www.gotopess.com\/wp-content\/uploads\/2025\/09\/12.8V-100ah-LiFePO4-Lithium-Battery-Smart-Bluetooth1-1536x630.webp 1536w, https:\/\/www.gotopess.com\/wp-content\/uploads\/2025\/09\/12.8V-100ah-LiFePO4-Lithium-Battery-Smart-Bluetooth1-18x7.webp 18w, https:\/\/www.gotopess.com\/wp-content\/uploads\/2025\/09\/12.8V-100ah-LiFePO4-Lithium-Battery-Smart-Bluetooth1-600x246.webp 600w\" sizes=\"(max-width: 1920px) 100vw, 1920px\" \/> <img decoding=\"async\" class=\"aligncenter size-full wp-image-1803\" src=\"https:\/\/www.gotopess.com\/wp-content\/uploads\/2025\/09\/12.8V-100ah-LiFePO4-Lithium-Battery-Smart-Bluetooth2.webp\" alt=\"\" width=\"1920\" height=\"787\" srcset=\"https:\/\/www.gotopess.com\/wp-content\/uploads\/2025\/09\/12.8V-100ah-LiFePO4-Lithium-Battery-Smart-Bluetooth2.webp 1920w, https:\/\/www.gotopess.com\/wp-content\/uploads\/2025\/09\/12.8V-100ah-LiFePO4-Lithium-Battery-Smart-Bluetooth2-800x328.webp 800w, https:\/\/www.gotopess.com\/wp-content\/uploads\/2025\/09\/12.8V-100ah-LiFePO4-Lithium-Battery-Smart-Bluetooth2-1400x574.webp 1400w, https:\/\/www.gotopess.com\/wp-content\/uploads\/2025\/09\/12.8V-100ah-LiFePO4-Lithium-Battery-Smart-Bluetooth2-768x315.webp 768w, https:\/\/www.gotopess.com\/wp-content\/uploads\/2025\/09\/12.8V-100ah-LiFePO4-Lithium-Battery-Smart-Bluetooth2-1536x630.webp 1536w, https:\/\/www.gotopess.com\/wp-content\/uploads\/2025\/09\/12.8V-100ah-LiFePO4-Lithium-Battery-Smart-Bluetooth2-18x7.webp 18w, https:\/\/www.gotopess.com\/wp-content\/uploads\/2025\/09\/12.8V-100ah-LiFePO4-Lithium-Battery-Smart-Bluetooth2-600x246.webp 600w\" sizes=\"(max-width: 1920px) 100vw, 1920px\" \/> <img decoding=\"async\" class=\"aligncenter size-full wp-image-1804\" src=\"https:\/\/www.gotopess.com\/wp-content\/uploads\/2025\/09\/12.8V-100ah-LiFePO4-Lithium-Battery-Smart-Bluetooth3.webp\" alt=\"\" width=\"1920\" height=\"787\" srcset=\"https:\/\/www.gotopess.com\/wp-content\/uploads\/2025\/09\/12.8V-100ah-LiFePO4-Lithium-Battery-Smart-Bluetooth3.webp 1920w, https:\/\/www.gotopess.com\/wp-content\/uploads\/2025\/09\/12.8V-100ah-LiFePO4-Lithium-Battery-Smart-Bluetooth3-800x328.webp 800w, https:\/\/www.gotopess.com\/wp-content\/uploads\/2025\/09\/12.8V-100ah-LiFePO4-Lithium-Battery-Smart-Bluetooth3-1400x574.webp 1400w, https:\/\/www.gotopess.com\/wp-content\/uploads\/2025\/09\/12.8V-100ah-LiFePO4-Lithium-Battery-Smart-Bluetooth3-768x315.webp 768w, https:\/\/www.gotopess.com\/wp-content\/uploads\/2025\/09\/12.8V-100ah-LiFePO4-Lithium-Battery-Smart-Bluetooth3-1536x630.webp 1536w, https:\/\/www.gotopess.com\/wp-content\/uploads\/2025\/09\/12.8V-100ah-LiFePO4-Lithium-Battery-Smart-Bluetooth3-18x7.webp 18w, https:\/\/www.gotopess.com\/wp-content\/uploads\/2025\/09\/12.8V-100ah-LiFePO4-Lithium-Battery-Smart-Bluetooth3-600x246.webp 600w\" sizes=\"(max-width: 1920px) 100vw, 1920px\" \/> <img decoding=\"async\" class=\"aligncenter size-full wp-image-1805\" src=\"https:\/\/www.gotopess.com\/wp-content\/uploads\/2025\/09\/12.8V-100ah-LiFePO4-Lithium-Battery-Smart-Bluetooth4.webp\" alt=\"\" width=\"1920\" height=\"787\" srcset=\"https:\/\/www.gotopess.com\/wp-content\/uploads\/2025\/09\/12.8V-100ah-LiFePO4-Lithium-Battery-Smart-Bluetooth4.webp 1920w, https:\/\/www.gotopess.com\/wp-content\/uploads\/2025\/09\/12.8V-100ah-LiFePO4-Lithium-Battery-Smart-Bluetooth4-800x328.webp 800w, https:\/\/www.gotopess.com\/wp-content\/uploads\/2025\/09\/12.8V-100ah-LiFePO4-Lithium-Battery-Smart-Bluetooth4-1400x574.webp 1400w, https:\/\/www.gotopess.com\/wp-content\/uploads\/2025\/09\/12.8V-100ah-LiFePO4-Lithium-Battery-Smart-Bluetooth4-768x315.webp 768w, https:\/\/www.gotopess.com\/wp-content\/uploads\/2025\/09\/12.8V-100ah-LiFePO4-Lithium-Battery-Smart-Bluetooth4-1536x630.webp 1536w, https:\/\/www.gotopess.com\/wp-content\/uploads\/2025\/09\/12.8V-100ah-LiFePO4-Lithium-Battery-Smart-Bluetooth4-18x7.webp 18w, https:\/\/www.gotopess.com\/wp-content\/uploads\/2025\/09\/12.8V-100ah-LiFePO4-Lithium-Battery-Smart-Bluetooth4-600x246.webp 600w\" sizes=\"(max-width: 1920px) 100vw, 1920px\" \/> <img decoding=\"async\" class=\"aligncenter size-full wp-image-1806\" src=\"https:\/\/www.gotopess.com\/wp-content\/uploads\/2025\/09\/12.8V-100ah-LiFePO4-Lithium-Battery-Smart-Bluetooth5.webp\" alt=\"\" width=\"1920\" height=\"787\" srcset=\"https:\/\/www.gotopess.com\/wp-content\/uploads\/2025\/09\/12.8V-100ah-LiFePO4-Lithium-Battery-Smart-Bluetooth5.webp 1920w, https:\/\/www.gotopess.com\/wp-content\/uploads\/2025\/09\/12.8V-100ah-LiFePO4-Lithium-Battery-Smart-Bluetooth5-800x328.webp 800w, https:\/\/www.gotopess.com\/wp-content\/uploads\/2025\/09\/12.8V-100ah-LiFePO4-Lithium-Battery-Smart-Bluetooth5-1400x574.webp 1400w, https:\/\/www.gotopess.com\/wp-content\/uploads\/2025\/09\/12.8V-100ah-LiFePO4-Lithium-Battery-Smart-Bluetooth5-768x315.webp 768w, https:\/\/www.gotopess.com\/wp-content\/uploads\/2025\/09\/12.8V-100ah-LiFePO4-Lithium-Battery-Smart-Bluetooth5-1536x630.webp 1536w, https:\/\/www.gotopess.com\/wp-content\/uploads\/2025\/09\/12.8V-100ah-LiFePO4-Lithium-Battery-Smart-Bluetooth5-18x7.webp 18w, https:\/\/www.gotopess.com\/wp-content\/uploads\/2025\/09\/12.8V-100ah-LiFePO4-Lithium-Battery-Smart-Bluetooth5-600x246.webp 600w\" sizes=\"(max-width: 1920px) 100vw, 1920px\" \/> <img decoding=\"async\" class=\"aligncenter size-full wp-image-1807\" src=\"https:\/\/www.gotopess.com\/wp-content\/uploads\/2025\/09\/12.8V-100ah-LiFePO4-Lithium-Battery-Smart-Bluetooth6.webp\" alt=\"\" width=\"1920\" height=\"787\" srcset=\"https:\/\/www.gotopess.com\/wp-content\/uploads\/2025\/09\/12.8V-100ah-LiFePO4-Lithium-Battery-Smart-Bluetooth6.webp 1920w, https:\/\/www.gotopess.com\/wp-content\/uploads\/2025\/09\/12.8V-100ah-LiFePO4-Lithium-Battery-Smart-Bluetooth6-800x328.webp 800w, https:\/\/www.gotopess.com\/wp-content\/uploads\/2025\/09\/12.8V-100ah-LiFePO4-Lithium-Battery-Smart-Bluetooth6-1400x574.webp 1400w, https:\/\/www.gotopess.com\/wp-content\/uploads\/2025\/09\/12.8V-100ah-LiFePO4-Lithium-Battery-Smart-Bluetooth6-768x315.webp 768w, https:\/\/www.gotopess.com\/wp-content\/uploads\/2025\/09\/12.8V-100ah-LiFePO4-Lithium-Battery-Smart-Bluetooth6-1536x630.webp 1536w, https:\/\/www.gotopess.com\/wp-content\/uploads\/2025\/09\/12.8V-100ah-LiFePO4-Lithium-Battery-Smart-Bluetooth6-18x7.webp 18w, https:\/\/www.gotopess.com\/wp-content\/uploads\/2025\/09\/12.8V-100ah-LiFePO4-Lithium-Battery-Smart-Bluetooth6-600x246.webp 600w\" sizes=\"(max-width: 1920px) 100vw, 1920px\" \/> <img decoding=\"async\" class=\"aligncenter size-full wp-image-1808\" src=\"https:\/\/www.gotopess.com\/wp-content\/uploads\/2025\/09\/12.8V-100ah-LiFePO4-Lithium-Battery-Smart-Bluetooth7.webp\" alt=\"\" width=\"1920\" height=\"787\" srcset=\"https:\/\/www.gotopess.com\/wp-content\/uploads\/2025\/09\/12.8V-100ah-LiFePO4-Lithium-Battery-Smart-Bluetooth7.webp 1920w, https:\/\/www.gotopess.com\/wp-content\/uploads\/2025\/09\/12.8V-100ah-LiFePO4-Lithium-Battery-Smart-Bluetooth7-800x328.webp 800w, https:\/\/www.gotopess.com\/wp-content\/uploads\/2025\/09\/12.8V-100ah-LiFePO4-Lithium-Battery-Smart-Bluetooth7-1400x574.webp 1400w, https:\/\/www.gotopess.com\/wp-content\/uploads\/2025\/09\/12.8V-100ah-LiFePO4-Lithium-Battery-Smart-Bluetooth7-768x315.webp 768w, https:\/\/www.gotopess.com\/wp-content\/uploads\/2025\/09\/12.8V-100ah-LiFePO4-Lithium-Battery-Smart-Bluetooth7-1536x630.webp 1536w, https:\/\/www.gotopess.com\/wp-content\/uploads\/2025\/09\/12.8V-100ah-LiFePO4-Lithium-Battery-Smart-Bluetooth7-18x7.webp 18w, https:\/\/www.gotopess.com\/wp-content\/uploads\/2025\/09\/12.8V-100ah-LiFePO4-Lithium-Battery-Smart-Bluetooth7-600x246.webp 600w\" sizes=\"(max-width: 1920px) 100vw, 1920px\" \/><\/p>","protected":false},"excerpt":{"rendered":"<p>Se integra perfectamente con los sistemas Victron en veh\u00edculos recreativos, y se puede personalizar para Xantrex, AIMS, Go Power, etc.<\/p>\n<ul>\n<li><strong data-end=\"122\" data-start=\"81\">Plug-and-play con el sistema Victron:\u00a0<\/strong>A diferencia de las bater\u00edas sin comunicaci\u00f3n, se conecta directamente a su sistema Victron (CAN\/RS485 Comms) - no necesita SmartShunt. Habla a la perfecci\u00f3n con Victron, no s\u00f3lo controlar y gestionar f\u00e1cilmente todo el sistema, sino tambi\u00e9n la optimizaci\u00f3n autom\u00e1tica para el rendimiento y la seguridad sin ajuste manual.<\/li>\n<li><strong>Bluetooth de alta precisi\u00f3n:\u00a0<\/strong>Comprueba los datos en tiempo real del sistema de la bater\u00eda y controla la descarga o el apagado desde tu tel\u00e9fono.<\/li>\n<li><strong>Optimizaci\u00f3n inteligente de la vida \u00fatil:\u00a0<\/strong>Informa autom\u00e1ticamente de los valores de carga ideales en funci\u00f3n del SOC\/temperatura para mejorar la salud de la bater\u00eda y prolongar su vida \u00fatil.<\/li>\n<li><strong>Gestiona 16 Pilas F\u00e1cilmente Como Una Sola:\u00a0<\/strong>Encendido\/apagado de todo el banco de bater\u00edas mediante cualquier bot\u00f3n cuando est\u00e1 en comunicaci\u00f3n. Hasta 16 bater\u00edas en paralelo (20,48 kW) en modo de comunicaci\u00f3n; admite 4P4S sin comunicaci\u00f3n.<\/li>\n<\/ul>","protected":false},"featured_media":1809,"comment_status":"open","ping_status":"closed","template":"","meta":[],"product_brand":[145],"product_cat":[45,83,146],"product_tag":[99,101,103,100,186,106,102],"class_list":{"0":"post-581","1":"product","2":"type-product","3":"status-publish","4":"has-post-thumbnail","6":"product_brand-gotopower","7":"product_cat-lifepo4-battery","8":"product_cat-lithium-lifepo4-battery","9":"product_cat-12v-lifepo4-battery","10":"product_tag-battery","11":"product_tag-bluetooth","12":"product_tag-boat","13":"product_tag-lithium","14":"product_tag-marine","15":"product_tag-rv","16":"product_tag-trolling-motor","18":"first","19":"instock","20":"shipping-taxable","21":"product-type-simple"},"_links":{"self":[{"href":"https:\/\/www.gotopess.com\/es\/wp-json\/wp\/v2\/product\/581","targetHints":{"allow":["GET"]}}],"collection":[{"href":"https:\/\/www.gotopess.com\/es\/wp-json\/wp\/v2\/product"}],"about":[{"href":"https:\/\/www.gotopess.com\/es\/wp-json\/wp\/v2\/types\/product"}],"replies":[{"embeddable":true,"href":"https:\/\/www.gotopess.com\/es\/wp-json\/wp\/v2\/comments?post=581"}],"wp:featuredmedia":[{"embeddable":true,"href":"https:\/\/www.gotopess.com\/es\/wp-json\/wp\/v2\/media\/1809"}],"wp:attachment":[{"href":"https:\/\/www.gotopess.com\/es\/wp-json\/wp\/v2\/media?parent=581"}],"wp:term":[{"taxonomy":"product_brand","embeddable":true,"href":"https:\/\/www.gotopess.com\/es\/wp-json\/wp\/v2\/product_brand?post=581"},{"taxonomy":"product_cat","embeddable":true,"href":"https:\/\/www.gotopess.com\/es\/wp-json\/wp\/v2\/product_cat?post=581"},{"taxonomy":"product_tag","embeddable":true,"href":"https:\/\/www.gotopess.com\/es\/wp-json\/wp\/v2\/product_tag?post=581"}],"curies":[{"name":"wp","href":"https:\/\/api.w.org\/{rel}","templated":true}]}}