{"id":640,"date":"2025-10-01T12:35:07","date_gmt":"2025-10-01T12:35:07","guid":{"rendered":"http:\/\/8.218.239.88\/?post_type=product&#038;p=640"},"modified":"2025-10-02T18:17:15","modified_gmt":"2025-10-02T18:17:15","slug":"48v-60ah-lithium-golf-cart-battery-up-to-30-miles-per-charge","status":"publish","type":"product","link":"https:\/\/www.gotopess.com\/es\/product\/bateria-de-litio-para-carrito-de-golf-de-48v-60ah-hasta-30-millas-por-carga-2\/","title":{"rendered":"Bater\u00eda de litio para carro de golf de 48V 60Ah Hasta 30 millas por carga"},"content":{"rendered":"<p><img decoding=\"async\" class=\"aligncenter size-full wp-image-1741\" src=\"https:\/\/www.gotopess.com\/wp-content\/uploads\/2025\/09\/48V-60Ah-Golf-Cart-Lithium-Battery-Up-to-30-Miles-Per-Charge1.webp\" alt=\"\" width=\"1920\" height=\"787\" srcset=\"https:\/\/www.gotopess.com\/wp-content\/uploads\/2025\/09\/48V-60Ah-Golf-Cart-Lithium-Battery-Up-to-30-Miles-Per-Charge1.webp 1920w, https:\/\/www.gotopess.com\/wp-content\/uploads\/2025\/09\/48V-60Ah-Golf-Cart-Lithium-Battery-Up-to-30-Miles-Per-Charge1-800x328.webp 800w, https:\/\/www.gotopess.com\/wp-content\/uploads\/2025\/09\/48V-60Ah-Golf-Cart-Lithium-Battery-Up-to-30-Miles-Per-Charge1-1400x574.webp 1400w, https:\/\/www.gotopess.com\/wp-content\/uploads\/2025\/09\/48V-60Ah-Golf-Cart-Lithium-Battery-Up-to-30-Miles-Per-Charge1-768x315.webp 768w, https:\/\/www.gotopess.com\/wp-content\/uploads\/2025\/09\/48V-60Ah-Golf-Cart-Lithium-Battery-Up-to-30-Miles-Per-Charge1-1536x630.webp 1536w, https:\/\/www.gotopess.com\/wp-content\/uploads\/2025\/09\/48V-60Ah-Golf-Cart-Lithium-Battery-Up-to-30-Miles-Per-Charge1-18x7.webp 18w, https:\/\/www.gotopess.com\/wp-content\/uploads\/2025\/09\/48V-60Ah-Golf-Cart-Lithium-Battery-Up-to-30-Miles-Per-Charge1-600x246.webp 600w\" sizes=\"(max-width: 1920px) 100vw, 1920px\" \/> <img decoding=\"async\" class=\"aligncenter size-full wp-image-1742\" src=\"https:\/\/www.gotopess.com\/wp-content\/uploads\/2025\/09\/48V-60Ah-Golf-Cart-Lithium-Battery-Up-to-30-Miles-Per-Charge2.webp\" alt=\"\" width=\"1920\" height=\"787\" srcset=\"https:\/\/www.gotopess.com\/wp-content\/uploads\/2025\/09\/48V-60Ah-Golf-Cart-Lithium-Battery-Up-to-30-Miles-Per-Charge2.webp 1920w, https:\/\/www.gotopess.com\/wp-content\/uploads\/2025\/09\/48V-60Ah-Golf-Cart-Lithium-Battery-Up-to-30-Miles-Per-Charge2-800x328.webp 800w, https:\/\/www.gotopess.com\/wp-content\/uploads\/2025\/09\/48V-60Ah-Golf-Cart-Lithium-Battery-Up-to-30-Miles-Per-Charge2-1400x574.webp 1400w, https:\/\/www.gotopess.com\/wp-content\/uploads\/2025\/09\/48V-60Ah-Golf-Cart-Lithium-Battery-Up-to-30-Miles-Per-Charge2-768x315.webp 768w, https:\/\/www.gotopess.com\/wp-content\/uploads\/2025\/09\/48V-60Ah-Golf-Cart-Lithium-Battery-Up-to-30-Miles-Per-Charge2-1536x630.webp 1536w, https:\/\/www.gotopess.com\/wp-content\/uploads\/2025\/09\/48V-60Ah-Golf-Cart-Lithium-Battery-Up-to-30-Miles-Per-Charge2-18x7.webp 18w, https:\/\/www.gotopess.com\/wp-content\/uploads\/2025\/09\/48V-60Ah-Golf-Cart-Lithium-Battery-Up-to-30-Miles-Per-Charge2-600x246.webp 600w\" sizes=\"(max-width: 1920px) 100vw, 1920px\" \/> <img decoding=\"async\" class=\"aligncenter size-full wp-image-1743\" src=\"https:\/\/www.gotopess.com\/wp-content\/uploads\/2025\/09\/48V-60Ah-Golf-Cart-Lithium-Battery-Up-to-30-Miles-Per-Charge3.webp\" alt=\"\" width=\"1920\" height=\"787\" srcset=\"https:\/\/www.gotopess.com\/wp-content\/uploads\/2025\/09\/48V-60Ah-Golf-Cart-Lithium-Battery-Up-to-30-Miles-Per-Charge3.webp 1920w, https:\/\/www.gotopess.com\/wp-content\/uploads\/2025\/09\/48V-60Ah-Golf-Cart-Lithium-Battery-Up-to-30-Miles-Per-Charge3-800x328.webp 800w, https:\/\/www.gotopess.com\/wp-content\/uploads\/2025\/09\/48V-60Ah-Golf-Cart-Lithium-Battery-Up-to-30-Miles-Per-Charge3-1400x574.webp 1400w, https:\/\/www.gotopess.com\/wp-content\/uploads\/2025\/09\/48V-60Ah-Golf-Cart-Lithium-Battery-Up-to-30-Miles-Per-Charge3-768x315.webp 768w, https:\/\/www.gotopess.com\/wp-content\/uploads\/2025\/09\/48V-60Ah-Golf-Cart-Lithium-Battery-Up-to-30-Miles-Per-Charge3-1536x630.webp 1536w, https:\/\/www.gotopess.com\/wp-content\/uploads\/2025\/09\/48V-60Ah-Golf-Cart-Lithium-Battery-Up-to-30-Miles-Per-Charge3-18x7.webp 18w, https:\/\/www.gotopess.com\/wp-content\/uploads\/2025\/09\/48V-60Ah-Golf-Cart-Lithium-Battery-Up-to-30-Miles-Per-Charge3-600x246.webp 600w\" sizes=\"(max-width: 1920px) 100vw, 1920px\" \/> <img decoding=\"async\" class=\"aligncenter size-full wp-image-1744\" src=\"https:\/\/www.gotopess.com\/wp-content\/uploads\/2025\/09\/48V-60Ah-Golf-Cart-Lithium-Battery-Up-to-30-Miles-Per-Charge4.webp\" alt=\"\" width=\"1920\" height=\"787\" srcset=\"https:\/\/www.gotopess.com\/wp-content\/uploads\/2025\/09\/48V-60Ah-Golf-Cart-Lithium-Battery-Up-to-30-Miles-Per-Charge4.webp 1920w, https:\/\/www.gotopess.com\/wp-content\/uploads\/2025\/09\/48V-60Ah-Golf-Cart-Lithium-Battery-Up-to-30-Miles-Per-Charge4-800x328.webp 800w, https:\/\/www.gotopess.com\/wp-content\/uploads\/2025\/09\/48V-60Ah-Golf-Cart-Lithium-Battery-Up-to-30-Miles-Per-Charge4-1400x574.webp 1400w, https:\/\/www.gotopess.com\/wp-content\/uploads\/2025\/09\/48V-60Ah-Golf-Cart-Lithium-Battery-Up-to-30-Miles-Per-Charge4-768x315.webp 768w, https:\/\/www.gotopess.com\/wp-content\/uploads\/2025\/09\/48V-60Ah-Golf-Cart-Lithium-Battery-Up-to-30-Miles-Per-Charge4-1536x630.webp 1536w, https:\/\/www.gotopess.com\/wp-content\/uploads\/2025\/09\/48V-60Ah-Golf-Cart-Lithium-Battery-Up-to-30-Miles-Per-Charge4-18x7.webp 18w, https:\/\/www.gotopess.com\/wp-content\/uploads\/2025\/09\/48V-60Ah-Golf-Cart-Lithium-Battery-Up-to-30-Miles-Per-Charge4-600x246.webp 600w\" sizes=\"(max-width: 1920px) 100vw, 1920px\" \/> <img decoding=\"async\" class=\"aligncenter size-full wp-image-1745\" src=\"https:\/\/www.gotopess.com\/wp-content\/uploads\/2025\/09\/48V-60Ah-Golf-Cart-Lithium-Battery-Up-to-30-Miles-Per-Charge5.webp\" alt=\"\" width=\"1920\" height=\"787\" srcset=\"https:\/\/www.gotopess.com\/wp-content\/uploads\/2025\/09\/48V-60Ah-Golf-Cart-Lithium-Battery-Up-to-30-Miles-Per-Charge5.webp 1920w, https:\/\/www.gotopess.com\/wp-content\/uploads\/2025\/09\/48V-60Ah-Golf-Cart-Lithium-Battery-Up-to-30-Miles-Per-Charge5-800x328.webp 800w, https:\/\/www.gotopess.com\/wp-content\/uploads\/2025\/09\/48V-60Ah-Golf-Cart-Lithium-Battery-Up-to-30-Miles-Per-Charge5-1400x574.webp 1400w, https:\/\/www.gotopess.com\/wp-content\/uploads\/2025\/09\/48V-60Ah-Golf-Cart-Lithium-Battery-Up-to-30-Miles-Per-Charge5-768x315.webp 768w, https:\/\/www.gotopess.com\/wp-content\/uploads\/2025\/09\/48V-60Ah-Golf-Cart-Lithium-Battery-Up-to-30-Miles-Per-Charge5-1536x630.webp 1536w, https:\/\/www.gotopess.com\/wp-content\/uploads\/2025\/09\/48V-60Ah-Golf-Cart-Lithium-Battery-Up-to-30-Miles-Per-Charge5-18x7.webp 18w, https:\/\/www.gotopess.com\/wp-content\/uploads\/2025\/09\/48V-60Ah-Golf-Cart-Lithium-Battery-Up-to-30-Miles-Per-Charge5-600x246.webp 600w\" sizes=\"(max-width: 1920px) 100vw, 1920px\" \/> <img decoding=\"async\" class=\"aligncenter size-full wp-image-1746\" src=\"https:\/\/www.gotopess.com\/wp-content\/uploads\/2025\/09\/48V-60Ah-Golf-Cart-Lithium-Battery-Up-to-30-Miles-Per-Charge6.webp\" alt=\"\" width=\"1920\" height=\"787\" srcset=\"https:\/\/www.gotopess.com\/wp-content\/uploads\/2025\/09\/48V-60Ah-Golf-Cart-Lithium-Battery-Up-to-30-Miles-Per-Charge6.webp 1920w, https:\/\/www.gotopess.com\/wp-content\/uploads\/2025\/09\/48V-60Ah-Golf-Cart-Lithium-Battery-Up-to-30-Miles-Per-Charge6-800x328.webp 800w, https:\/\/www.gotopess.com\/wp-content\/uploads\/2025\/09\/48V-60Ah-Golf-Cart-Lithium-Battery-Up-to-30-Miles-Per-Charge6-1400x574.webp 1400w, https:\/\/www.gotopess.com\/wp-content\/uploads\/2025\/09\/48V-60Ah-Golf-Cart-Lithium-Battery-Up-to-30-Miles-Per-Charge6-768x315.webp 768w, https:\/\/www.gotopess.com\/wp-content\/uploads\/2025\/09\/48V-60Ah-Golf-Cart-Lithium-Battery-Up-to-30-Miles-Per-Charge6-1536x630.webp 1536w, https:\/\/www.gotopess.com\/wp-content\/uploads\/2025\/09\/48V-60Ah-Golf-Cart-Lithium-Battery-Up-to-30-Miles-Per-Charge6-18x7.webp 18w, https:\/\/www.gotopess.com\/wp-content\/uploads\/2025\/09\/48V-60Ah-Golf-Cart-Lithium-Battery-Up-to-30-Miles-Per-Charge6-600x246.webp 600w\" sizes=\"(max-width: 1920px) 100vw, 1920px\" \/> <img decoding=\"async\" class=\"aligncenter size-full wp-image-1747\" src=\"https:\/\/www.gotopess.com\/wp-content\/uploads\/2025\/09\/48V-60Ah-Golf-Cart-Lithium-Battery-Up-to-30-Miles-Per-Charge7.webp\" alt=\"\" width=\"1920\" height=\"787\" srcset=\"https:\/\/www.gotopess.com\/wp-content\/uploads\/2025\/09\/48V-60Ah-Golf-Cart-Lithium-Battery-Up-to-30-Miles-Per-Charge7.webp 1920w, https:\/\/www.gotopess.com\/wp-content\/uploads\/2025\/09\/48V-60Ah-Golf-Cart-Lithium-Battery-Up-to-30-Miles-Per-Charge7-800x328.webp 800w, https:\/\/www.gotopess.com\/wp-content\/uploads\/2025\/09\/48V-60Ah-Golf-Cart-Lithium-Battery-Up-to-30-Miles-Per-Charge7-1400x574.webp 1400w, https:\/\/www.gotopess.com\/wp-content\/uploads\/2025\/09\/48V-60Ah-Golf-Cart-Lithium-Battery-Up-to-30-Miles-Per-Charge7-768x315.webp 768w, https:\/\/www.gotopess.com\/wp-content\/uploads\/2025\/09\/48V-60Ah-Golf-Cart-Lithium-Battery-Up-to-30-Miles-Per-Charge7-1536x630.webp 1536w, https:\/\/www.gotopess.com\/wp-content\/uploads\/2025\/09\/48V-60Ah-Golf-Cart-Lithium-Battery-Up-to-30-Miles-Per-Charge7-18x7.webp 18w, https:\/\/www.gotopess.com\/wp-content\/uploads\/2025\/09\/48V-60Ah-Golf-Cart-Lithium-Battery-Up-to-30-Miles-Per-Charge7-600x246.webp 600w\" sizes=\"(max-width: 1920px) 100vw, 1920px\" \/> <img decoding=\"async\" class=\"aligncenter size-full wp-image-1748\" src=\"https:\/\/www.gotopess.com\/wp-content\/uploads\/2025\/09\/48V-60Ah-Golf-Cart-Lithium-Battery-Up-to-30-Miles-Per-Charge8.webp\" alt=\"\" width=\"1920\" height=\"787\" srcset=\"https:\/\/www.gotopess.com\/wp-content\/uploads\/2025\/09\/48V-60Ah-Golf-Cart-Lithium-Battery-Up-to-30-Miles-Per-Charge8.webp 1920w, https:\/\/www.gotopess.com\/wp-content\/uploads\/2025\/09\/48V-60Ah-Golf-Cart-Lithium-Battery-Up-to-30-Miles-Per-Charge8-800x328.webp 800w, https:\/\/www.gotopess.com\/wp-content\/uploads\/2025\/09\/48V-60Ah-Golf-Cart-Lithium-Battery-Up-to-30-Miles-Per-Charge8-1400x574.webp 1400w, https:\/\/www.gotopess.com\/wp-content\/uploads\/2025\/09\/48V-60Ah-Golf-Cart-Lithium-Battery-Up-to-30-Miles-Per-Charge8-768x315.webp 768w, https:\/\/www.gotopess.com\/wp-content\/uploads\/2025\/09\/48V-60Ah-Golf-Cart-Lithium-Battery-Up-to-30-Miles-Per-Charge8-1536x630.webp 1536w, https:\/\/www.gotopess.com\/wp-content\/uploads\/2025\/09\/48V-60Ah-Golf-Cart-Lithium-Battery-Up-to-30-Miles-Per-Charge8-18x7.webp 18w, https:\/\/www.gotopess.com\/wp-content\/uploads\/2025\/09\/48V-60Ah-Golf-Cart-Lithium-Battery-Up-to-30-Miles-Per-Charge8-600x246.webp 600w\" sizes=\"(max-width: 1920px) 100vw, 1920px\" \/> <img decoding=\"async\" class=\"aligncenter size-full wp-image-1749\" src=\"https:\/\/www.gotopess.com\/wp-content\/uploads\/2025\/09\/48V-60Ah-Golf-Cart-Lithium-Battery-Up-to-30-Miles-Per-Charge9.webp\" alt=\"\" width=\"1920\" height=\"787\" srcset=\"https:\/\/www.gotopess.com\/wp-content\/uploads\/2025\/09\/48V-60Ah-Golf-Cart-Lithium-Battery-Up-to-30-Miles-Per-Charge9.webp 1920w, https:\/\/www.gotopess.com\/wp-content\/uploads\/2025\/09\/48V-60Ah-Golf-Cart-Lithium-Battery-Up-to-30-Miles-Per-Charge9-800x328.webp 800w, https:\/\/www.gotopess.com\/wp-content\/uploads\/2025\/09\/48V-60Ah-Golf-Cart-Lithium-Battery-Up-to-30-Miles-Per-Charge9-1400x574.webp 1400w, https:\/\/www.gotopess.com\/wp-content\/uploads\/2025\/09\/48V-60Ah-Golf-Cart-Lithium-Battery-Up-to-30-Miles-Per-Charge9-768x315.webp 768w, https:\/\/www.gotopess.com\/wp-content\/uploads\/2025\/09\/48V-60Ah-Golf-Cart-Lithium-Battery-Up-to-30-Miles-Per-Charge9-1536x630.webp 1536w, https:\/\/www.gotopess.com\/wp-content\/uploads\/2025\/09\/48V-60Ah-Golf-Cart-Lithium-Battery-Up-to-30-Miles-Per-Charge9-18x7.webp 18w, https:\/\/www.gotopess.com\/wp-content\/uploads\/2025\/09\/48V-60Ah-Golf-Cart-Lithium-Battery-Up-to-30-Miles-Per-Charge9-600x246.webp 600w\" sizes=\"(max-width: 1920px) 100vw, 1920px\" \/><\/p>","protected":false},"excerpt":{"rendered":"<ul>\n<li><strong>Recambio todo en uno:\u00a0<\/strong>Una soluci\u00f3n inmediata que simplifica la actualizaci\u00f3n sustituyendo seis bater\u00edas de plomo de 8 V u ocho de 6 V.<\/li>\n<li><strong>2C Descarga continua:<\/strong>\u00a0suministra una corriente continua de 120 A y una corriente de descarga de pico de 350 A (1 s) para soportar sobretensiones mayores y potenciar los carros a trav\u00e9s de cualquier pendiente.<\/li>\n<li><strong>Compatibilidad universal con carros de golf:\u00a0<\/strong>Se adapta a la mayor\u00eda de los carros de golf de hasta 4000 W, incluidos los modelos Club Car, EZGO, ICON y Yamaha.<\/li>\n<li><strong>120A BMS:\u00a0<\/strong>Garantiza un rendimiento fiable evitando la sobrecorriente, la sobrecarga, la sobredescarga, los cortocircuitos y el sobrecalentamiento.<\/li>\n<li><strong>3072 Wh de energ\u00eda:<\/strong>\u00a0Alimenta tu carrito de golf durante aproximadamente 23-28 millas, con un bajo consumo de energ\u00eda de 71,68 Wh\/km.<\/li>\n<li><strong>C\u00e9lulas de m\u00e1xima calidad:\u00a0<\/strong>Utiliza celdas LiFePO4 de grado EV superiores para una mayor resistencia a la tensi\u00f3n y disipaci\u00f3n del calor, garantizando una vida \u00fatil de m\u00e1s de 10 a\u00f1os y m\u00e1s de 4000 ciclos a 100% DOD.<\/li>\n<\/ul>","protected":false},"featured_media":1750,"comment_status":"open","ping_status":"closed","template":"","meta":[],"product_brand":[145],"product_cat":[45,83,150],"product_tag":[99,101,105,181],"class_list":{"0":"post-640","1":"product","2":"type-product","3":"status-publish","4":"has-post-thumbnail","6":"product_brand-gotopower","7":"product_cat-lifepo4-battery","8":"product_cat-lithium-lifepo4-battery","9":"product_cat-48v-lifepo4-battery","10":"product_tag-battery","11":"product_tag-bluetooth","12":"product_tag-golf-cart","13":"product_tag-lithium-battery","15":"first","16":"instock","17":"shipping-taxable","18":"product-type-simple"},"_links":{"self":[{"href":"https:\/\/www.gotopess.com\/es\/wp-json\/wp\/v2\/product\/640","targetHints":{"allow":["GET"]}}],"collection":[{"href":"https:\/\/www.gotopess.com\/es\/wp-json\/wp\/v2\/product"}],"about":[{"href":"https:\/\/www.gotopess.com\/es\/wp-json\/wp\/v2\/types\/product"}],"replies":[{"embeddable":true,"href":"https:\/\/www.gotopess.com\/es\/wp-json\/wp\/v2\/comments?post=640"}],"wp:featuredmedia":[{"embeddable":true,"href":"https:\/\/www.gotopess.com\/es\/wp-json\/wp\/v2\/media\/1750"}],"wp:attachment":[{"href":"https:\/\/www.gotopess.com\/es\/wp-json\/wp\/v2\/media?parent=640"}],"wp:term":[{"taxonomy":"product_brand","embeddable":true,"href":"https:\/\/www.gotopess.com\/es\/wp-json\/wp\/v2\/product_brand?post=640"},{"taxonomy":"product_cat","embeddable":true,"href":"https:\/\/www.gotopess.com\/es\/wp-json\/wp\/v2\/product_cat?post=640"},{"taxonomy":"product_tag","embeddable":true,"href":"https:\/\/www.gotopess.com\/es\/wp-json\/wp\/v2\/product_tag?post=640"}],"curies":[{"name":"wp","href":"https:\/\/api.w.org\/{rel}","templated":true}]}}