{"id":757,"date":"2025-10-04T13:44:57","date_gmt":"2025-10-04T13:44:57","guid":{"rendered":"http:\/\/8.218.239.88\/?post_type=product&#038;p=757"},"modified":"2025-10-05T09:48:15","modified_gmt":"2025-10-05T09:48:15","slug":"12v-140ah-bluetooth-dual-purpose-lithium-battery","status":"publish","type":"product","link":"https:\/\/www.gotopess.com\/es\/product\/12v-140ah-bluetooth-bateria-de-litio-de-doble-uso\/","title":{"rendered":"Bater\u00eda de Litio Marina 12V 140Ah Bluetooth Doble Prop\u00f3sito 1000 CCA"},"content":{"rendered":"<p><img decoding=\"async\" class=\"aligncenter size-full wp-image-1702\" src=\"https:\/\/www.gotopess.com\/wp-content\/uploads\/2025\/09\/12V-140Ah-Bluetooth-Dual-Purpose-1000-CCA-Marine-Lithium-Battery1.webp\" alt=\"\" width=\"1920\" height=\"787\" srcset=\"https:\/\/www.gotopess.com\/wp-content\/uploads\/2025\/09\/12V-140Ah-Bluetooth-Dual-Purpose-1000-CCA-Marine-Lithium-Battery1.webp 1920w, https:\/\/www.gotopess.com\/wp-content\/uploads\/2025\/09\/12V-140Ah-Bluetooth-Dual-Purpose-1000-CCA-Marine-Lithium-Battery1-800x328.webp 800w, https:\/\/www.gotopess.com\/wp-content\/uploads\/2025\/09\/12V-140Ah-Bluetooth-Dual-Purpose-1000-CCA-Marine-Lithium-Battery1-1400x574.webp 1400w, https:\/\/www.gotopess.com\/wp-content\/uploads\/2025\/09\/12V-140Ah-Bluetooth-Dual-Purpose-1000-CCA-Marine-Lithium-Battery1-768x315.webp 768w, https:\/\/www.gotopess.com\/wp-content\/uploads\/2025\/09\/12V-140Ah-Bluetooth-Dual-Purpose-1000-CCA-Marine-Lithium-Battery1-1536x630.webp 1536w, https:\/\/www.gotopess.com\/wp-content\/uploads\/2025\/09\/12V-140Ah-Bluetooth-Dual-Purpose-1000-CCA-Marine-Lithium-Battery1-18x7.webp 18w, https:\/\/www.gotopess.com\/wp-content\/uploads\/2025\/09\/12V-140Ah-Bluetooth-Dual-Purpose-1000-CCA-Marine-Lithium-Battery1-600x246.webp 600w\" sizes=\"(max-width: 1920px) 100vw, 1920px\" \/> <img decoding=\"async\" class=\"aligncenter size-full wp-image-1703\" src=\"https:\/\/www.gotopess.com\/wp-content\/uploads\/2025\/09\/12V-140Ah-Bluetooth-Dual-Purpose-1000-CCA-Marine-Lithium-Battery2.webp\" alt=\"\" width=\"1920\" height=\"787\" srcset=\"https:\/\/www.gotopess.com\/wp-content\/uploads\/2025\/09\/12V-140Ah-Bluetooth-Dual-Purpose-1000-CCA-Marine-Lithium-Battery2.webp 1920w, https:\/\/www.gotopess.com\/wp-content\/uploads\/2025\/09\/12V-140Ah-Bluetooth-Dual-Purpose-1000-CCA-Marine-Lithium-Battery2-800x328.webp 800w, https:\/\/www.gotopess.com\/wp-content\/uploads\/2025\/09\/12V-140Ah-Bluetooth-Dual-Purpose-1000-CCA-Marine-Lithium-Battery2-1400x574.webp 1400w, https:\/\/www.gotopess.com\/wp-content\/uploads\/2025\/09\/12V-140Ah-Bluetooth-Dual-Purpose-1000-CCA-Marine-Lithium-Battery2-768x315.webp 768w, https:\/\/www.gotopess.com\/wp-content\/uploads\/2025\/09\/12V-140Ah-Bluetooth-Dual-Purpose-1000-CCA-Marine-Lithium-Battery2-1536x630.webp 1536w, https:\/\/www.gotopess.com\/wp-content\/uploads\/2025\/09\/12V-140Ah-Bluetooth-Dual-Purpose-1000-CCA-Marine-Lithium-Battery2-18x7.webp 18w, https:\/\/www.gotopess.com\/wp-content\/uploads\/2025\/09\/12V-140Ah-Bluetooth-Dual-Purpose-1000-CCA-Marine-Lithium-Battery2-600x246.webp 600w\" sizes=\"(max-width: 1920px) 100vw, 1920px\" \/> <img decoding=\"async\" class=\"aligncenter size-full wp-image-1704\" src=\"https:\/\/www.gotopess.com\/wp-content\/uploads\/2025\/09\/12V-140Ah-Bluetooth-Dual-Purpose-1000-CCA-Marine-Lithium-Battery3.webp\" alt=\"\" width=\"1920\" height=\"787\" srcset=\"https:\/\/www.gotopess.com\/wp-content\/uploads\/2025\/09\/12V-140Ah-Bluetooth-Dual-Purpose-1000-CCA-Marine-Lithium-Battery3.webp 1920w, https:\/\/www.gotopess.com\/wp-content\/uploads\/2025\/09\/12V-140Ah-Bluetooth-Dual-Purpose-1000-CCA-Marine-Lithium-Battery3-800x328.webp 800w, https:\/\/www.gotopess.com\/wp-content\/uploads\/2025\/09\/12V-140Ah-Bluetooth-Dual-Purpose-1000-CCA-Marine-Lithium-Battery3-1400x574.webp 1400w, https:\/\/www.gotopess.com\/wp-content\/uploads\/2025\/09\/12V-140Ah-Bluetooth-Dual-Purpose-1000-CCA-Marine-Lithium-Battery3-768x315.webp 768w, https:\/\/www.gotopess.com\/wp-content\/uploads\/2025\/09\/12V-140Ah-Bluetooth-Dual-Purpose-1000-CCA-Marine-Lithium-Battery3-1536x630.webp 1536w, https:\/\/www.gotopess.com\/wp-content\/uploads\/2025\/09\/12V-140Ah-Bluetooth-Dual-Purpose-1000-CCA-Marine-Lithium-Battery3-18x7.webp 18w, https:\/\/www.gotopess.com\/wp-content\/uploads\/2025\/09\/12V-140Ah-Bluetooth-Dual-Purpose-1000-CCA-Marine-Lithium-Battery3-600x246.webp 600w\" sizes=\"(max-width: 1920px) 100vw, 1920px\" \/> <img decoding=\"async\" class=\"aligncenter size-full wp-image-1705\" src=\"https:\/\/www.gotopess.com\/wp-content\/uploads\/2025\/09\/12V-140Ah-Bluetooth-Dual-Purpose-1000-CCA-Marine-Lithium-Battery4.webp\" alt=\"\" width=\"1920\" height=\"787\" srcset=\"https:\/\/www.gotopess.com\/wp-content\/uploads\/2025\/09\/12V-140Ah-Bluetooth-Dual-Purpose-1000-CCA-Marine-Lithium-Battery4.webp 1920w, https:\/\/www.gotopess.com\/wp-content\/uploads\/2025\/09\/12V-140Ah-Bluetooth-Dual-Purpose-1000-CCA-Marine-Lithium-Battery4-800x328.webp 800w, https:\/\/www.gotopess.com\/wp-content\/uploads\/2025\/09\/12V-140Ah-Bluetooth-Dual-Purpose-1000-CCA-Marine-Lithium-Battery4-1400x574.webp 1400w, https:\/\/www.gotopess.com\/wp-content\/uploads\/2025\/09\/12V-140Ah-Bluetooth-Dual-Purpose-1000-CCA-Marine-Lithium-Battery4-768x315.webp 768w, https:\/\/www.gotopess.com\/wp-content\/uploads\/2025\/09\/12V-140Ah-Bluetooth-Dual-Purpose-1000-CCA-Marine-Lithium-Battery4-1536x630.webp 1536w, https:\/\/www.gotopess.com\/wp-content\/uploads\/2025\/09\/12V-140Ah-Bluetooth-Dual-Purpose-1000-CCA-Marine-Lithium-Battery4-18x7.webp 18w, https:\/\/www.gotopess.com\/wp-content\/uploads\/2025\/09\/12V-140Ah-Bluetooth-Dual-Purpose-1000-CCA-Marine-Lithium-Battery4-600x246.webp 600w\" sizes=\"(max-width: 1920px) 100vw, 1920px\" \/> <img decoding=\"async\" class=\"aligncenter size-full wp-image-1706\" src=\"https:\/\/www.gotopess.com\/wp-content\/uploads\/2025\/09\/12V-140Ah-Bluetooth-Dual-Purpose-1000-CCA-Marine-Lithium-Battery5.webp\" alt=\"\" width=\"1920\" height=\"787\" srcset=\"https:\/\/www.gotopess.com\/wp-content\/uploads\/2025\/09\/12V-140Ah-Bluetooth-Dual-Purpose-1000-CCA-Marine-Lithium-Battery5.webp 1920w, https:\/\/www.gotopess.com\/wp-content\/uploads\/2025\/09\/12V-140Ah-Bluetooth-Dual-Purpose-1000-CCA-Marine-Lithium-Battery5-800x328.webp 800w, https:\/\/www.gotopess.com\/wp-content\/uploads\/2025\/09\/12V-140Ah-Bluetooth-Dual-Purpose-1000-CCA-Marine-Lithium-Battery5-1400x574.webp 1400w, https:\/\/www.gotopess.com\/wp-content\/uploads\/2025\/09\/12V-140Ah-Bluetooth-Dual-Purpose-1000-CCA-Marine-Lithium-Battery5-768x315.webp 768w, https:\/\/www.gotopess.com\/wp-content\/uploads\/2025\/09\/12V-140Ah-Bluetooth-Dual-Purpose-1000-CCA-Marine-Lithium-Battery5-1536x630.webp 1536w, https:\/\/www.gotopess.com\/wp-content\/uploads\/2025\/09\/12V-140Ah-Bluetooth-Dual-Purpose-1000-CCA-Marine-Lithium-Battery5-18x7.webp 18w, https:\/\/www.gotopess.com\/wp-content\/uploads\/2025\/09\/12V-140Ah-Bluetooth-Dual-Purpose-1000-CCA-Marine-Lithium-Battery5-600x246.webp 600w\" sizes=\"(max-width: 1920px) 100vw, 1920px\" \/> <img decoding=\"async\" class=\"aligncenter size-full wp-image-1707\" src=\"https:\/\/www.gotopess.com\/wp-content\/uploads\/2025\/09\/12V-140Ah-Bluetooth-Dual-Purpose-1000-CCA-Marine-Lithium-Battery6.webp\" alt=\"\" width=\"1920\" height=\"787\" srcset=\"https:\/\/www.gotopess.com\/wp-content\/uploads\/2025\/09\/12V-140Ah-Bluetooth-Dual-Purpose-1000-CCA-Marine-Lithium-Battery6.webp 1920w, https:\/\/www.gotopess.com\/wp-content\/uploads\/2025\/09\/12V-140Ah-Bluetooth-Dual-Purpose-1000-CCA-Marine-Lithium-Battery6-800x328.webp 800w, https:\/\/www.gotopess.com\/wp-content\/uploads\/2025\/09\/12V-140Ah-Bluetooth-Dual-Purpose-1000-CCA-Marine-Lithium-Battery6-1400x574.webp 1400w, https:\/\/www.gotopess.com\/wp-content\/uploads\/2025\/09\/12V-140Ah-Bluetooth-Dual-Purpose-1000-CCA-Marine-Lithium-Battery6-768x315.webp 768w, https:\/\/www.gotopess.com\/wp-content\/uploads\/2025\/09\/12V-140Ah-Bluetooth-Dual-Purpose-1000-CCA-Marine-Lithium-Battery6-1536x630.webp 1536w, https:\/\/www.gotopess.com\/wp-content\/uploads\/2025\/09\/12V-140Ah-Bluetooth-Dual-Purpose-1000-CCA-Marine-Lithium-Battery6-18x7.webp 18w, https:\/\/www.gotopess.com\/wp-content\/uploads\/2025\/09\/12V-140Ah-Bluetooth-Dual-Purpose-1000-CCA-Marine-Lithium-Battery6-600x246.webp 600w\" sizes=\"(max-width: 1920px) 100vw, 1920px\" \/> <img decoding=\"async\" class=\"aligncenter size-full wp-image-1708\" src=\"https:\/\/www.gotopess.com\/wp-content\/uploads\/2025\/09\/12V-140Ah-Bluetooth-Dual-Purpose-1000-CCA-Marine-Lithium-Battery7.webp\" alt=\"\" width=\"1920\" height=\"787\" srcset=\"https:\/\/www.gotopess.com\/wp-content\/uploads\/2025\/09\/12V-140Ah-Bluetooth-Dual-Purpose-1000-CCA-Marine-Lithium-Battery7.webp 1920w, https:\/\/www.gotopess.com\/wp-content\/uploads\/2025\/09\/12V-140Ah-Bluetooth-Dual-Purpose-1000-CCA-Marine-Lithium-Battery7-800x328.webp 800w, https:\/\/www.gotopess.com\/wp-content\/uploads\/2025\/09\/12V-140Ah-Bluetooth-Dual-Purpose-1000-CCA-Marine-Lithium-Battery7-1400x574.webp 1400w, https:\/\/www.gotopess.com\/wp-content\/uploads\/2025\/09\/12V-140Ah-Bluetooth-Dual-Purpose-1000-CCA-Marine-Lithium-Battery7-768x315.webp 768w, https:\/\/www.gotopess.com\/wp-content\/uploads\/2025\/09\/12V-140Ah-Bluetooth-Dual-Purpose-1000-CCA-Marine-Lithium-Battery7-1536x630.webp 1536w, https:\/\/www.gotopess.com\/wp-content\/uploads\/2025\/09\/12V-140Ah-Bluetooth-Dual-Purpose-1000-CCA-Marine-Lithium-Battery7-18x7.webp 18w, https:\/\/www.gotopess.com\/wp-content\/uploads\/2025\/09\/12V-140Ah-Bluetooth-Dual-Purpose-1000-CCA-Marine-Lithium-Battery7-600x246.webp 600w\" sizes=\"(max-width: 1920px) 100vw, 1920px\" \/><\/p>\n<table class=\"pdf-table\">\n<thead>\n<tr>\n<th>Especificaci\u00f3n<\/th>\n<th>Valor<\/th>\n<\/tr>\n<\/thead>\n<tbody>\n<tr class=\"pdf-table-category\">\n<td colspan=\"2\">BATER\u00cdA<\/td>\n<\/tr>\n<tr>\n<td class=\"pdf-table-spec-name\">Tipo de c\u00e9lula<\/td>\n<td class=\"pdf-table-spec-value\">LiFePO4<\/td>\n<\/tr>\n<tr>\n<td class=\"pdf-table-spec-name\">Garant\u00eda<\/td>\n<td class=\"pdf-table-spec-value\">5 a\u00f1os<\/td>\n<\/tr>\n<tr>\n<td class=\"pdf-table-spec-name\">Ciclo de vida<\/td>\n<td class=\"pdf-table-spec-value\">\u22655000 Tiempos de arranque<\/td>\n<\/tr>\n<tr>\n<td class=\"pdf-table-spec-name\">Tensi\u00f3n nominal<\/td>\n<td class=\"pdf-table-spec-value\">12.8V<\/td>\n<\/tr>\n<tr>\n<td class=\"pdf-table-spec-name\">Capacidad nominal<\/td>\n<td class=\"pdf-table-spec-value\">140Ah<\/td>\n<\/tr>\n<tr>\n<td class=\"pdf-table-spec-name\">Energ\u00eda<\/td>\n<td class=\"pdf-table-spec-value\">1792Wh<\/td>\n<\/tr>\n<tr>\n<td class=\"pdf-table-spec-name\">Max. Expansi\u00f3n (en paralelo y en serie)<\/td>\n<td class=\"pdf-table-spec-value\">Para arranque y ciclo profundo: 4P1S; S\u00f3lo para almacenamiento de energ\u00eda: 4P4S<\/td>\n<\/tr>\n<tr>\n<td class=\"pdf-table-spec-name\">Resistencia interna<\/td>\n<td class=\"pdf-table-spec-value\">&lt;40m\u03a9<\/td>\n<\/tr>\n<tr>\n<td class=\"pdf-table-spec-name\">Certificaciones<\/td>\n<td class=\"pdf-table-spec-value\">CE, ROHS, UN38.3, CE RED, FCC ID<\/td>\n<\/tr>\n<tr>\n<td class=\"pdf-table-spec-name\">Amperios de arranque en caliente (HCA)<\/td>\n<td class=\"pdf-table-spec-value\">1500A<\/td>\n<\/tr>\n<tr>\n<td class=\"pdf-table-spec-name\">Amperios de arranque marino (MCA)<\/td>\n<td class=\"pdf-table-spec-value\">1200A (0\u00b0C)<\/td>\n<\/tr>\n<tr>\n<td class=\"pdf-table-spec-name\">Amperios de arranque en fr\u00edo (CCA)<\/td>\n<td class=\"pdf-table-spec-value\">1000A (-10\u00b0C); 900A (-18\u00b0C)<\/td>\n<\/tr>\n<tr>\n<td class=\"pdf-table-spec-name\">Bluetooth<\/td>\n<td class=\"pdf-table-spec-value\"><span class=\"pdf-table-checkmark\">\u2713<\/span><\/td>\n<\/tr>\n<tr>\n<td class=\"pdf-table-spec-name\">Autocalentamiento<\/td>\n<td class=\"pdf-table-spec-value\"><span class=\"pdf-table-checkmark\">\u2713<\/span><\/td>\n<\/tr>\n<tr class=\"pdf-table-category\">\n<td colspan=\"2\">BMS<\/td>\n<\/tr>\n<tr>\n<td class=\"pdf-table-spec-name\">Max. Potencia de salida continua<\/td>\n<td class=\"pdf-table-spec-value\">1792W<\/td>\n<\/tr>\n<tr>\n<td class=\"pdf-table-spec-name\">M\u00e1x. Corriente de carga continua<\/td>\n<td class=\"pdf-table-spec-value\">140A<\/td>\n<\/tr>\n<tr>\n<td class=\"pdf-table-spec-name\">M\u00e1x. Corriente de descarga continua<\/td>\n<td class=\"pdf-table-spec-value\">140A<\/td>\n<\/tr>\n<tr>\n<td class=\"pdf-table-spec-name\">M\u00e1x. Corriente de carga (alternador fueraborda)<\/td>\n<td class=\"pdf-table-spec-value\"><span class=\"pdf-table-dash\">-<\/span><\/td>\n<\/tr>\n<tr class=\"pdf-table-category\">\n<td colspan=\"2\">CARGA<\/td>\n<\/tr>\n<tr>\n<td class=\"pdf-table-spec-name\">M\u00e9todo de cobro<\/td>\n<td class=\"pdf-table-spec-value\">CC\/CV<\/td>\n<\/tr>\n<tr>\n<td class=\"pdf-table-spec-name\">Tensi\u00f3n de carga<\/td>\n<td class=\"pdf-table-spec-value\">14,4 V \u00b1 0,2 V (recomendado)<\/td>\n<\/tr>\n<tr>\n<td class=\"pdf-table-spec-name\">Corriente de carga recomendada<\/td>\n<td class=\"pdf-table-spec-value\">28A<\/td>\n<\/tr>\n<tr class=\"pdf-table-category\">\n<td colspan=\"2\">TEMPERATURA<\/td>\n<\/tr>\n<tr>\n<td class=\"pdf-table-spec-name\">Temperatura de carga<\/td>\n<td class=\"pdf-table-spec-value\">-20\u00b0C a 50\u00b0C \/ -4\u00b0F a 122\u00b0F<\/td>\n<\/tr>\n<tr>\n<td class=\"pdf-table-spec-name\">Temperatura de descarga<\/td>\n<td class=\"pdf-table-spec-value\">-20\u00b0C a 60\u00b0C \/ -4\u00b0F a 140\u00b0F<\/td>\n<\/tr>\n<tr>\n<td class=\"pdf-table-spec-name\">Temperatura de almacenamiento<\/td>\n<td class=\"pdf-table-spec-value\">-10\u00b0C a 50\u00b0C \/ 14\u00b0F a 122\u00b0F<\/td>\n<\/tr>\n<tr>\n<td class=\"pdf-table-spec-name\">Protecci\u00f3n a baja temperatura<\/td>\n<td class=\"pdf-table-spec-value\"><span class=\"pdf-table-checkmark\">\u2713<\/span><\/td>\n<\/tr>\n<tr>\n<td class=\"pdf-table-spec-name\">Descarga autom\u00e1tica desactivada<\/td>\n<td class=\"pdf-table-spec-value\">&lt; -4\u00b0F \/ -20\u00b0C<\/td>\n<\/tr>\n<tr>\n<td class=\"pdf-table-spec-name\">Desconexi\u00f3n autom\u00e1tica de la carga<\/td>\n<td class=\"pdf-table-spec-value\">&lt; 32\u00b0F \/ 0\u00b0C<\/td>\n<\/tr>\n<tr>\n<td class=\"pdf-table-spec-name\">Recuperaci\u00f3n autom\u00e1tica de la carga<\/td>\n<td class=\"pdf-table-spec-value\">\u2265 41\u00b0F \/ 5\u00b0C<\/td>\n<\/tr>\n<tr class=\"pdf-table-category\">\n<td colspan=\"2\">AUTOCALENTAMIENTO<\/td>\n<\/tr>\n<tr>\n<td class=\"pdf-table-spec-name\">Temperatura de calentamiento<\/td>\n<td class=\"pdf-table-spec-value\">Carga: -20\u00b0C a 5\u00b0C \/ -4\u00b0F a 41\u00b0F<\/td>\n<\/tr>\n<tr>\n<td class=\"pdf-table-spec-name\">Tiempo de calentamiento aprox.<\/td>\n<td class=\"pdf-table-spec-value\">40-70 min (a partir de -10\u00b0C \/ 14\u00b0F); 80-120 min (a partir de -20\u00b0C \/ -4\u00b0F)<\/td>\n<\/tr>\n<tr>\n<td class=\"pdf-table-spec-name\">Corriente de carga m\u00ednima necesaria para la calefacci\u00f3n<\/td>\n<td class=\"pdf-table-spec-value\">10A<\/td>\n<\/tr>\n<tr class=\"pdf-table-category\">\n<td colspan=\"2\">OTROS<\/td>\n<\/tr>\n<tr>\n<td class=\"pdf-table-spec-name\">Terminales<\/td>\n<td class=\"pdf-table-spec-value\">Pernos M8<\/td>\n<\/tr>\n<tr>\n<td class=\"pdf-table-spec-name\">Peso<\/td>\n<td class=\"pdf-table-spec-value\">Aprox. 36.56 lbs<\/td>\n<\/tr>\n<tr>\n<td class=\"pdf-table-spec-name\">Talla<\/td>\n<td class=\"pdf-table-spec-value\">L13 * H6.77 * W8.5 pulgadas (Tama\u00f1o Grupo 31)<\/td>\n<\/tr>\n<tr>\n<td class=\"pdf-table-spec-name\">Material de la carcasa<\/td>\n<td class=\"pdf-table-spec-value\">ABS<\/td>\n<\/tr>\n<tr>\n<td class=\"pdf-table-spec-name\">Clase de protecci\u00f3n<\/td>\n<td class=\"pdf-table-spec-value\"><span class=\"pdf-table-dash\">-<\/span><\/td>\n<\/tr>\n<\/tbody>\n<\/table>","protected":false},"excerpt":{"rendered":"<ul>\n<li>Se adapta a la mayor\u00eda de los motores fueraborda de combustible, NO utilizar como una bater\u00eda de arranque para veh\u00edculos (autom\u00f3viles, motocicletas, tractores, etc.)<\/li>\n<li>Bluetooth 5.0 inteligente: Controla f\u00e1cilmente el estado de la bater\u00eda en el tel\u00e9fono<\/li>\n<li>Nuevo modo de reserva de potencia: Se corta autom\u00e1ticamente a baja potencia, para reservar energ\u00eda suficiente para el arranque<\/li>\n<li>Autocalentamiento: de -4\u00b0F a 41\u00b0F.Carga fiable en zonas con temperaturas bajo cero.<\/li>\n<li>Pilas de arranque LiFePO4 de grado EV: 5000+ tiempos de arranque y 4000+ ciclos profundos@100%DOD<\/li>\n<li>M\u00e1s de 20 protecciones: Recuperaci\u00f3n autom\u00e1tica tras protecci\u00f3n contra sobrecarga (30 s), resistencia a salpicaduras, resistencia a la humedad, etc.<\/li>\n<li>Uso en ciclo profundo: Alimentaci\u00f3n de electr\u00f3nica de pesca de 12 V como bater\u00eda marina de ciclo profundo<\/li>\n<\/ul>","protected":false},"featured_media":1709,"comment_status":"open","ping_status":"closed","template":"","meta":[],"product_brand":[145],"product_cat":[45,83,146],"product_tag":[99,103,100,186,106,102],"class_list":{"0":"post-757","1":"product","2":"type-product","3":"status-publish","4":"has-post-thumbnail","6":"product_brand-gotopower","7":"product_cat-lifepo4-battery","8":"product_cat-lithium-lifepo4-battery","9":"product_cat-12v-lifepo4-battery","10":"product_tag-battery","11":"product_tag-boat","12":"product_tag-lithium","13":"product_tag-marine","14":"product_tag-rv","15":"product_tag-trolling-motor","17":"first","18":"instock","19":"sale","20":"downloadable","21":"shipping-taxable","22":"purchasable","23":"product-type-simple"},"_links":{"self":[{"href":"https:\/\/www.gotopess.com\/es\/wp-json\/wp\/v2\/product\/757","targetHints":{"allow":["GET"]}}],"collection":[{"href":"https:\/\/www.gotopess.com\/es\/wp-json\/wp\/v2\/product"}],"about":[{"href":"https:\/\/www.gotopess.com\/es\/wp-json\/wp\/v2\/types\/product"}],"replies":[{"embeddable":true,"href":"https:\/\/www.gotopess.com\/es\/wp-json\/wp\/v2\/comments?post=757"}],"wp:featuredmedia":[{"embeddable":true,"href":"https:\/\/www.gotopess.com\/es\/wp-json\/wp\/v2\/media\/1709"}],"wp:attachment":[{"href":"https:\/\/www.gotopess.com\/es\/wp-json\/wp\/v2\/media?parent=757"}],"wp:term":[{"taxonomy":"product_brand","embeddable":true,"href":"https:\/\/www.gotopess.com\/es\/wp-json\/wp\/v2\/product_brand?post=757"},{"taxonomy":"product_cat","embeddable":true,"href":"https:\/\/www.gotopess.com\/es\/wp-json\/wp\/v2\/product_cat?post=757"},{"taxonomy":"product_tag","embeddable":true,"href":"https:\/\/www.gotopess.com\/es\/wp-json\/wp\/v2\/product_tag?post=757"}],"curies":[{"name":"wp","href":"https:\/\/api.w.org\/{rel}","templated":true}]}}