{"id":987,"date":"2025-10-10T09:15:00","date_gmt":"2025-10-10T01:15:00","guid":{"rendered":"http:\/\/8.218.239.88\/?post_type=product&#038;p=987"},"modified":"2025-10-18T21:14:05","modified_gmt":"2025-10-18T13:14:05","slug":"gt-series-ip54-waterproof-4000w-11000w-hybrid-inverterparallel","status":"publish","type":"product","link":"https:\/\/www.gotopess.com\/es\/product\/4000w11000w-hybrid-inverter-gt-series-2\/","title":{"rendered":"Inversor h\u00edbrido + paralelo Serie GT +IP54 estanco 4000W-11000W"},"content":{"rendered":"<p><img decoding=\"async\" class=\"aligncenter wp-image-988 size-full\" src=\"https:\/\/www.gotopess.com\/wp-content\/uploads\/2025\/09\/\u5f69\u9875A4-4000W11000W-HYBRID-INVERTER-GT-SERIES_0-scaled.jpg\" alt=\"\" width=\"1886\" height=\"2560\" srcset=\"https:\/\/www.gotopess.com\/wp-content\/uploads\/2025\/09\/\u5f69\u9875A4-4000W11000W-HYBRID-INVERTER-GT-SERIES_0-scaled.jpg 1886w, https:\/\/www.gotopess.com\/wp-content\/uploads\/2025\/09\/\u5f69\u9875A4-4000W11000W-HYBRID-INVERTER-GT-SERIES_0-295x400.jpg 295w, https:\/\/www.gotopess.com\/wp-content\/uploads\/2025\/09\/\u5f69\u9875A4-4000W11000W-HYBRID-INVERTER-GT-SERIES_0-589x800.jpg 589w, https:\/\/www.gotopess.com\/wp-content\/uploads\/2025\/09\/\u5f69\u9875A4-4000W11000W-HYBRID-INVERTER-GT-SERIES_0-768x1042.jpg 768w, https:\/\/www.gotopess.com\/wp-content\/uploads\/2025\/09\/\u5f69\u9875A4-4000W11000W-HYBRID-INVERTER-GT-SERIES_0-1132x1536.jpg 1132w, https:\/\/www.gotopess.com\/wp-content\/uploads\/2025\/09\/\u5f69\u9875A4-4000W11000W-HYBRID-INVERTER-GT-SERIES_0-1509x2048.jpg 1509w, https:\/\/www.gotopess.com\/wp-content\/uploads\/2025\/09\/\u5f69\u9875A4-4000W11000W-HYBRID-INVERTER-GT-SERIES_0-600x814.jpg 600w\" sizes=\"(max-width: 1886px) 100vw, 1886px\" \/><br \/>\n<img decoding=\"async\" class=\"aligncenter wp-image-989 size-full\" src=\"https:\/\/www.gotopess.com\/wp-content\/uploads\/2025\/09\/\u5f69\u9875A4-4000W11000W-HYBRID-INVERTER-GT-SERIES_1-scaled.jpg\" alt=\"\" width=\"1886\" height=\"2560\" srcset=\"https:\/\/www.gotopess.com\/wp-content\/uploads\/2025\/09\/\u5f69\u9875A4-4000W11000W-HYBRID-INVERTER-GT-SERIES_1-scaled.jpg 1886w, https:\/\/www.gotopess.com\/wp-content\/uploads\/2025\/09\/\u5f69\u9875A4-4000W11000W-HYBRID-INVERTER-GT-SERIES_1-295x400.jpg 295w, https:\/\/www.gotopess.com\/wp-content\/uploads\/2025\/09\/\u5f69\u9875A4-4000W11000W-HYBRID-INVERTER-GT-SERIES_1-589x800.jpg 589w, https:\/\/www.gotopess.com\/wp-content\/uploads\/2025\/09\/\u5f69\u9875A4-4000W11000W-HYBRID-INVERTER-GT-SERIES_1-768x1042.jpg 768w, https:\/\/www.gotopess.com\/wp-content\/uploads\/2025\/09\/\u5f69\u9875A4-4000W11000W-HYBRID-INVERTER-GT-SERIES_1-1132x1536.jpg 1132w, https:\/\/www.gotopess.com\/wp-content\/uploads\/2025\/09\/\u5f69\u9875A4-4000W11000W-HYBRID-INVERTER-GT-SERIES_1-1509x2048.jpg 1509w, https:\/\/www.gotopess.com\/wp-content\/uploads\/2025\/09\/\u5f69\u9875A4-4000W11000W-HYBRID-INVERTER-GT-SERIES_1-600x814.jpg 600w\" sizes=\"(max-width: 1886px) 100vw, 1886px\" \/><\/p>","protected":false},"excerpt":{"rendered":"<ul>\n<li>Nivel de protecci\u00f3n IP54, resistente al agua, al polvo, a la niebla salina y a la corrosi\u00f3n<\/li>\n<li>3 a\u00f1os de garant\u00eda, duradero y fiable<\/li>\n<li>Admite la certificaci\u00f3n CE, cumple las normas de la UE<\/li>\n<li>Admite la conexi\u00f3n en paralelo de 11 unidades<\/li>\n<li>Admite la funci\u00f3n wi-Fi para comprobar la generaci\u00f3n de energ\u00eda y el estado de alimentaci\u00f3n de la red<\/li>\n<li>Soporta la funci\u00f3n anti-retorno CT, auto-utilizable, legal y conforme a la normativa<\/li>\n<li>Funcionalidad de doble modo, aislado y conectado a la red, que permite inyectar a la red la energ\u00eda generada por Pv, con el consiguiente ahorro de costes de electricidad.<\/li>\n<li>Muestra 6 par\u00e1metros principales en tiempo real en la pantalla LCD (entrada de energ\u00eda fotovoltaica\/estado de la red\/eficiencia de conversi\u00f3n de potencia de carga\/temperatura\/modo de funcionamiento).<\/li>\n<\/ul>","protected":false},"featured_media":1071,"comment_status":"open","ping_status":"closed","template":"","meta":[],"product_brand":[145],"product_cat":[60,61],"product_tag":[276,177,275,178],"class_list":{"0":"post-987","1":"product","2":"type-product","3":"status-publish","4":"has-post-thumbnail","6":"product_brand-gotopower","7":"product_cat-inverters-battery-energy-storage-system","8":"product_cat-hybrid-inverter-battery-energy-storage-system","9":"product_tag-high-frequency-inverter","10":"product_tag-ip54","11":"product_tag-solar-inverter","12":"product_tag-waterproof","14":"first","15":"instock","16":"downloadable","17":"shipping-taxable","18":"product-type-simple"},"_links":{"self":[{"href":"https:\/\/www.gotopess.com\/es\/wp-json\/wp\/v2\/product\/987","targetHints":{"allow":["GET"]}}],"collection":[{"href":"https:\/\/www.gotopess.com\/es\/wp-json\/wp\/v2\/product"}],"about":[{"href":"https:\/\/www.gotopess.com\/es\/wp-json\/wp\/v2\/types\/product"}],"replies":[{"embeddable":true,"href":"https:\/\/www.gotopess.com\/es\/wp-json\/wp\/v2\/comments?post=987"}],"wp:featuredmedia":[{"embeddable":true,"href":"https:\/\/www.gotopess.com\/es\/wp-json\/wp\/v2\/media\/1071"}],"wp:attachment":[{"href":"https:\/\/www.gotopess.com\/es\/wp-json\/wp\/v2\/media?parent=987"}],"wp:term":[{"taxonomy":"product_brand","embeddable":true,"href":"https:\/\/www.gotopess.com\/es\/wp-json\/wp\/v2\/product_brand?post=987"},{"taxonomy":"product_cat","embeddable":true,"href":"https:\/\/www.gotopess.com\/es\/wp-json\/wp\/v2\/product_cat?post=987"},{"taxonomy":"product_tag","embeddable":true,"href":"https:\/\/www.gotopess.com\/es\/wp-json\/wp\/v2\/product_tag?post=987"}],"curies":[{"name":"wp","href":"https:\/\/api.w.org\/{rel}","templated":true}]}}