{"id":10,"date":"2025-09-10T16:05:06","date_gmt":"2025-09-10T16:05:06","guid":{"rendered":"http:\/\/8.218.239.88\/cart\/"},"modified":"2025-09-16T04:01:32","modified_gmt":"2025-09-16T04:01:32","slug":"cart","status":"publish","type":"page","link":"https:\/\/www.gotopess.com\/fr\/chariot\/","title":{"rendered":"Chariot"},"content":{"rendered":"<div data-block-name=\"woocommerce\/cart\" class=\"wp-block-woocommerce-cart alignwide is-loading\">\n<div data-block-name=\"woocommerce\/filled-cart-block\" class=\"wp-block-woocommerce-filled-cart-block\">\n<div data-block-name=\"woocommerce\/cart-items-block\" class=\"wp-block-woocommerce-cart-items-block\">\n<div data-block-name=\"woocommerce\/cart-line-items-block\" class=\"wp-block-woocommerce-cart-line-items-block\"><\/div>\n\n\n\n<div data-block-name=\"woocommerce\/cart-cross-sells-block\" class=\"wp-block-woocommerce-cart-cross-sells-block\">\n<h2 class=\"wp-block-heading has-large-font-size\">Vous pourriez \u00eatre int\u00e9ress\u00e9 par...<\/h2>\n\n\n\n<div data-block-name=\"woocommerce\/cart-cross-sells-products-block\" class=\"wp-block-woocommerce-cart-cross-sells-products-block\"><\/div>\n<\/div>\n<\/div>\n\n\n\n<div data-block-name=\"woocommerce\/cart-totals-block\" class=\"wp-block-woocommerce-cart-totals-block\">\n<div data-block-name=\"woocommerce\/cart-order-summary-block\" class=\"wp-block-woocommerce-cart-order-summary-block\">\n<div data-block-name=\"woocommerce\/cart-order-summary-heading-block\" class=\"wp-block-woocommerce-cart-order-summary-heading-block\"><\/div><div data-block-name=\"woocommerce\/cart-order-summary-coupon-form-block\" class=\"wp-block-woocommerce-cart-order-summary-coupon-form-block\"><\/div><div data-block-name=\"woocommerce\/cart-order-summary-totals-block\" class=\"wp-block-woocommerce-cart-order-summary-totals-block\">\n<div data-block-name=\"woocommerce\/cart-order-summary-subtotal-block\" class=\"wp-block-woocommerce-cart-order-summary-subtotal-block\"><\/div>\n<div data-block-name=\"woocommerce\/cart-order-summary-discount-block\" class=\"wp-block-woocommerce-cart-order-summary-discount-block\"><\/div>\n<div data-block-name=\"woocommerce\/cart-order-summary-fee-block\" class=\"wp-block-woocommerce-cart-order-summary-fee-block\"><\/div>\n<div data-block-name=\"woocommerce\/cart-order-summary-shipping-block\" class=\"wp-block-woocommerce-cart-order-summary-shipping-block\"><\/div>\n<div data-block-name=\"woocommerce\/cart-order-summary-taxes-block\" class=\"wp-block-woocommerce-cart-order-summary-taxes-block\"><\/div><\/div>\n<\/div>\n\n\n\n<div data-block-name=\"woocommerce\/cart-express-payment-block\" class=\"wp-block-woocommerce-cart-express-payment-block\"><\/div>\n\n\n\n<div data-block-name=\"woocommerce\/proceed-to-checkout-block\" class=\"wp-block-woocommerce-proceed-to-checkout-block\"><\/div>\n\n\n\n<div data-block-name=\"woocommerce\/cart-accepted-payment-methods-block\" class=\"wp-block-woocommerce-cart-accepted-payment-methods-block\"><\/div>\n<\/div>\n<\/div>\n\n\n\n<div data-block-name=\"woocommerce\/empty-cart-block\" class=\"wp-block-woocommerce-empty-cart-block\">\n<h2 class=\"wp-block-heading has-text-align-center with-empty-cart-icon wc-block-cart__empty-cart__title\">Votre panier est actuellement vide !<\/h2>\n\n\n\n<hr class=\"wp-block-separator has-alpha-channel-opacity is-style-dots\"\/>\n\n\n\n<h2 class=\"wp-block-heading has-text-align-center\">Nouveau en magasin<\/h2>\n\n\n<div data-block-name=\"woocommerce\/product-new\" data-columns=\"4\" data-rows=\"1\" class=\"wc-block-grid wp-block-product-new wp-block-woocommerce-product-new wc-block-product-new has-4-columns\"><ul class=\"wc-block-grid__products\"><li class=\"wc-block-grid__product\">\n\t\t\t\t<a href=\"https:\/\/www.gotopess.com\/fr\/produit\/all-in-one-51-2v-280-5kw-15kwh\/\" class=\"wc-block-grid__product-link\">\n\t\t\t\t\t\n\t\t\t\t\t<div class=\"wc-block-grid__product-image\"><img decoding=\"async\" width=\"300\" height=\"300\" src=\"https:\/\/www.gotopess.com\/wp-content\/uploads\/2026\/03\/GX-P66-Solar-inverter_Gotopower-300x300.jpg\" class=\"attachment-woocommerce_thumbnail size-woocommerce_thumbnail\" alt=\"GX IP66 Solar Inverter Warranty Five Years Compatible with Lead-acid and Lithium Batteries\" srcset=\"https:\/\/www.gotopess.com\/wp-content\/uploads\/2026\/03\/GX-P66-Solar-inverter_Gotopower-300x300.jpg 300w, https:\/\/www.gotopess.com\/wp-content\/uploads\/2026\/03\/GX-P66-Solar-inverter_Gotopower-400x400.jpg 400w, https:\/\/www.gotopess.com\/wp-content\/uploads\/2026\/03\/GX-P66-Solar-inverter_Gotopower-280x280.jpg 280w, https:\/\/www.gotopess.com\/wp-content\/uploads\/2026\/03\/GX-P66-Solar-inverter_Gotopower-768x768.jpg 768w, https:\/\/www.gotopess.com\/wp-content\/uploads\/2026\/03\/GX-P66-Solar-inverter_Gotopower-12x12.jpg 12w, https:\/\/www.gotopess.com\/wp-content\/uploads\/2026\/03\/GX-P66-Solar-inverter_Gotopower-600x600.jpg 600w, https:\/\/www.gotopess.com\/wp-content\/uploads\/2026\/03\/GX-P66-Solar-inverter_Gotopower-100x100.jpg 100w, https:\/\/www.gotopess.com\/wp-content\/uploads\/2026\/03\/GX-P66-Solar-inverter_Gotopower.jpg 800w\" sizes=\"(max-width: 300px) 100vw, 300px\" \/><\/div>\n\t\t\t\t\t<div class=\"wc-block-grid__product-title\">GX IP66 Solar Inverter Warranty Five Years Compatible with Lead-acid and Lithium Batteries<\/div>\n\t\t\t\t<\/a>\n\t\t\t\t<div class=\"wc-block-grid__product-price price\"><\/div>\n\t\t\t\t\n\t\t\t\t<div class=\"wp-block-button wc-block-grid__product-add-to-cart\"><a href=\"https:\/\/www.gotopess.com\/fr\/produit\/all-in-one-51-2v-280-5kw-15kwh\/\" aria-label=\"En savoir plus sur \u201cGX IP66 Solar Inverter Warranty Five Years Compatible with Lead-acid and Lithium Batteries\u201d\" data-quantity=\"1\" data-product_id=\"2829\" data-product_sku=\"\" data-price=\"0\" rel=\"nofollow\" class=\"wp-block-button__link  add_to_cart_button\" data-no-translation=\"\" data-trp-gettext=\"\" data-no-translation-aria-label=\"\">Lire la suite<\/a><\/div>\n\t\t\t<\/li><li class=\"wc-block-grid__product\">\n\t\t\t\t<a href=\"https:\/\/www.gotopess.com\/fr\/produit\/51-2v-200ah-gt-rack-lithium-battery-2\/\" class=\"wc-block-grid__product-link\">\n\t\t\t\t\t\n\t\t\t\t\t<div class=\"wc-block-grid__product-image\"><img decoding=\"async\" width=\"300\" height=\"300\" src=\"https:\/\/www.gotopess.com\/wp-content\/uploads\/2026\/01\/DC-RESS-5KWH-40KWH-Lithium-Battery-with-Mounting-Bracket2-300x300.jpg\" class=\"attachment-woocommerce_thumbnail size-woocommerce_thumbnail\" alt=\"DC RESS 5KWH-40KWH Lithium Battery with Mounting Bracket\" srcset=\"https:\/\/www.gotopess.com\/wp-content\/uploads\/2026\/01\/DC-RESS-5KWH-40KWH-Lithium-Battery-with-Mounting-Bracket2-300x300.jpg 300w, https:\/\/www.gotopess.com\/wp-content\/uploads\/2026\/01\/DC-RESS-5KWH-40KWH-Lithium-Battery-with-Mounting-Bracket2-400x400.jpg 400w, https:\/\/www.gotopess.com\/wp-content\/uploads\/2026\/01\/DC-RESS-5KWH-40KWH-Lithium-Battery-with-Mounting-Bracket2-280x280.jpg 280w, https:\/\/www.gotopess.com\/wp-content\/uploads\/2026\/01\/DC-RESS-5KWH-40KWH-Lithium-Battery-with-Mounting-Bracket2-768x768.jpg 768w, https:\/\/www.gotopess.com\/wp-content\/uploads\/2026\/01\/DC-RESS-5KWH-40KWH-Lithium-Battery-with-Mounting-Bracket2-12x12.jpg 12w, https:\/\/www.gotopess.com\/wp-content\/uploads\/2026\/01\/DC-RESS-5KWH-40KWH-Lithium-Battery-with-Mounting-Bracket2-600x600.jpg 600w, https:\/\/www.gotopess.com\/wp-content\/uploads\/2026\/01\/DC-RESS-5KWH-40KWH-Lithium-Battery-with-Mounting-Bracket2-100x100.jpg 100w, https:\/\/www.gotopess.com\/wp-content\/uploads\/2026\/01\/DC-RESS-5KWH-40KWH-Lithium-Battery-with-Mounting-Bracket2.jpg 800w\" sizes=\"(max-width: 300px) 100vw, 300px\" \/><\/div>\n\t\t\t\t\t<div class=\"wc-block-grid__product-title\">DC RESS 5KWH-40KWH Lithium Battery with Mounting Bracket<\/div>\n\t\t\t\t<\/a>\n\t\t\t\t<div class=\"wc-block-grid__product-price price\"><\/div>\n\t\t\t\t\n\t\t\t\t<div class=\"wp-block-button wc-block-grid__product-add-to-cart\"><a href=\"https:\/\/www.gotopess.com\/fr\/produit\/51-2v-200ah-gt-rack-lithium-battery-2\/\" aria-label=\"En savoir plus sur \u201cDC RESS 5KWH-40KWH Lithium Battery with Mounting Bracket\u201d\" data-quantity=\"1\" data-product_id=\"2813\" data-product_sku=\"\" data-price=\"0\" rel=\"nofollow\" class=\"wp-block-button__link  add_to_cart_button\" data-no-translation=\"\" data-trp-gettext=\"\" data-no-translation-aria-label=\"\">Lire la suite<\/a><\/div>\n\t\t\t<\/li><li class=\"wc-block-grid__product\">\n\t\t\t\t<a href=\"https:\/\/www.gotopess.com\/fr\/produit\/51-2v-200ah-gt-rack-lithium-battery-2\/\" class=\"wc-block-grid__product-link\">\n\t\t\t\t\t\n\t\t\t\t\t<div class=\"wc-block-grid__product-image\"><img decoding=\"async\" width=\"300\" height=\"300\" src=\"https:\/\/www.gotopess.com\/wp-content\/uploads\/2026\/01\/DC-RESS-5KWH-40KWH-Lithium-Battery-Gotopower2-1-300x300.jpg\" class=\"attachment-woocommerce_thumbnail size-woocommerce_thumbnail\" alt=\"DC RESS 5KWH-40KWH Lithium Battery\" srcset=\"https:\/\/www.gotopess.com\/wp-content\/uploads\/2026\/01\/DC-RESS-5KWH-40KWH-Lithium-Battery-Gotopower2-1-300x300.jpg 300w, https:\/\/www.gotopess.com\/wp-content\/uploads\/2026\/01\/DC-RESS-5KWH-40KWH-Lithium-Battery-Gotopower2-1-400x400.jpg 400w, https:\/\/www.gotopess.com\/wp-content\/uploads\/2026\/01\/DC-RESS-5KWH-40KWH-Lithium-Battery-Gotopower2-1-280x280.jpg 280w, https:\/\/www.gotopess.com\/wp-content\/uploads\/2026\/01\/DC-RESS-5KWH-40KWH-Lithium-Battery-Gotopower2-1-768x768.jpg 768w, https:\/\/www.gotopess.com\/wp-content\/uploads\/2026\/01\/DC-RESS-5KWH-40KWH-Lithium-Battery-Gotopower2-1-12x12.jpg 12w, https:\/\/www.gotopess.com\/wp-content\/uploads\/2026\/01\/DC-RESS-5KWH-40KWH-Lithium-Battery-Gotopower2-1-600x600.jpg 600w, https:\/\/www.gotopess.com\/wp-content\/uploads\/2026\/01\/DC-RESS-5KWH-40KWH-Lithium-Battery-Gotopower2-1-100x100.jpg 100w, https:\/\/www.gotopess.com\/wp-content\/uploads\/2026\/01\/DC-RESS-5KWH-40KWH-Lithium-Battery-Gotopower2-1.jpg 800w\" sizes=\"(max-width: 300px) 100vw, 300px\" \/><\/div>\n\t\t\t\t\t<div class=\"wc-block-grid__product-title\">DC RESS 5KWH-40KWH Lithium Battery<\/div>\n\t\t\t\t<\/a>\n\t\t\t\t<div class=\"wc-block-grid__product-price price\"><\/div>\n\t\t\t\t\n\t\t\t\t<div class=\"wp-block-button wc-block-grid__product-add-to-cart\"><a href=\"https:\/\/www.gotopess.com\/fr\/produit\/51-2v-200ah-gt-rack-lithium-battery-2\/\" aria-label=\"En savoir plus sur \u201cDC RESS 5KWH-40KWH Lithium Battery\u201d\" data-quantity=\"1\" data-product_id=\"2793\" data-product_sku=\"\" data-price=\"0\" rel=\"nofollow\" class=\"wp-block-button__link  add_to_cart_button\" data-no-translation=\"\" data-trp-gettext=\"\" data-no-translation-aria-label=\"\">Lire la suite<\/a><\/div>\n\t\t\t<\/li><li class=\"wc-block-grid__product\">\n\t\t\t\t<a href=\"https:\/\/www.gotopess.com\/fr\/produit\/station-dalimentation-portable-x600-copie-2\/\" class=\"wc-block-grid__product-link\">\n\t\t\t\t\t\n\t\t\t\t\t<div class=\"wc-block-grid__product-image\"><img decoding=\"async\" width=\"300\" height=\"300\" src=\"https:\/\/www.gotopess.com\/wp-content\/uploads\/2025\/11\/K2400-Portable-Power-Station-Gotopower1-300x300.webp\" class=\"attachment-woocommerce_thumbnail size-woocommerce_thumbnail\" alt=\"Portable Power Station K2400 for EV Charging\" srcset=\"https:\/\/www.gotopess.com\/wp-content\/uploads\/2025\/11\/K2400-Portable-Power-Station-Gotopower1-300x300.webp 300w, https:\/\/www.gotopess.com\/wp-content\/uploads\/2025\/11\/K2400-Portable-Power-Station-Gotopower1-400x400.webp 400w, https:\/\/www.gotopess.com\/wp-content\/uploads\/2025\/11\/K2400-Portable-Power-Station-Gotopower1-280x280.webp 280w, https:\/\/www.gotopess.com\/wp-content\/uploads\/2025\/11\/K2400-Portable-Power-Station-Gotopower1-768x768.webp 768w, https:\/\/www.gotopess.com\/wp-content\/uploads\/2025\/11\/K2400-Portable-Power-Station-Gotopower1-12x12.webp 12w, https:\/\/www.gotopess.com\/wp-content\/uploads\/2025\/11\/K2400-Portable-Power-Station-Gotopower1-600x600.webp 600w, https:\/\/www.gotopess.com\/wp-content\/uploads\/2025\/11\/K2400-Portable-Power-Station-Gotopower1-100x100.webp 100w, https:\/\/www.gotopess.com\/wp-content\/uploads\/2025\/11\/K2400-Portable-Power-Station-Gotopower1.webp 800w\" sizes=\"(max-width: 300px) 100vw, 300px\" \/><\/div>\n\t\t\t\t\t<div class=\"wc-block-grid__product-title\">Portable Power Station K2400 for EV Charging<\/div>\n\t\t\t\t<\/a>\n\t\t\t\t<div class=\"wc-block-grid__product-price price\"><\/div>\n\t\t\t\t\n\t\t\t\t<div class=\"wp-block-button wc-block-grid__product-add-to-cart\"><a href=\"https:\/\/www.gotopess.com\/fr\/produit\/station-dalimentation-portable-x600-copie-2\/\" aria-label=\"En savoir plus sur \u201cPortable Power Station K2400 for EV Charging\u201d\" data-quantity=\"1\" data-product_id=\"2705\" data-product_sku=\"\" data-price=\"0\" rel=\"nofollow\" class=\"wp-block-button__link  add_to_cart_button\" data-no-translation=\"\" data-trp-gettext=\"\" data-no-translation-aria-label=\"\">Lire la suite<\/a><\/div>\n\t\t\t<\/li><\/ul><\/div><\/div>\n<\/div>","protected":false},"excerpt":{"rendered":"","protected":false},"author":2,"featured_media":0,"parent":0,"menu_order":0,"comment_status":"closed","ping_status":"closed","template":"","meta":{"footnotes":""},"class_list":["post-10","page","type-page","status-publish","hentry"],"_links":{"self":[{"href":"https:\/\/www.gotopess.com\/fr\/wp-json\/wp\/v2\/pages\/10","targetHints":{"allow":["GET"]}}],"collection":[{"href":"https:\/\/www.gotopess.com\/fr\/wp-json\/wp\/v2\/pages"}],"about":[{"href":"https:\/\/www.gotopess.com\/fr\/wp-json\/wp\/v2\/types\/page"}],"author":[{"embeddable":true,"href":"https:\/\/www.gotopess.com\/fr\/wp-json\/wp\/v2\/users\/2"}],"replies":[{"embeddable":true,"href":"https:\/\/www.gotopess.com\/fr\/wp-json\/wp\/v2\/comments?post=10"}],"version-history":[{"count":1,"href":"https:\/\/www.gotopess.com\/fr\/wp-json\/wp\/v2\/pages\/10\/revisions"}],"predecessor-version":[{"id":412,"href":"https:\/\/www.gotopess.com\/fr\/wp-json\/wp\/v2\/pages\/10\/revisions\/412"}],"wp:attachment":[{"href":"https:\/\/www.gotopess.com\/fr\/wp-json\/wp\/v2\/media?parent=10"}],"curies":[{"name":"wp","href":"https:\/\/api.w.org\/{rel}","templated":true}]}}