{"id":87,"date":"2025-09-11T20:13:42","date_gmt":"2025-09-11T20:13:42","guid":{"rendered":"http:\/\/localhost:8888\/test\/?page_id=545"},"modified":"2025-09-29T19:55:23","modified_gmt":"2025-09-29T19:55:23","slug":"faq","status":"publish","type":"page","link":"https:\/\/www.gotopess.com\/fr\/about\/faq\/","title":{"rendered":"FAQ"},"content":{"rendered":"<section class=\"section\" id=\"section_149776921\">\n\t\t<div class=\"bg section-bg fill bg-fill bg-loaded bg-loaded\" >\n\n\t\t\t\n\t\t\t\n\t\t\t\n\n\t\t<\/div>\n\n\t\t\n\n\t\t<div class=\"section-content relative\">\n\t\t\t\n\n<div class=\"container section-title-container\" style=\"max-width:100%;\"><h3 class=\"section-title section-title-normal\"><b><\/b><span class=\"section-title-main\" >FAQ<\/span><b><\/b><\/h3><\/div>\n\n<div class=\"row row-full-width\"  id=\"row-1458020981\">\n\n\n\t<div id=\"col-454269377\" class=\"col small-12 large-12\"  >\n\t\t\t\t<div class=\"col-inner\"  >\n\t\t\t\n\t\t\t\n\n<p><span style=\"font-size: 20.16px; color: #333333;\">Quelles capacit\u00e9s de batterie proposez-vous pour les particuliers et les entreprises ?<\/span><\/p>\n<section class=\"custom-faq-container\">\n<div class=\"custom-faq-card\">\n<p>Nous proposons une large gamme allant de 5kWh pour une utilisation domestique \u00e0 des solutions multi-MWh pour des projets commerciaux et industriels.<\/p>\n<\/div>\n<div class=\"custom-faq-card\">\n<h3>Votre ESS peut-il \u00eatre personnalis\u00e9 pour diff\u00e9rentes applications industrielles ?<\/h3>\n<p>Oui, nos syst\u00e8mes sont modulaires et peuvent \u00eatre adapt\u00e9s pour r\u00e9pondre \u00e0 des besoins sp\u00e9cifiques en mati\u00e8re d'alimentation et de stockage.<\/p>\n<\/div>\n<div class=\"custom-faq-card\">\n<h3>Quelle est la dur\u00e9e de la garantie de vos batteries et syst\u00e8mes ?<\/h3>\n<p>G\u00e9n\u00e9ralement 5 \u00e0 10 ans, en fonction du mod\u00e8le de produit et de l'application.<\/p>\n<\/div>\n<div class=\"custom-faq-card\">\n<h3>Fournissez-vous des services d'installation et d'assistance apr\u00e8s-vente ?<\/h3>\n<p>Oui, nous offrons des conseils d'installation professionnels, une formation technique et un service apr\u00e8s-vente global.<\/p>\n<\/div>\n<div class=\"custom-faq-card\">\n<h3>Quelles sont les certifications de s\u00e9curit\u00e9 et de conformit\u00e9 de vos produits ?<\/h3>\n<p>Nos produits sont certifi\u00e9s conformes aux normes internationales telles que CE, UL, UN38.3 et IEC.<\/p>\n<\/div>\n<div class=\"custom-faq-card\">\n<h3>Dans quel d\u00e9lai puis-je recevoir ma commande ?<\/h3>\n<p>Les produits standard sont exp\u00e9di\u00e9s dans un d\u00e9lai de 2 \u00e0 4 semaines, des options acc\u00e9l\u00e9r\u00e9es \u00e9tant disponibles pour les projets urgents.<\/p>\n<\/div>\n<div class=\"custom-faq-card\">\n<h3>Vos batteries sont-elles compatibles avec l'int\u00e9gration de l'\u00e9nergie solaire et des \u00e9nergies renouvelables ?<\/h3>\n<p>Oui, notre syst\u00e8me ESS s'int\u00e8gre parfaitement aux syst\u00e8mes d'\u00e9nergie solaire, \u00e9olienne et hybride.<\/p>\n<\/div>\n<div class=\"custom-faq-card\">\n<h3>Quelle est la dur\u00e9e de vie pr\u00e9vue de vos batteries ?<\/h3>\n<p>Plus de 6 000 cycles, soit plus de 10 ans de performances fiables.<\/p>\n<\/div>\n<div class=\"custom-faq-card\">\n<h3>Vos syst\u00e8mes peuvent-ils \u00eatre \u00e9tendus ult\u00e9rieurement en fonction de l'\u00e9volution de la demande ?<\/h3>\n<p>Oui, notre conception modulaire permet une extension facile de la capacit\u00e9.<\/p>\n<\/div>\n<div class=\"custom-faq-card\">\n<h3>Proposez-vous des services OEM\/ODM \u00e0 vos partenaires ?<\/h3>\n<p>Oui, nous proposons des services OEM\/ODM pour r\u00e9pondre aux besoins sp\u00e9cifiques des entreprises.<\/p>\n<\/div>\n<\/section>\n<p>\u00a0<\/p>\n\n\t\t<\/div>\n\t\t\t\t\t<\/div>\n\n\t\n\n<\/div>\n\n\t\t<\/div>\n\n\t\t\n<style>\n#section_149776921 {\n  padding-top: 30px;\n  padding-bottom: 30px;\n}\n<\/style>\n\t<\/section>","protected":false},"excerpt":{"rendered":"","protected":false},"author":2,"featured_media":0,"parent":92,"menu_order":0,"comment_status":"closed","ping_status":"closed","template":"","meta":{"footnotes":""},"class_list":["post-87","page","type-page","status-publish","hentry"],"_links":{"self":[{"href":"https:\/\/www.gotopess.com\/fr\/wp-json\/wp\/v2\/pages\/87","targetHints":{"allow":["GET"]}}],"collection":[{"href":"https:\/\/www.gotopess.com\/fr\/wp-json\/wp\/v2\/pages"}],"about":[{"href":"https:\/\/www.gotopess.com\/fr\/wp-json\/wp\/v2\/types\/page"}],"author":[{"embeddable":true,"href":"https:\/\/www.gotopess.com\/fr\/wp-json\/wp\/v2\/users\/2"}],"replies":[{"embeddable":true,"href":"https:\/\/www.gotopess.com\/fr\/wp-json\/wp\/v2\/comments?post=87"}],"version-history":[{"count":5,"href":"https:\/\/www.gotopess.com\/fr\/wp-json\/wp\/v2\/pages\/87\/revisions"}],"predecessor-version":[{"id":1547,"href":"https:\/\/www.gotopess.com\/fr\/wp-json\/wp\/v2\/pages\/87\/revisions\/1547"}],"up":[{"embeddable":true,"href":"https:\/\/www.gotopess.com\/fr\/wp-json\/wp\/v2\/pages\/92"}],"wp:attachment":[{"href":"https:\/\/www.gotopess.com\/fr\/wp-json\/wp\/v2\/media?parent=87"}],"curies":[{"name":"wp","href":"https:\/\/api.w.org\/{rel}","templated":true}]}}