{"id":1033,"date":"2025-10-10T09:16:46","date_gmt":"2025-10-10T01:16:46","guid":{"rendered":"http:\/\/8.218.239.88\/?post_type=product&#038;p=1033"},"modified":"2025-10-18T20:44:26","modified_gmt":"2025-10-18T12:44:26","slug":"ge-series-high-frequency-1600w-11000w-solar-inverter","status":"publish","type":"product","link":"https:\/\/www.gotopess.com\/fr\/produit\/ge-series-high-frequency-1600w-11000w-solar-inverter\/","title":{"rendered":"S\u00e9rie GE Onduleur solaire haute fr\u00e9quence 1600W-11000W"},"content":{"rendered":"<p><img decoding=\"async\" class=\"aligncenter wp-image-1064 size-full\" src=\"https:\/\/www.gotopess.com\/wp-content\/uploads\/2025\/09\/Page-3.jpeg\" alt=\"\" width=\"1757\" height=\"2419\" srcset=\"https:\/\/www.gotopess.com\/wp-content\/uploads\/2025\/09\/Page-3.jpeg 1757w, https:\/\/www.gotopess.com\/wp-content\/uploads\/2025\/09\/Page-3-291x400.jpeg 291w, https:\/\/www.gotopess.com\/wp-content\/uploads\/2025\/09\/Page-3-581x800.jpeg 581w, https:\/\/www.gotopess.com\/wp-content\/uploads\/2025\/09\/Page-3-768x1057.jpeg 768w, https:\/\/www.gotopess.com\/wp-content\/uploads\/2025\/09\/Page-3-1116x1536.jpeg 1116w, https:\/\/www.gotopess.com\/wp-content\/uploads\/2025\/09\/Page-3-1488x2048.jpeg 1488w, https:\/\/www.gotopess.com\/wp-content\/uploads\/2025\/09\/Page-3-600x826.jpeg 600w\" sizes=\"(max-width: 1757px) 100vw, 1757px\" \/><img decoding=\"async\" class=\"aligncenter wp-image-1065 size-full\" src=\"https:\/\/www.gotopess.com\/wp-content\/uploads\/2025\/09\/GE-Serials6.jpg\" alt=\"\" width=\"1757\" height=\"2484\" srcset=\"https:\/\/www.gotopess.com\/wp-content\/uploads\/2025\/09\/GE-Serials6.jpg 1757w, https:\/\/www.gotopess.com\/wp-content\/uploads\/2025\/09\/GE-Serials6-283x400.jpg 283w, https:\/\/www.gotopess.com\/wp-content\/uploads\/2025\/09\/GE-Serials6-566x800.jpg 566w, https:\/\/www.gotopess.com\/wp-content\/uploads\/2025\/09\/GE-Serials6-768x1086.jpg 768w, https:\/\/www.gotopess.com\/wp-content\/uploads\/2025\/09\/GE-Serials6-1086x1536.jpg 1086w, https:\/\/www.gotopess.com\/wp-content\/uploads\/2025\/09\/GE-Serials6-1449x2048.jpg 1449w, https:\/\/www.gotopess.com\/wp-content\/uploads\/2025\/09\/GE-Serials6-600x848.jpg 600w\" sizes=\"(max-width: 1757px) 100vw, 1757px\" \/><\/p>","protected":false},"excerpt":{"rendered":"<ul>\n<li>Faible perte \u00e0 vide, inf\u00e9rieure \u00e0 celle des machines \u00e0 haute fr\u00e9quence de m\u00eame puissance<\/li>\n<li>Sortie sinuso\u00efdale pure, adapt\u00e9e \u00e0 diff\u00e9rentes charges<\/li>\n<li>Plusieurs param\u00e8tres peuvent \u00eatre ajust\u00e9s en fonction des besoins de l'utilisateur.<\/li>\n<li>Corps mince, installation et transport pratiques<\/li>\n<li>Protection contre l'inversion de la connexion de la batterie \u00e0 l'aide d'un interrupteur \u00e0 fusible, installation plus s\u00fbre<\/li>\n<li>R\u00e9gulateur solaire optionnel avec MPPT<\/li>\n<li>Haute pr\u00e9cision de la tension de sortie, prenez soin de vos appareils \u00e9lectrom\u00e9nagers<\/li>\n<li>Fonction WiFi \/ BMS externe pour batterie au lithium<\/li>\n<\/ul>","protected":false},"featured_media":1061,"comment_status":"open","ping_status":"closed","template":"","meta":[],"product_brand":[145],"product_cat":[60,61],"product_tag":[276,176,275],"class_list":{"0":"post-1033","1":"product","2":"type-product","3":"status-publish","4":"has-post-thumbnail","6":"product_brand-gotopower","7":"product_cat-inverters-battery-energy-storage-system","8":"product_cat-hybrid-inverter-battery-energy-storage-system","9":"product_tag-high-frequency-inverter","10":"product_tag-inverter","11":"product_tag-solar-inverter","13":"first","14":"instock","15":"shipping-taxable","16":"product-type-simple"},"_links":{"self":[{"href":"https:\/\/www.gotopess.com\/fr\/wp-json\/wp\/v2\/product\/1033","targetHints":{"allow":["GET"]}}],"collection":[{"href":"https:\/\/www.gotopess.com\/fr\/wp-json\/wp\/v2\/product"}],"about":[{"href":"https:\/\/www.gotopess.com\/fr\/wp-json\/wp\/v2\/types\/product"}],"replies":[{"embeddable":true,"href":"https:\/\/www.gotopess.com\/fr\/wp-json\/wp\/v2\/comments?post=1033"}],"wp:featuredmedia":[{"embeddable":true,"href":"https:\/\/www.gotopess.com\/fr\/wp-json\/wp\/v2\/media\/1061"}],"wp:attachment":[{"href":"https:\/\/www.gotopess.com\/fr\/wp-json\/wp\/v2\/media?parent=1033"}],"wp:term":[{"taxonomy":"product_brand","embeddable":true,"href":"https:\/\/www.gotopess.com\/fr\/wp-json\/wp\/v2\/product_brand?post=1033"},{"taxonomy":"product_cat","embeddable":true,"href":"https:\/\/www.gotopess.com\/fr\/wp-json\/wp\/v2\/product_cat?post=1033"},{"taxonomy":"product_tag","embeddable":true,"href":"https:\/\/www.gotopess.com\/fr\/wp-json\/wp\/v2\/product_tag?post=1033"}],"curies":[{"name":"wp","href":"https:\/\/api.w.org\/{rel}","templated":true}]}}