{"id":1038,"date":"2025-10-10T09:13:24","date_gmt":"2025-10-10T01:13:24","guid":{"rendered":"http:\/\/8.218.239.88\/?post_type=product&#038;p=1038"},"modified":"2025-10-18T21:13:04","modified_gmt":"2025-10-18T13:13:04","slug":"gd-pro-series-4000w11000w-not-parallel-hybrid-inverter","status":"publish","type":"product","link":"https:\/\/www.gotopess.com\/fr\/produit\/4000w11000w-solar-inverter-gd-pro-series-2\/","title":{"rendered":"Onduleur hybride GD Pro Series 4000W~11000W"},"content":{"rendered":"<p data-wp-editing=\"1\"><img decoding=\"async\" class=\"aligncenter wp-image-1068 size-full\" src=\"https:\/\/www.gotopess.com\/wp-content\/uploads\/2025\/09\/SOLAR-INVERTER-GD-PrO-SERIES6-scaled.jpg\" alt=\"\" width=\"1810\" height=\"2560\" srcset=\"https:\/\/www.gotopess.com\/wp-content\/uploads\/2025\/09\/SOLAR-INVERTER-GD-PrO-SERIES6-scaled.jpg 1810w, https:\/\/www.gotopess.com\/wp-content\/uploads\/2025\/09\/SOLAR-INVERTER-GD-PrO-SERIES6-283x400.jpg 283w, https:\/\/www.gotopess.com\/wp-content\/uploads\/2025\/09\/SOLAR-INVERTER-GD-PrO-SERIES6-566x800.jpg 566w, https:\/\/www.gotopess.com\/wp-content\/uploads\/2025\/09\/SOLAR-INVERTER-GD-PrO-SERIES6-768x1086.jpg 768w, https:\/\/www.gotopess.com\/wp-content\/uploads\/2025\/09\/SOLAR-INVERTER-GD-PrO-SERIES6-1086x1536.jpg 1086w, https:\/\/www.gotopess.com\/wp-content\/uploads\/2025\/09\/SOLAR-INVERTER-GD-PrO-SERIES6-1448x2048.jpg 1448w, https:\/\/www.gotopess.com\/wp-content\/uploads\/2025\/09\/SOLAR-INVERTER-GD-PrO-SERIES6-600x848.jpg 600w\" sizes=\"(max-width: 1810px) 100vw, 1810px\" \/> <img decoding=\"async\" class=\"aligncenter wp-image-1069 size-full\" src=\"https:\/\/www.gotopess.com\/wp-content\/uploads\/2025\/09\/SOLAR-INVERTER-GD-PrO-SERIES7-scaled.jpg\" alt=\"\" width=\"1810\" height=\"2560\" srcset=\"https:\/\/www.gotopess.com\/wp-content\/uploads\/2025\/09\/SOLAR-INVERTER-GD-PrO-SERIES7-scaled.jpg 1810w, https:\/\/www.gotopess.com\/wp-content\/uploads\/2025\/09\/SOLAR-INVERTER-GD-PrO-SERIES7-283x400.jpg 283w, https:\/\/www.gotopess.com\/wp-content\/uploads\/2025\/09\/SOLAR-INVERTER-GD-PrO-SERIES7-566x800.jpg 566w, https:\/\/www.gotopess.com\/wp-content\/uploads\/2025\/09\/SOLAR-INVERTER-GD-PrO-SERIES7-768x1086.jpg 768w, https:\/\/www.gotopess.com\/wp-content\/uploads\/2025\/09\/SOLAR-INVERTER-GD-PrO-SERIES7-1086x1536.jpg 1086w, https:\/\/www.gotopess.com\/wp-content\/uploads\/2025\/09\/SOLAR-INVERTER-GD-PrO-SERIES7-1448x2048.jpg 1448w, https:\/\/www.gotopess.com\/wp-content\/uploads\/2025\/09\/SOLAR-INVERTER-GD-PrO-SERIES7-600x848.jpg 600w\" sizes=\"(max-width: 1810px) 100vw, 1810px\" \/><\/p>","protected":false},"excerpt":{"rendered":"<ul>\n<li>Fonction de red\u00e9marrage automatique de la batterie au lithium, plus pratique pour le chargement de la batterie au lithium<\/li>\n<li>Mode d'alimentation intelligent, distribution intelligente des parts d'\u00e9nergie panneau solaire\/maintenance\/batterie<\/li>\n<li>Tension de charge utilitaire\/tension de charge photovolta\u00efque r\u00e9glable, adapt\u00e9e aux diff\u00e9rentes exigences de charge de la batterie<\/li>\n<li>Corps mince, pratique pour l'entreposage et le transport<\/li>\n<li>Protection contre l'inversion de la connexion de la batterie avec interrupteur \u00e0 fusible, installation plus s\u00fbre<\/li>\n<li>PF1.0, haute efficacit\u00e9, faible consommation, \u00e9conomie d'\u00e9nergie\/protection de l'environnement<\/li>\n<li>\u00c9conomies d'\u00e9lectricit\u00e9\/\u00e9conomies de co\u00fbts<\/li>\n<li>Permet de travailler sans batterie : R\u00e9duire le co\u00fbt du syst\u00e8me solaire<\/li>\n<li>Fonctionnement en parall\u00e8le jusqu'\u00e0 un maximum de 9 unit\u00e9s : Augmenter le nombre de charges<\/li>\n<li>Haute pr\u00e9cision de la tension de sortie, \u00b15%, pour prendre soin de vos appareils \u00e9lectrom\u00e9nagers<\/li>\n<li>Option de communication : WiFi externe, supervision \u00e0 tout moment<\/li>\n<li>Fonction BMS pour batterie au lithium<\/li>\n<\/ul>","protected":false},"featured_media":1840,"comment_status":"open","ping_status":"closed","template":"","meta":[],"product_brand":[145],"product_cat":[60,61],"product_tag":[276,275],"class_list":{"0":"post-1038","1":"product","2":"type-product","3":"status-publish","4":"has-post-thumbnail","6":"product_brand-gotopower","7":"product_cat-inverters-battery-energy-storage-system","8":"product_cat-hybrid-inverter-battery-energy-storage-system","9":"product_tag-high-frequency-inverter","10":"product_tag-solar-inverter","12":"first","13":"instock","14":"shipping-taxable","15":"product-type-simple"},"_links":{"self":[{"href":"https:\/\/www.gotopess.com\/fr\/wp-json\/wp\/v2\/product\/1038","targetHints":{"allow":["GET"]}}],"collection":[{"href":"https:\/\/www.gotopess.com\/fr\/wp-json\/wp\/v2\/product"}],"about":[{"href":"https:\/\/www.gotopess.com\/fr\/wp-json\/wp\/v2\/types\/product"}],"replies":[{"embeddable":true,"href":"https:\/\/www.gotopess.com\/fr\/wp-json\/wp\/v2\/comments?post=1038"}],"wp:featuredmedia":[{"embeddable":true,"href":"https:\/\/www.gotopess.com\/fr\/wp-json\/wp\/v2\/media\/1840"}],"wp:attachment":[{"href":"https:\/\/www.gotopess.com\/fr\/wp-json\/wp\/v2\/media?parent=1038"}],"wp:term":[{"taxonomy":"product_brand","embeddable":true,"href":"https:\/\/www.gotopess.com\/fr\/wp-json\/wp\/v2\/product_brand?post=1038"},{"taxonomy":"product_cat","embeddable":true,"href":"https:\/\/www.gotopess.com\/fr\/wp-json\/wp\/v2\/product_cat?post=1038"},{"taxonomy":"product_tag","embeddable":true,"href":"https:\/\/www.gotopess.com\/fr\/wp-json\/wp\/v2\/product_tag?post=1038"}],"curies":[{"name":"wp","href":"https:\/\/api.w.org\/{rel}","templated":true}]}}