{"id":1048,"date":"2025-10-10T09:11:40","date_gmt":"2025-10-10T01:11:40","guid":{"rendered":"http:\/\/8.218.239.88\/?post_type=product&#038;p=1048"},"modified":"2025-10-18T21:13:35","modified_gmt":"2025-10-18T13:13:35","slug":"gs-pro-series-1500w-10000w-not-parallel-solar-inverter","status":"publish","type":"product","link":"https:\/\/www.gotopess.com\/fr\/produit\/gs-pro-series-1500w-10000w-not-parallel-solar-inverter\/","title":{"rendered":"GS Pro Series 1500W ~10000W Onduleur solaire hybride"},"content":{"rendered":"<p><img decoding=\"async\" class=\"alignnone wp-image-1050 size-full\" src=\"https:\/\/www.gotopess.com\/wp-content\/uploads\/2025\/09\/GS-Pro-1500W10000W-SOLAR-INVERTER-GS-Pro-SERIES5-scaled.jpg\" alt=\"\" width=\"1810\" height=\"2560\" srcset=\"https:\/\/www.gotopess.com\/wp-content\/uploads\/2025\/09\/GS-Pro-1500W10000W-SOLAR-INVERTER-GS-Pro-SERIES5-scaled.jpg 1810w, https:\/\/www.gotopess.com\/wp-content\/uploads\/2025\/09\/GS-Pro-1500W10000W-SOLAR-INVERTER-GS-Pro-SERIES5-283x400.jpg 283w, https:\/\/www.gotopess.com\/wp-content\/uploads\/2025\/09\/GS-Pro-1500W10000W-SOLAR-INVERTER-GS-Pro-SERIES5-566x800.jpg 566w, https:\/\/www.gotopess.com\/wp-content\/uploads\/2025\/09\/GS-Pro-1500W10000W-SOLAR-INVERTER-GS-Pro-SERIES5-768x1086.jpg 768w, https:\/\/www.gotopess.com\/wp-content\/uploads\/2025\/09\/GS-Pro-1500W10000W-SOLAR-INVERTER-GS-Pro-SERIES5-1086x1536.jpg 1086w, https:\/\/www.gotopess.com\/wp-content\/uploads\/2025\/09\/GS-Pro-1500W10000W-SOLAR-INVERTER-GS-Pro-SERIES5-1448x2048.jpg 1448w, https:\/\/www.gotopess.com\/wp-content\/uploads\/2025\/09\/GS-Pro-1500W10000W-SOLAR-INVERTER-GS-Pro-SERIES5-600x848.jpg 600w\" sizes=\"(max-width: 1810px) 100vw, 1810px\" \/><\/p>\n<p><img decoding=\"async\" class=\"alignnone wp-image-1049 size-full\" src=\"https:\/\/www.gotopess.com\/wp-content\/uploads\/2025\/09\/GS-Pro-1500W10000W-SOLAR-INVERTER-GS-Pro-SERIES1-scaled.jpg\" alt=\"\" width=\"1810\" height=\"2560\" srcset=\"https:\/\/www.gotopess.com\/wp-content\/uploads\/2025\/09\/GS-Pro-1500W10000W-SOLAR-INVERTER-GS-Pro-SERIES1-scaled.jpg 1810w, https:\/\/www.gotopess.com\/wp-content\/uploads\/2025\/09\/GS-Pro-1500W10000W-SOLAR-INVERTER-GS-Pro-SERIES1-283x400.jpg 283w, https:\/\/www.gotopess.com\/wp-content\/uploads\/2025\/09\/GS-Pro-1500W10000W-SOLAR-INVERTER-GS-Pro-SERIES1-566x800.jpg 566w, https:\/\/www.gotopess.com\/wp-content\/uploads\/2025\/09\/GS-Pro-1500W10000W-SOLAR-INVERTER-GS-Pro-SERIES1-768x1086.jpg 768w, https:\/\/www.gotopess.com\/wp-content\/uploads\/2025\/09\/GS-Pro-1500W10000W-SOLAR-INVERTER-GS-Pro-SERIES1-1086x1536.jpg 1086w, https:\/\/www.gotopess.com\/wp-content\/uploads\/2025\/09\/GS-Pro-1500W10000W-SOLAR-INVERTER-GS-Pro-SERIES1-1448x2048.jpg 1448w, https:\/\/www.gotopess.com\/wp-content\/uploads\/2025\/09\/GS-Pro-1500W10000W-SOLAR-INVERTER-GS-Pro-SERIES1-600x848.jpg 600w\" sizes=\"(max-width: 1810px) 100vw, 1810px\" \/><\/p>","protected":false},"excerpt":{"rendered":"<ul>\n<li>Sortie sinuso\u00efdale pure<\/li>\n<li>Peut prendre en charge WIFI\/GPRS<\/li>\n<li>Efficacit\u00e9 MPPT max 98%<\/li>\n<li>Fonction BMS pour batterie au lithium<\/li>\n<li>D\u00e9marrage en courant continu et fonction d'autodiagnostic automatique<\/li>\n<li>Envoi automatique d'un signal de d\u00e9marrage du g\u00e9n\u00e9rateur<\/li>\n<li>Conception \u00e0 haut rendement pour optimiser les performances de la batterie<\/li>\n<li>Courant de charge s\u00e9lectionnable en fonction des applications<\/li>\n<li>Tension de d\u00e9marrage AC Tension de red\u00e9marrage automatique<\/li>\n<li>Batterie plomb-acide\/batterie lithium<\/li>\n<\/ul>","protected":false},"featured_media":1051,"comment_status":"open","ping_status":"closed","template":"","meta":[],"product_brand":[145],"product_cat":[60,61],"product_tag":[274,275],"class_list":{"0":"post-1048","1":"product","2":"type-product","3":"status-publish","4":"has-post-thumbnail","6":"product_brand-gotopower","7":"product_cat-inverters-battery-energy-storage-system","8":"product_cat-hybrid-inverter-battery-energy-storage-system","9":"product_tag-frequency-inverter","10":"product_tag-solar-inverter","12":"first","13":"instock","14":"shipping-taxable","15":"product-type-simple"},"_links":{"self":[{"href":"https:\/\/www.gotopess.com\/fr\/wp-json\/wp\/v2\/product\/1048","targetHints":{"allow":["GET"]}}],"collection":[{"href":"https:\/\/www.gotopess.com\/fr\/wp-json\/wp\/v2\/product"}],"about":[{"href":"https:\/\/www.gotopess.com\/fr\/wp-json\/wp\/v2\/types\/product"}],"replies":[{"embeddable":true,"href":"https:\/\/www.gotopess.com\/fr\/wp-json\/wp\/v2\/comments?post=1048"}],"wp:featuredmedia":[{"embeddable":true,"href":"https:\/\/www.gotopess.com\/fr\/wp-json\/wp\/v2\/media\/1051"}],"wp:attachment":[{"href":"https:\/\/www.gotopess.com\/fr\/wp-json\/wp\/v2\/media?parent=1048"}],"wp:term":[{"taxonomy":"product_brand","embeddable":true,"href":"https:\/\/www.gotopess.com\/fr\/wp-json\/wp\/v2\/product_brand?post=1048"},{"taxonomy":"product_cat","embeddable":true,"href":"https:\/\/www.gotopess.com\/fr\/wp-json\/wp\/v2\/product_cat?post=1048"},{"taxonomy":"product_tag","embeddable":true,"href":"https:\/\/www.gotopess.com\/fr\/wp-json\/wp\/v2\/product_tag?post=1048"}],"curies":[{"name":"wp","href":"https:\/\/api.w.org\/{rel}","templated":true}]}}