{"id":1081,"date":"2025-09-22T14:51:01","date_gmt":"2025-09-22T14:51:01","guid":{"rendered":"http:\/\/8.218.239.88\/?post_type=product&#038;p=1081"},"modified":"2025-10-18T20:27:33","modified_gmt":"2025-10-18T12:27:33","slug":"gp-series-1000w2000w-portable-solar-inverter","status":"publish","type":"product","link":"https:\/\/www.gotopess.com\/fr\/produit\/gp-series-1000w2000w-portable-solar-inverter\/","title":{"rendered":"S\u00e9rie GP 1000W~2000W Onduleur solaire portable"},"content":{"rendered":"<p><img decoding=\"async\" class=\"aligncenter size-full wp-image-1084\" src=\"https:\/\/www.gotopess.com\/wp-content\/uploads\/2025\/09\/1000W-2000W-Solar-Inverter-System-GP-Series3-scaled.jpg\" alt=\"\" width=\"1810\" height=\"2560\" srcset=\"https:\/\/www.gotopess.com\/wp-content\/uploads\/2025\/09\/1000W-2000W-Solar-Inverter-System-GP-Series3-scaled.jpg 1810w, https:\/\/www.gotopess.com\/wp-content\/uploads\/2025\/09\/1000W-2000W-Solar-Inverter-System-GP-Series3-283x400.jpg 283w, https:\/\/www.gotopess.com\/wp-content\/uploads\/2025\/09\/1000W-2000W-Solar-Inverter-System-GP-Series3-566x800.jpg 566w, https:\/\/www.gotopess.com\/wp-content\/uploads\/2025\/09\/1000W-2000W-Solar-Inverter-System-GP-Series3-768x1086.jpg 768w, https:\/\/www.gotopess.com\/wp-content\/uploads\/2025\/09\/1000W-2000W-Solar-Inverter-System-GP-Series3-1086x1536.jpg 1086w, https:\/\/www.gotopess.com\/wp-content\/uploads\/2025\/09\/1000W-2000W-Solar-Inverter-System-GP-Series3-1448x2048.jpg 1448w, https:\/\/www.gotopess.com\/wp-content\/uploads\/2025\/09\/1000W-2000W-Solar-Inverter-System-GP-Series3-600x848.jpg 600w\" sizes=\"(max-width: 1810px) 100vw, 1810px\" \/> <img decoding=\"async\" class=\"aligncenter size-full wp-image-1085\" src=\"https:\/\/www.gotopess.com\/wp-content\/uploads\/2025\/09\/1000W-2000W-Solar-Inverter-System-GP-Series4-scaled.jpg\" alt=\"\" width=\"1810\" height=\"2560\" srcset=\"https:\/\/www.gotopess.com\/wp-content\/uploads\/2025\/09\/1000W-2000W-Solar-Inverter-System-GP-Series4-scaled.jpg 1810w, https:\/\/www.gotopess.com\/wp-content\/uploads\/2025\/09\/1000W-2000W-Solar-Inverter-System-GP-Series4-283x400.jpg 283w, https:\/\/www.gotopess.com\/wp-content\/uploads\/2025\/09\/1000W-2000W-Solar-Inverter-System-GP-Series4-566x800.jpg 566w, https:\/\/www.gotopess.com\/wp-content\/uploads\/2025\/09\/1000W-2000W-Solar-Inverter-System-GP-Series4-768x1086.jpg 768w, https:\/\/www.gotopess.com\/wp-content\/uploads\/2025\/09\/1000W-2000W-Solar-Inverter-System-GP-Series4-1086x1536.jpg 1086w, https:\/\/www.gotopess.com\/wp-content\/uploads\/2025\/09\/1000W-2000W-Solar-Inverter-System-GP-Series4-1448x2048.jpg 1448w, https:\/\/www.gotopess.com\/wp-content\/uploads\/2025\/09\/1000W-2000W-Solar-Inverter-System-GP-Series4-600x848.jpg 600w\" sizes=\"(max-width: 1810px) 100vw, 1810px\" \/><\/p>","protected":false},"excerpt":{"rendered":"<ul>\n<li>Sortie sinuso\u00efdale pure<\/li>\n<li>Syst\u00e8me int\u00e9gr\u00e9 de stockage d'\u00e9nergie pour la production d'\u00e9lectricit\u00e9 photovolta\u00efque<\/li>\n<li>Capacit\u00e9 de chargement Ac sup\u00e9rieure<\/li>\n<li>Chargement solaire int\u00e9gr\u00e9&amp; batterie sans entretien<\/li>\n<li>Chargement \u00e0 haute efficacit\u00e9<\/li>\n<li>Portable et amovible<\/li>\n<li>Batterie plomb-acide int\u00e9gr\u00e9e \/ Batterie lithium int\u00e9gr\u00e9e<\/li>\n<\/ul>","protected":false},"featured_media":1082,"comment_status":"open","ping_status":"closed","template":"","meta":[],"product_brand":[145],"product_cat":[60,61],"product_tag":[277,275],"class_list":{"0":"post-1081","1":"product","2":"type-product","3":"status-publish","4":"has-post-thumbnail","6":"product_brand-gotopower","7":"product_cat-inverters-battery-energy-storage-system","8":"product_cat-hybrid-inverter-battery-energy-storage-system","9":"product_tag-portable-solar-inverter","10":"product_tag-solar-inverter","12":"first","13":"instock","14":"shipping-taxable","15":"product-type-simple"},"_links":{"self":[{"href":"https:\/\/www.gotopess.com\/fr\/wp-json\/wp\/v2\/product\/1081","targetHints":{"allow":["GET"]}}],"collection":[{"href":"https:\/\/www.gotopess.com\/fr\/wp-json\/wp\/v2\/product"}],"about":[{"href":"https:\/\/www.gotopess.com\/fr\/wp-json\/wp\/v2\/types\/product"}],"replies":[{"embeddable":true,"href":"https:\/\/www.gotopess.com\/fr\/wp-json\/wp\/v2\/comments?post=1081"}],"wp:featuredmedia":[{"embeddable":true,"href":"https:\/\/www.gotopess.com\/fr\/wp-json\/wp\/v2\/media\/1082"}],"wp:attachment":[{"href":"https:\/\/www.gotopess.com\/fr\/wp-json\/wp\/v2\/media?parent=1081"}],"wp:term":[{"taxonomy":"product_brand","embeddable":true,"href":"https:\/\/www.gotopess.com\/fr\/wp-json\/wp\/v2\/product_brand?post=1081"},{"taxonomy":"product_cat","embeddable":true,"href":"https:\/\/www.gotopess.com\/fr\/wp-json\/wp\/v2\/product_cat?post=1081"},{"taxonomy":"product_tag","embeddable":true,"href":"https:\/\/www.gotopess.com\/fr\/wp-json\/wp\/v2\/product_tag?post=1081"}],"curies":[{"name":"wp","href":"https:\/\/api.w.org\/{rel}","templated":true}]}}