{"id":1137,"date":"2025-09-23T07:08:32","date_gmt":"2025-09-23T07:08:32","guid":{"rendered":"http:\/\/8.218.239.88\/?post_type=product&#038;p=1137"},"modified":"2025-09-28T09:27:45","modified_gmt":"2025-09-28T09:27:45","slug":"12-8v-50ah-rechargeable-lifepo4-battery","status":"publish","type":"product","link":"https:\/\/www.gotopess.com\/fr\/produit\/12-8v-50ah-rechargeable-lifepo4-battery\/","title":{"rendered":"Batterie rechargeable LiFePO4 12,8V 50Ah (M)"},"content":{"rendered":"<p><img decoding=\"async\" class=\"aligncenter size-full wp-image-1138\" src=\"https:\/\/www.gotopess.com\/wp-content\/uploads\/2025\/09\/12.8V-50Ah-Rechargeable-LiFePO4-Battery-1-scaled.jpg\" alt=\"\" width=\"1810\" height=\"2560\" srcset=\"https:\/\/www.gotopess.com\/wp-content\/uploads\/2025\/09\/12.8V-50Ah-Rechargeable-LiFePO4-Battery-1-scaled.jpg 1810w, https:\/\/www.gotopess.com\/wp-content\/uploads\/2025\/09\/12.8V-50Ah-Rechargeable-LiFePO4-Battery-1-283x400.jpg 283w, https:\/\/www.gotopess.com\/wp-content\/uploads\/2025\/09\/12.8V-50Ah-Rechargeable-LiFePO4-Battery-1-566x800.jpg 566w, https:\/\/www.gotopess.com\/wp-content\/uploads\/2025\/09\/12.8V-50Ah-Rechargeable-LiFePO4-Battery-1-768x1086.jpg 768w, https:\/\/www.gotopess.com\/wp-content\/uploads\/2025\/09\/12.8V-50Ah-Rechargeable-LiFePO4-Battery-1-1086x1536.jpg 1086w, https:\/\/www.gotopess.com\/wp-content\/uploads\/2025\/09\/12.8V-50Ah-Rechargeable-LiFePO4-Battery-1-1448x2048.jpg 1448w, https:\/\/www.gotopess.com\/wp-content\/uploads\/2025\/09\/12.8V-50Ah-Rechargeable-LiFePO4-Battery-1-600x848.jpg 600w\" sizes=\"(max-width: 1810px) 100vw, 1810px\" \/> <img decoding=\"async\" class=\"aligncenter size-full wp-image-1139\" src=\"https:\/\/www.gotopess.com\/wp-content\/uploads\/2025\/09\/12.8V-50Ah-Rechargeable-LiFePO4-Battery-2-scaled.jpg\" alt=\"\" width=\"1810\" height=\"2560\" srcset=\"https:\/\/www.gotopess.com\/wp-content\/uploads\/2025\/09\/12.8V-50Ah-Rechargeable-LiFePO4-Battery-2-scaled.jpg 1810w, https:\/\/www.gotopess.com\/wp-content\/uploads\/2025\/09\/12.8V-50Ah-Rechargeable-LiFePO4-Battery-2-283x400.jpg 283w, https:\/\/www.gotopess.com\/wp-content\/uploads\/2025\/09\/12.8V-50Ah-Rechargeable-LiFePO4-Battery-2-566x800.jpg 566w, https:\/\/www.gotopess.com\/wp-content\/uploads\/2025\/09\/12.8V-50Ah-Rechargeable-LiFePO4-Battery-2-768x1086.jpg 768w, https:\/\/www.gotopess.com\/wp-content\/uploads\/2025\/09\/12.8V-50Ah-Rechargeable-LiFePO4-Battery-2-1086x1536.jpg 1086w, https:\/\/www.gotopess.com\/wp-content\/uploads\/2025\/09\/12.8V-50Ah-Rechargeable-LiFePO4-Battery-2-1448x2048.jpg 1448w, https:\/\/www.gotopess.com\/wp-content\/uploads\/2025\/09\/12.8V-50Ah-Rechargeable-LiFePO4-Battery-2-600x848.jpg 600w\" sizes=\"(max-width: 1810px) 100vw, 1810px\" \/><\/p>","protected":false},"excerpt":{"rendered":"<ul>\n<li>Cellules LiFePO4 cylindriques, haute consistance, dur\u00e9e de vie de plus de 6000 fois @80%DOD et beaucoup plus de s\u00e9curit\u00e9. UN38.3, certification CE pour le syst\u00e8me.<\/li>\n<li>Conteneur ABS, remplace parfaitement les batteries VRLA, performance de charge rapide, plage de temp\u00e9rature \u00e9tendue -20~+55\u00b0 C, sans entretien<\/li>\n<li>Protection ind\u00e9pendante pour la charge et la d\u00e9charge, protection contre la surtension, la basse tension, la surchauffe et les courts-circuits.<\/li>\n<\/ul>","protected":false},"featured_media":1140,"comment_status":"open","ping_status":"closed","template":"","meta":[],"product_brand":[145],"product_cat":[45,83,146],"product_tag":[103,105,183,181,186,184,106,102],"class_list":{"0":"post-1137","1":"product","2":"type-product","3":"status-publish","4":"has-post-thumbnail","6":"product_brand-gotopower","7":"product_cat-lifepo4-battery","8":"product_cat-lithium-lifepo4-battery","9":"product_cat-12v-lifepo4-battery","10":"product_tag-boat","11":"product_tag-golf-cart","12":"product_tag-home","13":"product_tag-lithium-battery","14":"product_tag-marine","15":"product_tag-off-grid","16":"product_tag-rv","17":"product_tag-trolling-motor","19":"first","20":"instock","21":"downloadable","22":"shipping-taxable","23":"product-type-simple"},"_links":{"self":[{"href":"https:\/\/www.gotopess.com\/fr\/wp-json\/wp\/v2\/product\/1137","targetHints":{"allow":["GET"]}}],"collection":[{"href":"https:\/\/www.gotopess.com\/fr\/wp-json\/wp\/v2\/product"}],"about":[{"href":"https:\/\/www.gotopess.com\/fr\/wp-json\/wp\/v2\/types\/product"}],"replies":[{"embeddable":true,"href":"https:\/\/www.gotopess.com\/fr\/wp-json\/wp\/v2\/comments?post=1137"}],"wp:featuredmedia":[{"embeddable":true,"href":"https:\/\/www.gotopess.com\/fr\/wp-json\/wp\/v2\/media\/1140"}],"wp:attachment":[{"href":"https:\/\/www.gotopess.com\/fr\/wp-json\/wp\/v2\/media?parent=1137"}],"wp:term":[{"taxonomy":"product_brand","embeddable":true,"href":"https:\/\/www.gotopess.com\/fr\/wp-json\/wp\/v2\/product_brand?post=1137"},{"taxonomy":"product_cat","embeddable":true,"href":"https:\/\/www.gotopess.com\/fr\/wp-json\/wp\/v2\/product_cat?post=1137"},{"taxonomy":"product_tag","embeddable":true,"href":"https:\/\/www.gotopess.com\/fr\/wp-json\/wp\/v2\/product_tag?post=1137"}],"curies":[{"name":"wp","href":"https:\/\/api.w.org\/{rel}","templated":true}]}}