{"id":1202,"date":"2025-10-11T11:31:46","date_gmt":"2025-10-11T03:31:46","guid":{"rendered":"http:\/\/8.218.239.88\/?post_type=product&#038;p=1202"},"modified":"2025-10-19T20:04:37","modified_gmt":"2025-10-19T12:04:37","slug":"1mw1gw-centralized-large-scale-microgrid-energy-storage-system","status":"publish","type":"product","link":"https:\/\/www.gotopess.com\/fr\/produit\/1mw1gw-centralized-large-scale-microgrid-energy-storage-system\/","title":{"rendered":"Syst\u00e8me de stockage d'\u00e9nergie de micro-r\u00e9seau centralis\u00e9\/\u00e0 grande \u00e9chelle de 1MW~1GW"},"content":{"rendered":"<p><img decoding=\"async\" class=\"aligncenter wp-image-1203 size-full\" src=\"https:\/\/www.gotopess.com\/wp-content\/uploads\/2025\/09\/1MW1GW-Centralized-Large-Scale-Microgrid-Energy-Storage-System-e1760848695271.jpg\" alt=\"\" width=\"1718\" height=\"2320\" srcset=\"https:\/\/www.gotopess.com\/wp-content\/uploads\/2025\/09\/1MW1GW-Centralized-Large-Scale-Microgrid-Energy-Storage-System-e1760848695271.jpg 1718w, https:\/\/www.gotopess.com\/wp-content\/uploads\/2025\/09\/1MW1GW-Centralized-Large-Scale-Microgrid-Energy-Storage-System-e1760848695271-296x400.jpg 296w, https:\/\/www.gotopess.com\/wp-content\/uploads\/2025\/09\/1MW1GW-Centralized-Large-Scale-Microgrid-Energy-Storage-System-e1760848695271-592x800.jpg 592w, https:\/\/www.gotopess.com\/wp-content\/uploads\/2025\/09\/1MW1GW-Centralized-Large-Scale-Microgrid-Energy-Storage-System-e1760848695271-768x1037.jpg 768w, https:\/\/www.gotopess.com\/wp-content\/uploads\/2025\/09\/1MW1GW-Centralized-Large-Scale-Microgrid-Energy-Storage-System-e1760848695271-1137x1536.jpg 1137w, https:\/\/www.gotopess.com\/wp-content\/uploads\/2025\/09\/1MW1GW-Centralized-Large-Scale-Microgrid-Energy-Storage-System-e1760848695271-1517x2048.jpg 1517w, https:\/\/www.gotopess.com\/wp-content\/uploads\/2025\/09\/1MW1GW-Centralized-Large-Scale-Microgrid-Energy-Storage-System-e1760848695271-600x810.jpg 600w, https:\/\/www.gotopess.com\/wp-content\/uploads\/2025\/09\/1MW1GW-Centralized-Large-Scale-Microgrid-Energy-Storage-System-e1760848695271-9x12.jpg 9w\" sizes=\"(max-width: 1718px) 100vw, 1718px\" \/><\/p>","protected":false},"excerpt":{"rendered":"<ul>\n<li>Large scale energy storage, photovoltaic, wind power and other applications on the grid side<\/li>\n<li>High integrated energy density, with a single 20 foot capacity of 5MWh<\/li>\n<li>Flexible support for off grid connection, supporting operating modes such as VF\/PQ\/VSG<\/li>\n<li>Multiple electrical protections, proactive warning, proactive protection<\/li>\n<li>Bidirectional active balancing scheme effectively solves the consistency problem of battery cells<\/li>\n<li>EMS Energy Real time Management<\/li>\n<li>Rich protection functions, supporting islanding protection, overcurrent protection, reverse connection protection, surge protection and other functions<\/li>\n<\/ul>","protected":false},"featured_media":2299,"comment_status":"open","ping_status":"closed","template":"","meta":[],"product_brand":[145],"product_cat":[35,82],"product_tag":[207,205,259,270],"class_list":{"0":"post-1202","1":"product","2":"type-product","3":"status-publish","4":"has-post-thumbnail","6":"product_brand-gotopower","7":"product_cat-lifepo4-battery-energy-storage-system","8":"product_cat-commercial-industrial-battery-energy-storage-system","9":"product_tag-commercial-ess","10":"product_tag-ess","11":"product_tag-industrial-energy-storage","12":"product_tag-microgrid-energy-storage","14":"first","15":"instock","16":"shipping-taxable","17":"product-type-simple"},"_links":{"self":[{"href":"https:\/\/www.gotopess.com\/fr\/wp-json\/wp\/v2\/product\/1202","targetHints":{"allow":["GET"]}}],"collection":[{"href":"https:\/\/www.gotopess.com\/fr\/wp-json\/wp\/v2\/product"}],"about":[{"href":"https:\/\/www.gotopess.com\/fr\/wp-json\/wp\/v2\/types\/product"}],"replies":[{"embeddable":true,"href":"https:\/\/www.gotopess.com\/fr\/wp-json\/wp\/v2\/comments?post=1202"}],"wp:featuredmedia":[{"embeddable":true,"href":"https:\/\/www.gotopess.com\/fr\/wp-json\/wp\/v2\/media\/2299"}],"wp:attachment":[{"href":"https:\/\/www.gotopess.com\/fr\/wp-json\/wp\/v2\/media?parent=1202"}],"wp:term":[{"taxonomy":"product_brand","embeddable":true,"href":"https:\/\/www.gotopess.com\/fr\/wp-json\/wp\/v2\/product_brand?post=1202"},{"taxonomy":"product_cat","embeddable":true,"href":"https:\/\/www.gotopess.com\/fr\/wp-json\/wp\/v2\/product_cat?post=1202"},{"taxonomy":"product_tag","embeddable":true,"href":"https:\/\/www.gotopess.com\/fr\/wp-json\/wp\/v2\/product_tag?post=1202"}],"curies":[{"name":"wp","href":"https:\/\/api.w.org\/{rel}","templated":true}]}}