{"id":1222,"date":"2025-09-23T12:34:04","date_gmt":"2025-09-23T12:34:04","guid":{"rendered":"http:\/\/8.218.239.88\/?post_type=product&#038;p=1222"},"modified":"2025-10-18T01:35:27","modified_gmt":"2025-10-17T17:35:27","slug":"battery-management-system-by-gotopower-bms","status":"publish","type":"product","link":"https:\/\/www.gotopess.com\/fr\/produit\/systeme-de-gestion-des-batteries-par-gotopower-bms\/","title":{"rendered":"Syst\u00e8me de gestion de la batterie par Gotopower"},"content":{"rendered":"<p>Le BMS de Gotopower adopte une architecture de gestion du BMS \u00e0 trois niveaux, permettant une gestion hi\u00e9rarchique des donn\u00e9es et des fonctions de protection de la s\u00e9curit\u00e9 pour les r\u00e9seaux de batteries, les clusters et les packs de batteries.<\/p>\n<p>La fonction de protection mat\u00e9rielle ind\u00e9pendante \u00e0 trois niveaux permet des actions de protection du syst\u00e8me ind\u00e9pendantes en cas de d\u00e9faillance d'une seule couche. Combin\u00e9e \u00e0 l'algorithme de filtrage de Karman et \u00e0 l'algorithme SOC propri\u00e9taire de GT POWERSAFE, elle permet d'atteindre une pr\u00e9cision SOC de 5%.<\/p>\n<p><img decoding=\"async\" class=\"aligncenter size-full wp-image-1224\" src=\"https:\/\/www.gotopess.com\/wp-content\/uploads\/2025\/09\/BMS.jpg\" alt=\"\" width=\"1718\" height=\"2551\" srcset=\"https:\/\/www.gotopess.com\/wp-content\/uploads\/2025\/09\/BMS.jpg 1718w, https:\/\/www.gotopess.com\/wp-content\/uploads\/2025\/09\/BMS-269x400.jpg 269w, https:\/\/www.gotopess.com\/wp-content\/uploads\/2025\/09\/BMS-539x800.jpg 539w, https:\/\/www.gotopess.com\/wp-content\/uploads\/2025\/09\/BMS-768x1140.jpg 768w, https:\/\/www.gotopess.com\/wp-content\/uploads\/2025\/09\/BMS-1034x1536.jpg 1034w, https:\/\/www.gotopess.com\/wp-content\/uploads\/2025\/09\/BMS-1379x2048.jpg 1379w, https:\/\/www.gotopess.com\/wp-content\/uploads\/2025\/09\/BMS-600x891.jpg 600w\" sizes=\"(max-width: 1718px) 100vw, 1718px\" \/> <img decoding=\"async\" class=\"aligncenter size-full wp-image-1225\" src=\"https:\/\/www.gotopess.com\/wp-content\/uploads\/2025\/09\/BMS1.jpg\" alt=\"\" width=\"1718\" height=\"2551\" srcset=\"https:\/\/www.gotopess.com\/wp-content\/uploads\/2025\/09\/BMS1.jpg 1718w, https:\/\/www.gotopess.com\/wp-content\/uploads\/2025\/09\/BMS1-269x400.jpg 269w, https:\/\/www.gotopess.com\/wp-content\/uploads\/2025\/09\/BMS1-539x800.jpg 539w, https:\/\/www.gotopess.com\/wp-content\/uploads\/2025\/09\/BMS1-768x1140.jpg 768w, https:\/\/www.gotopess.com\/wp-content\/uploads\/2025\/09\/BMS1-1034x1536.jpg 1034w, https:\/\/www.gotopess.com\/wp-content\/uploads\/2025\/09\/BMS1-1379x2048.jpg 1379w, https:\/\/www.gotopess.com\/wp-content\/uploads\/2025\/09\/BMS1-600x891.jpg 600w\" sizes=\"(max-width: 1718px) 100vw, 1718px\" \/><div class=\"container section-title-container\" style=\"max-width:100%;\"><h3 class=\"section-title section-title-normal\"><b><\/b><span class=\"section-title-main\" style=\"color:rgb(255, 113, 49);\">R\u00e9f\u00e9rence du projet ESS<\/span><b><\/b><\/h3><\/div>\n\n\n  \n    <div class=\"row large-columns-4 medium-columns-3 small-columns-2 row-full-width\" >\n  <div class=\"gallery-col col\" >\n          <div class=\"col-inner\">\n            <a class=\"image-lightbox lightbox-gallery\" href=\"https:\/\/www.gotopess.com\/wp-content\/uploads\/2025\/09\/Energy-Storage-System-Project-Reference8-1360x800.jpg\" title=\"Projet de stockage d&#039;\u00e9nergie \u00e0 refroidissement liquide de 6 MW\/10,32 MWh \/ Burg, R\u00e9publique tch\u00e8que, soci\u00e9t\u00e9 de stockage d&#039;\u00e9nergie\">            <div class=\"box has-hover gallery-box box-default\">\n              <div class=\"box-image box-shadow-1\" >\n                <img decoding=\"async\" width=\"680\" height=\"400\" src=\"https:\/\/www.gotopess.com\/wp-content\/uploads\/2025\/09\/Energy-Storage-System-Project-Reference8-680x400.jpg\" class=\"attachment-medium size-medium\" alt=\"\" ids=\"1245,1240,1241,1244\" style=\"default\" depth=\"1\" srcset=\"https:\/\/www.gotopess.com\/wp-content\/uploads\/2025\/09\/Energy-Storage-System-Project-Reference8-680x400.jpg 680w, https:\/\/www.gotopess.com\/wp-content\/uploads\/2025\/09\/Energy-Storage-System-Project-Reference8-1360x800.jpg 1360w, https:\/\/www.gotopess.com\/wp-content\/uploads\/2025\/09\/Energy-Storage-System-Project-Reference8-768x452.jpg 768w, https:\/\/www.gotopess.com\/wp-content\/uploads\/2025\/09\/Energy-Storage-System-Project-Reference8-1536x904.jpg 1536w, https:\/\/www.gotopess.com\/wp-content\/uploads\/2025\/09\/Energy-Storage-System-Project-Reference8-600x353.jpg 600w, https:\/\/www.gotopess.com\/wp-content\/uploads\/2025\/09\/Energy-Storage-System-Project-Reference8.jpg 1761w\" sizes=\"(max-width: 680px) 100vw, 680px\" \/>                                                              <\/div>\n              <div class=\"box-text text-left\" >\n                 <p>Projet de stockage d'\u00e9nergie \u00e0 refroidissement liquide de 6 MW\/10,32 MWh \/ Burg, R\u00e9publique tch\u00e8que, soci\u00e9t\u00e9 de stockage d'\u00e9nergie<\/p>\n              <\/div>\n            <\/div>\n            <\/a>          <\/div>\n         <\/div><div class=\"gallery-col col\" >\n          <div class=\"col-inner\">\n            <a class=\"image-lightbox lightbox-gallery\" href=\"https:\/\/www.gotopess.com\/wp-content\/uploads\/2025\/09\/Energy-Storage-System-Project-Reference3-1357x800.jpg\" title=\"Projet d&#039;int\u00e9gration de 250KW\/1MWh PV ESS et de charge \/ Parc Industriel Belge\">            <div class=\"box has-hover gallery-box box-default\">\n              <div class=\"box-image box-shadow-1\" >\n                <img decoding=\"async\" width=\"678\" height=\"400\" src=\"https:\/\/www.gotopess.com\/wp-content\/uploads\/2025\/09\/Energy-Storage-System-Project-Reference3-678x400.jpg\" class=\"attachment-medium size-medium\" alt=\"\" ids=\"1245,1240,1241,1244\" style=\"default\" depth=\"1\" srcset=\"https:\/\/www.gotopess.com\/wp-content\/uploads\/2025\/09\/Energy-Storage-System-Project-Reference3-678x400.jpg 678w, https:\/\/www.gotopess.com\/wp-content\/uploads\/2025\/09\/Energy-Storage-System-Project-Reference3-1357x800.jpg 1357w, https:\/\/www.gotopess.com\/wp-content\/uploads\/2025\/09\/Energy-Storage-System-Project-Reference3-768x453.jpg 768w, https:\/\/www.gotopess.com\/wp-content\/uploads\/2025\/09\/Energy-Storage-System-Project-Reference3-1536x906.jpg 1536w, https:\/\/www.gotopess.com\/wp-content\/uploads\/2025\/09\/Energy-Storage-System-Project-Reference3-600x354.jpg 600w, https:\/\/www.gotopess.com\/wp-content\/uploads\/2025\/09\/Energy-Storage-System-Project-Reference3.jpg 1755w\" sizes=\"(max-width: 678px) 100vw, 678px\" \/>                                                              <\/div>\n              <div class=\"box-text text-left\" >\n                 <p>Projet d'int\u00e9gration de 250KW\/1MWh PV ESS et de charge \/ Parc Industriel Belge<\/p>\n              <\/div>\n            <\/div>\n            <\/a>          <\/div>\n         <\/div><div class=\"gallery-col col\" >\n          <div class=\"col-inner\">\n            <a class=\"image-lightbox lightbox-gallery\" href=\"https:\/\/www.gotopess.com\/wp-content\/uploads\/2025\/09\/Energy-Storage-System-Project-Reference4-1358x800.jpg\" title=\"Projet de stockage d&#039;\u00e9nergie \u00e0 refroidissement par air de 1MW\/2MWh \/ Dongguan,Guangdong,Medical Equipment Company\">            <div class=\"box has-hover gallery-box box-default\">\n              <div class=\"box-image box-shadow-1\" >\n                <img decoding=\"async\" width=\"679\" height=\"400\" src=\"https:\/\/www.gotopess.com\/wp-content\/uploads\/2025\/09\/Energy-Storage-System-Project-Reference4-679x400.jpg\" class=\"attachment-medium size-medium\" alt=\"\" ids=\"1245,1240,1241,1244\" style=\"default\" depth=\"1\" srcset=\"https:\/\/www.gotopess.com\/wp-content\/uploads\/2025\/09\/Energy-Storage-System-Project-Reference4-679x400.jpg 679w, https:\/\/www.gotopess.com\/wp-content\/uploads\/2025\/09\/Energy-Storage-System-Project-Reference4-1358x800.jpg 1358w, https:\/\/www.gotopess.com\/wp-content\/uploads\/2025\/09\/Energy-Storage-System-Project-Reference4-768x453.jpg 768w, https:\/\/www.gotopess.com\/wp-content\/uploads\/2025\/09\/Energy-Storage-System-Project-Reference4-1536x905.jpg 1536w, https:\/\/www.gotopess.com\/wp-content\/uploads\/2025\/09\/Energy-Storage-System-Project-Reference4-600x354.jpg 600w, https:\/\/www.gotopess.com\/wp-content\/uploads\/2025\/09\/Energy-Storage-System-Project-Reference4.jpg 1704w\" sizes=\"(max-width: 679px) 100vw, 679px\" \/>                                                              <\/div>\n              <div class=\"box-text text-left\" >\n                 <p>Projet de stockage d'\u00e9nergie \u00e0 refroidissement par air de 1MW\/2MWh \/ Dongguan,Guangdong,Medical Equipment Company<\/p>\n              <\/div>\n            <\/div>\n            <\/a>          <\/div>\n         <\/div><div class=\"gallery-col col\" >\n          <div class=\"col-inner\">\n            <a class=\"image-lightbox lightbox-gallery\" href=\"https:\/\/www.gotopess.com\/wp-content\/uploads\/2025\/09\/Energy-Storage-System-Project-Reference7-1354x800.jpg\" title=\"2MW\/4MWh Distributed ESS Container \/ Jinhua, Zhejiang,ewelry Processing Company \">            <div class=\"box has-hover gallery-box box-default\">\n              <div class=\"box-image box-shadow-1\" >\n                <img decoding=\"async\" width=\"677\" height=\"400\" src=\"https:\/\/www.gotopess.com\/wp-content\/uploads\/2025\/09\/Energy-Storage-System-Project-Reference7-677x400.jpg\" class=\"attachment-medium size-medium\" alt=\"\" ids=\"1245,1240,1241,1244\" style=\"default\" depth=\"1\" srcset=\"https:\/\/www.gotopess.com\/wp-content\/uploads\/2025\/09\/Energy-Storage-System-Project-Reference7-677x400.jpg 677w, https:\/\/www.gotopess.com\/wp-content\/uploads\/2025\/09\/Energy-Storage-System-Project-Reference7-1354x800.jpg 1354w, https:\/\/www.gotopess.com\/wp-content\/uploads\/2025\/09\/Energy-Storage-System-Project-Reference7-768x454.jpg 768w, https:\/\/www.gotopess.com\/wp-content\/uploads\/2025\/09\/Energy-Storage-System-Project-Reference7-1536x908.jpg 1536w, https:\/\/www.gotopess.com\/wp-content\/uploads\/2025\/09\/Energy-Storage-System-Project-Reference7-2048x1210.jpg 2048w, https:\/\/www.gotopess.com\/wp-content\/uploads\/2025\/09\/Energy-Storage-System-Project-Reference7-600x355.jpg 600w\" sizes=\"(max-width: 677px) 100vw, 677px\" \/>                                                              <\/div>\n              <div class=\"box-text text-left\" >\n                 <p>2MW\/4MWh Distributed ESS Container \/ Jinhua, Zhejiang,ewelry Processing Company <\/p>\n              <\/div>\n            <\/div>\n            <\/a>          <\/div>\n         <\/div><\/div>\n\n<div class=\"container section-title-container\" style=\"max-width:100%;\"><h3 class=\"section-title section-title-normal\"><b><\/b><span class=\"section-title-main\" style=\"color:rgb(255, 113, 49);\">ESS durable pour les particuliers et les entreprises<\/span><b><\/b><\/h3><\/div>\n\n\n  \n    <div class=\"row large-columns-4 medium-columns-3 small-columns-2 row-full-width\" >\n  <div class=\"gallery-col col\" >\n          <div class=\"col-inner\">\n            <a class=\"image-lightbox lightbox-gallery\" href=\"https:\/\/www.gotopess.com\/wp-content\/uploads\/2025\/09\/Energy-Storage-System-Project-Reference6-1400x608.jpg\" title=\"19,2MW\/46,9MWh BESS \u00e0 l&#039;\u00e9chelle de l&#039;utilit\u00e9 publique \/ Indiana, USA\">            <div class=\"box has-hover gallery-box box-default\">\n              <div class=\"box-image box-shadow-1\" >\n                <img decoding=\"async\" width=\"800\" height=\"347\" src=\"https:\/\/www.gotopess.com\/wp-content\/uploads\/2025\/09\/Energy-Storage-System-Project-Reference6-800x347.jpg\" class=\"attachment-medium size-medium\" alt=\"\" ids=\"1243,1242,1239,1238\" style=\"default\" depth=\"1\" srcset=\"https:\/\/www.gotopess.com\/wp-content\/uploads\/2025\/09\/Energy-Storage-System-Project-Reference6-800x347.jpg 800w, https:\/\/www.gotopess.com\/wp-content\/uploads\/2025\/09\/Energy-Storage-System-Project-Reference6-1400x608.jpg 1400w, https:\/\/www.gotopess.com\/wp-content\/uploads\/2025\/09\/Energy-Storage-System-Project-Reference6-768x333.jpg 768w, https:\/\/www.gotopess.com\/wp-content\/uploads\/2025\/09\/Energy-Storage-System-Project-Reference6-1536x667.jpg 1536w, https:\/\/www.gotopess.com\/wp-content\/uploads\/2025\/09\/Energy-Storage-System-Project-Reference6-2048x889.jpg 2048w, https:\/\/www.gotopess.com\/wp-content\/uploads\/2025\/09\/Energy-Storage-System-Project-Reference6-600x260.jpg 600w\" sizes=\"(max-width: 800px) 100vw, 800px\" \/>                                                              <\/div>\n              <div class=\"box-text text-left\" >\n                 <p>19,2MW\/46,9MWh BESS \u00e0 l'\u00e9chelle de l'utilit\u00e9 publique \/ Indiana, USA<\/p>\n              <\/div>\n            <\/div>\n            <\/a>          <\/div>\n         <\/div><div class=\"gallery-col col\" >\n          <div class=\"col-inner\">\n            <a class=\"image-lightbox lightbox-gallery\" href=\"https:\/\/www.gotopess.com\/wp-content\/uploads\/2025\/09\/Energy-Storage-System-Project-Reference5-1355x800.jpg\" title=\"10MW\/69MWh BESS \u00e0 l&#039;\u00e9chelle de l&#039;utilit\u00e9 publique \/ Californie, USA\">            <div class=\"box has-hover gallery-box box-default\">\n              <div class=\"box-image box-shadow-1\" >\n                <img decoding=\"async\" width=\"678\" height=\"400\" src=\"https:\/\/www.gotopess.com\/wp-content\/uploads\/2025\/09\/Energy-Storage-System-Project-Reference5-678x400.jpg\" class=\"attachment-medium size-medium\" alt=\"\" ids=\"1243,1242,1239,1238\" style=\"default\" depth=\"1\" srcset=\"https:\/\/www.gotopess.com\/wp-content\/uploads\/2025\/09\/Energy-Storage-System-Project-Reference5-678x400.jpg 678w, https:\/\/www.gotopess.com\/wp-content\/uploads\/2025\/09\/Energy-Storage-System-Project-Reference5-1355x800.jpg 1355w, https:\/\/www.gotopess.com\/wp-content\/uploads\/2025\/09\/Energy-Storage-System-Project-Reference5-768x453.jpg 768w, https:\/\/www.gotopess.com\/wp-content\/uploads\/2025\/09\/Energy-Storage-System-Project-Reference5-1536x907.jpg 1536w, https:\/\/www.gotopess.com\/wp-content\/uploads\/2025\/09\/Energy-Storage-System-Project-Reference5-600x354.jpg 600w, https:\/\/www.gotopess.com\/wp-content\/uploads\/2025\/09\/Energy-Storage-System-Project-Reference5.jpg 1750w\" sizes=\"(max-width: 678px) 100vw, 678px\" \/>                                                              <\/div>\n              <div class=\"box-text text-left\" >\n                 <p>10MW\/69MWh BESS \u00e0 l'\u00e9chelle de l'utilit\u00e9 publique \/ Californie, USA<\/p>\n              <\/div>\n            <\/div>\n            <\/a>          <\/div>\n         <\/div><div class=\"gallery-col col\" >\n          <div class=\"col-inner\">\n            <a class=\"image-lightbox lightbox-gallery\" href=\"https:\/\/www.gotopess.com\/wp-content\/uploads\/2025\/09\/Energy-Storage-System-Project-Reference2-1372x800.jpg\" title=\"160KW\/335KWh Wire Harness Processing Company Air-Cooling Energy Storage Projects \/ Dezhou, Shandong\">            <div class=\"box has-hover gallery-box box-default\">\n              <div class=\"box-image box-shadow-1\" >\n                <img decoding=\"async\" width=\"686\" height=\"400\" src=\"https:\/\/www.gotopess.com\/wp-content\/uploads\/2025\/09\/Energy-Storage-System-Project-Reference2-686x400.jpg\" class=\"attachment-medium size-medium\" alt=\"\" ids=\"1243,1242,1239,1238\" style=\"default\" depth=\"1\" srcset=\"https:\/\/www.gotopess.com\/wp-content\/uploads\/2025\/09\/Energy-Storage-System-Project-Reference2-686x400.jpg 686w, https:\/\/www.gotopess.com\/wp-content\/uploads\/2025\/09\/Energy-Storage-System-Project-Reference2-1372x800.jpg 1372w, https:\/\/www.gotopess.com\/wp-content\/uploads\/2025\/09\/Energy-Storage-System-Project-Reference2-768x448.jpg 768w, https:\/\/www.gotopess.com\/wp-content\/uploads\/2025\/09\/Energy-Storage-System-Project-Reference2-1536x896.jpg 1536w, https:\/\/www.gotopess.com\/wp-content\/uploads\/2025\/09\/Energy-Storage-System-Project-Reference2-600x350.jpg 600w, https:\/\/www.gotopess.com\/wp-content\/uploads\/2025\/09\/Energy-Storage-System-Project-Reference2.jpg 1710w\" sizes=\"(max-width: 686px) 100vw, 686px\" \/>                                                              <\/div>\n              <div class=\"box-text text-left\" >\n                 <p>160KW\/335KWh Wire Harness Processing Company Air-Cooling Energy Storage Projects \/ Dezhou, Shandong<\/p>\n              <\/div>\n            <\/div>\n            <\/a>          <\/div>\n         <\/div><div class=\"gallery-col col\" >\n          <div class=\"col-inner\">\n            <a class=\"image-lightbox lightbox-gallery\" href=\"https:\/\/www.gotopess.com\/wp-content\/uploads\/2025\/09\/Energy-Storage-System-Project-Reference1-1355x800.jpg\" title=\"2MW\/4MWh Zone industrielle \/ Zhejiang, Chine\">            <div class=\"box has-hover gallery-box box-default\">\n              <div class=\"box-image box-shadow-1\" >\n                <img decoding=\"async\" width=\"678\" height=\"400\" src=\"https:\/\/www.gotopess.com\/wp-content\/uploads\/2025\/09\/Energy-Storage-System-Project-Reference1-678x400.jpg\" class=\"attachment-medium size-medium\" alt=\"\" ids=\"1243,1242,1239,1238\" style=\"default\" depth=\"1\" srcset=\"https:\/\/www.gotopess.com\/wp-content\/uploads\/2025\/09\/Energy-Storage-System-Project-Reference1-678x400.jpg 678w, https:\/\/www.gotopess.com\/wp-content\/uploads\/2025\/09\/Energy-Storage-System-Project-Reference1-1355x800.jpg 1355w, https:\/\/www.gotopess.com\/wp-content\/uploads\/2025\/09\/Energy-Storage-System-Project-Reference1-768x453.jpg 768w, https:\/\/www.gotopess.com\/wp-content\/uploads\/2025\/09\/Energy-Storage-System-Project-Reference1-1536x907.jpg 1536w, https:\/\/www.gotopess.com\/wp-content\/uploads\/2025\/09\/Energy-Storage-System-Project-Reference1-600x354.jpg 600w, https:\/\/www.gotopess.com\/wp-content\/uploads\/2025\/09\/Energy-Storage-System-Project-Reference1.jpg 1760w\" sizes=\"(max-width: 678px) 100vw, 678px\" \/>                                                              <\/div>\n              <div class=\"box-text text-left\" >\n                 <p>2MW\/4MWh Zone industrielle \/ Zhejiang, Chine<\/p>\n              <\/div>\n            <\/div>\n            <\/a>          <\/div>\n         <\/div><\/div>","protected":false},"excerpt":{"rendered":"<ul>\n<li>Architecture de gestion de la GTB \u00e0 trois niveaux<\/li>\n<li>Protection ind\u00e9pendante par contact dur \u00e0 plusieurs niveaux<\/li>\n<li>Pr\u00e9cision d'acquisition de la tension de cellule de 0,1 niveau<\/li>\n<li>7 couches de protection active des logiciels<\/li>\n<li>Niveau de protection CEM 4<\/li>\n<li>Algorithme de correction adaptative SOC<\/li>\n<li>Conforme \u00e0 la norme de s\u00e9curit\u00e9 fonctionnelle IEC 61508<\/li>\n<\/ul>","protected":false},"featured_media":2330,"comment_status":"open","ping_status":"closed","template":"","meta":[],"product_brand":[145],"product_cat":[35,80,163],"product_tag":[273,210,207,206,205],"class_list":{"0":"post-1222","1":"product","2":"type-product","3":"status-publish","4":"has-post-thumbnail","6":"product_brand-gotopower","7":"product_cat-lifepo4-battery-energy-storage-system","8":"product_cat-power-management","9":"product_cat-monitor-energy-products","10":"product_tag-battery-management-system","11":"product_tag-bms","12":"product_tag-commercial-ess","13":"product_tag-energy-storage","14":"product_tag-ess","16":"first","17":"instock","18":"shipping-taxable","19":"product-type-simple"},"_links":{"self":[{"href":"https:\/\/www.gotopess.com\/fr\/wp-json\/wp\/v2\/product\/1222","targetHints":{"allow":["GET"]}}],"collection":[{"href":"https:\/\/www.gotopess.com\/fr\/wp-json\/wp\/v2\/product"}],"about":[{"href":"https:\/\/www.gotopess.com\/fr\/wp-json\/wp\/v2\/types\/product"}],"replies":[{"embeddable":true,"href":"https:\/\/www.gotopess.com\/fr\/wp-json\/wp\/v2\/comments?post=1222"}],"wp:featuredmedia":[{"embeddable":true,"href":"https:\/\/www.gotopess.com\/fr\/wp-json\/wp\/v2\/media\/2330"}],"wp:attachment":[{"href":"https:\/\/www.gotopess.com\/fr\/wp-json\/wp\/v2\/media?parent=1222"}],"wp:term":[{"taxonomy":"product_brand","embeddable":true,"href":"https:\/\/www.gotopess.com\/fr\/wp-json\/wp\/v2\/product_brand?post=1222"},{"taxonomy":"product_cat","embeddable":true,"href":"https:\/\/www.gotopess.com\/fr\/wp-json\/wp\/v2\/product_cat?post=1222"},{"taxonomy":"product_tag","embeddable":true,"href":"https:\/\/www.gotopess.com\/fr\/wp-json\/wp\/v2\/product_tag?post=1222"}],"curies":[{"name":"wp","href":"https:\/\/api.w.org\/{rel}","templated":true}]}}