{"id":1250,"date":"2025-09-23T17:34:36","date_gmt":"2025-09-23T17:34:36","guid":{"rendered":"http:\/\/8.218.239.88\/?post_type=product&#038;p=1250"},"modified":"2025-10-04T03:51:31","modified_gmt":"2025-10-04T03:51:31","slug":"outdoor-battery-cabinet-v1-0","status":"publish","type":"product","link":"https:\/\/www.gotopess.com\/fr\/produit\/armoire-a-piles-exterieure-v1-0-2\/","title":{"rendered":"Armoire \u00e0 piles pour l'ext\u00e9rieur V1.0"},"content":{"rendered":"<p><img decoding=\"async\" class=\"aligncenter size-full wp-image-1254\" src=\"https:\/\/www.gotopess.com\/wp-content\/uploads\/2025\/09\/Outdoor-Battery-Cabinet-V1.04.jpg\" alt=\"\" width=\"1810\" height=\"2560\" srcset=\"https:\/\/www.gotopess.com\/wp-content\/uploads\/2025\/09\/Outdoor-Battery-Cabinet-V1.04.jpg 1810w, https:\/\/www.gotopess.com\/wp-content\/uploads\/2025\/09\/Outdoor-Battery-Cabinet-V1.04-283x400.jpg 283w, https:\/\/www.gotopess.com\/wp-content\/uploads\/2025\/09\/Outdoor-Battery-Cabinet-V1.04-566x800.jpg 566w, https:\/\/www.gotopess.com\/wp-content\/uploads\/2025\/09\/Outdoor-Battery-Cabinet-V1.04-768x1086.jpg 768w, https:\/\/www.gotopess.com\/wp-content\/uploads\/2025\/09\/Outdoor-Battery-Cabinet-V1.04-1086x1536.jpg 1086w, https:\/\/www.gotopess.com\/wp-content\/uploads\/2025\/09\/Outdoor-Battery-Cabinet-V1.04-1448x2048.jpg 1448w, https:\/\/www.gotopess.com\/wp-content\/uploads\/2025\/09\/Outdoor-Battery-Cabinet-V1.04-600x849.jpg 600w\" sizes=\"(max-width: 1810px) 100vw, 1810px\" \/><img decoding=\"async\" class=\"aligncenter size-full wp-image-1251\" src=\"https:\/\/www.gotopess.com\/wp-content\/uploads\/2025\/09\/Outdoor-Battery-Cabinet-V1.01.jpg\" alt=\"\" width=\"1251\" height=\"1536\" srcset=\"https:\/\/www.gotopess.com\/wp-content\/uploads\/2025\/09\/Outdoor-Battery-Cabinet-V1.01.jpg 1251w, https:\/\/www.gotopess.com\/wp-content\/uploads\/2025\/09\/Outdoor-Battery-Cabinet-V1.01-326x400.jpg 326w, https:\/\/www.gotopess.com\/wp-content\/uploads\/2025\/09\/Outdoor-Battery-Cabinet-V1.01-652x800.jpg 652w, https:\/\/www.gotopess.com\/wp-content\/uploads\/2025\/09\/Outdoor-Battery-Cabinet-V1.01-768x943.jpg 768w, https:\/\/www.gotopess.com\/wp-content\/uploads\/2025\/09\/Outdoor-Battery-Cabinet-V1.01-600x737.jpg 600w\" sizes=\"(max-width: 1251px) 100vw, 1251px\" \/> <img decoding=\"async\" class=\"aligncenter size-full wp-image-1255\" src=\"https:\/\/www.gotopess.com\/wp-content\/uploads\/2025\/09\/Outdoor-Battery-Cabinet-V1.05.jpg\" alt=\"\" width=\"1810\" height=\"2560\" srcset=\"https:\/\/www.gotopess.com\/wp-content\/uploads\/2025\/09\/Outdoor-Battery-Cabinet-V1.05.jpg 1810w, https:\/\/www.gotopess.com\/wp-content\/uploads\/2025\/09\/Outdoor-Battery-Cabinet-V1.05-283x400.jpg 283w, https:\/\/www.gotopess.com\/wp-content\/uploads\/2025\/09\/Outdoor-Battery-Cabinet-V1.05-566x800.jpg 566w, https:\/\/www.gotopess.com\/wp-content\/uploads\/2025\/09\/Outdoor-Battery-Cabinet-V1.05-768x1086.jpg 768w, https:\/\/www.gotopess.com\/wp-content\/uploads\/2025\/09\/Outdoor-Battery-Cabinet-V1.05-1086x1536.jpg 1086w, https:\/\/www.gotopess.com\/wp-content\/uploads\/2025\/09\/Outdoor-Battery-Cabinet-V1.05-1448x2048.jpg 1448w, https:\/\/www.gotopess.com\/wp-content\/uploads\/2025\/09\/Outdoor-Battery-Cabinet-V1.05-600x849.jpg 600w\" sizes=\"(max-width: 1810px) 100vw, 1810px\" \/> <img decoding=\"async\" class=\"aligncenter size-full wp-image-1256\" src=\"https:\/\/www.gotopess.com\/wp-content\/uploads\/2025\/09\/Outdoor-Battery-Cabinet-V1.06.jpg\" alt=\"\" width=\"1810\" height=\"2560\" srcset=\"https:\/\/www.gotopess.com\/wp-content\/uploads\/2025\/09\/Outdoor-Battery-Cabinet-V1.06.jpg 1810w, https:\/\/www.gotopess.com\/wp-content\/uploads\/2025\/09\/Outdoor-Battery-Cabinet-V1.06-283x400.jpg 283w, https:\/\/www.gotopess.com\/wp-content\/uploads\/2025\/09\/Outdoor-Battery-Cabinet-V1.06-566x800.jpg 566w, https:\/\/www.gotopess.com\/wp-content\/uploads\/2025\/09\/Outdoor-Battery-Cabinet-V1.06-768x1086.jpg 768w, https:\/\/www.gotopess.com\/wp-content\/uploads\/2025\/09\/Outdoor-Battery-Cabinet-V1.06-1086x1536.jpg 1086w, https:\/\/www.gotopess.com\/wp-content\/uploads\/2025\/09\/Outdoor-Battery-Cabinet-V1.06-1448x2048.jpg 1448w, https:\/\/www.gotopess.com\/wp-content\/uploads\/2025\/09\/Outdoor-Battery-Cabinet-V1.06-600x849.jpg 600w\" sizes=\"(max-width: 1810px) 100vw, 1810px\" \/> <img decoding=\"async\" class=\"aligncenter size-full wp-image-1257\" src=\"https:\/\/www.gotopess.com\/wp-content\/uploads\/2025\/09\/Outdoor-Battery-Cabinet-V1.07.jpg\" alt=\"\" width=\"1408\" height=\"1536\" srcset=\"https:\/\/www.gotopess.com\/wp-content\/uploads\/2025\/09\/Outdoor-Battery-Cabinet-V1.07.jpg 1408w, https:\/\/www.gotopess.com\/wp-content\/uploads\/2025\/09\/Outdoor-Battery-Cabinet-V1.07-367x400.jpg 367w, https:\/\/www.gotopess.com\/wp-content\/uploads\/2025\/09\/Outdoor-Battery-Cabinet-V1.07-733x800.jpg 733w, https:\/\/www.gotopess.com\/wp-content\/uploads\/2025\/09\/Outdoor-Battery-Cabinet-V1.07-768x838.jpg 768w, https:\/\/www.gotopess.com\/wp-content\/uploads\/2025\/09\/Outdoor-Battery-Cabinet-V1.07-600x655.jpg 600w\" sizes=\"(max-width: 1408px) 100vw, 1408px\" \/><\/p>","protected":false},"excerpt":{"rendered":"<ul>\n<li>Conception \u00e9tanche IP55 pour application ext\u00e9rieure<\/li>\n<li>Construction soud\u00e9e en acier de gros calibre pour les batteries de 19\u2033.<\/li>\n<li>Rev\u00eatement en poudre r\u00e9sistant aux acides<\/li>\n<li>L'avant et l'arri\u00e8re sont accessibles \u00e0 l'\u00e9quipement standard de manutention du mat\u00e9riel.<\/li>\n<li>Ch\u00e2ssis con\u00e7u pour faciliter le chargement des batteries sur site<\/li>\n<li>Zone d\u00e9di\u00e9e aux connexions de sortie \u00e9lectrique et au c\u00e2blage<\/li>\n<li>Barre de bus DC pour la connexion parall\u00e8le des batteries et la sortie totale.<\/li>\n<li>Les batteries sont maintenues en place par des supports individuels, ce qui permet de les espacer et d'assurer une bonne circulation de l'air.<br \/>\nLarge gamme de temp\u00e9ratures gr\u00e2ce \u00e0 l'isolation interne en coton et au climatiseur en option.<\/li>\n<\/ul>","protected":false},"featured_media":1252,"comment_status":"open","ping_status":"closed","template":"","meta":[],"product_brand":[145],"product_cat":[56,68],"product_tag":[211,222],"class_list":{"0":"post-1250","1":"product","2":"type-product","3":"status-publish","4":"has-post-thumbnail","6":"product_brand-gotopower","7":"product_cat-wire-accessories","8":"product_cat-cabinet","9":"product_tag-cabinet","10":"product_tag-rack","12":"first","13":"instock","14":"shipping-taxable","15":"product-type-simple"},"_links":{"self":[{"href":"https:\/\/www.gotopess.com\/fr\/wp-json\/wp\/v2\/product\/1250","targetHints":{"allow":["GET"]}}],"collection":[{"href":"https:\/\/www.gotopess.com\/fr\/wp-json\/wp\/v2\/product"}],"about":[{"href":"https:\/\/www.gotopess.com\/fr\/wp-json\/wp\/v2\/types\/product"}],"replies":[{"embeddable":true,"href":"https:\/\/www.gotopess.com\/fr\/wp-json\/wp\/v2\/comments?post=1250"}],"wp:featuredmedia":[{"embeddable":true,"href":"https:\/\/www.gotopess.com\/fr\/wp-json\/wp\/v2\/media\/1252"}],"wp:attachment":[{"href":"https:\/\/www.gotopess.com\/fr\/wp-json\/wp\/v2\/media?parent=1250"}],"wp:term":[{"taxonomy":"product_brand","embeddable":true,"href":"https:\/\/www.gotopess.com\/fr\/wp-json\/wp\/v2\/product_brand?post=1250"},{"taxonomy":"product_cat","embeddable":true,"href":"https:\/\/www.gotopess.com\/fr\/wp-json\/wp\/v2\/product_cat?post=1250"},{"taxonomy":"product_tag","embeddable":true,"href":"https:\/\/www.gotopess.com\/fr\/wp-json\/wp\/v2\/product_tag?post=1250"}],"curies":[{"name":"wp","href":"https:\/\/api.w.org\/{rel}","templated":true}]}}