{"id":1472,"date":"2025-09-29T04:16:13","date_gmt":"2025-09-29T04:16:13","guid":{"rendered":"http:\/\/8.218.239.88\/?post_type=product&#038;p=1472"},"modified":"2025-10-17T01:47:55","modified_gmt":"2025-10-16T17:47:55","slug":"51-2v-200ah-gt-wall-box","status":"publish","type":"product","link":"https:\/\/www.gotopess.com\/fr\/produit\/51-2v-200ah-gt-wall-box\/","title":{"rendered":"51.2V 200Ah GT-WESS48200 LiFePO4 Battery Wall Box"},"content":{"rendered":"<p><img decoding=\"async\" class=\"aligncenter size-full wp-image-1941\" src=\"https:\/\/www.gotopess.com\/wp-content\/uploads\/2025\/09\/51.2V-200Ah-GT-WESS48200-LiFePO4-Battery-Wall-Box_0.webp\" alt=\"\" width=\"1358\" height=\"1920\" srcset=\"https:\/\/www.gotopess.com\/wp-content\/uploads\/2025\/09\/51.2V-200Ah-GT-WESS48200-LiFePO4-Battery-Wall-Box_0.webp 1358w, https:\/\/www.gotopess.com\/wp-content\/uploads\/2025\/09\/51.2V-200Ah-GT-WESS48200-LiFePO4-Battery-Wall-Box_0-283x400.webp 283w, https:\/\/www.gotopess.com\/wp-content\/uploads\/2025\/09\/51.2V-200Ah-GT-WESS48200-LiFePO4-Battery-Wall-Box_0-566x800.webp 566w, https:\/\/www.gotopess.com\/wp-content\/uploads\/2025\/09\/51.2V-200Ah-GT-WESS48200-LiFePO4-Battery-Wall-Box_0-768x1086.webp 768w, https:\/\/www.gotopess.com\/wp-content\/uploads\/2025\/09\/51.2V-200Ah-GT-WESS48200-LiFePO4-Battery-Wall-Box_0-1086x1536.webp 1086w, https:\/\/www.gotopess.com\/wp-content\/uploads\/2025\/09\/51.2V-200Ah-GT-WESS48200-LiFePO4-Battery-Wall-Box_0-8x12.webp 8w, https:\/\/www.gotopess.com\/wp-content\/uploads\/2025\/09\/51.2V-200Ah-GT-WESS48200-LiFePO4-Battery-Wall-Box_0-600x848.webp 600w\" sizes=\"(max-width: 1358px) 100vw, 1358px\" \/> <img decoding=\"async\" class=\"aligncenter size-full wp-image-1942\" src=\"https:\/\/www.gotopess.com\/wp-content\/uploads\/2025\/09\/51.2V-200Ah-GT-WESS48200-LiFePO4-Battery-Wall-Box_1.webp\" alt=\"\" width=\"1358\" height=\"1920\" srcset=\"https:\/\/www.gotopess.com\/wp-content\/uploads\/2025\/09\/51.2V-200Ah-GT-WESS48200-LiFePO4-Battery-Wall-Box_1.webp 1358w, https:\/\/www.gotopess.com\/wp-content\/uploads\/2025\/09\/51.2V-200Ah-GT-WESS48200-LiFePO4-Battery-Wall-Box_1-283x400.webp 283w, https:\/\/www.gotopess.com\/wp-content\/uploads\/2025\/09\/51.2V-200Ah-GT-WESS48200-LiFePO4-Battery-Wall-Box_1-566x800.webp 566w, https:\/\/www.gotopess.com\/wp-content\/uploads\/2025\/09\/51.2V-200Ah-GT-WESS48200-LiFePO4-Battery-Wall-Box_1-768x1086.webp 768w, https:\/\/www.gotopess.com\/wp-content\/uploads\/2025\/09\/51.2V-200Ah-GT-WESS48200-LiFePO4-Battery-Wall-Box_1-1086x1536.webp 1086w, https:\/\/www.gotopess.com\/wp-content\/uploads\/2025\/09\/51.2V-200Ah-GT-WESS48200-LiFePO4-Battery-Wall-Box_1-8x12.webp 8w, https:\/\/www.gotopess.com\/wp-content\/uploads\/2025\/09\/51.2V-200Ah-GT-WESS48200-LiFePO4-Battery-Wall-Box_1-600x848.webp 600w\" sizes=\"(max-width: 1358px) 100vw, 1358px\" \/><img decoding=\"async\" class=\"aligncenter size-full wp-image-1480\" src=\"https:\/\/www.gotopess.com\/wp-content\/uploads\/2025\/09\/51.2v200-2.jpg\" alt=\"\" width=\"1920\" height=\"1326\" srcset=\"https:\/\/www.gotopess.com\/wp-content\/uploads\/2025\/09\/51.2v200-2.jpg 1920w, https:\/\/www.gotopess.com\/wp-content\/uploads\/2025\/09\/51.2v200-2-579x400.jpg 579w, https:\/\/www.gotopess.com\/wp-content\/uploads\/2025\/09\/51.2v200-2-1158x800.jpg 1158w, https:\/\/www.gotopess.com\/wp-content\/uploads\/2025\/09\/51.2v200-2-768x530.jpg 768w, https:\/\/www.gotopess.com\/wp-content\/uploads\/2025\/09\/51.2v200-2-1536x1061.jpg 1536w, https:\/\/www.gotopess.com\/wp-content\/uploads\/2025\/09\/51.2v200-2-600x414.jpg 600w\" sizes=\"(max-width: 1920px) 100vw, 1920px\" \/> <img decoding=\"async\" class=\"aligncenter size-full wp-image-1481\" src=\"https:\/\/www.gotopess.com\/wp-content\/uploads\/2025\/09\/51.2v200-3.jpg\" alt=\"\" width=\"1920\" height=\"1326\" srcset=\"https:\/\/www.gotopess.com\/wp-content\/uploads\/2025\/09\/51.2v200-3.jpg 1920w, https:\/\/www.gotopess.com\/wp-content\/uploads\/2025\/09\/51.2v200-3-579x400.jpg 579w, https:\/\/www.gotopess.com\/wp-content\/uploads\/2025\/09\/51.2v200-3-1158x800.jpg 1158w, https:\/\/www.gotopess.com\/wp-content\/uploads\/2025\/09\/51.2v200-3-768x530.jpg 768w, https:\/\/www.gotopess.com\/wp-content\/uploads\/2025\/09\/51.2v200-3-1536x1061.jpg 1536w, https:\/\/www.gotopess.com\/wp-content\/uploads\/2025\/09\/51.2v200-3-600x414.jpg 600w\" sizes=\"(max-width: 1920px) 100vw, 1920px\" \/> <img decoding=\"async\" class=\"aligncenter size-full wp-image-1483\" src=\"https:\/\/www.gotopess.com\/wp-content\/uploads\/2025\/09\/51.2v200.548-1.jpg\" alt=\"\" width=\"1920\" height=\"1326\" srcset=\"https:\/\/www.gotopess.com\/wp-content\/uploads\/2025\/09\/51.2v200.548-1.jpg 1920w, https:\/\/www.gotopess.com\/wp-content\/uploads\/2025\/09\/51.2v200.548-1-579x400.jpg 579w, https:\/\/www.gotopess.com\/wp-content\/uploads\/2025\/09\/51.2v200.548-1-1158x800.jpg 1158w, https:\/\/www.gotopess.com\/wp-content\/uploads\/2025\/09\/51.2v200.548-1-768x530.jpg 768w, https:\/\/www.gotopess.com\/wp-content\/uploads\/2025\/09\/51.2v200.548-1-1536x1061.jpg 1536w, https:\/\/www.gotopess.com\/wp-content\/uploads\/2025\/09\/51.2v200.548-1-600x414.jpg 600w\" sizes=\"(max-width: 1920px) 100vw, 1920px\" \/> <img decoding=\"async\" class=\"aligncenter size-full wp-image-1484\" src=\"https:\/\/www.gotopess.com\/wp-content\/uploads\/2025\/09\/51.2v200.549-1.jpg\" alt=\"\" width=\"1920\" height=\"1326\" srcset=\"https:\/\/www.gotopess.com\/wp-content\/uploads\/2025\/09\/51.2v200.549-1.jpg 1920w, https:\/\/www.gotopess.com\/wp-content\/uploads\/2025\/09\/51.2v200.549-1-579x400.jpg 579w, https:\/\/www.gotopess.com\/wp-content\/uploads\/2025\/09\/51.2v200.549-1-1158x800.jpg 1158w, https:\/\/www.gotopess.com\/wp-content\/uploads\/2025\/09\/51.2v200.549-1-768x530.jpg 768w, https:\/\/www.gotopess.com\/wp-content\/uploads\/2025\/09\/51.2v200.549-1-1536x1061.jpg 1536w, https:\/\/www.gotopess.com\/wp-content\/uploads\/2025\/09\/51.2v200.549-1-600x414.jpg 600w\" sizes=\"(max-width: 1920px) 100vw, 1920px\" \/> <img decoding=\"async\" class=\"aligncenter size-full wp-image-1485\" src=\"https:\/\/www.gotopess.com\/wp-content\/uploads\/2025\/09\/51.2v200-1.jpg\" alt=\"\" width=\"1920\" height=\"1326\" srcset=\"https:\/\/www.gotopess.com\/wp-content\/uploads\/2025\/09\/51.2v200-1.jpg 1920w, https:\/\/www.gotopess.com\/wp-content\/uploads\/2025\/09\/51.2v200-1-579x400.jpg 579w, https:\/\/www.gotopess.com\/wp-content\/uploads\/2025\/09\/51.2v200-1-1158x800.jpg 1158w, https:\/\/www.gotopess.com\/wp-content\/uploads\/2025\/09\/51.2v200-1-768x530.jpg 768w, https:\/\/www.gotopess.com\/wp-content\/uploads\/2025\/09\/51.2v200-1-1536x1061.jpg 1536w, https:\/\/www.gotopess.com\/wp-content\/uploads\/2025\/09\/51.2v200-1-600x414.jpg 600w\" sizes=\"(max-width: 1920px) 100vw, 1920px\" \/><\/p>","protected":false},"excerpt":{"rendered":"<ul>\n<li>Construit pour un syst\u00e8me de stockage d'\u00e9nergie.<\/li>\n<li>lt fournit des batteries standard bien con\u00e7ues et tr\u00e8s performantes.<\/li>\n<li>La batterie est compacte, facile \u00e0 installer, sans entretien et peut \u00eatre install\u00e9e en parall\u00e8le dans le syst\u00e8me de stockage d'\u00e9nergie pour augmenter sa capacit\u00e9.<\/li>\n<li>Il est largement utilis\u00e9 dans les applications domestiques, les petits syst\u00e8mes de stockage d'\u00e9nergie commerciaux et industriels, etc.<\/li>\n<\/ul>","protected":false},"featured_media":1479,"comment_status":"open","ping_status":"closed","template":"","meta":[],"product_brand":[145],"product_cat":[35,263,264],"product_tag":[209,99,210,207,206,205,181,220],"class_list":{"0":"post-1472","1":"product","2":"type-product","3":"status-publish","4":"has-post-thumbnail","6":"product_brand-gotopower","7":"product_cat-lifepo4-battery-energy-storage-system","8":"product_cat-residential-energy-storage-system","9":"product_cat-wall-box-ess","10":"product_tag-all-in-one","11":"product_tag-battery","12":"product_tag-bms","13":"product_tag-commercial-ess","14":"product_tag-energy-storage","15":"product_tag-ess","16":"product_tag-lithium-battery","17":"product_tag-wall-box","19":"first","20":"instock","21":"downloadable","22":"shipping-taxable","23":"product-type-simple"},"_links":{"self":[{"href":"https:\/\/www.gotopess.com\/fr\/wp-json\/wp\/v2\/product\/1472","targetHints":{"allow":["GET"]}}],"collection":[{"href":"https:\/\/www.gotopess.com\/fr\/wp-json\/wp\/v2\/product"}],"about":[{"href":"https:\/\/www.gotopess.com\/fr\/wp-json\/wp\/v2\/types\/product"}],"replies":[{"embeddable":true,"href":"https:\/\/www.gotopess.com\/fr\/wp-json\/wp\/v2\/comments?post=1472"}],"wp:featuredmedia":[{"embeddable":true,"href":"https:\/\/www.gotopess.com\/fr\/wp-json\/wp\/v2\/media\/1479"}],"wp:attachment":[{"href":"https:\/\/www.gotopess.com\/fr\/wp-json\/wp\/v2\/media?parent=1472"}],"wp:term":[{"taxonomy":"product_brand","embeddable":true,"href":"https:\/\/www.gotopess.com\/fr\/wp-json\/wp\/v2\/product_brand?post=1472"},{"taxonomy":"product_cat","embeddable":true,"href":"https:\/\/www.gotopess.com\/fr\/wp-json\/wp\/v2\/product_cat?post=1472"},{"taxonomy":"product_tag","embeddable":true,"href":"https:\/\/www.gotopess.com\/fr\/wp-json\/wp\/v2\/product_tag?post=1472"}],"curies":[{"name":"wp","href":"https:\/\/api.w.org\/{rel}","templated":true}]}}