{"id":1497,"date":"2025-09-29T04:49:40","date_gmt":"2025-09-29T04:49:40","guid":{"rendered":"http:\/\/8.218.239.88\/?post_type=product&#038;p=1497"},"modified":"2025-10-17T17:33:18","modified_gmt":"2025-10-17T09:33:18","slug":"51-2v-150ah-gt-rack-lithium-battery","status":"publish","type":"product","link":"https:\/\/www.gotopess.com\/fr\/produit\/51-2v-150ah-gt-rack-lithium-battery-2\/","title":{"rendered":"Batterie lithium 51.2V 150Ah GT-ESS48150 Rack"},"content":{"rendered":"<p><img decoding=\"async\" class=\"aligncenter size-full wp-image-1928\" src=\"https:\/\/www.gotopess.com\/wp-content\/uploads\/2025\/09\/51.2V-150Ah-GT-ESS48150-Rack-Lithium-Battery_0.webp\" alt=\"\" width=\"1358\" height=\"1920\" srcset=\"https:\/\/www.gotopess.com\/wp-content\/uploads\/2025\/09\/51.2V-150Ah-GT-ESS48150-Rack-Lithium-Battery_0.webp 1358w, https:\/\/www.gotopess.com\/wp-content\/uploads\/2025\/09\/51.2V-150Ah-GT-ESS48150-Rack-Lithium-Battery_0-283x400.webp 283w, https:\/\/www.gotopess.com\/wp-content\/uploads\/2025\/09\/51.2V-150Ah-GT-ESS48150-Rack-Lithium-Battery_0-566x800.webp 566w, https:\/\/www.gotopess.com\/wp-content\/uploads\/2025\/09\/51.2V-150Ah-GT-ESS48150-Rack-Lithium-Battery_0-768x1086.webp 768w, https:\/\/www.gotopess.com\/wp-content\/uploads\/2025\/09\/51.2V-150Ah-GT-ESS48150-Rack-Lithium-Battery_0-1086x1536.webp 1086w, https:\/\/www.gotopess.com\/wp-content\/uploads\/2025\/09\/51.2V-150Ah-GT-ESS48150-Rack-Lithium-Battery_0-8x12.webp 8w, https:\/\/www.gotopess.com\/wp-content\/uploads\/2025\/09\/51.2V-150Ah-GT-ESS48150-Rack-Lithium-Battery_0-600x848.webp 600w\" sizes=\"(max-width: 1358px) 100vw, 1358px\" \/> <img decoding=\"async\" class=\"aligncenter size-full wp-image-1929\" src=\"https:\/\/www.gotopess.com\/wp-content\/uploads\/2025\/09\/51.2V-150Ah-GT-ESS48150-Rack-Lithium-Battery_1.webp\" alt=\"\" width=\"1358\" height=\"1920\" srcset=\"https:\/\/www.gotopess.com\/wp-content\/uploads\/2025\/09\/51.2V-150Ah-GT-ESS48150-Rack-Lithium-Battery_1.webp 1358w, https:\/\/www.gotopess.com\/wp-content\/uploads\/2025\/09\/51.2V-150Ah-GT-ESS48150-Rack-Lithium-Battery_1-283x400.webp 283w, https:\/\/www.gotopess.com\/wp-content\/uploads\/2025\/09\/51.2V-150Ah-GT-ESS48150-Rack-Lithium-Battery_1-566x800.webp 566w, https:\/\/www.gotopess.com\/wp-content\/uploads\/2025\/09\/51.2V-150Ah-GT-ESS48150-Rack-Lithium-Battery_1-768x1086.webp 768w, https:\/\/www.gotopess.com\/wp-content\/uploads\/2025\/09\/51.2V-150Ah-GT-ESS48150-Rack-Lithium-Battery_1-1086x1536.webp 1086w, https:\/\/www.gotopess.com\/wp-content\/uploads\/2025\/09\/51.2V-150Ah-GT-ESS48150-Rack-Lithium-Battery_1-8x12.webp 8w, https:\/\/www.gotopess.com\/wp-content\/uploads\/2025\/09\/51.2V-150Ah-GT-ESS48150-Rack-Lithium-Battery_1-600x848.webp 600w\" sizes=\"(max-width: 1358px) 100vw, 1358px\" \/><img decoding=\"async\" class=\"aligncenter size-full wp-image-1503\" src=\"https:\/\/www.gotopess.com\/wp-content\/uploads\/2025\/09\/51.2V-150Ah-GT-Stacked-Lithium-Battery1.jpg\" alt=\"\" width=\"1920\" height=\"1326\" srcset=\"https:\/\/www.gotopess.com\/wp-content\/uploads\/2025\/09\/51.2V-150Ah-GT-Stacked-Lithium-Battery1.jpg 1920w, https:\/\/www.gotopess.com\/wp-content\/uploads\/2025\/09\/51.2V-150Ah-GT-Stacked-Lithium-Battery1-579x400.jpg 579w, https:\/\/www.gotopess.com\/wp-content\/uploads\/2025\/09\/51.2V-150Ah-GT-Stacked-Lithium-Battery1-1158x800.jpg 1158w, https:\/\/www.gotopess.com\/wp-content\/uploads\/2025\/09\/51.2V-150Ah-GT-Stacked-Lithium-Battery1-768x530.jpg 768w, https:\/\/www.gotopess.com\/wp-content\/uploads\/2025\/09\/51.2V-150Ah-GT-Stacked-Lithium-Battery1-1536x1061.jpg 1536w, https:\/\/www.gotopess.com\/wp-content\/uploads\/2025\/09\/51.2V-150Ah-GT-Stacked-Lithium-Battery1-600x414.jpg 600w\" sizes=\"(max-width: 1920px) 100vw, 1920px\" \/> <img decoding=\"async\" class=\"aligncenter size-full wp-image-1504\" src=\"https:\/\/www.gotopess.com\/wp-content\/uploads\/2025\/09\/51.2V-150Ah-GT-Stacked-Lithium-Battery2-1.jpg\" alt=\"\" width=\"1920\" height=\"1326\" srcset=\"https:\/\/www.gotopess.com\/wp-content\/uploads\/2025\/09\/51.2V-150Ah-GT-Stacked-Lithium-Battery2-1.jpg 1920w, https:\/\/www.gotopess.com\/wp-content\/uploads\/2025\/09\/51.2V-150Ah-GT-Stacked-Lithium-Battery2-1-579x400.jpg 579w, https:\/\/www.gotopess.com\/wp-content\/uploads\/2025\/09\/51.2V-150Ah-GT-Stacked-Lithium-Battery2-1-1158x800.jpg 1158w, https:\/\/www.gotopess.com\/wp-content\/uploads\/2025\/09\/51.2V-150Ah-GT-Stacked-Lithium-Battery2-1-768x530.jpg 768w, https:\/\/www.gotopess.com\/wp-content\/uploads\/2025\/09\/51.2V-150Ah-GT-Stacked-Lithium-Battery2-1-1536x1061.jpg 1536w, https:\/\/www.gotopess.com\/wp-content\/uploads\/2025\/09\/51.2V-150Ah-GT-Stacked-Lithium-Battery2-1-600x414.jpg 600w\" sizes=\"(max-width: 1920px) 100vw, 1920px\" \/> <img decoding=\"async\" class=\"aligncenter size-full wp-image-1505\" src=\"https:\/\/www.gotopess.com\/wp-content\/uploads\/2025\/09\/51.2V-150Ah-GT-Stacked-Lithium-Battery3-1.jpg\" alt=\"\" width=\"1920\" height=\"1326\" srcset=\"https:\/\/www.gotopess.com\/wp-content\/uploads\/2025\/09\/51.2V-150Ah-GT-Stacked-Lithium-Battery3-1.jpg 1920w, https:\/\/www.gotopess.com\/wp-content\/uploads\/2025\/09\/51.2V-150Ah-GT-Stacked-Lithium-Battery3-1-579x400.jpg 579w, https:\/\/www.gotopess.com\/wp-content\/uploads\/2025\/09\/51.2V-150Ah-GT-Stacked-Lithium-Battery3-1-1158x800.jpg 1158w, https:\/\/www.gotopess.com\/wp-content\/uploads\/2025\/09\/51.2V-150Ah-GT-Stacked-Lithium-Battery3-1-768x530.jpg 768w, https:\/\/www.gotopess.com\/wp-content\/uploads\/2025\/09\/51.2V-150Ah-GT-Stacked-Lithium-Battery3-1-1536x1061.jpg 1536w, https:\/\/www.gotopess.com\/wp-content\/uploads\/2025\/09\/51.2V-150Ah-GT-Stacked-Lithium-Battery3-1-600x414.jpg 600w\" sizes=\"(max-width: 1920px) 100vw, 1920px\" \/> <img decoding=\"async\" class=\"aligncenter size-full wp-image-1506\" src=\"https:\/\/www.gotopess.com\/wp-content\/uploads\/2025\/09\/51.2V-150Ah-GT-Stacked-Lithium-Battery4-1.jpg\" alt=\"\" width=\"1920\" height=\"1326\" srcset=\"https:\/\/www.gotopess.com\/wp-content\/uploads\/2025\/09\/51.2V-150Ah-GT-Stacked-Lithium-Battery4-1.jpg 1920w, https:\/\/www.gotopess.com\/wp-content\/uploads\/2025\/09\/51.2V-150Ah-GT-Stacked-Lithium-Battery4-1-579x400.jpg 579w, https:\/\/www.gotopess.com\/wp-content\/uploads\/2025\/09\/51.2V-150Ah-GT-Stacked-Lithium-Battery4-1-1158x800.jpg 1158w, https:\/\/www.gotopess.com\/wp-content\/uploads\/2025\/09\/51.2V-150Ah-GT-Stacked-Lithium-Battery4-1-768x530.jpg 768w, https:\/\/www.gotopess.com\/wp-content\/uploads\/2025\/09\/51.2V-150Ah-GT-Stacked-Lithium-Battery4-1-1536x1061.jpg 1536w, https:\/\/www.gotopess.com\/wp-content\/uploads\/2025\/09\/51.2V-150Ah-GT-Stacked-Lithium-Battery4-1-600x414.jpg 600w\" sizes=\"(max-width: 1920px) 100vw, 1920px\" \/> <img decoding=\"async\" class=\"aligncenter size-full wp-image-1507\" src=\"https:\/\/www.gotopess.com\/wp-content\/uploads\/2025\/09\/51.2V-150Ah-GT-Stacked-Lithium-Battery5.jpg\" alt=\"\" width=\"1920\" height=\"1326\" srcset=\"https:\/\/www.gotopess.com\/wp-content\/uploads\/2025\/09\/51.2V-150Ah-GT-Stacked-Lithium-Battery5.jpg 1920w, https:\/\/www.gotopess.com\/wp-content\/uploads\/2025\/09\/51.2V-150Ah-GT-Stacked-Lithium-Battery5-579x400.jpg 579w, https:\/\/www.gotopess.com\/wp-content\/uploads\/2025\/09\/51.2V-150Ah-GT-Stacked-Lithium-Battery5-1158x800.jpg 1158w, https:\/\/www.gotopess.com\/wp-content\/uploads\/2025\/09\/51.2V-150Ah-GT-Stacked-Lithium-Battery5-768x530.jpg 768w, https:\/\/www.gotopess.com\/wp-content\/uploads\/2025\/09\/51.2V-150Ah-GT-Stacked-Lithium-Battery5-1536x1061.jpg 1536w, https:\/\/www.gotopess.com\/wp-content\/uploads\/2025\/09\/51.2V-150Ah-GT-Stacked-Lithium-Battery5-600x414.jpg 600w\" sizes=\"(max-width: 1920px) 100vw, 1920px\" \/><\/p>","protected":false},"excerpt":{"rendered":"<p><strong>Born for Home Storage, la solution \u00e9nerg\u00e9tique la plus rentable pour votre maison et hors r\u00e9seau<\/strong><\/p>\n<ul>\n<li><strong>Ch\u00e2ssis 3U, facile \u00e0 installer<\/strong>: Branchez directement dans une armoire de rack de serveur 3U ou utilisez le composant d'empilage personnalis\u00e9 LiTime.<\/li>\n<li><strong>\u00c9cran tactile intelligent de 3,5 pouces et indicateurs LED<\/strong>Les voyants lumineux peuvent indiquer l'\u00e9tat de charge de la batterie, les alarmes et l'\u00e9tat de fonctionnement de l'appareil. Les voyants LED indiquent l'\u00e9tat de la batterie, les alarmes et l'\u00e9tat de fonctionnement.<\/li>\n<li><strong>Logement SPCC<\/strong>Les caract\u00e9ristiques de la batterie : un bo\u00eetier robuste et durable et une meilleure dissipation de la chaleur.<\/li>\n<li><strong>Cellules LiFePO4 sup\u00e9rieures de qualit\u00e9 EV<\/strong>La batterie est compos\u00e9e de cellules LiFePO4 de qualit\u00e9 EV, plus l\u00e9g\u00e8res, plus s\u00fbres et plus efficaces, 4000+ cycles @100%DOD et 10+ ann\u00e9es de dur\u00e9e de vie de la batterie.<\/li>\n<li><strong>7,68 kWh de haute \u00e9nergie et 5,12 kW de charge \u00e9lectrique<\/strong>: une est \u00e9quivalente \u00e0 5*12V100Ah batteries au lithium<\/li>\n<li><strong>Max. 16 en parall\u00e8le<\/strong>: atteindre 81,92kWh d'\u00e9nergie d'expansion<\/li>\n<li><strong>Une communication forte<\/strong>Le syst\u00e8me est compatible avec le bus CAN\/RS485, compatible avec la plupart des chargeurs d'onduleurs solaires du march\u00e9, tels que LiTime, Victron, SMA, DEYE, GoodWe et Growatt.<\/li>\n<\/ul>","protected":false},"featured_media":1677,"comment_status":"open","ping_status":"closed","template":"","meta":[],"product_brand":[145],"product_cat":[35,263,266],"product_tag":[207,206,205,181,222,221],"class_list":{"0":"post-1497","1":"product","2":"type-product","3":"status-publish","4":"has-post-thumbnail","6":"product_brand-gotopower","7":"product_cat-lifepo4-battery-energy-storage-system","8":"product_cat-residential-energy-storage-system","9":"product_cat-rack-mounted-ess","10":"product_tag-commercial-ess","11":"product_tag-energy-storage","12":"product_tag-ess","13":"product_tag-lithium-battery","14":"product_tag-rack","15":"product_tag-stack","17":"first","18":"instock","19":"downloadable","20":"shipping-taxable","21":"product-type-simple"},"_links":{"self":[{"href":"https:\/\/www.gotopess.com\/fr\/wp-json\/wp\/v2\/product\/1497","targetHints":{"allow":["GET"]}}],"collection":[{"href":"https:\/\/www.gotopess.com\/fr\/wp-json\/wp\/v2\/product"}],"about":[{"href":"https:\/\/www.gotopess.com\/fr\/wp-json\/wp\/v2\/types\/product"}],"replies":[{"embeddable":true,"href":"https:\/\/www.gotopess.com\/fr\/wp-json\/wp\/v2\/comments?post=1497"}],"wp:featuredmedia":[{"embeddable":true,"href":"https:\/\/www.gotopess.com\/fr\/wp-json\/wp\/v2\/media\/1677"}],"wp:attachment":[{"href":"https:\/\/www.gotopess.com\/fr\/wp-json\/wp\/v2\/media?parent=1497"}],"wp:term":[{"taxonomy":"product_brand","embeddable":true,"href":"https:\/\/www.gotopess.com\/fr\/wp-json\/wp\/v2\/product_brand?post=1497"},{"taxonomy":"product_cat","embeddable":true,"href":"https:\/\/www.gotopess.com\/fr\/wp-json\/wp\/v2\/product_cat?post=1497"},{"taxonomy":"product_tag","embeddable":true,"href":"https:\/\/www.gotopess.com\/fr\/wp-json\/wp\/v2\/product_tag?post=1497"}],"curies":[{"name":"wp","href":"https:\/\/api.w.org\/{rel}","templated":true}]}}