{"id":1612,"date":"2025-10-02T09:51:11","date_gmt":"2025-10-02T09:51:11","guid":{"rendered":"http:\/\/8.218.239.88\/?post_type=product&#038;p=1612"},"modified":"2025-10-20T16:53:30","modified_gmt":"2025-10-20T08:53:30","slug":"48v-100ah-golf-cart-bluetooth-lithium-battery","status":"publish","type":"product","link":"https:\/\/www.gotopess.com\/fr\/produit\/48v-100ah-golf-cart-bluetooth-batterie-lithium-2\/","title":{"rendered":"Batterie Lithium 48V 100Ah pour chariot de golf Bluetooth"},"content":{"rendered":"<p style=\"text-align: center;\"><iframe title=\"Lecteur vid\u00e9o YouTube\" src=\"https:\/\/www.youtube.com\/embed\/u7LkOzMbkSM?si=vVy7k_5YkSndMCUr\" width=\"800\" height=\"400\" frameborder=\"0\" allowfullscreen=\"allowfullscreen\"><span data-mce-type=\"bookmark\" style=\"display: inline-block; width: 0px; overflow: hidden; line-height: 0;\" class=\"mce_SELRES_start\"><\/span><span data-mce-type=\"bookmark\" style=\"display: inline-block; width: 0px; overflow: hidden; line-height: 0;\" class=\"mce_SELRES_start\"><\/span><span data-mce-type=\"bookmark\" style=\"display: inline-block; width: 0px; overflow: hidden; line-height: 0;\" class=\"mce_SELRES_start\"><\/span><span data-mce-type=\"bookmark\" style=\"display: inline-block; width: 0px; overflow: hidden; line-height: 0;\" class=\"mce_SELRES_start\"><\/span><\/iframe><\/p>\n<p><img decoding=\"async\" class=\"aligncenter size-full wp-image-1613\" src=\"https:\/\/www.gotopess.com\/wp-content\/uploads\/2025\/10\/48V-100Ah-Golf-Cart-Bluetooth-Lithium-Battery1.webp\" alt=\"\" width=\"1920\" height=\"787\" srcset=\"https:\/\/www.gotopess.com\/wp-content\/uploads\/2025\/10\/48V-100Ah-Golf-Cart-Bluetooth-Lithium-Battery1.webp 1920w, https:\/\/www.gotopess.com\/wp-content\/uploads\/2025\/10\/48V-100Ah-Golf-Cart-Bluetooth-Lithium-Battery1-800x328.webp 800w, https:\/\/www.gotopess.com\/wp-content\/uploads\/2025\/10\/48V-100Ah-Golf-Cart-Bluetooth-Lithium-Battery1-1400x574.webp 1400w, https:\/\/www.gotopess.com\/wp-content\/uploads\/2025\/10\/48V-100Ah-Golf-Cart-Bluetooth-Lithium-Battery1-768x315.webp 768w, https:\/\/www.gotopess.com\/wp-content\/uploads\/2025\/10\/48V-100Ah-Golf-Cart-Bluetooth-Lithium-Battery1-1536x630.webp 1536w, https:\/\/www.gotopess.com\/wp-content\/uploads\/2025\/10\/48V-100Ah-Golf-Cart-Bluetooth-Lithium-Battery1-18x7.webp 18w, https:\/\/www.gotopess.com\/wp-content\/uploads\/2025\/10\/48V-100Ah-Golf-Cart-Bluetooth-Lithium-Battery1-600x246.webp 600w\" sizes=\"(max-width: 1920px) 100vw, 1920px\" \/> <img decoding=\"async\" class=\"aligncenter size-full wp-image-1614\" src=\"https:\/\/www.gotopess.com\/wp-content\/uploads\/2025\/10\/48V-100Ah-Golf-Cart-Bluetooth-Lithium-Battery2.webp\" alt=\"\" width=\"1920\" height=\"787\" srcset=\"https:\/\/www.gotopess.com\/wp-content\/uploads\/2025\/10\/48V-100Ah-Golf-Cart-Bluetooth-Lithium-Battery2.webp 1920w, https:\/\/www.gotopess.com\/wp-content\/uploads\/2025\/10\/48V-100Ah-Golf-Cart-Bluetooth-Lithium-Battery2-800x328.webp 800w, https:\/\/www.gotopess.com\/wp-content\/uploads\/2025\/10\/48V-100Ah-Golf-Cart-Bluetooth-Lithium-Battery2-1400x574.webp 1400w, https:\/\/www.gotopess.com\/wp-content\/uploads\/2025\/10\/48V-100Ah-Golf-Cart-Bluetooth-Lithium-Battery2-768x315.webp 768w, https:\/\/www.gotopess.com\/wp-content\/uploads\/2025\/10\/48V-100Ah-Golf-Cart-Bluetooth-Lithium-Battery2-1536x630.webp 1536w, https:\/\/www.gotopess.com\/wp-content\/uploads\/2025\/10\/48V-100Ah-Golf-Cart-Bluetooth-Lithium-Battery2-18x7.webp 18w, https:\/\/www.gotopess.com\/wp-content\/uploads\/2025\/10\/48V-100Ah-Golf-Cart-Bluetooth-Lithium-Battery2-600x246.webp 600w\" sizes=\"(max-width: 1920px) 100vw, 1920px\" \/> <img decoding=\"async\" class=\"aligncenter size-full wp-image-1615\" src=\"https:\/\/www.gotopess.com\/wp-content\/uploads\/2025\/10\/48V-100Ah-Golf-Cart-Bluetooth-Lithium-Battery3.webp\" alt=\"\" width=\"1920\" height=\"787\" srcset=\"https:\/\/www.gotopess.com\/wp-content\/uploads\/2025\/10\/48V-100Ah-Golf-Cart-Bluetooth-Lithium-Battery3.webp 1920w, https:\/\/www.gotopess.com\/wp-content\/uploads\/2025\/10\/48V-100Ah-Golf-Cart-Bluetooth-Lithium-Battery3-800x328.webp 800w, https:\/\/www.gotopess.com\/wp-content\/uploads\/2025\/10\/48V-100Ah-Golf-Cart-Bluetooth-Lithium-Battery3-1400x574.webp 1400w, https:\/\/www.gotopess.com\/wp-content\/uploads\/2025\/10\/48V-100Ah-Golf-Cart-Bluetooth-Lithium-Battery3-768x315.webp 768w, https:\/\/www.gotopess.com\/wp-content\/uploads\/2025\/10\/48V-100Ah-Golf-Cart-Bluetooth-Lithium-Battery3-1536x630.webp 1536w, https:\/\/www.gotopess.com\/wp-content\/uploads\/2025\/10\/48V-100Ah-Golf-Cart-Bluetooth-Lithium-Battery3-18x7.webp 18w, https:\/\/www.gotopess.com\/wp-content\/uploads\/2025\/10\/48V-100Ah-Golf-Cart-Bluetooth-Lithium-Battery3-600x246.webp 600w\" sizes=\"(max-width: 1920px) 100vw, 1920px\" \/> <img decoding=\"async\" class=\"aligncenter size-full wp-image-1616\" src=\"https:\/\/www.gotopess.com\/wp-content\/uploads\/2025\/10\/48V-100Ah-Golf-Cart-Bluetooth-Lithium-Battery4.webp\" alt=\"\" width=\"1920\" height=\"787\" srcset=\"https:\/\/www.gotopess.com\/wp-content\/uploads\/2025\/10\/48V-100Ah-Golf-Cart-Bluetooth-Lithium-Battery4.webp 1920w, https:\/\/www.gotopess.com\/wp-content\/uploads\/2025\/10\/48V-100Ah-Golf-Cart-Bluetooth-Lithium-Battery4-800x328.webp 800w, https:\/\/www.gotopess.com\/wp-content\/uploads\/2025\/10\/48V-100Ah-Golf-Cart-Bluetooth-Lithium-Battery4-1400x574.webp 1400w, https:\/\/www.gotopess.com\/wp-content\/uploads\/2025\/10\/48V-100Ah-Golf-Cart-Bluetooth-Lithium-Battery4-768x315.webp 768w, https:\/\/www.gotopess.com\/wp-content\/uploads\/2025\/10\/48V-100Ah-Golf-Cart-Bluetooth-Lithium-Battery4-1536x630.webp 1536w, https:\/\/www.gotopess.com\/wp-content\/uploads\/2025\/10\/48V-100Ah-Golf-Cart-Bluetooth-Lithium-Battery4-18x7.webp 18w, https:\/\/www.gotopess.com\/wp-content\/uploads\/2025\/10\/48V-100Ah-Golf-Cart-Bluetooth-Lithium-Battery4-600x246.webp 600w\" sizes=\"(max-width: 1920px) 100vw, 1920px\" \/> <img decoding=\"async\" class=\"aligncenter size-full wp-image-1617\" src=\"https:\/\/www.gotopess.com\/wp-content\/uploads\/2025\/10\/48V-100Ah-Golf-Cart-Bluetooth-Lithium-Battery5.webp\" alt=\"\" width=\"1920\" height=\"787\" srcset=\"https:\/\/www.gotopess.com\/wp-content\/uploads\/2025\/10\/48V-100Ah-Golf-Cart-Bluetooth-Lithium-Battery5.webp 1920w, https:\/\/www.gotopess.com\/wp-content\/uploads\/2025\/10\/48V-100Ah-Golf-Cart-Bluetooth-Lithium-Battery5-800x328.webp 800w, https:\/\/www.gotopess.com\/wp-content\/uploads\/2025\/10\/48V-100Ah-Golf-Cart-Bluetooth-Lithium-Battery5-1400x574.webp 1400w, https:\/\/www.gotopess.com\/wp-content\/uploads\/2025\/10\/48V-100Ah-Golf-Cart-Bluetooth-Lithium-Battery5-768x315.webp 768w, https:\/\/www.gotopess.com\/wp-content\/uploads\/2025\/10\/48V-100Ah-Golf-Cart-Bluetooth-Lithium-Battery5-1536x630.webp 1536w, https:\/\/www.gotopess.com\/wp-content\/uploads\/2025\/10\/48V-100Ah-Golf-Cart-Bluetooth-Lithium-Battery5-18x7.webp 18w, https:\/\/www.gotopess.com\/wp-content\/uploads\/2025\/10\/48V-100Ah-Golf-Cart-Bluetooth-Lithium-Battery5-600x246.webp 600w\" sizes=\"(max-width: 1920px) 100vw, 1920px\" \/> <img decoding=\"async\" class=\"aligncenter size-full wp-image-1618\" src=\"https:\/\/www.gotopess.com\/wp-content\/uploads\/2025\/10\/48V-100Ah-Golf-Cart-Bluetooth-Lithium-Battery6.webp\" alt=\"\" width=\"1920\" height=\"787\" srcset=\"https:\/\/www.gotopess.com\/wp-content\/uploads\/2025\/10\/48V-100Ah-Golf-Cart-Bluetooth-Lithium-Battery6.webp 1920w, https:\/\/www.gotopess.com\/wp-content\/uploads\/2025\/10\/48V-100Ah-Golf-Cart-Bluetooth-Lithium-Battery6-800x328.webp 800w, https:\/\/www.gotopess.com\/wp-content\/uploads\/2025\/10\/48V-100Ah-Golf-Cart-Bluetooth-Lithium-Battery6-1400x574.webp 1400w, https:\/\/www.gotopess.com\/wp-content\/uploads\/2025\/10\/48V-100Ah-Golf-Cart-Bluetooth-Lithium-Battery6-768x315.webp 768w, https:\/\/www.gotopess.com\/wp-content\/uploads\/2025\/10\/48V-100Ah-Golf-Cart-Bluetooth-Lithium-Battery6-1536x630.webp 1536w, https:\/\/www.gotopess.com\/wp-content\/uploads\/2025\/10\/48V-100Ah-Golf-Cart-Bluetooth-Lithium-Battery6-18x7.webp 18w, https:\/\/www.gotopess.com\/wp-content\/uploads\/2025\/10\/48V-100Ah-Golf-Cart-Bluetooth-Lithium-Battery6-600x246.webp 600w\" sizes=\"(max-width: 1920px) 100vw, 1920px\" \/> <img decoding=\"async\" class=\"aligncenter size-full wp-image-1619\" src=\"https:\/\/www.gotopess.com\/wp-content\/uploads\/2025\/10\/48V-100Ah-Golf-Cart-Bluetooth-Lithium-Battery8.webp\" alt=\"\" width=\"1920\" height=\"787\" srcset=\"https:\/\/www.gotopess.com\/wp-content\/uploads\/2025\/10\/48V-100Ah-Golf-Cart-Bluetooth-Lithium-Battery8.webp 1920w, https:\/\/www.gotopess.com\/wp-content\/uploads\/2025\/10\/48V-100Ah-Golf-Cart-Bluetooth-Lithium-Battery8-800x328.webp 800w, https:\/\/www.gotopess.com\/wp-content\/uploads\/2025\/10\/48V-100Ah-Golf-Cart-Bluetooth-Lithium-Battery8-1400x574.webp 1400w, https:\/\/www.gotopess.com\/wp-content\/uploads\/2025\/10\/48V-100Ah-Golf-Cart-Bluetooth-Lithium-Battery8-768x315.webp 768w, https:\/\/www.gotopess.com\/wp-content\/uploads\/2025\/10\/48V-100Ah-Golf-Cart-Bluetooth-Lithium-Battery8-1536x630.webp 1536w, https:\/\/www.gotopess.com\/wp-content\/uploads\/2025\/10\/48V-100Ah-Golf-Cart-Bluetooth-Lithium-Battery8-18x7.webp 18w, https:\/\/www.gotopess.com\/wp-content\/uploads\/2025\/10\/48V-100Ah-Golf-Cart-Bluetooth-Lithium-Battery8-600x246.webp 600w\" sizes=\"(max-width: 1920px) 100vw, 1920px\" \/> <img decoding=\"async\" class=\"aligncenter size-full wp-image-1620\" src=\"https:\/\/www.gotopess.com\/wp-content\/uploads\/2025\/10\/48V-100Ah-Golf-Cart-Bluetooth-Lithium-Battery7.webp\" alt=\"\" width=\"1920\" height=\"787\" srcset=\"https:\/\/www.gotopess.com\/wp-content\/uploads\/2025\/10\/48V-100Ah-Golf-Cart-Bluetooth-Lithium-Battery7.webp 1920w, https:\/\/www.gotopess.com\/wp-content\/uploads\/2025\/10\/48V-100Ah-Golf-Cart-Bluetooth-Lithium-Battery7-800x328.webp 800w, https:\/\/www.gotopess.com\/wp-content\/uploads\/2025\/10\/48V-100Ah-Golf-Cart-Bluetooth-Lithium-Battery7-1400x574.webp 1400w, https:\/\/www.gotopess.com\/wp-content\/uploads\/2025\/10\/48V-100Ah-Golf-Cart-Bluetooth-Lithium-Battery7-768x315.webp 768w, https:\/\/www.gotopess.com\/wp-content\/uploads\/2025\/10\/48V-100Ah-Golf-Cart-Bluetooth-Lithium-Battery7-1536x630.webp 1536w, https:\/\/www.gotopess.com\/wp-content\/uploads\/2025\/10\/48V-100Ah-Golf-Cart-Bluetooth-Lithium-Battery7-18x7.webp 18w, https:\/\/www.gotopess.com\/wp-content\/uploads\/2025\/10\/48V-100Ah-Golf-Cart-Bluetooth-Lithium-Battery7-600x246.webp 600w\" sizes=\"(max-width: 1920px) 100vw, 1920px\" \/> <img decoding=\"async\" class=\"aligncenter size-full wp-image-1621\" src=\"https:\/\/www.gotopess.com\/wp-content\/uploads\/2025\/10\/48V-100Ah-Golf-Cart-Bluetooth-Lithium-Battery9.webp\" alt=\"\" width=\"1920\" height=\"787\" srcset=\"https:\/\/www.gotopess.com\/wp-content\/uploads\/2025\/10\/48V-100Ah-Golf-Cart-Bluetooth-Lithium-Battery9.webp 1920w, https:\/\/www.gotopess.com\/wp-content\/uploads\/2025\/10\/48V-100Ah-Golf-Cart-Bluetooth-Lithium-Battery9-800x328.webp 800w, https:\/\/www.gotopess.com\/wp-content\/uploads\/2025\/10\/48V-100Ah-Golf-Cart-Bluetooth-Lithium-Battery9-1400x574.webp 1400w, https:\/\/www.gotopess.com\/wp-content\/uploads\/2025\/10\/48V-100Ah-Golf-Cart-Bluetooth-Lithium-Battery9-768x315.webp 768w, https:\/\/www.gotopess.com\/wp-content\/uploads\/2025\/10\/48V-100Ah-Golf-Cart-Bluetooth-Lithium-Battery9-1536x630.webp 1536w, https:\/\/www.gotopess.com\/wp-content\/uploads\/2025\/10\/48V-100Ah-Golf-Cart-Bluetooth-Lithium-Battery9-18x7.webp 18w, https:\/\/www.gotopess.com\/wp-content\/uploads\/2025\/10\/48V-100Ah-Golf-Cart-Bluetooth-Lithium-Battery9-600x246.webp 600w\" sizes=\"(max-width: 1920px) 100vw, 1920px\" \/> <img decoding=\"async\" class=\"aligncenter size-full wp-image-1622\" src=\"https:\/\/www.gotopess.com\/wp-content\/uploads\/2025\/10\/48V-100Ah-Golf-Cart-Bluetooth-Lithium-Battery10.webp\" alt=\"\" width=\"1920\" height=\"787\" srcset=\"https:\/\/www.gotopess.com\/wp-content\/uploads\/2025\/10\/48V-100Ah-Golf-Cart-Bluetooth-Lithium-Battery10.webp 1920w, https:\/\/www.gotopess.com\/wp-content\/uploads\/2025\/10\/48V-100Ah-Golf-Cart-Bluetooth-Lithium-Battery10-800x328.webp 800w, https:\/\/www.gotopess.com\/wp-content\/uploads\/2025\/10\/48V-100Ah-Golf-Cart-Bluetooth-Lithium-Battery10-1400x574.webp 1400w, https:\/\/www.gotopess.com\/wp-content\/uploads\/2025\/10\/48V-100Ah-Golf-Cart-Bluetooth-Lithium-Battery10-768x315.webp 768w, https:\/\/www.gotopess.com\/wp-content\/uploads\/2025\/10\/48V-100Ah-Golf-Cart-Bluetooth-Lithium-Battery10-1536x630.webp 1536w, https:\/\/www.gotopess.com\/wp-content\/uploads\/2025\/10\/48V-100Ah-Golf-Cart-Bluetooth-Lithium-Battery10-18x7.webp 18w, https:\/\/www.gotopess.com\/wp-content\/uploads\/2025\/10\/48V-100Ah-Golf-Cart-Bluetooth-Lithium-Battery10-600x246.webp 600w\" sizes=\"(max-width: 1920px) 100vw, 1920px\" \/> <img decoding=\"async\" class=\"aligncenter size-full wp-image-1623\" src=\"https:\/\/www.gotopess.com\/wp-content\/uploads\/2025\/10\/48V-100Ah-Golf-Cart-Bluetooth-Lithium-Battery11.webp\" alt=\"\" width=\"1920\" height=\"787\" srcset=\"https:\/\/www.gotopess.com\/wp-content\/uploads\/2025\/10\/48V-100Ah-Golf-Cart-Bluetooth-Lithium-Battery11.webp 1920w, https:\/\/www.gotopess.com\/wp-content\/uploads\/2025\/10\/48V-100Ah-Golf-Cart-Bluetooth-Lithium-Battery11-800x328.webp 800w, https:\/\/www.gotopess.com\/wp-content\/uploads\/2025\/10\/48V-100Ah-Golf-Cart-Bluetooth-Lithium-Battery11-1400x574.webp 1400w, https:\/\/www.gotopess.com\/wp-content\/uploads\/2025\/10\/48V-100Ah-Golf-Cart-Bluetooth-Lithium-Battery11-768x315.webp 768w, https:\/\/www.gotopess.com\/wp-content\/uploads\/2025\/10\/48V-100Ah-Golf-Cart-Bluetooth-Lithium-Battery11-1536x630.webp 1536w, https:\/\/www.gotopess.com\/wp-content\/uploads\/2025\/10\/48V-100Ah-Golf-Cart-Bluetooth-Lithium-Battery11-18x7.webp 18w, https:\/\/www.gotopess.com\/wp-content\/uploads\/2025\/10\/48V-100Ah-Golf-Cart-Bluetooth-Lithium-Battery11-600x246.webp 600w\" sizes=\"(max-width: 1920px) 100vw, 1920px\" \/><\/p>","protected":false},"excerpt":{"rendered":"<p>N\u00e9 pour les voiturettes de golf, les v\u00e9hicules routiers l\u00e9gaux, les moteurs hors-bord \u00e9lectriques, les hangars \u00e0 bateaux, l'alimentation de secours \u00e0 domicile, etc.<\/p>\n<ul>\n<li>Cellules LiFePO4 EV Grade A : supportent 4000+ cycles @100%DOD<\/li>\n<li>Smart Bluetooth 5.0\uff1afonctions d'auto-connexion, de contr\u00f4le intelligent, de surveillance de l'\u00e9tat de la batterie<\/li>\n<li>Max 4P : construire un 51.2V 400Ah pour lib\u00e9rer 20.48kWh d'\u00e9nergie<\/li>\n<li>5120Wh Energy : parcourt 40~47 miles \u00e0 pleine charge<\/li>\n<li>Protection contre la coupure \u00e0 basse temp\u00e9rature : emp\u00eachant la charge en dessous de 32\u2109 pour prot\u00e9ger la batterie et prolonger sa dur\u00e9e de vie.<\/li>\n<li>Smart BMS : plus de 20 protections et avertissements ; protection contre les surcharges avec r\u00e9cup\u00e9ration automatique ; protection contre le brouillard salin.<\/li>\n<\/ul>","protected":false},"featured_media":1624,"comment_status":"open","ping_status":"closed","template":"","meta":[],"product_brand":[145],"product_cat":[45,83,150],"product_tag":[101,103,205,105,183,181,184,102],"class_list":{"0":"post-1612","1":"product","2":"type-product","3":"status-publish","4":"has-post-thumbnail","6":"product_brand-gotopower","7":"product_cat-lifepo4-battery","8":"product_cat-lithium-lifepo4-battery","9":"product_cat-48v-lifepo4-battery","10":"product_tag-bluetooth","11":"product_tag-boat","12":"product_tag-ess","13":"product_tag-golf-cart","14":"product_tag-home","15":"product_tag-lithium-battery","16":"product_tag-off-grid","17":"product_tag-trolling-motor","19":"first","20":"instock","21":"downloadable","22":"shipping-taxable","23":"product-type-simple"},"_links":{"self":[{"href":"https:\/\/www.gotopess.com\/fr\/wp-json\/wp\/v2\/product\/1612","targetHints":{"allow":["GET"]}}],"collection":[{"href":"https:\/\/www.gotopess.com\/fr\/wp-json\/wp\/v2\/product"}],"about":[{"href":"https:\/\/www.gotopess.com\/fr\/wp-json\/wp\/v2\/types\/product"}],"replies":[{"embeddable":true,"href":"https:\/\/www.gotopess.com\/fr\/wp-json\/wp\/v2\/comments?post=1612"}],"wp:featuredmedia":[{"embeddable":true,"href":"https:\/\/www.gotopess.com\/fr\/wp-json\/wp\/v2\/media\/1624"}],"wp:attachment":[{"href":"https:\/\/www.gotopess.com\/fr\/wp-json\/wp\/v2\/media?parent=1612"}],"wp:term":[{"taxonomy":"product_brand","embeddable":true,"href":"https:\/\/www.gotopess.com\/fr\/wp-json\/wp\/v2\/product_brand?post=1612"},{"taxonomy":"product_cat","embeddable":true,"href":"https:\/\/www.gotopess.com\/fr\/wp-json\/wp\/v2\/product_cat?post=1612"},{"taxonomy":"product_tag","embeddable":true,"href":"https:\/\/www.gotopess.com\/fr\/wp-json\/wp\/v2\/product_tag?post=1612"}],"curies":[{"name":"wp","href":"https:\/\/api.w.org\/{rel}","templated":true}]}}