{"id":1648,"date":"2025-10-01T04:34:10","date_gmt":"2025-10-01T04:34:10","guid":{"rendered":"http:\/\/8.218.239.88\/?post_type=product&#038;p=1648"},"modified":"2025-10-18T14:44:45","modified_gmt":"2025-10-18T06:44:45","slug":"portable-power-station-x600","status":"publish","type":"product","link":"https:\/\/www.gotopess.com\/fr\/produit\/station-dalimentation-portable-x600-copie-2\/","title":{"rendered":"Centrale \u00e9lectrique portable X600"},"content":{"rendered":"<p><img decoding=\"async\" class=\"aligncenter size-full wp-image-1667\" src=\"https:\/\/www.gotopess.com\/wp-content\/uploads\/2025\/10\/Portable-Power-Station-X600-1.jpg\" alt=\"\" width=\"1920\" height=\"961\" srcset=\"https:\/\/www.gotopess.com\/wp-content\/uploads\/2025\/10\/Portable-Power-Station-X600-1.jpg 1920w, https:\/\/www.gotopess.com\/wp-content\/uploads\/2025\/10\/Portable-Power-Station-X600-1-800x400.jpg 800w, https:\/\/www.gotopess.com\/wp-content\/uploads\/2025\/10\/Portable-Power-Station-X600-1-1400x701.jpg 1400w, https:\/\/www.gotopess.com\/wp-content\/uploads\/2025\/10\/Portable-Power-Station-X600-1-768x384.jpg 768w, https:\/\/www.gotopess.com\/wp-content\/uploads\/2025\/10\/Portable-Power-Station-X600-1-1536x769.jpg 1536w, https:\/\/www.gotopess.com\/wp-content\/uploads\/2025\/10\/Portable-Power-Station-X600-1-18x9.jpg 18w, https:\/\/www.gotopess.com\/wp-content\/uploads\/2025\/10\/Portable-Power-Station-X600-1-600x300.jpg 600w\" sizes=\"(max-width: 1920px) 100vw, 1920px\" \/><img decoding=\"async\" class=\"aligncenter size-full wp-image-1649\" src=\"https:\/\/www.gotopess.com\/wp-content\/uploads\/2025\/10\/Portable-Power-Station-X600-15.webp\" alt=\"\" width=\"1920\" height=\"1203\" srcset=\"https:\/\/www.gotopess.com\/wp-content\/uploads\/2025\/10\/Portable-Power-Station-X600-15.webp 1920w, https:\/\/www.gotopess.com\/wp-content\/uploads\/2025\/10\/Portable-Power-Station-X600-15-638x400.webp 638w, https:\/\/www.gotopess.com\/wp-content\/uploads\/2025\/10\/Portable-Power-Station-X600-15-1277x800.webp 1277w, https:\/\/www.gotopess.com\/wp-content\/uploads\/2025\/10\/Portable-Power-Station-X600-15-768x481.webp 768w, https:\/\/www.gotopess.com\/wp-content\/uploads\/2025\/10\/Portable-Power-Station-X600-15-1536x962.webp 1536w, https:\/\/www.gotopess.com\/wp-content\/uploads\/2025\/10\/Portable-Power-Station-X600-15-18x12.webp 18w, https:\/\/www.gotopess.com\/wp-content\/uploads\/2025\/10\/Portable-Power-Station-X600-15-600x376.webp 600w\" sizes=\"(max-width: 1920px) 100vw, 1920px\" \/> <img decoding=\"async\" class=\"aligncenter size-full wp-image-1650\" src=\"https:\/\/www.gotopess.com\/wp-content\/uploads\/2025\/10\/Portable-Power-Station-X600-16.webp\" alt=\"\" width=\"1920\" height=\"1203\" srcset=\"https:\/\/www.gotopess.com\/wp-content\/uploads\/2025\/10\/Portable-Power-Station-X600-16.webp 1920w, https:\/\/www.gotopess.com\/wp-content\/uploads\/2025\/10\/Portable-Power-Station-X600-16-638x400.webp 638w, https:\/\/www.gotopess.com\/wp-content\/uploads\/2025\/10\/Portable-Power-Station-X600-16-1277x800.webp 1277w, https:\/\/www.gotopess.com\/wp-content\/uploads\/2025\/10\/Portable-Power-Station-X600-16-768x481.webp 768w, https:\/\/www.gotopess.com\/wp-content\/uploads\/2025\/10\/Portable-Power-Station-X600-16-1536x962.webp 1536w, https:\/\/www.gotopess.com\/wp-content\/uploads\/2025\/10\/Portable-Power-Station-X600-16-18x12.webp 18w, https:\/\/www.gotopess.com\/wp-content\/uploads\/2025\/10\/Portable-Power-Station-X600-16-600x376.webp 600w\" sizes=\"(max-width: 1920px) 100vw, 1920px\" \/> <img decoding=\"async\" class=\"aligncenter size-full wp-image-1651\" src=\"https:\/\/www.gotopess.com\/wp-content\/uploads\/2025\/10\/Portable-Power-Station-X600-17.webp\" alt=\"\" width=\"1920\" height=\"1203\" srcset=\"https:\/\/www.gotopess.com\/wp-content\/uploads\/2025\/10\/Portable-Power-Station-X600-17.webp 1920w, https:\/\/www.gotopess.com\/wp-content\/uploads\/2025\/10\/Portable-Power-Station-X600-17-638x400.webp 638w, https:\/\/www.gotopess.com\/wp-content\/uploads\/2025\/10\/Portable-Power-Station-X600-17-1277x800.webp 1277w, https:\/\/www.gotopess.com\/wp-content\/uploads\/2025\/10\/Portable-Power-Station-X600-17-768x481.webp 768w, https:\/\/www.gotopess.com\/wp-content\/uploads\/2025\/10\/Portable-Power-Station-X600-17-1536x962.webp 1536w, https:\/\/www.gotopess.com\/wp-content\/uploads\/2025\/10\/Portable-Power-Station-X600-17-18x12.webp 18w, https:\/\/www.gotopess.com\/wp-content\/uploads\/2025\/10\/Portable-Power-Station-X600-17-600x376.webp 600w\" sizes=\"(max-width: 1920px) 100vw, 1920px\" \/> <img decoding=\"async\" class=\"aligncenter size-full wp-image-1652\" src=\"https:\/\/www.gotopess.com\/wp-content\/uploads\/2025\/10\/Portable-Power-Station-X600-18.webp\" alt=\"\" width=\"1920\" height=\"1203\" srcset=\"https:\/\/www.gotopess.com\/wp-content\/uploads\/2025\/10\/Portable-Power-Station-X600-18.webp 1920w, https:\/\/www.gotopess.com\/wp-content\/uploads\/2025\/10\/Portable-Power-Station-X600-18-638x400.webp 638w, https:\/\/www.gotopess.com\/wp-content\/uploads\/2025\/10\/Portable-Power-Station-X600-18-1277x800.webp 1277w, https:\/\/www.gotopess.com\/wp-content\/uploads\/2025\/10\/Portable-Power-Station-X600-18-768x481.webp 768w, https:\/\/www.gotopess.com\/wp-content\/uploads\/2025\/10\/Portable-Power-Station-X600-18-1536x962.webp 1536w, https:\/\/www.gotopess.com\/wp-content\/uploads\/2025\/10\/Portable-Power-Station-X600-18-18x12.webp 18w, https:\/\/www.gotopess.com\/wp-content\/uploads\/2025\/10\/Portable-Power-Station-X600-18-600x376.webp 600w\" sizes=\"(max-width: 1920px) 100vw, 1920px\" \/> <img decoding=\"async\" class=\"aligncenter size-full wp-image-1653\" src=\"https:\/\/www.gotopess.com\/wp-content\/uploads\/2025\/10\/Portable-Power-Station-X600-19.webp\" alt=\"\" width=\"1920\" height=\"1203\" srcset=\"https:\/\/www.gotopess.com\/wp-content\/uploads\/2025\/10\/Portable-Power-Station-X600-19.webp 1920w, https:\/\/www.gotopess.com\/wp-content\/uploads\/2025\/10\/Portable-Power-Station-X600-19-638x400.webp 638w, https:\/\/www.gotopess.com\/wp-content\/uploads\/2025\/10\/Portable-Power-Station-X600-19-1277x800.webp 1277w, https:\/\/www.gotopess.com\/wp-content\/uploads\/2025\/10\/Portable-Power-Station-X600-19-768x481.webp 768w, https:\/\/www.gotopess.com\/wp-content\/uploads\/2025\/10\/Portable-Power-Station-X600-19-1536x962.webp 1536w, https:\/\/www.gotopess.com\/wp-content\/uploads\/2025\/10\/Portable-Power-Station-X600-19-18x12.webp 18w, https:\/\/www.gotopess.com\/wp-content\/uploads\/2025\/10\/Portable-Power-Station-X600-19-600x376.webp 600w\" sizes=\"(max-width: 1920px) 100vw, 1920px\" \/> <img decoding=\"async\" class=\"aligncenter size-full wp-image-1654\" src=\"https:\/\/www.gotopess.com\/wp-content\/uploads\/2025\/10\/Portable-Power-Station-X600-20.webp\" alt=\"\" width=\"1920\" height=\"1203\" srcset=\"https:\/\/www.gotopess.com\/wp-content\/uploads\/2025\/10\/Portable-Power-Station-X600-20.webp 1920w, https:\/\/www.gotopess.com\/wp-content\/uploads\/2025\/10\/Portable-Power-Station-X600-20-638x400.webp 638w, https:\/\/www.gotopess.com\/wp-content\/uploads\/2025\/10\/Portable-Power-Station-X600-20-1277x800.webp 1277w, https:\/\/www.gotopess.com\/wp-content\/uploads\/2025\/10\/Portable-Power-Station-X600-20-768x481.webp 768w, https:\/\/www.gotopess.com\/wp-content\/uploads\/2025\/10\/Portable-Power-Station-X600-20-1536x962.webp 1536w, https:\/\/www.gotopess.com\/wp-content\/uploads\/2025\/10\/Portable-Power-Station-X600-20-18x12.webp 18w, https:\/\/www.gotopess.com\/wp-content\/uploads\/2025\/10\/Portable-Power-Station-X600-20-600x376.webp 600w\" sizes=\"(max-width: 1920px) 100vw, 1920px\" \/> <img decoding=\"async\" class=\"aligncenter size-full wp-image-1655\" src=\"https:\/\/www.gotopess.com\/wp-content\/uploads\/2025\/10\/Portable-Power-Station-X600-21.webp\" alt=\"\" width=\"1920\" height=\"1203\" srcset=\"https:\/\/www.gotopess.com\/wp-content\/uploads\/2025\/10\/Portable-Power-Station-X600-21.webp 1920w, https:\/\/www.gotopess.com\/wp-content\/uploads\/2025\/10\/Portable-Power-Station-X600-21-638x400.webp 638w, https:\/\/www.gotopess.com\/wp-content\/uploads\/2025\/10\/Portable-Power-Station-X600-21-1277x800.webp 1277w, https:\/\/www.gotopess.com\/wp-content\/uploads\/2025\/10\/Portable-Power-Station-X600-21-768x481.webp 768w, https:\/\/www.gotopess.com\/wp-content\/uploads\/2025\/10\/Portable-Power-Station-X600-21-1536x962.webp 1536w, https:\/\/www.gotopess.com\/wp-content\/uploads\/2025\/10\/Portable-Power-Station-X600-21-18x12.webp 18w, https:\/\/www.gotopess.com\/wp-content\/uploads\/2025\/10\/Portable-Power-Station-X600-21-600x376.webp 600w\" sizes=\"(max-width: 1920px) 100vw, 1920px\" \/> <img decoding=\"async\" class=\"aligncenter size-full wp-image-1656\" src=\"https:\/\/www.gotopess.com\/wp-content\/uploads\/2025\/10\/Portable-Power-Station-X600-22.webp\" alt=\"\" width=\"1920\" height=\"1203\" srcset=\"https:\/\/www.gotopess.com\/wp-content\/uploads\/2025\/10\/Portable-Power-Station-X600-22.webp 1920w, https:\/\/www.gotopess.com\/wp-content\/uploads\/2025\/10\/Portable-Power-Station-X600-22-638x400.webp 638w, https:\/\/www.gotopess.com\/wp-content\/uploads\/2025\/10\/Portable-Power-Station-X600-22-1277x800.webp 1277w, https:\/\/www.gotopess.com\/wp-content\/uploads\/2025\/10\/Portable-Power-Station-X600-22-768x481.webp 768w, https:\/\/www.gotopess.com\/wp-content\/uploads\/2025\/10\/Portable-Power-Station-X600-22-1536x962.webp 1536w, https:\/\/www.gotopess.com\/wp-content\/uploads\/2025\/10\/Portable-Power-Station-X600-22-18x12.webp 18w, https:\/\/www.gotopess.com\/wp-content\/uploads\/2025\/10\/Portable-Power-Station-X600-22-600x376.webp 600w\" sizes=\"(max-width: 1920px) 100vw, 1920px\" \/> <img decoding=\"async\" class=\"aligncenter size-full wp-image-1657\" src=\"https:\/\/www.gotopess.com\/wp-content\/uploads\/2025\/10\/Portable-Power-Station-X600-23.webp\" alt=\"\" width=\"1920\" height=\"1203\" srcset=\"https:\/\/www.gotopess.com\/wp-content\/uploads\/2025\/10\/Portable-Power-Station-X600-23.webp 1920w, https:\/\/www.gotopess.com\/wp-content\/uploads\/2025\/10\/Portable-Power-Station-X600-23-638x400.webp 638w, https:\/\/www.gotopess.com\/wp-content\/uploads\/2025\/10\/Portable-Power-Station-X600-23-1277x800.webp 1277w, https:\/\/www.gotopess.com\/wp-content\/uploads\/2025\/10\/Portable-Power-Station-X600-23-768x481.webp 768w, https:\/\/www.gotopess.com\/wp-content\/uploads\/2025\/10\/Portable-Power-Station-X600-23-1536x962.webp 1536w, https:\/\/www.gotopess.com\/wp-content\/uploads\/2025\/10\/Portable-Power-Station-X600-23-18x12.webp 18w, https:\/\/www.gotopess.com\/wp-content\/uploads\/2025\/10\/Portable-Power-Station-X600-23-600x376.webp 600w\" sizes=\"(max-width: 1920px) 100vw, 1920px\" \/> <img decoding=\"async\" class=\"aligncenter size-full wp-image-1658\" src=\"https:\/\/www.gotopess.com\/wp-content\/uploads\/2025\/10\/Portable-Power-Station-X600-24.webp\" alt=\"\" width=\"1920\" height=\"1203\" srcset=\"https:\/\/www.gotopess.com\/wp-content\/uploads\/2025\/10\/Portable-Power-Station-X600-24.webp 1920w, https:\/\/www.gotopess.com\/wp-content\/uploads\/2025\/10\/Portable-Power-Station-X600-24-638x400.webp 638w, https:\/\/www.gotopess.com\/wp-content\/uploads\/2025\/10\/Portable-Power-Station-X600-24-1277x800.webp 1277w, https:\/\/www.gotopess.com\/wp-content\/uploads\/2025\/10\/Portable-Power-Station-X600-24-768x481.webp 768w, https:\/\/www.gotopess.com\/wp-content\/uploads\/2025\/10\/Portable-Power-Station-X600-24-1536x962.webp 1536w, https:\/\/www.gotopess.com\/wp-content\/uploads\/2025\/10\/Portable-Power-Station-X600-24-18x12.webp 18w, https:\/\/www.gotopess.com\/wp-content\/uploads\/2025\/10\/Portable-Power-Station-X600-24-600x376.webp 600w\" sizes=\"(max-width: 1920px) 100vw, 1920px\" \/><img decoding=\"async\" class=\"aligncenter size-full wp-image-1659\" src=\"https:\/\/www.gotopess.com\/wp-content\/uploads\/2025\/10\/Portable-Power-Station-X600-1.webp\" alt=\"\" width=\"800\" height=\"800\" srcset=\"https:\/\/www.gotopess.com\/wp-content\/uploads\/2025\/10\/Portable-Power-Station-X600-1.webp 800w, https:\/\/www.gotopess.com\/wp-content\/uploads\/2025\/10\/Portable-Power-Station-X600-1-400x400.webp 400w, https:\/\/www.gotopess.com\/wp-content\/uploads\/2025\/10\/Portable-Power-Station-X600-1-280x280.webp 280w, https:\/\/www.gotopess.com\/wp-content\/uploads\/2025\/10\/Portable-Power-Station-X600-1-768x768.webp 768w, https:\/\/www.gotopess.com\/wp-content\/uploads\/2025\/10\/Portable-Power-Station-X600-1-12x12.webp 12w, https:\/\/www.gotopess.com\/wp-content\/uploads\/2025\/10\/Portable-Power-Station-X600-1-300x300.webp 300w, https:\/\/www.gotopess.com\/wp-content\/uploads\/2025\/10\/Portable-Power-Station-X600-1-600x600.webp 600w, https:\/\/www.gotopess.com\/wp-content\/uploads\/2025\/10\/Portable-Power-Station-X600-1-100x100.webp 100w\" sizes=\"(max-width: 800px) 100vw, 800px\" \/> <img decoding=\"async\" class=\"aligncenter size-full wp-image-1660\" src=\"https:\/\/www.gotopess.com\/wp-content\/uploads\/2025\/10\/Portable-Power-Station-X600-2.webp\" alt=\"\" width=\"800\" height=\"800\" srcset=\"https:\/\/www.gotopess.com\/wp-content\/uploads\/2025\/10\/Portable-Power-Station-X600-2.webp 800w, https:\/\/www.gotopess.com\/wp-content\/uploads\/2025\/10\/Portable-Power-Station-X600-2-400x400.webp 400w, https:\/\/www.gotopess.com\/wp-content\/uploads\/2025\/10\/Portable-Power-Station-X600-2-280x280.webp 280w, https:\/\/www.gotopess.com\/wp-content\/uploads\/2025\/10\/Portable-Power-Station-X600-2-768x768.webp 768w, https:\/\/www.gotopess.com\/wp-content\/uploads\/2025\/10\/Portable-Power-Station-X600-2-12x12.webp 12w, https:\/\/www.gotopess.com\/wp-content\/uploads\/2025\/10\/Portable-Power-Station-X600-2-300x300.webp 300w, https:\/\/www.gotopess.com\/wp-content\/uploads\/2025\/10\/Portable-Power-Station-X600-2-600x600.webp 600w, https:\/\/www.gotopess.com\/wp-content\/uploads\/2025\/10\/Portable-Power-Station-X600-2-100x100.webp 100w\" sizes=\"(max-width: 800px) 100vw, 800px\" \/> <img decoding=\"async\" class=\"aligncenter size-full wp-image-1661\" src=\"https:\/\/www.gotopess.com\/wp-content\/uploads\/2025\/10\/Portable-Power-Station-X600-3.webp\" alt=\"\" width=\"800\" height=\"800\" srcset=\"https:\/\/www.gotopess.com\/wp-content\/uploads\/2025\/10\/Portable-Power-Station-X600-3.webp 800w, https:\/\/www.gotopess.com\/wp-content\/uploads\/2025\/10\/Portable-Power-Station-X600-3-400x400.webp 400w, https:\/\/www.gotopess.com\/wp-content\/uploads\/2025\/10\/Portable-Power-Station-X600-3-280x280.webp 280w, https:\/\/www.gotopess.com\/wp-content\/uploads\/2025\/10\/Portable-Power-Station-X600-3-768x768.webp 768w, https:\/\/www.gotopess.com\/wp-content\/uploads\/2025\/10\/Portable-Power-Station-X600-3-12x12.webp 12w, https:\/\/www.gotopess.com\/wp-content\/uploads\/2025\/10\/Portable-Power-Station-X600-3-300x300.webp 300w, https:\/\/www.gotopess.com\/wp-content\/uploads\/2025\/10\/Portable-Power-Station-X600-3-600x600.webp 600w, https:\/\/www.gotopess.com\/wp-content\/uploads\/2025\/10\/Portable-Power-Station-X600-3-100x100.webp 100w\" sizes=\"(max-width: 800px) 100vw, 800px\" \/> <img decoding=\"async\" class=\"aligncenter size-full wp-image-1662\" src=\"https:\/\/www.gotopess.com\/wp-content\/uploads\/2025\/10\/Portable-Power-Station-X600-4.webp\" alt=\"\" width=\"800\" height=\"800\" srcset=\"https:\/\/www.gotopess.com\/wp-content\/uploads\/2025\/10\/Portable-Power-Station-X600-4.webp 800w, https:\/\/www.gotopess.com\/wp-content\/uploads\/2025\/10\/Portable-Power-Station-X600-4-400x400.webp 400w, https:\/\/www.gotopess.com\/wp-content\/uploads\/2025\/10\/Portable-Power-Station-X600-4-280x280.webp 280w, https:\/\/www.gotopess.com\/wp-content\/uploads\/2025\/10\/Portable-Power-Station-X600-4-768x768.webp 768w, https:\/\/www.gotopess.com\/wp-content\/uploads\/2025\/10\/Portable-Power-Station-X600-4-12x12.webp 12w, https:\/\/www.gotopess.com\/wp-content\/uploads\/2025\/10\/Portable-Power-Station-X600-4-300x300.webp 300w, https:\/\/www.gotopess.com\/wp-content\/uploads\/2025\/10\/Portable-Power-Station-X600-4-600x600.webp 600w, https:\/\/www.gotopess.com\/wp-content\/uploads\/2025\/10\/Portable-Power-Station-X600-4-100x100.webp 100w\" sizes=\"(max-width: 800px) 100vw, 800px\" \/> <img decoding=\"async\" class=\"aligncenter size-full wp-image-1663\" src=\"https:\/\/www.gotopess.com\/wp-content\/uploads\/2025\/10\/Portable-Power-Station-X600-5.webp\" alt=\"\" width=\"800\" height=\"800\" srcset=\"https:\/\/www.gotopess.com\/wp-content\/uploads\/2025\/10\/Portable-Power-Station-X600-5.webp 800w, https:\/\/www.gotopess.com\/wp-content\/uploads\/2025\/10\/Portable-Power-Station-X600-5-400x400.webp 400w, https:\/\/www.gotopess.com\/wp-content\/uploads\/2025\/10\/Portable-Power-Station-X600-5-280x280.webp 280w, https:\/\/www.gotopess.com\/wp-content\/uploads\/2025\/10\/Portable-Power-Station-X600-5-768x768.webp 768w, https:\/\/www.gotopess.com\/wp-content\/uploads\/2025\/10\/Portable-Power-Station-X600-5-12x12.webp 12w, https:\/\/www.gotopess.com\/wp-content\/uploads\/2025\/10\/Portable-Power-Station-X600-5-300x300.webp 300w, https:\/\/www.gotopess.com\/wp-content\/uploads\/2025\/10\/Portable-Power-Station-X600-5-600x600.webp 600w, https:\/\/www.gotopess.com\/wp-content\/uploads\/2025\/10\/Portable-Power-Station-X600-5-100x100.webp 100w\" sizes=\"(max-width: 800px) 100vw, 800px\" \/> <img decoding=\"async\" class=\"aligncenter size-full wp-image-1664\" src=\"https:\/\/www.gotopess.com\/wp-content\/uploads\/2025\/10\/Portable-Power-Station-X600-6.webp\" alt=\"\" width=\"800\" height=\"800\" srcset=\"https:\/\/www.gotopess.com\/wp-content\/uploads\/2025\/10\/Portable-Power-Station-X600-6.webp 800w, https:\/\/www.gotopess.com\/wp-content\/uploads\/2025\/10\/Portable-Power-Station-X600-6-400x400.webp 400w, https:\/\/www.gotopess.com\/wp-content\/uploads\/2025\/10\/Portable-Power-Station-X600-6-280x280.webp 280w, https:\/\/www.gotopess.com\/wp-content\/uploads\/2025\/10\/Portable-Power-Station-X600-6-768x768.webp 768w, https:\/\/www.gotopess.com\/wp-content\/uploads\/2025\/10\/Portable-Power-Station-X600-6-12x12.webp 12w, https:\/\/www.gotopess.com\/wp-content\/uploads\/2025\/10\/Portable-Power-Station-X600-6-300x300.webp 300w, https:\/\/www.gotopess.com\/wp-content\/uploads\/2025\/10\/Portable-Power-Station-X600-6-600x600.webp 600w, https:\/\/www.gotopess.com\/wp-content\/uploads\/2025\/10\/Portable-Power-Station-X600-6-100x100.webp 100w\" sizes=\"(max-width: 800px) 100vw, 800px\" \/> <img decoding=\"async\" class=\"aligncenter size-full wp-image-1665\" src=\"https:\/\/www.gotopess.com\/wp-content\/uploads\/2025\/10\/Portable-Power-Station-X600-7.webp\" alt=\"\" width=\"800\" height=\"800\" srcset=\"https:\/\/www.gotopess.com\/wp-content\/uploads\/2025\/10\/Portable-Power-Station-X600-7.webp 800w, https:\/\/www.gotopess.com\/wp-content\/uploads\/2025\/10\/Portable-Power-Station-X600-7-400x400.webp 400w, https:\/\/www.gotopess.com\/wp-content\/uploads\/2025\/10\/Portable-Power-Station-X600-7-280x280.webp 280w, https:\/\/www.gotopess.com\/wp-content\/uploads\/2025\/10\/Portable-Power-Station-X600-7-768x768.webp 768w, https:\/\/www.gotopess.com\/wp-content\/uploads\/2025\/10\/Portable-Power-Station-X600-7-12x12.webp 12w, https:\/\/www.gotopess.com\/wp-content\/uploads\/2025\/10\/Portable-Power-Station-X600-7-300x300.webp 300w, https:\/\/www.gotopess.com\/wp-content\/uploads\/2025\/10\/Portable-Power-Station-X600-7-600x600.webp 600w, https:\/\/www.gotopess.com\/wp-content\/uploads\/2025\/10\/Portable-Power-Station-X600-7-100x100.webp 100w\" sizes=\"(max-width: 800px) 100vw, 800px\" \/> <img decoding=\"async\" class=\"aligncenter size-full wp-image-1666\" src=\"https:\/\/www.gotopess.com\/wp-content\/uploads\/2025\/10\/Portable-Power-Station-X600-.webp\" alt=\"\" width=\"1920\" height=\"1203\" srcset=\"https:\/\/www.gotopess.com\/wp-content\/uploads\/2025\/10\/Portable-Power-Station-X600-.webp 1920w, https:\/\/www.gotopess.com\/wp-content\/uploads\/2025\/10\/Portable-Power-Station-X600--638x400.webp 638w, https:\/\/www.gotopess.com\/wp-content\/uploads\/2025\/10\/Portable-Power-Station-X600--1277x800.webp 1277w, https:\/\/www.gotopess.com\/wp-content\/uploads\/2025\/10\/Portable-Power-Station-X600--768x481.webp 768w, https:\/\/www.gotopess.com\/wp-content\/uploads\/2025\/10\/Portable-Power-Station-X600--1536x962.webp 1536w, https:\/\/www.gotopess.com\/wp-content\/uploads\/2025\/10\/Portable-Power-Station-X600--18x12.webp 18w, https:\/\/www.gotopess.com\/wp-content\/uploads\/2025\/10\/Portable-Power-Station-X600--600x376.webp 600w\" sizes=\"(max-width: 1920px) 100vw, 1920px\" \/><\/p>","protected":false},"excerpt":{"rendered":"<ul>\n<li data-start=\"85\" data-end=\"176\"><strong data-start=\"85\" data-end=\"110\">Batterie LiFePO4 512Wh<\/strong><br data-start=\"110\" data-end=\"113\" \/>Ultra-s\u00fbr, sans risque d'incendie ou d'explosion, avec plus de 2000 cycles de vie.<\/li>\n<li data-start=\"178\" data-end=\"274\"><strong data-start=\"178\" data-end=\"210\">Onduleur \u00e0 onde sinuso\u00efdale pure 600W<\/strong><br data-start=\"210\" data-end=\"213\" \/>Fournit une puissance propre de niveau principal avec une forte capacit\u00e9 de charge.<\/li>\n<li data-start=\"276\" data-end=\"355\"><strong data-start=\"276\" data-end=\"292\">Fonction de l'ASI<\/strong><br data-start=\"292\" data-end=\"295\" \/>Permet aux appareils essentiels de fonctionner avec un temps de commutation \u226410ms.<\/li>\n<li data-start=\"357\" data-end=\"448\"><strong data-start=\"357\" data-end=\"382\">Sortie AC Power Boost<\/strong><br data-start=\"382\" data-end=\"385\" \/>600W nominal, 900W boost, 1200W cr\u00eate pour les \u00e9quipements \u00e0 forte demande.<\/li>\n<li data-start=\"450\" data-end=\"526\"><strong data-start=\"450\" data-end=\"476\">Chargement CA ultra-rapide<\/strong><br data-start=\"476\" data-end=\"479\" \/>Entr\u00e9e 400W, charge compl\u00e8te en 1,5 heure environ.<\/li>\n<li data-start=\"528\" data-end=\"609\"><strong data-start=\"528\" data-end=\"560\">Chargement rapide Type-C PD 100W<\/strong><br data-start=\"560\" data-end=\"563\" \/>Alimente rapidement les t\u00e9l\u00e9phones, les tablettes et les ordinateurs portables.<\/li>\n<li data-start=\"611\" data-end=\"699\"><strong data-start=\"611\" data-end=\"644\">Sortie DC r\u00e9gul\u00e9e 13,5V\/10A<\/strong><br data-start=\"644\" data-end=\"647\" \/>Prise en charge stable des appareils et accessoires automobiles DC12V.<\/li>\n<li data-start=\"701\" data-end=\"790\"><strong data-start=\"701\" data-end=\"716\">\u00c9cran LCD<\/strong><br data-start=\"716\" data-end=\"719\" \/>Indique la puissance de charge\/d\u00e9charge, le niveau de la batterie et l'autonomie restante.<\/li>\n<\/ul>","protected":false},"featured_media":1664,"comment_status":"open","ping_status":"closed","template":"","meta":[],"product_brand":[145],"product_cat":[45,83,22,79],"product_tag":[228,101,181,212,229],"class_list":{"0":"post-1648","1":"product","2":"type-product","3":"status-publish","4":"has-post-thumbnail","6":"product_brand-gotopower","7":"product_cat-lifepo4-battery","8":"product_cat-lithium-lifepo4-battery","9":"product_cat-solar-kits","10":"product_cat-portable-power-station","11":"product_tag-bess","12":"product_tag-bluetooth","13":"product_tag-lithium-battery","14":"product_tag-outdoor","15":"product_tag-portable","17":"first","18":"instock","19":"shipping-taxable","20":"product-type-simple"},"_links":{"self":[{"href":"https:\/\/www.gotopess.com\/fr\/wp-json\/wp\/v2\/product\/1648","targetHints":{"allow":["GET"]}}],"collection":[{"href":"https:\/\/www.gotopess.com\/fr\/wp-json\/wp\/v2\/product"}],"about":[{"href":"https:\/\/www.gotopess.com\/fr\/wp-json\/wp\/v2\/types\/product"}],"replies":[{"embeddable":true,"href":"https:\/\/www.gotopess.com\/fr\/wp-json\/wp\/v2\/comments?post=1648"}],"wp:featuredmedia":[{"embeddable":true,"href":"https:\/\/www.gotopess.com\/fr\/wp-json\/wp\/v2\/media\/1664"}],"wp:attachment":[{"href":"https:\/\/www.gotopess.com\/fr\/wp-json\/wp\/v2\/media?parent=1648"}],"wp:term":[{"taxonomy":"product_brand","embeddable":true,"href":"https:\/\/www.gotopess.com\/fr\/wp-json\/wp\/v2\/product_brand?post=1648"},{"taxonomy":"product_cat","embeddable":true,"href":"https:\/\/www.gotopess.com\/fr\/wp-json\/wp\/v2\/product_cat?post=1648"},{"taxonomy":"product_tag","embeddable":true,"href":"https:\/\/www.gotopess.com\/fr\/wp-json\/wp\/v2\/product_tag?post=1648"}],"curies":[{"name":"wp","href":"https:\/\/api.w.org\/{rel}","templated":true}]}}