{"id":168,"date":"2025-09-18T10:06:55","date_gmt":"2025-09-18T10:06:55","guid":{"rendered":"http:\/\/uxthemes.wpengine.com\/?post_type=product&#038;p=395"},"modified":"2025-10-15T10:42:21","modified_gmt":"2025-10-15T10:42:21","slug":"12v-50ah-lithium-bluetooth-battery","status":"publish","type":"product","link":"https:\/\/www.gotopess.com\/fr\/produit\/12v-50ah-batterie-lithium-bluetooth-2\/","title":{"rendered":"Batterie 12V 50ah Lithium Bluetooth pour moteurs de p\u00eache \u00e0 la tra\u00eene"},"content":{"rendered":"<h4 style=\"text-align: center;\">Batterie lithium Bluetooth puissante pour les moteurs de p\u00eache \u00e0 la tra\u00eene - l\u00e9g\u00e8re, durable et contr\u00f4l\u00e9e intelligemment par Bluetooth pour des performances marines fiables.<\/h4>\n<p><img decoding=\"async\" class=\"aligncenter size-full wp-image-1683\" src=\"https:\/\/www.gotopess.com\/wp-content\/uploads\/2025\/09\/12V-50ah-Lithium-Bluetooth-Battery-For-Trolling-Motors1.webp\" alt=\"\" width=\"1920\" height=\"787\" srcset=\"https:\/\/www.gotopess.com\/wp-content\/uploads\/2025\/09\/12V-50ah-Lithium-Bluetooth-Battery-For-Trolling-Motors1.webp 1920w, https:\/\/www.gotopess.com\/wp-content\/uploads\/2025\/09\/12V-50ah-Lithium-Bluetooth-Battery-For-Trolling-Motors1-800x328.webp 800w, https:\/\/www.gotopess.com\/wp-content\/uploads\/2025\/09\/12V-50ah-Lithium-Bluetooth-Battery-For-Trolling-Motors1-1400x574.webp 1400w, https:\/\/www.gotopess.com\/wp-content\/uploads\/2025\/09\/12V-50ah-Lithium-Bluetooth-Battery-For-Trolling-Motors1-768x315.webp 768w, https:\/\/www.gotopess.com\/wp-content\/uploads\/2025\/09\/12V-50ah-Lithium-Bluetooth-Battery-For-Trolling-Motors1-1536x630.webp 1536w, https:\/\/www.gotopess.com\/wp-content\/uploads\/2025\/09\/12V-50ah-Lithium-Bluetooth-Battery-For-Trolling-Motors1-18x7.webp 18w, https:\/\/www.gotopess.com\/wp-content\/uploads\/2025\/09\/12V-50ah-Lithium-Bluetooth-Battery-For-Trolling-Motors1-600x246.webp 600w\" sizes=\"(max-width: 1920px) 100vw, 1920px\" \/> <img decoding=\"async\" class=\"aligncenter size-full wp-image-1684\" src=\"https:\/\/www.gotopess.com\/wp-content\/uploads\/2025\/09\/12V-50ah-Lithium-Bluetooth-Battery-For-Trolling-Motors2.webp\" alt=\"\" width=\"1920\" height=\"787\" srcset=\"https:\/\/www.gotopess.com\/wp-content\/uploads\/2025\/09\/12V-50ah-Lithium-Bluetooth-Battery-For-Trolling-Motors2.webp 1920w, https:\/\/www.gotopess.com\/wp-content\/uploads\/2025\/09\/12V-50ah-Lithium-Bluetooth-Battery-For-Trolling-Motors2-800x328.webp 800w, https:\/\/www.gotopess.com\/wp-content\/uploads\/2025\/09\/12V-50ah-Lithium-Bluetooth-Battery-For-Trolling-Motors2-1400x574.webp 1400w, https:\/\/www.gotopess.com\/wp-content\/uploads\/2025\/09\/12V-50ah-Lithium-Bluetooth-Battery-For-Trolling-Motors2-768x315.webp 768w, https:\/\/www.gotopess.com\/wp-content\/uploads\/2025\/09\/12V-50ah-Lithium-Bluetooth-Battery-For-Trolling-Motors2-1536x630.webp 1536w, https:\/\/www.gotopess.com\/wp-content\/uploads\/2025\/09\/12V-50ah-Lithium-Bluetooth-Battery-For-Trolling-Motors2-18x7.webp 18w, https:\/\/www.gotopess.com\/wp-content\/uploads\/2025\/09\/12V-50ah-Lithium-Bluetooth-Battery-For-Trolling-Motors2-600x246.webp 600w\" sizes=\"(max-width: 1920px) 100vw, 1920px\" \/> <img decoding=\"async\" class=\"aligncenter size-full wp-image-1685\" src=\"https:\/\/www.gotopess.com\/wp-content\/uploads\/2025\/09\/12V-50ah-Lithium-Bluetooth-Battery-For-Trolling-Motors3.webp\" alt=\"\" width=\"1920\" height=\"787\" srcset=\"https:\/\/www.gotopess.com\/wp-content\/uploads\/2025\/09\/12V-50ah-Lithium-Bluetooth-Battery-For-Trolling-Motors3.webp 1920w, https:\/\/www.gotopess.com\/wp-content\/uploads\/2025\/09\/12V-50ah-Lithium-Bluetooth-Battery-For-Trolling-Motors3-800x328.webp 800w, https:\/\/www.gotopess.com\/wp-content\/uploads\/2025\/09\/12V-50ah-Lithium-Bluetooth-Battery-For-Trolling-Motors3-1400x574.webp 1400w, https:\/\/www.gotopess.com\/wp-content\/uploads\/2025\/09\/12V-50ah-Lithium-Bluetooth-Battery-For-Trolling-Motors3-768x315.webp 768w, https:\/\/www.gotopess.com\/wp-content\/uploads\/2025\/09\/12V-50ah-Lithium-Bluetooth-Battery-For-Trolling-Motors3-1536x630.webp 1536w, https:\/\/www.gotopess.com\/wp-content\/uploads\/2025\/09\/12V-50ah-Lithium-Bluetooth-Battery-For-Trolling-Motors3-18x7.webp 18w, https:\/\/www.gotopess.com\/wp-content\/uploads\/2025\/09\/12V-50ah-Lithium-Bluetooth-Battery-For-Trolling-Motors3-600x246.webp 600w\" sizes=\"(max-width: 1920px) 100vw, 1920px\" \/> <img decoding=\"async\" class=\"aligncenter size-full wp-image-1686\" src=\"https:\/\/www.gotopess.com\/wp-content\/uploads\/2025\/09\/12V-50ah-Lithium-Bluetooth-Battery-For-Trolling-Motors4.webp\" alt=\"\" width=\"1920\" height=\"787\" srcset=\"https:\/\/www.gotopess.com\/wp-content\/uploads\/2025\/09\/12V-50ah-Lithium-Bluetooth-Battery-For-Trolling-Motors4.webp 1920w, https:\/\/www.gotopess.com\/wp-content\/uploads\/2025\/09\/12V-50ah-Lithium-Bluetooth-Battery-For-Trolling-Motors4-800x328.webp 800w, https:\/\/www.gotopess.com\/wp-content\/uploads\/2025\/09\/12V-50ah-Lithium-Bluetooth-Battery-For-Trolling-Motors4-1400x574.webp 1400w, https:\/\/www.gotopess.com\/wp-content\/uploads\/2025\/09\/12V-50ah-Lithium-Bluetooth-Battery-For-Trolling-Motors4-768x315.webp 768w, https:\/\/www.gotopess.com\/wp-content\/uploads\/2025\/09\/12V-50ah-Lithium-Bluetooth-Battery-For-Trolling-Motors4-1536x630.webp 1536w, https:\/\/www.gotopess.com\/wp-content\/uploads\/2025\/09\/12V-50ah-Lithium-Bluetooth-Battery-For-Trolling-Motors4-18x7.webp 18w, https:\/\/www.gotopess.com\/wp-content\/uploads\/2025\/09\/12V-50ah-Lithium-Bluetooth-Battery-For-Trolling-Motors4-600x246.webp 600w\" sizes=\"(max-width: 1920px) 100vw, 1920px\" \/> <img decoding=\"async\" class=\"aligncenter size-full wp-image-1687\" src=\"https:\/\/www.gotopess.com\/wp-content\/uploads\/2025\/09\/12V-50ah-Lithium-Bluetooth-Battery-For-Trolling-Motors5.webp\" alt=\"\" width=\"1920\" height=\"787\" srcset=\"https:\/\/www.gotopess.com\/wp-content\/uploads\/2025\/09\/12V-50ah-Lithium-Bluetooth-Battery-For-Trolling-Motors5.webp 1920w, https:\/\/www.gotopess.com\/wp-content\/uploads\/2025\/09\/12V-50ah-Lithium-Bluetooth-Battery-For-Trolling-Motors5-800x328.webp 800w, https:\/\/www.gotopess.com\/wp-content\/uploads\/2025\/09\/12V-50ah-Lithium-Bluetooth-Battery-For-Trolling-Motors5-1400x574.webp 1400w, https:\/\/www.gotopess.com\/wp-content\/uploads\/2025\/09\/12V-50ah-Lithium-Bluetooth-Battery-For-Trolling-Motors5-768x315.webp 768w, https:\/\/www.gotopess.com\/wp-content\/uploads\/2025\/09\/12V-50ah-Lithium-Bluetooth-Battery-For-Trolling-Motors5-1536x630.webp 1536w, https:\/\/www.gotopess.com\/wp-content\/uploads\/2025\/09\/12V-50ah-Lithium-Bluetooth-Battery-For-Trolling-Motors5-18x7.webp 18w, https:\/\/www.gotopess.com\/wp-content\/uploads\/2025\/09\/12V-50ah-Lithium-Bluetooth-Battery-For-Trolling-Motors5-600x246.webp 600w\" sizes=\"(max-width: 1920px) 100vw, 1920px\" \/> <img decoding=\"async\" class=\"aligncenter size-full wp-image-1688\" src=\"https:\/\/www.gotopess.com\/wp-content\/uploads\/2025\/09\/12V-50ah-Lithium-Bluetooth-Battery-For-Trolling-Motors6.webp\" alt=\"\" width=\"1920\" height=\"787\" srcset=\"https:\/\/www.gotopess.com\/wp-content\/uploads\/2025\/09\/12V-50ah-Lithium-Bluetooth-Battery-For-Trolling-Motors6.webp 1920w, https:\/\/www.gotopess.com\/wp-content\/uploads\/2025\/09\/12V-50ah-Lithium-Bluetooth-Battery-For-Trolling-Motors6-800x328.webp 800w, https:\/\/www.gotopess.com\/wp-content\/uploads\/2025\/09\/12V-50ah-Lithium-Bluetooth-Battery-For-Trolling-Motors6-1400x574.webp 1400w, https:\/\/www.gotopess.com\/wp-content\/uploads\/2025\/09\/12V-50ah-Lithium-Bluetooth-Battery-For-Trolling-Motors6-768x315.webp 768w, https:\/\/www.gotopess.com\/wp-content\/uploads\/2025\/09\/12V-50ah-Lithium-Bluetooth-Battery-For-Trolling-Motors6-1536x630.webp 1536w, https:\/\/www.gotopess.com\/wp-content\/uploads\/2025\/09\/12V-50ah-Lithium-Bluetooth-Battery-For-Trolling-Motors6-18x7.webp 18w, https:\/\/www.gotopess.com\/wp-content\/uploads\/2025\/09\/12V-50ah-Lithium-Bluetooth-Battery-For-Trolling-Motors6-600x246.webp 600w\" sizes=\"(max-width: 1920px) 100vw, 1920px\" \/> <img decoding=\"async\" class=\"aligncenter size-full wp-image-1689\" src=\"https:\/\/www.gotopess.com\/wp-content\/uploads\/2025\/09\/12V-50ah-Lithium-Bluetooth-Battery-For-Trolling-Motors7.webp\" alt=\"\" width=\"1920\" height=\"787\" srcset=\"https:\/\/www.gotopess.com\/wp-content\/uploads\/2025\/09\/12V-50ah-Lithium-Bluetooth-Battery-For-Trolling-Motors7.webp 1920w, https:\/\/www.gotopess.com\/wp-content\/uploads\/2025\/09\/12V-50ah-Lithium-Bluetooth-Battery-For-Trolling-Motors7-800x328.webp 800w, https:\/\/www.gotopess.com\/wp-content\/uploads\/2025\/09\/12V-50ah-Lithium-Bluetooth-Battery-For-Trolling-Motors7-1400x574.webp 1400w, https:\/\/www.gotopess.com\/wp-content\/uploads\/2025\/09\/12V-50ah-Lithium-Bluetooth-Battery-For-Trolling-Motors7-768x315.webp 768w, https:\/\/www.gotopess.com\/wp-content\/uploads\/2025\/09\/12V-50ah-Lithium-Bluetooth-Battery-For-Trolling-Motors7-1536x630.webp 1536w, https:\/\/www.gotopess.com\/wp-content\/uploads\/2025\/09\/12V-50ah-Lithium-Bluetooth-Battery-For-Trolling-Motors7-18x7.webp 18w, https:\/\/www.gotopess.com\/wp-content\/uploads\/2025\/09\/12V-50ah-Lithium-Bluetooth-Battery-For-Trolling-Motors7-600x246.webp 600w\" sizes=\"(max-width: 1920px) 100vw, 1920px\" \/> <img decoding=\"async\" class=\"aligncenter size-full wp-image-1690\" src=\"https:\/\/www.gotopess.com\/wp-content\/uploads\/2025\/09\/12V-50ah-Lithium-Bluetooth-Battery-For-Trolling-Motors8.webp\" alt=\"\" width=\"1920\" height=\"787\" srcset=\"https:\/\/www.gotopess.com\/wp-content\/uploads\/2025\/09\/12V-50ah-Lithium-Bluetooth-Battery-For-Trolling-Motors8.webp 1920w, https:\/\/www.gotopess.com\/wp-content\/uploads\/2025\/09\/12V-50ah-Lithium-Bluetooth-Battery-For-Trolling-Motors8-800x328.webp 800w, https:\/\/www.gotopess.com\/wp-content\/uploads\/2025\/09\/12V-50ah-Lithium-Bluetooth-Battery-For-Trolling-Motors8-1400x574.webp 1400w, https:\/\/www.gotopess.com\/wp-content\/uploads\/2025\/09\/12V-50ah-Lithium-Bluetooth-Battery-For-Trolling-Motors8-768x315.webp 768w, https:\/\/www.gotopess.com\/wp-content\/uploads\/2025\/09\/12V-50ah-Lithium-Bluetooth-Battery-For-Trolling-Motors8-1536x630.webp 1536w, https:\/\/www.gotopess.com\/wp-content\/uploads\/2025\/09\/12V-50ah-Lithium-Bluetooth-Battery-For-Trolling-Motors8-18x7.webp 18w, https:\/\/www.gotopess.com\/wp-content\/uploads\/2025\/09\/12V-50ah-Lithium-Bluetooth-Battery-For-Trolling-Motors8-600x246.webp 600w\" sizes=\"(max-width: 1920px) 100vw, 1920px\" \/><\/p>","protected":false},"excerpt":{"rendered":"<p><strong>Alimentation facile \u00e0 transporter pour vos besoins essentiels en \u00e9nergie - Convient pour la marine, les v\u00e9hicules de plaisance et le camping<\/strong><\/p>\n<ul>\n<li>BMS 50A avec protection 100%.<\/li>\n<li>Cellules LiFePO4 calibr\u00e9es pour EV, 4000+ cycles@100% DOD, 10 ans de dur\u00e9e de vie.<\/li>\n<li>640Wh d'\u00e9nergie utilisable, 640W de puissance de sortie continue maximale.<\/li>\n<li>Max. Connexion 4P4S, jusqu'\u00e0 un syst\u00e8me 51.2V 200Ah (10.24kWh).<\/li>\n<li>83% plus l\u00e9ger, 55% plus petit, 3,3X la dur\u00e9e de vie, et 6% plus d'\u00e9nergie (1C), par rapport \u00e0 une batterie au plomb de 12V 100Ah.<\/li>\n<li>Id\u00e9al pour la marine, les moteurs de p\u00eache \u00e0 la tra\u00eene de 20 \u00e0 30 lb de pouss\u00e9e, les d\u00e9tecteurs de poissons, etc.<\/li>\n<\/ul>","protected":false},"featured_media":1691,"comment_status":"open","ping_status":"closed","template":"","meta":[],"product_brand":[145],"product_cat":[45,83,146],"product_tag":[99,101,103,100,186,102],"class_list":{"0":"post-168","1":"product","2":"type-product","3":"status-publish","4":"has-post-thumbnail","6":"product_brand-gotopower","7":"product_cat-lifepo4-battery","8":"product_cat-lithium-lifepo4-battery","9":"product_cat-12v-lifepo4-battery","10":"product_tag-battery","11":"product_tag-bluetooth","12":"product_tag-boat","13":"product_tag-lithium","14":"product_tag-marine","15":"product_tag-trolling-motor","17":"first","18":"instock","19":"sale","20":"featured","21":"shipping-taxable","22":"purchasable","23":"product-type-simple"},"_links":{"self":[{"href":"https:\/\/www.gotopess.com\/fr\/wp-json\/wp\/v2\/product\/168","targetHints":{"allow":["GET"]}}],"collection":[{"href":"https:\/\/www.gotopess.com\/fr\/wp-json\/wp\/v2\/product"}],"about":[{"href":"https:\/\/www.gotopess.com\/fr\/wp-json\/wp\/v2\/types\/product"}],"replies":[{"embeddable":true,"href":"https:\/\/www.gotopess.com\/fr\/wp-json\/wp\/v2\/comments?post=168"}],"wp:featuredmedia":[{"embeddable":true,"href":"https:\/\/www.gotopess.com\/fr\/wp-json\/wp\/v2\/media\/1691"}],"wp:attachment":[{"href":"https:\/\/www.gotopess.com\/fr\/wp-json\/wp\/v2\/media?parent=168"}],"wp:term":[{"taxonomy":"product_brand","embeddable":true,"href":"https:\/\/www.gotopess.com\/fr\/wp-json\/wp\/v2\/product_brand?post=168"},{"taxonomy":"product_cat","embeddable":true,"href":"https:\/\/www.gotopess.com\/fr\/wp-json\/wp\/v2\/product_cat?post=168"},{"taxonomy":"product_tag","embeddable":true,"href":"https:\/\/www.gotopess.com\/fr\/wp-json\/wp\/v2\/product_tag?post=168"}],"curies":[{"name":"wp","href":"https:\/\/api.w.org\/{rel}","templated":true}]}}