{"id":1865,"date":"2025-10-06T08:15:05","date_gmt":"2025-10-06T08:15:05","guid":{"rendered":"http:\/\/8.218.239.88\/?post_type=product&#038;p=1865"},"modified":"2025-10-06T13:17:36","modified_gmt":"2025-10-06T13:17:36","slug":"12-8v-135ah-long-life-lifepo4-battery","status":"publish","type":"product","link":"https:\/\/www.gotopess.com\/fr\/produit\/12-8v-135ah-long-life-lifepo4-battery\/","title":{"rendered":"Batterie longue dur\u00e9e LiFePO4 12,8V 135Ah"},"content":{"rendered":"<div class=\"video video-fit mb\" style=\"padding-top:56.25%;\"><p><iframe title=\"12 8V 135Ah Long Life LiFePO4 Battery\" width=\"1020\" height=\"574\" src=\"https:\/\/www.youtube.com\/embed\/2WqLIW545Ro?feature=oembed\" frameborder=\"0\" allow=\"accelerometer; autoplay; clipboard-write; encrypted-media; gyroscope; picture-in-picture; web-share\" referrerpolicy=\"strict-origin-when-cross-origin\" allowfullscreen><\/iframe><\/p>\n<\/div>\n<p><img decoding=\"async\" class=\"aligncenter size-full wp-image-1868\" src=\"https:\/\/www.gotopess.com\/wp-content\/uploads\/2025\/10\/12.8V-135Ah-Long-Life-LiFePO4-Battery5-\u5927.jpeg\" alt=\"\" width=\"905\" height=\"1280\" srcset=\"https:\/\/www.gotopess.com\/wp-content\/uploads\/2025\/10\/12.8V-135Ah-Long-Life-LiFePO4-Battery5-\u5927.jpeg 905w, https:\/\/www.gotopess.com\/wp-content\/uploads\/2025\/10\/12.8V-135Ah-Long-Life-LiFePO4-Battery5-\u5927-283x400.jpeg 283w, https:\/\/www.gotopess.com\/wp-content\/uploads\/2025\/10\/12.8V-135Ah-Long-Life-LiFePO4-Battery5-\u5927-566x800.jpeg 566w, https:\/\/www.gotopess.com\/wp-content\/uploads\/2025\/10\/12.8V-135Ah-Long-Life-LiFePO4-Battery5-\u5927-768x1086.jpeg 768w, https:\/\/www.gotopess.com\/wp-content\/uploads\/2025\/10\/12.8V-135Ah-Long-Life-LiFePO4-Battery5-\u5927-8x12.jpeg 8w, https:\/\/www.gotopess.com\/wp-content\/uploads\/2025\/10\/12.8V-135Ah-Long-Life-LiFePO4-Battery5-\u5927-600x849.jpeg 600w\" sizes=\"(max-width: 905px) 100vw, 905px\" \/><img decoding=\"async\" class=\"aligncenter size-full wp-image-1866\" src=\"https:\/\/www.gotopess.com\/wp-content\/uploads\/2025\/10\/12.8V-135Ah-Long-Life-LiFePO4-Battery3-\u5927.jpeg\" alt=\"\" width=\"905\" height=\"1280\" srcset=\"https:\/\/www.gotopess.com\/wp-content\/uploads\/2025\/10\/12.8V-135Ah-Long-Life-LiFePO4-Battery3-\u5927.jpeg 905w, https:\/\/www.gotopess.com\/wp-content\/uploads\/2025\/10\/12.8V-135Ah-Long-Life-LiFePO4-Battery3-\u5927-283x400.jpeg 283w, https:\/\/www.gotopess.com\/wp-content\/uploads\/2025\/10\/12.8V-135Ah-Long-Life-LiFePO4-Battery3-\u5927-566x800.jpeg 566w, https:\/\/www.gotopess.com\/wp-content\/uploads\/2025\/10\/12.8V-135Ah-Long-Life-LiFePO4-Battery3-\u5927-768x1086.jpeg 768w, https:\/\/www.gotopess.com\/wp-content\/uploads\/2025\/10\/12.8V-135Ah-Long-Life-LiFePO4-Battery3-\u5927-8x12.jpeg 8w, https:\/\/www.gotopess.com\/wp-content\/uploads\/2025\/10\/12.8V-135Ah-Long-Life-LiFePO4-Battery3-\u5927-600x849.jpeg 600w\" sizes=\"(max-width: 905px) 100vw, 905px\" \/> <img decoding=\"async\" class=\"aligncenter size-full wp-image-1867\" src=\"https:\/\/www.gotopess.com\/wp-content\/uploads\/2025\/10\/12.8V-135Ah-Long-Life-LiFePO4-Battery4-\u5927.jpeg\" alt=\"\" width=\"905\" height=\"1280\" srcset=\"https:\/\/www.gotopess.com\/wp-content\/uploads\/2025\/10\/12.8V-135Ah-Long-Life-LiFePO4-Battery4-\u5927.jpeg 905w, https:\/\/www.gotopess.com\/wp-content\/uploads\/2025\/10\/12.8V-135Ah-Long-Life-LiFePO4-Battery4-\u5927-283x400.jpeg 283w, https:\/\/www.gotopess.com\/wp-content\/uploads\/2025\/10\/12.8V-135Ah-Long-Life-LiFePO4-Battery4-\u5927-566x800.jpeg 566w, https:\/\/www.gotopess.com\/wp-content\/uploads\/2025\/10\/12.8V-135Ah-Long-Life-LiFePO4-Battery4-\u5927-768x1086.jpeg 768w, https:\/\/www.gotopess.com\/wp-content\/uploads\/2025\/10\/12.8V-135Ah-Long-Life-LiFePO4-Battery4-\u5927-8x12.jpeg 8w, https:\/\/www.gotopess.com\/wp-content\/uploads\/2025\/10\/12.8V-135Ah-Long-Life-LiFePO4-Battery4-\u5927-600x849.jpeg 600w\" sizes=\"(max-width: 905px) 100vw, 905px\" \/><\/p>","protected":false},"excerpt":{"rendered":"<p>La batterie int\u00e8gre un syst\u00e8me de gestion de la batterie (BMS) de type LiFePO4 qui peut surveiller et optimiser chaque cellule prismatique pendant la charge et la d\u00e9charge et prot\u00e9ger la batterie contre la surcharge, la d\u00e9charge excessive, la temp\u00e9rature \u00e9lev\u00e9e, la temp\u00e9rature basse, le courant excessif et le court-circuit. Globalement, le syst\u00e8me de gestion de la batterie contribue \u00e0 assurer un fonctionnement s\u00fbr et pr\u00e9cis de la batterie.<\/p>\n<ul>\n<li>Cellules LiFePO4 prismatiques \u00e0 longue dur\u00e9e de vie\uff0ccycle de vie sup\u00e9rieur \u00e0 6000 fois\uff0cCertification de la batterie : UN38.3, MSDS, CE<\/li>\n<li>Logiciel BMS int\u00e9gr\u00e9, protection ind\u00e9pendante pour la charge et la d\u00e9charge, protection contre les surcharges, les surd\u00e9charges, les surchauffes, les basses temp\u00e9ratures, les surintensit\u00e9s et les courts-circuits.<\/li>\n<li>Bo\u00eetier ABS, classe IP65, convient aux applications ext\u00e9rieures, ne n\u00e9cessite pas d'entretien, conception \u00e0 grand courant.100A<\/li>\n<\/ul>","protected":false},"featured_media":1870,"comment_status":"open","ping_status":"closed","template":"","meta":[],"product_brand":[145],"product_cat":[45,83,146],"product_tag":[101,105,183,181,186,106,102],"class_list":{"0":"post-1865","1":"product","2":"type-product","3":"status-publish","4":"has-post-thumbnail","6":"product_brand-gotopower","7":"product_cat-lifepo4-battery","8":"product_cat-lithium-lifepo4-battery","9":"product_cat-12v-lifepo4-battery","10":"product_tag-bluetooth","11":"product_tag-golf-cart","12":"product_tag-home","13":"product_tag-lithium-battery","14":"product_tag-marine","15":"product_tag-rv","16":"product_tag-trolling-motor","18":"first","19":"instock","20":"downloadable","21":"shipping-taxable","22":"product-type-simple"},"_links":{"self":[{"href":"https:\/\/www.gotopess.com\/fr\/wp-json\/wp\/v2\/product\/1865","targetHints":{"allow":["GET"]}}],"collection":[{"href":"https:\/\/www.gotopess.com\/fr\/wp-json\/wp\/v2\/product"}],"about":[{"href":"https:\/\/www.gotopess.com\/fr\/wp-json\/wp\/v2\/types\/product"}],"replies":[{"embeddable":true,"href":"https:\/\/www.gotopess.com\/fr\/wp-json\/wp\/v2\/comments?post=1865"}],"wp:featuredmedia":[{"embeddable":true,"href":"https:\/\/www.gotopess.com\/fr\/wp-json\/wp\/v2\/media\/1870"}],"wp:attachment":[{"href":"https:\/\/www.gotopess.com\/fr\/wp-json\/wp\/v2\/media?parent=1865"}],"wp:term":[{"taxonomy":"product_brand","embeddable":true,"href":"https:\/\/www.gotopess.com\/fr\/wp-json\/wp\/v2\/product_brand?post=1865"},{"taxonomy":"product_cat","embeddable":true,"href":"https:\/\/www.gotopess.com\/fr\/wp-json\/wp\/v2\/product_cat?post=1865"},{"taxonomy":"product_tag","embeddable":true,"href":"https:\/\/www.gotopess.com\/fr\/wp-json\/wp\/v2\/product_tag?post=1865"}],"curies":[{"name":"wp","href":"https:\/\/api.w.org\/{rel}","templated":true}]}}