{"id":2148,"date":"2025-10-15T08:43:59","date_gmt":"2025-10-15T08:43:59","guid":{"rendered":"https:\/\/www.gotopess.com\/?post_type=product&#038;p=2148"},"modified":"2025-10-15T18:40:32","modified_gmt":"2025-10-15T18:40:32","slug":"11kw-ac-ev-charger-series-for-residential-scenarios-eu-certified","status":"publish","type":"product","link":"https:\/\/www.gotopess.com\/fr\/produit\/11kw-ac-ev-charger-series-for-residential-scenarios-eu-certified\/","title":{"rendered":"S\u00e9rie de chargeurs de VE de 11 kW CA pour sc\u00e9narios r\u00e9sidentiels certifi\u00e9s par l'UE"},"content":{"rendered":"<p><img decoding=\"async\" class=\"aligncenter size-full wp-image-2265\" src=\"https:\/\/www.gotopess.com\/wp-content\/uploads\/2025\/10\/11kW-AC-EV-Charger-Series-for-Residential-Scenarios-Eu-Certified-scaled.webp\" alt=\"\" width=\"1886\" height=\"2560\" srcset=\"https:\/\/www.gotopess.com\/wp-content\/uploads\/2025\/10\/11kW-AC-EV-Charger-Series-for-Residential-Scenarios-Eu-Certified-scaled.webp 1886w, https:\/\/www.gotopess.com\/wp-content\/uploads\/2025\/10\/11kW-AC-EV-Charger-Series-for-Residential-Scenarios-Eu-Certified-295x400.webp 295w, https:\/\/www.gotopess.com\/wp-content\/uploads\/2025\/10\/11kW-AC-EV-Charger-Series-for-Residential-Scenarios-Eu-Certified-589x800.webp 589w, https:\/\/www.gotopess.com\/wp-content\/uploads\/2025\/10\/11kW-AC-EV-Charger-Series-for-Residential-Scenarios-Eu-Certified-768x1042.webp 768w, https:\/\/www.gotopess.com\/wp-content\/uploads\/2025\/10\/11kW-AC-EV-Charger-Series-for-Residential-Scenarios-Eu-Certified-1132x1536.webp 1132w, https:\/\/www.gotopess.com\/wp-content\/uploads\/2025\/10\/11kW-AC-EV-Charger-Series-for-Residential-Scenarios-Eu-Certified-1509x2048.webp 1509w, https:\/\/www.gotopess.com\/wp-content\/uploads\/2025\/10\/11kW-AC-EV-Charger-Series-for-Residential-Scenarios-Eu-Certified-9x12.webp 9w, https:\/\/www.gotopess.com\/wp-content\/uploads\/2025\/10\/11kW-AC-EV-Charger-Series-for-Residential-Scenarios-Eu-Certified-600x814.webp 600w\" sizes=\"(max-width: 1886px) 100vw, 1886px\" \/> <img decoding=\"async\" class=\"aligncenter size-full wp-image-2266\" src=\"https:\/\/www.gotopess.com\/wp-content\/uploads\/2025\/10\/11kW-AC-EV-Charger-Series-for-Residential-Scenarios-Eu-Certified1-scaled.webp\" alt=\"\" width=\"1886\" height=\"2560\" srcset=\"https:\/\/www.gotopess.com\/wp-content\/uploads\/2025\/10\/11kW-AC-EV-Charger-Series-for-Residential-Scenarios-Eu-Certified1-scaled.webp 1886w, https:\/\/www.gotopess.com\/wp-content\/uploads\/2025\/10\/11kW-AC-EV-Charger-Series-for-Residential-Scenarios-Eu-Certified1-295x400.webp 295w, https:\/\/www.gotopess.com\/wp-content\/uploads\/2025\/10\/11kW-AC-EV-Charger-Series-for-Residential-Scenarios-Eu-Certified1-589x800.webp 589w, https:\/\/www.gotopess.com\/wp-content\/uploads\/2025\/10\/11kW-AC-EV-Charger-Series-for-Residential-Scenarios-Eu-Certified1-768x1042.webp 768w, https:\/\/www.gotopess.com\/wp-content\/uploads\/2025\/10\/11kW-AC-EV-Charger-Series-for-Residential-Scenarios-Eu-Certified1-1132x1536.webp 1132w, https:\/\/www.gotopess.com\/wp-content\/uploads\/2025\/10\/11kW-AC-EV-Charger-Series-for-Residential-Scenarios-Eu-Certified1-1509x2048.webp 1509w, https:\/\/www.gotopess.com\/wp-content\/uploads\/2025\/10\/11kW-AC-EV-Charger-Series-for-Residential-Scenarios-Eu-Certified1-9x12.webp 9w, https:\/\/www.gotopess.com\/wp-content\/uploads\/2025\/10\/11kW-AC-EV-Charger-Series-for-Residential-Scenarios-Eu-Certified1-600x814.webp 600w\" sizes=\"(max-width: 1886px) 100vw, 1886px\" \/><img decoding=\"async\" class=\"aligncenter size-full wp-image-2190\" src=\"https:\/\/www.gotopess.com\/wp-content\/uploads\/2025\/10\/720kW-Max-High-Power-Charger-Series-for-Commercial-Industrial-Scenarios6.webp\" alt=\"\" width=\"1173\" height=\"1536\" srcset=\"https:\/\/www.gotopess.com\/wp-content\/uploads\/2025\/10\/720kW-Max-High-Power-Charger-Series-for-Commercial-Industrial-Scenarios6.webp 1173w, https:\/\/www.gotopess.com\/wp-content\/uploads\/2025\/10\/720kW-Max-High-Power-Charger-Series-for-Commercial-Industrial-Scenarios6-305x400.webp 305w, https:\/\/www.gotopess.com\/wp-content\/uploads\/2025\/10\/720kW-Max-High-Power-Charger-Series-for-Commercial-Industrial-Scenarios6-611x800.webp 611w, https:\/\/www.gotopess.com\/wp-content\/uploads\/2025\/10\/720kW-Max-High-Power-Charger-Series-for-Commercial-Industrial-Scenarios6-768x1006.webp 768w, https:\/\/www.gotopess.com\/wp-content\/uploads\/2025\/10\/720kW-Max-High-Power-Charger-Series-for-Commercial-Industrial-Scenarios6-9x12.webp 9w, https:\/\/www.gotopess.com\/wp-content\/uploads\/2025\/10\/720kW-Max-High-Power-Charger-Series-for-Commercial-Industrial-Scenarios6-600x786.webp 600w\" sizes=\"(max-width: 1173px) 100vw, 1173px\" \/> <img decoding=\"async\" class=\"aligncenter size-full wp-image-2189\" src=\"https:\/\/www.gotopess.com\/wp-content\/uploads\/2025\/10\/720kW-Max-High-Power-Charger-Series-for-Commercial-Industrial-Scenarios5.webp\" alt=\"\" width=\"1243\" height=\"1536\" srcset=\"https:\/\/www.gotopess.com\/wp-content\/uploads\/2025\/10\/720kW-Max-High-Power-Charger-Series-for-Commercial-Industrial-Scenarios5.webp 1243w, https:\/\/www.gotopess.com\/wp-content\/uploads\/2025\/10\/720kW-Max-High-Power-Charger-Series-for-Commercial-Industrial-Scenarios5-324x400.webp 324w, https:\/\/www.gotopess.com\/wp-content\/uploads\/2025\/10\/720kW-Max-High-Power-Charger-Series-for-Commercial-Industrial-Scenarios5-647x800.webp 647w, https:\/\/www.gotopess.com\/wp-content\/uploads\/2025\/10\/720kW-Max-High-Power-Charger-Series-for-Commercial-Industrial-Scenarios5-768x949.webp 768w, https:\/\/www.gotopess.com\/wp-content\/uploads\/2025\/10\/720kW-Max-High-Power-Charger-Series-for-Commercial-Industrial-Scenarios5-10x12.webp 10w, https:\/\/www.gotopess.com\/wp-content\/uploads\/2025\/10\/720kW-Max-High-Power-Charger-Series-for-Commercial-Industrial-Scenarios5-600x741.webp 600w\" sizes=\"(max-width: 1243px) 100vw, 1243px\" \/><\/p>","protected":false},"excerpt":{"rendered":"<p>Gotopower 11kW AC EV charger series provides efficient charging solutions for European homes &amp; businesses. Type 2 connector, smart app control, EU-certified. Perfect for overnight charging at home or workplace installations.<\/p>\n<ul>\n<li>Smart charging and flexible configuration<\/li>\n<li>Smart authentication, plug &amp; chargeRFID card\/App management<\/li>\n<li>Smart load management<\/li>\n<li>Wi-Fi\uff0c Bluetooth, 4G, Ethernet, RS485 connectivity<\/li>\n<li>IP65 protection<\/li>\n<\/ul>","protected":false},"featured_media":2267,"comment_status":"open","ping_status":"closed","template":"","meta":[],"product_brand":[145],"product_cat":[240],"product_tag":[245,243,246,241,244,242,247],"class_list":{"0":"post-2148","1":"product","2":"type-product","3":"status-publish","4":"has-post-thumbnail","6":"product_brand-gotopower","7":"product_cat-ev-charger","8":"product_tag-dc-charger","9":"product_tag-dc-charger-eu","10":"product_tag-eu-certified","11":"product_tag-ev-charger","12":"product_tag-ev-charger-station","13":"product_tag-ev-charging","14":"product_tag-smart-ev-charger","16":"first","17":"instock","18":"shipping-taxable","19":"product-type-simple"},"_links":{"self":[{"href":"https:\/\/www.gotopess.com\/fr\/wp-json\/wp\/v2\/product\/2148","targetHints":{"allow":["GET"]}}],"collection":[{"href":"https:\/\/www.gotopess.com\/fr\/wp-json\/wp\/v2\/product"}],"about":[{"href":"https:\/\/www.gotopess.com\/fr\/wp-json\/wp\/v2\/types\/product"}],"replies":[{"embeddable":true,"href":"https:\/\/www.gotopess.com\/fr\/wp-json\/wp\/v2\/comments?post=2148"}],"wp:featuredmedia":[{"embeddable":true,"href":"https:\/\/www.gotopess.com\/fr\/wp-json\/wp\/v2\/media\/2267"}],"wp:attachment":[{"href":"https:\/\/www.gotopess.com\/fr\/wp-json\/wp\/v2\/media?parent=2148"}],"wp:term":[{"taxonomy":"product_brand","embeddable":true,"href":"https:\/\/www.gotopess.com\/fr\/wp-json\/wp\/v2\/product_brand?post=2148"},{"taxonomy":"product_cat","embeddable":true,"href":"https:\/\/www.gotopess.com\/fr\/wp-json\/wp\/v2\/product_cat?post=2148"},{"taxonomy":"product_tag","embeddable":true,"href":"https:\/\/www.gotopess.com\/fr\/wp-json\/wp\/v2\/product_tag?post=2148"}],"curies":[{"name":"wp","href":"https:\/\/api.w.org\/{rel}","templated":true}]}}