{"id":2221,"date":"2025-10-15T15:44:26","date_gmt":"2025-10-15T15:44:26","guid":{"rendered":"https:\/\/www.gotopess.com\/?post_type=product&#038;p=2221"},"modified":"2025-10-15T16:36:49","modified_gmt":"2025-10-15T16:36:49","slug":"11kw-v2x-dc-ev-charger-series-for-residential-commercial-scenarios","status":"publish","type":"product","link":"https:\/\/www.gotopess.com\/fr\/produit\/11kw-v2x-dc-ev-charger-series-for-residential-commercial-scenarios\/","title":{"rendered":"S\u00e9rie de chargeurs V2X DC EV de 11 kW pour les sc\u00e9narios r\u00e9sidentiels et commerciaux"},"content":{"rendered":"<p><img decoding=\"async\" class=\"aligncenter size-full wp-image-2222\" src=\"https:\/\/www.gotopess.com\/wp-content\/uploads\/2025\/10\/11kW-V2X-DC-EV-Charger-Series-for-Residential-Commercial-Scenarios-scaled.webp\" alt=\"\" width=\"1886\" height=\"2560\" srcset=\"https:\/\/www.gotopess.com\/wp-content\/uploads\/2025\/10\/11kW-V2X-DC-EV-Charger-Series-for-Residential-Commercial-Scenarios-scaled.webp 1886w, https:\/\/www.gotopess.com\/wp-content\/uploads\/2025\/10\/11kW-V2X-DC-EV-Charger-Series-for-Residential-Commercial-Scenarios-295x400.webp 295w, https:\/\/www.gotopess.com\/wp-content\/uploads\/2025\/10\/11kW-V2X-DC-EV-Charger-Series-for-Residential-Commercial-Scenarios-589x800.webp 589w, https:\/\/www.gotopess.com\/wp-content\/uploads\/2025\/10\/11kW-V2X-DC-EV-Charger-Series-for-Residential-Commercial-Scenarios-768x1042.webp 768w, https:\/\/www.gotopess.com\/wp-content\/uploads\/2025\/10\/11kW-V2X-DC-EV-Charger-Series-for-Residential-Commercial-Scenarios-1132x1536.webp 1132w, https:\/\/www.gotopess.com\/wp-content\/uploads\/2025\/10\/11kW-V2X-DC-EV-Charger-Series-for-Residential-Commercial-Scenarios-1509x2048.webp 1509w, https:\/\/www.gotopess.com\/wp-content\/uploads\/2025\/10\/11kW-V2X-DC-EV-Charger-Series-for-Residential-Commercial-Scenarios-9x12.webp 9w, https:\/\/www.gotopess.com\/wp-content\/uploads\/2025\/10\/11kW-V2X-DC-EV-Charger-Series-for-Residential-Commercial-Scenarios-600x814.webp 600w\" sizes=\"(max-width: 1886px) 100vw, 1886px\" \/> <img decoding=\"async\" class=\"alignnone size-full wp-image-2223\" src=\"https:\/\/www.gotopess.com\/wp-content\/uploads\/2025\/10\/11kW-V2X-DC-EV-Charger-Series-for-Residential-Commercial-Scenarios1-scaled.webp\" alt=\"\" width=\"1886\" height=\"2560\" srcset=\"https:\/\/www.gotopess.com\/wp-content\/uploads\/2025\/10\/11kW-V2X-DC-EV-Charger-Series-for-Residential-Commercial-Scenarios1-scaled.webp 1886w, https:\/\/www.gotopess.com\/wp-content\/uploads\/2025\/10\/11kW-V2X-DC-EV-Charger-Series-for-Residential-Commercial-Scenarios1-295x400.webp 295w, https:\/\/www.gotopess.com\/wp-content\/uploads\/2025\/10\/11kW-V2X-DC-EV-Charger-Series-for-Residential-Commercial-Scenarios1-589x800.webp 589w, https:\/\/www.gotopess.com\/wp-content\/uploads\/2025\/10\/11kW-V2X-DC-EV-Charger-Series-for-Residential-Commercial-Scenarios1-768x1042.webp 768w, https:\/\/www.gotopess.com\/wp-content\/uploads\/2025\/10\/11kW-V2X-DC-EV-Charger-Series-for-Residential-Commercial-Scenarios1-1132x1536.webp 1132w, https:\/\/www.gotopess.com\/wp-content\/uploads\/2025\/10\/11kW-V2X-DC-EV-Charger-Series-for-Residential-Commercial-Scenarios1-1509x2048.webp 1509w, https:\/\/www.gotopess.com\/wp-content\/uploads\/2025\/10\/11kW-V2X-DC-EV-Charger-Series-for-Residential-Commercial-Scenarios1-9x12.webp 9w, https:\/\/www.gotopess.com\/wp-content\/uploads\/2025\/10\/11kW-V2X-DC-EV-Charger-Series-for-Residential-Commercial-Scenarios1-600x814.webp 600w\" sizes=\"(max-width: 1886px) 100vw, 1886px\" \/><img decoding=\"async\" class=\"aligncenter size-full wp-image-2231\" src=\"https:\/\/www.gotopess.com\/wp-content\/uploads\/2025\/10\/11kW-V2X-DC-EV-Charger-Series-for-Residential-Commercial-Scenarios1-1-scaled.webp\" alt=\"\" width=\"1886\" height=\"2560\" srcset=\"https:\/\/www.gotopess.com\/wp-content\/uploads\/2025\/10\/11kW-V2X-DC-EV-Charger-Series-for-Residential-Commercial-Scenarios1-1-scaled.webp 1886w, https:\/\/www.gotopess.com\/wp-content\/uploads\/2025\/10\/11kW-V2X-DC-EV-Charger-Series-for-Residential-Commercial-Scenarios1-1-295x400.webp 295w, https:\/\/www.gotopess.com\/wp-content\/uploads\/2025\/10\/11kW-V2X-DC-EV-Charger-Series-for-Residential-Commercial-Scenarios1-1-589x800.webp 589w, https:\/\/www.gotopess.com\/wp-content\/uploads\/2025\/10\/11kW-V2X-DC-EV-Charger-Series-for-Residential-Commercial-Scenarios1-1-768x1042.webp 768w, https:\/\/www.gotopess.com\/wp-content\/uploads\/2025\/10\/11kW-V2X-DC-EV-Charger-Series-for-Residential-Commercial-Scenarios1-1-1132x1536.webp 1132w, https:\/\/www.gotopess.com\/wp-content\/uploads\/2025\/10\/11kW-V2X-DC-EV-Charger-Series-for-Residential-Commercial-Scenarios1-1-1509x2048.webp 1509w, https:\/\/www.gotopess.com\/wp-content\/uploads\/2025\/10\/11kW-V2X-DC-EV-Charger-Series-for-Residential-Commercial-Scenarios1-1-9x12.webp 9w, https:\/\/www.gotopess.com\/wp-content\/uploads\/2025\/10\/11kW-V2X-DC-EV-Charger-Series-for-Residential-Commercial-Scenarios1-1-600x814.webp 600w\" sizes=\"(max-width: 1886px) 100vw, 1886px\" \/> <img decoding=\"async\" class=\"aligncenter size-full wp-image-2232\" src=\"https:\/\/www.gotopess.com\/wp-content\/uploads\/2025\/10\/11kW-V2X-DC-EV-Charger-Series-for-Residential-Commercial-Scenarios12-scaled.webp\" alt=\"\" width=\"1886\" height=\"2560\" srcset=\"https:\/\/www.gotopess.com\/wp-content\/uploads\/2025\/10\/11kW-V2X-DC-EV-Charger-Series-for-Residential-Commercial-Scenarios12-scaled.webp 1886w, https:\/\/www.gotopess.com\/wp-content\/uploads\/2025\/10\/11kW-V2X-DC-EV-Charger-Series-for-Residential-Commercial-Scenarios12-295x400.webp 295w, https:\/\/www.gotopess.com\/wp-content\/uploads\/2025\/10\/11kW-V2X-DC-EV-Charger-Series-for-Residential-Commercial-Scenarios12-589x800.webp 589w, https:\/\/www.gotopess.com\/wp-content\/uploads\/2025\/10\/11kW-V2X-DC-EV-Charger-Series-for-Residential-Commercial-Scenarios12-768x1042.webp 768w, https:\/\/www.gotopess.com\/wp-content\/uploads\/2025\/10\/11kW-V2X-DC-EV-Charger-Series-for-Residential-Commercial-Scenarios12-1132x1536.webp 1132w, https:\/\/www.gotopess.com\/wp-content\/uploads\/2025\/10\/11kW-V2X-DC-EV-Charger-Series-for-Residential-Commercial-Scenarios12-1509x2048.webp 1509w, https:\/\/www.gotopess.com\/wp-content\/uploads\/2025\/10\/11kW-V2X-DC-EV-Charger-Series-for-Residential-Commercial-Scenarios12-9x12.webp 9w, https:\/\/www.gotopess.com\/wp-content\/uploads\/2025\/10\/11kW-V2X-DC-EV-Charger-Series-for-Residential-Commercial-Scenarios12-600x814.webp 600w\" sizes=\"(max-width: 1886px) 100vw, 1886px\" \/><\/p>","protected":false},"excerpt":{"rendered":"<p><strong>Intelligent &amp; Efficient <\/strong><\/p>\n<ul>\n<li>Smart charging<\/li>\n<li>Smart authentication, plug &amp; charge RFID card<\/li>\n<li>Smart Load management<\/li>\n<\/ul>\n<p><strong>Flexible &amp; Convenient<\/strong><\/p>\n<ul>\n<li>Wide output range Wi-Fi, Bluetooth, 4G, WAN, LAN, RS485, CAN connectivity<\/li>\n<li>Easy-to-install and commissioning<\/li>\n<li>Scheduled charging at anytime and anywhere<\/li>\n<li>Remote diagnosis &amp; OTA<\/li>\n<\/ul>\n<p><strong>Attractive &amp; User-friendly<\/strong><\/p>\n<ul>\n<li>Light and compact design<\/li>\n<li>Technological appearance design<\/li>\n<li>7-inch touch screen and IK10 design<\/li>\n<li>Stylish and elegant<\/li>\n<li>Low noise and support silence mode<\/li>\n<\/ul>\n<p><strong>Secure &amp; Reliable <\/strong><\/p>\n<ul>\n<li>Segregated ventilation<\/li>\n<li>IK10 &amp; IP65 protection<\/li>\n<li>Rich hardware and software protection<\/li>\n<\/ul>","protected":false},"featured_media":2227,"comment_status":"open","ping_status":"closed","template":"","meta":[],"product_brand":[145],"product_cat":[240],"product_tag":[245,243,246,241,242,248,247],"class_list":{"0":"post-2221","1":"product","2":"type-product","3":"status-publish","4":"has-post-thumbnail","6":"product_brand-gotopower","7":"product_cat-ev-charger","8":"product_tag-dc-charger","9":"product_tag-dc-charger-eu","10":"product_tag-eu-certified","11":"product_tag-ev-charger","12":"product_tag-ev-charging","13":"product_tag-home-charging-pile","14":"product_tag-smart-ev-charger","16":"first","17":"instock","18":"shipping-taxable","19":"product-type-simple"},"_links":{"self":[{"href":"https:\/\/www.gotopess.com\/fr\/wp-json\/wp\/v2\/product\/2221","targetHints":{"allow":["GET"]}}],"collection":[{"href":"https:\/\/www.gotopess.com\/fr\/wp-json\/wp\/v2\/product"}],"about":[{"href":"https:\/\/www.gotopess.com\/fr\/wp-json\/wp\/v2\/types\/product"}],"replies":[{"embeddable":true,"href":"https:\/\/www.gotopess.com\/fr\/wp-json\/wp\/v2\/comments?post=2221"}],"wp:featuredmedia":[{"embeddable":true,"href":"https:\/\/www.gotopess.com\/fr\/wp-json\/wp\/v2\/media\/2227"}],"wp:attachment":[{"href":"https:\/\/www.gotopess.com\/fr\/wp-json\/wp\/v2\/media?parent=2221"}],"wp:term":[{"taxonomy":"product_brand","embeddable":true,"href":"https:\/\/www.gotopess.com\/fr\/wp-json\/wp\/v2\/product_brand?post=2221"},{"taxonomy":"product_cat","embeddable":true,"href":"https:\/\/www.gotopess.com\/fr\/wp-json\/wp\/v2\/product_cat?post=2221"},{"taxonomy":"product_tag","embeddable":true,"href":"https:\/\/www.gotopess.com\/fr\/wp-json\/wp\/v2\/product_tag?post=2221"}],"curies":[{"name":"wp","href":"https:\/\/api.w.org\/{rel}","templated":true}]}}