{"id":2251,"date":"2025-10-15T17:32:05","date_gmt":"2025-10-15T17:32:05","guid":{"rendered":"https:\/\/www.gotopess.com\/?post_type=product&#038;p=2251"},"modified":"2025-10-15T17:39:08","modified_gmt":"2025-10-15T17:39:08","slug":"three-phrase-hybrid-inverter-series-for-residential-scenarios","status":"publish","type":"product","link":"https:\/\/www.gotopess.com\/fr\/produit\/serie-donduleurs-hybrides-a-trois-phases-pour-scenarios-residentiels\/","title":{"rendered":"S\u00e9rie d'onduleurs hybrides \u00e0 trois phases pour les sc\u00e9narios r\u00e9sidentiels"},"content":{"rendered":"<p><img decoding=\"async\" class=\"aligncenter size-full wp-image-2252\" src=\"https:\/\/www.gotopess.com\/wp-content\/uploads\/2025\/10\/Three-Phrase-Hybrid-Inverter-Series-for-Residential-Scenarios-scaled.webp\" alt=\"\" width=\"1886\" height=\"2560\" srcset=\"https:\/\/www.gotopess.com\/wp-content\/uploads\/2025\/10\/Three-Phrase-Hybrid-Inverter-Series-for-Residential-Scenarios-scaled.webp 1886w, https:\/\/www.gotopess.com\/wp-content\/uploads\/2025\/10\/Three-Phrase-Hybrid-Inverter-Series-for-Residential-Scenarios-295x400.webp 295w, https:\/\/www.gotopess.com\/wp-content\/uploads\/2025\/10\/Three-Phrase-Hybrid-Inverter-Series-for-Residential-Scenarios-589x800.webp 589w, https:\/\/www.gotopess.com\/wp-content\/uploads\/2025\/10\/Three-Phrase-Hybrid-Inverter-Series-for-Residential-Scenarios-768x1042.webp 768w, https:\/\/www.gotopess.com\/wp-content\/uploads\/2025\/10\/Three-Phrase-Hybrid-Inverter-Series-for-Residential-Scenarios-1132x1536.webp 1132w, https:\/\/www.gotopess.com\/wp-content\/uploads\/2025\/10\/Three-Phrase-Hybrid-Inverter-Series-for-Residential-Scenarios-1509x2048.webp 1509w, https:\/\/www.gotopess.com\/wp-content\/uploads\/2025\/10\/Three-Phrase-Hybrid-Inverter-Series-for-Residential-Scenarios-9x12.webp 9w, https:\/\/www.gotopess.com\/wp-content\/uploads\/2025\/10\/Three-Phrase-Hybrid-Inverter-Series-for-Residential-Scenarios-600x814.webp 600w\" sizes=\"(max-width: 1886px) 100vw, 1886px\" \/> <img decoding=\"async\" class=\"aligncenter size-full wp-image-2253\" src=\"https:\/\/www.gotopess.com\/wp-content\/uploads\/2025\/10\/Three-Phrase-Hybrid-Inverter-Series-for-Residential-Scenarios1-scaled.webp\" alt=\"\" width=\"1886\" height=\"2560\" srcset=\"https:\/\/www.gotopess.com\/wp-content\/uploads\/2025\/10\/Three-Phrase-Hybrid-Inverter-Series-for-Residential-Scenarios1-scaled.webp 1886w, https:\/\/www.gotopess.com\/wp-content\/uploads\/2025\/10\/Three-Phrase-Hybrid-Inverter-Series-for-Residential-Scenarios1-295x400.webp 295w, https:\/\/www.gotopess.com\/wp-content\/uploads\/2025\/10\/Three-Phrase-Hybrid-Inverter-Series-for-Residential-Scenarios1-589x800.webp 589w, https:\/\/www.gotopess.com\/wp-content\/uploads\/2025\/10\/Three-Phrase-Hybrid-Inverter-Series-for-Residential-Scenarios1-768x1042.webp 768w, https:\/\/www.gotopess.com\/wp-content\/uploads\/2025\/10\/Three-Phrase-Hybrid-Inverter-Series-for-Residential-Scenarios1-1132x1536.webp 1132w, https:\/\/www.gotopess.com\/wp-content\/uploads\/2025\/10\/Three-Phrase-Hybrid-Inverter-Series-for-Residential-Scenarios1-1509x2048.webp 1509w, https:\/\/www.gotopess.com\/wp-content\/uploads\/2025\/10\/Three-Phrase-Hybrid-Inverter-Series-for-Residential-Scenarios1-9x12.webp 9w, https:\/\/www.gotopess.com\/wp-content\/uploads\/2025\/10\/Three-Phrase-Hybrid-Inverter-Series-for-Residential-Scenarios1-600x814.webp 600w\" sizes=\"(max-width: 1886px) 100vw, 1886px\" \/><\/p>","protected":false},"excerpt":{"rendered":"<p><strong>Rendement \u00e9lev\u00e9<\/strong><\/p>\n<ul>\n<li>Efficacit\u00e9 maximale 98%<\/li>\n<li>Contr\u00f4le intelligent de l'\u00e9nergie, pour aider la famille \u00e0 r\u00e9duire ses factures d'\u00e9lectricit\u00e9<\/li>\n<li>Rapport DC\/AC \u00e9lev\u00e9, puissance PV maximale jusqu'\u00e0 15 kW<\/li>\n<li>Courant MPPT \u00e9lev\u00e9, comparable \u00e0 celui des grands panneaux photovolta\u00efques<\/li>\n<\/ul>\n<p><strong>Haute fiabilit\u00e9<\/strong><\/p>\n<ul>\n<li>Riche protection int\u00e9gr\u00e9e<\/li>\n<li>IP65 Composants cl\u00e9s provenant de marques internationales renomm\u00e9es.<\/li>\n<\/ul>\n<p><strong>Maintenance intelligente<\/strong><\/p>\n<ul>\n<li>Configuration et mise \u00e0 jour \u00e0 distance.<\/li>\n<li>Nombreuses options de connexion.<\/li>\n<li>G\u00e9n\u00e9rateur et fonction de charge intelligente en option<\/li>\n<\/ul>\n<p>&nbsp;<\/p>","protected":false},"featured_media":2254,"comment_status":"open","ping_status":"closed","template":"","meta":[],"product_brand":[145],"product_cat":[60,61],"product_tag":[256,176,257],"class_list":{"0":"post-2251","1":"product","2":"type-product","3":"status-publish","4":"has-post-thumbnail","6":"product_brand-gotopower","7":"product_cat-inverters-battery-energy-storage-system","8":"product_cat-hybrid-inverter-battery-energy-storage-system","9":"product_tag-hybrid-inverter","10":"product_tag-inverter","11":"product_tag-residential-inverter","13":"first","14":"instock","15":"shipping-taxable","16":"product-type-simple"},"_links":{"self":[{"href":"https:\/\/www.gotopess.com\/fr\/wp-json\/wp\/v2\/product\/2251","targetHints":{"allow":["GET"]}}],"collection":[{"href":"https:\/\/www.gotopess.com\/fr\/wp-json\/wp\/v2\/product"}],"about":[{"href":"https:\/\/www.gotopess.com\/fr\/wp-json\/wp\/v2\/types\/product"}],"replies":[{"embeddable":true,"href":"https:\/\/www.gotopess.com\/fr\/wp-json\/wp\/v2\/comments?post=2251"}],"wp:featuredmedia":[{"embeddable":true,"href":"https:\/\/www.gotopess.com\/fr\/wp-json\/wp\/v2\/media\/2254"}],"wp:attachment":[{"href":"https:\/\/www.gotopess.com\/fr\/wp-json\/wp\/v2\/media?parent=2251"}],"wp:term":[{"taxonomy":"product_brand","embeddable":true,"href":"https:\/\/www.gotopess.com\/fr\/wp-json\/wp\/v2\/product_brand?post=2251"},{"taxonomy":"product_cat","embeddable":true,"href":"https:\/\/www.gotopess.com\/fr\/wp-json\/wp\/v2\/product_cat?post=2251"},{"taxonomy":"product_tag","embeddable":true,"href":"https:\/\/www.gotopess.com\/fr\/wp-json\/wp\/v2\/product_tag?post=2251"}],"curies":[{"name":"wp","href":"https:\/\/api.w.org\/{rel}","templated":true}]}}