{"id":2260,"date":"2025-10-15T17:57:03","date_gmt":"2025-10-15T17:57:03","guid":{"rendered":"https:\/\/www.gotopess.com\/?post_type=product&#038;p=2260"},"modified":"2025-10-20T10:32:48","modified_gmt":"2025-10-20T02:32:48","slug":"stackable-high-voltage-lifepo4-battery-series-for-residential-scenarios","status":"publish","type":"product","link":"https:\/\/www.gotopess.com\/fr\/produit\/serie-de-batteries-empilables-haute-tension-lifepo4-pour-scenarios-residentiels\/","title":{"rendered":"S\u00e9rie de batteries LiFePO4 haute tension empilables pour les sc\u00e9narios r\u00e9sidentiels"},"content":{"rendered":"<p><img decoding=\"async\" class=\"aligncenter size-full wp-image-2261\" src=\"https:\/\/www.gotopess.com\/wp-content\/uploads\/2025\/10\/Stackable-High-Voltage-LiFePO-Battery-Series-for-Residential-Scenarios-scaled.webp\" alt=\"\" width=\"1886\" height=\"2560\" srcset=\"https:\/\/www.gotopess.com\/wp-content\/uploads\/2025\/10\/Stackable-High-Voltage-LiFePO-Battery-Series-for-Residential-Scenarios-scaled.webp 1886w, https:\/\/www.gotopess.com\/wp-content\/uploads\/2025\/10\/Stackable-High-Voltage-LiFePO-Battery-Series-for-Residential-Scenarios-295x400.webp 295w, https:\/\/www.gotopess.com\/wp-content\/uploads\/2025\/10\/Stackable-High-Voltage-LiFePO-Battery-Series-for-Residential-Scenarios-589x800.webp 589w, https:\/\/www.gotopess.com\/wp-content\/uploads\/2025\/10\/Stackable-High-Voltage-LiFePO-Battery-Series-for-Residential-Scenarios-768x1042.webp 768w, https:\/\/www.gotopess.com\/wp-content\/uploads\/2025\/10\/Stackable-High-Voltage-LiFePO-Battery-Series-for-Residential-Scenarios-1132x1536.webp 1132w, https:\/\/www.gotopess.com\/wp-content\/uploads\/2025\/10\/Stackable-High-Voltage-LiFePO-Battery-Series-for-Residential-Scenarios-1509x2048.webp 1509w, https:\/\/www.gotopess.com\/wp-content\/uploads\/2025\/10\/Stackable-High-Voltage-LiFePO-Battery-Series-for-Residential-Scenarios-9x12.webp 9w, https:\/\/www.gotopess.com\/wp-content\/uploads\/2025\/10\/Stackable-High-Voltage-LiFePO-Battery-Series-for-Residential-Scenarios-600x814.webp 600w\" sizes=\"(max-width: 1886px) 100vw, 1886px\" \/> <img decoding=\"async\" class=\"aligncenter size-full wp-image-2262\" src=\"https:\/\/www.gotopess.com\/wp-content\/uploads\/2025\/10\/Stackable-High-Voltage-LiFePO-Battery-Series-for-Residential-Scenarios1-scaled.webp\" alt=\"\" width=\"1886\" height=\"2560\" srcset=\"https:\/\/www.gotopess.com\/wp-content\/uploads\/2025\/10\/Stackable-High-Voltage-LiFePO-Battery-Series-for-Residential-Scenarios1-scaled.webp 1886w, https:\/\/www.gotopess.com\/wp-content\/uploads\/2025\/10\/Stackable-High-Voltage-LiFePO-Battery-Series-for-Residential-Scenarios1-295x400.webp 295w, https:\/\/www.gotopess.com\/wp-content\/uploads\/2025\/10\/Stackable-High-Voltage-LiFePO-Battery-Series-for-Residential-Scenarios1-589x800.webp 589w, https:\/\/www.gotopess.com\/wp-content\/uploads\/2025\/10\/Stackable-High-Voltage-LiFePO-Battery-Series-for-Residential-Scenarios1-768x1042.webp 768w, https:\/\/www.gotopess.com\/wp-content\/uploads\/2025\/10\/Stackable-High-Voltage-LiFePO-Battery-Series-for-Residential-Scenarios1-1132x1536.webp 1132w, https:\/\/www.gotopess.com\/wp-content\/uploads\/2025\/10\/Stackable-High-Voltage-LiFePO-Battery-Series-for-Residential-Scenarios1-1509x2048.webp 1509w, https:\/\/www.gotopess.com\/wp-content\/uploads\/2025\/10\/Stackable-High-Voltage-LiFePO-Battery-Series-for-Residential-Scenarios1-9x12.webp 9w, https:\/\/www.gotopess.com\/wp-content\/uploads\/2025\/10\/Stackable-High-Voltage-LiFePO-Battery-Series-for-Residential-Scenarios1-600x814.webp 600w\" sizes=\"(max-width: 1886px) 100vw, 1886px\" \/><img decoding=\"async\" class=\"aligncenter size-full wp-image-2239\" src=\"https:\/\/www.gotopess.com\/wp-content\/uploads\/2025\/10\/Gotopower-Cloud-Platform-App-and-Web-Portal-12-scaled.webp\" alt=\"\" width=\"1886\" height=\"2560\" srcset=\"https:\/\/www.gotopess.com\/wp-content\/uploads\/2025\/10\/Gotopower-Cloud-Platform-App-and-Web-Portal-12-scaled.webp 1886w, https:\/\/www.gotopess.com\/wp-content\/uploads\/2025\/10\/Gotopower-Cloud-Platform-App-and-Web-Portal-12-295x400.webp 295w, https:\/\/www.gotopess.com\/wp-content\/uploads\/2025\/10\/Gotopower-Cloud-Platform-App-and-Web-Portal-12-589x800.webp 589w, https:\/\/www.gotopess.com\/wp-content\/uploads\/2025\/10\/Gotopower-Cloud-Platform-App-and-Web-Portal-12-768x1042.webp 768w, https:\/\/www.gotopess.com\/wp-content\/uploads\/2025\/10\/Gotopower-Cloud-Platform-App-and-Web-Portal-12-1132x1536.webp 1132w, https:\/\/www.gotopess.com\/wp-content\/uploads\/2025\/10\/Gotopower-Cloud-Platform-App-and-Web-Portal-12-1509x2048.webp 1509w, https:\/\/www.gotopess.com\/wp-content\/uploads\/2025\/10\/Gotopower-Cloud-Platform-App-and-Web-Portal-12-9x12.webp 9w, https:\/\/www.gotopess.com\/wp-content\/uploads\/2025\/10\/Gotopower-Cloud-Platform-App-and-Web-Portal-12-600x814.webp 600w\" sizes=\"(max-width: 1886px) 100vw, 1886px\" \/> <img decoding=\"async\" class=\"aligncenter size-full wp-image-2238\" src=\"https:\/\/www.gotopess.com\/wp-content\/uploads\/2025\/10\/Gotopower-Cloud-Platform-App-and-Web-Portal-1--scaled.webp\" alt=\"\" width=\"1886\" height=\"2560\" srcset=\"https:\/\/www.gotopess.com\/wp-content\/uploads\/2025\/10\/Gotopower-Cloud-Platform-App-and-Web-Portal-1--scaled.webp 1886w, https:\/\/www.gotopess.com\/wp-content\/uploads\/2025\/10\/Gotopower-Cloud-Platform-App-and-Web-Portal-1--295x400.webp 295w, https:\/\/www.gotopess.com\/wp-content\/uploads\/2025\/10\/Gotopower-Cloud-Platform-App-and-Web-Portal-1--589x800.webp 589w, https:\/\/www.gotopess.com\/wp-content\/uploads\/2025\/10\/Gotopower-Cloud-Platform-App-and-Web-Portal-1--768x1042.webp 768w, https:\/\/www.gotopess.com\/wp-content\/uploads\/2025\/10\/Gotopower-Cloud-Platform-App-and-Web-Portal-1--1132x1536.webp 1132w, https:\/\/www.gotopess.com\/wp-content\/uploads\/2025\/10\/Gotopower-Cloud-Platform-App-and-Web-Portal-1--1509x2048.webp 1509w, https:\/\/www.gotopess.com\/wp-content\/uploads\/2025\/10\/Gotopower-Cloud-Platform-App-and-Web-Portal-1--9x12.webp 9w, https:\/\/www.gotopess.com\/wp-content\/uploads\/2025\/10\/Gotopower-Cloud-Platform-App-and-Web-Portal-1--600x814.webp 600w\" sizes=\"(max-width: 1886px) 100vw, 1886px\" \/><\/p>","protected":false},"excerpt":{"rendered":"<div class=\"page\" title=\"Page 1\">\n<div class=\"layoutArea\">\n<div class=\"column\">\n<ul>\n<li>Conception modulaire, extension flexible<\/li>\n<li>Niveau 1, composition des cellules LiFePO4<\/li>\n<li>Conception compacte, peu encombrante<\/li>\n<li>Correspondance avec les principaux onduleurs<\/li>\n<li>6000 cycles @ 80% DOD<\/li>\n<li>Applications r\u00e9sidentielles et commerciales<\/li>\n<\/ul>\n<\/div>\n<\/div>\n<\/div>","protected":false},"featured_media":2263,"comment_status":"open","ping_status":"closed","template":"","meta":[],"product_brand":[145],"product_cat":[45,83,35,263,265],"product_tag":[101,207,206,205,183,192,181,221,258],"class_list":{"0":"post-2260","1":"product","2":"type-product","3":"status-publish","4":"has-post-thumbnail","6":"product_brand-gotopower","7":"product_cat-lifepo4-battery","8":"product_cat-lithium-lifepo4-battery","9":"product_cat-lifepo4-battery-energy-storage-system","10":"product_cat-residential-energy-storage-system","11":"product_cat-stacked-ess","12":"product_tag-bluetooth","13":"product_tag-commercial-ess","14":"product_tag-energy-storage","15":"product_tag-ess","16":"product_tag-home","17":"product_tag-lifepo4","18":"product_tag-lithium-battery","19":"product_tag-stack","20":"product_tag-stackable-battery","22":"first","23":"instock","24":"shipping-taxable","25":"product-type-simple"},"_links":{"self":[{"href":"https:\/\/www.gotopess.com\/fr\/wp-json\/wp\/v2\/product\/2260","targetHints":{"allow":["GET"]}}],"collection":[{"href":"https:\/\/www.gotopess.com\/fr\/wp-json\/wp\/v2\/product"}],"about":[{"href":"https:\/\/www.gotopess.com\/fr\/wp-json\/wp\/v2\/types\/product"}],"replies":[{"embeddable":true,"href":"https:\/\/www.gotopess.com\/fr\/wp-json\/wp\/v2\/comments?post=2260"}],"wp:featuredmedia":[{"embeddable":true,"href":"https:\/\/www.gotopess.com\/fr\/wp-json\/wp\/v2\/media\/2263"}],"wp:attachment":[{"href":"https:\/\/www.gotopess.com\/fr\/wp-json\/wp\/v2\/media?parent=2260"}],"wp:term":[{"taxonomy":"product_brand","embeddable":true,"href":"https:\/\/www.gotopess.com\/fr\/wp-json\/wp\/v2\/product_brand?post=2260"},{"taxonomy":"product_cat","embeddable":true,"href":"https:\/\/www.gotopess.com\/fr\/wp-json\/wp\/v2\/product_cat?post=2260"},{"taxonomy":"product_tag","embeddable":true,"href":"https:\/\/www.gotopess.com\/fr\/wp-json\/wp\/v2\/product_tag?post=2260"}],"curies":[{"name":"wp","href":"https:\/\/api.w.org\/{rel}","templated":true}]}}