{"id":2276,"date":"2025-09-23T10:11:23","date_gmt":"2025-09-23T02:11:23","guid":{"rendered":"https:\/\/www.gotopess.com\/?post_type=product&#038;p=2276"},"modified":"2025-10-19T20:07:02","modified_gmt":"2025-10-19T12:07:02","slug":"gt-125kw-261kwh-liquid-cooled-energy-storage-cabinet","status":"publish","type":"product","link":"https:\/\/www.gotopess.com\/fr\/produit\/gt-125kw-261kwh-liquid-cooled-energy-storage-cabinet\/","title":{"rendered":"Armoire de stockage d'\u00e9nergie \u00e0 refroidissement liquide GT-125KW\/261KWh"},"content":{"rendered":"<p><img decoding=\"async\" class=\"aligncenter size-full wp-image-2277\" src=\"https:\/\/www.gotopess.com\/wp-content\/uploads\/2025\/10\/GT-125KW261KWh_0-scaled.webp\" alt=\"\" width=\"1810\" height=\"2560\" srcset=\"https:\/\/www.gotopess.com\/wp-content\/uploads\/2025\/10\/GT-125KW261KWh_0-scaled.webp 1810w, https:\/\/www.gotopess.com\/wp-content\/uploads\/2025\/10\/GT-125KW261KWh_0-283x400.webp 283w, https:\/\/www.gotopess.com\/wp-content\/uploads\/2025\/10\/GT-125KW261KWh_0-566x800.webp 566w, https:\/\/www.gotopess.com\/wp-content\/uploads\/2025\/10\/GT-125KW261KWh_0-768x1086.webp 768w, https:\/\/www.gotopess.com\/wp-content\/uploads\/2025\/10\/GT-125KW261KWh_0-1086x1536.webp 1086w, https:\/\/www.gotopess.com\/wp-content\/uploads\/2025\/10\/GT-125KW261KWh_0-1448x2048.webp 1448w, https:\/\/www.gotopess.com\/wp-content\/uploads\/2025\/10\/GT-125KW261KWh_0-8x12.webp 8w, https:\/\/www.gotopess.com\/wp-content\/uploads\/2025\/10\/GT-125KW261KWh_0-600x848.webp 600w\" sizes=\"(max-width: 1810px) 100vw, 1810px\" \/> <img decoding=\"async\" class=\"aligncenter size-full wp-image-2278\" src=\"https:\/\/www.gotopess.com\/wp-content\/uploads\/2025\/10\/GT-125KW261KWh_1-scaled.webp\" alt=\"\" width=\"1810\" height=\"2560\" srcset=\"https:\/\/www.gotopess.com\/wp-content\/uploads\/2025\/10\/GT-125KW261KWh_1-scaled.webp 1810w, https:\/\/www.gotopess.com\/wp-content\/uploads\/2025\/10\/GT-125KW261KWh_1-283x400.webp 283w, https:\/\/www.gotopess.com\/wp-content\/uploads\/2025\/10\/GT-125KW261KWh_1-566x800.webp 566w, https:\/\/www.gotopess.com\/wp-content\/uploads\/2025\/10\/GT-125KW261KWh_1-768x1086.webp 768w, https:\/\/www.gotopess.com\/wp-content\/uploads\/2025\/10\/GT-125KW261KWh_1-1086x1536.webp 1086w, https:\/\/www.gotopess.com\/wp-content\/uploads\/2025\/10\/GT-125KW261KWh_1-1448x2048.webp 1448w, https:\/\/www.gotopess.com\/wp-content\/uploads\/2025\/10\/GT-125KW261KWh_1-8x12.webp 8w, https:\/\/www.gotopess.com\/wp-content\/uploads\/2025\/10\/GT-125KW261KWh_1-600x848.webp 600w\" sizes=\"(max-width: 1810px) 100vw, 1810px\" \/><\/p>","protected":false},"excerpt":{"rendered":"<p><strong>R\u00e9duction du bruit par 50%, adapt\u00e9 aux grands b\u00e2timents commerciaux, parcs et autres zones.<\/strong><\/p>\n<ul>\n<li>Conception modulaire du bloc d'\u00e9nergie, pi\u00e8ces de rechange modulaires, entretien plus ais\u00e9.<\/li>\n<li>Donn\u00e9es, vid\u00e9o, acc\u00e8s \u00e0 haut d\u00e9bit au nuage, extinction active des incendies \u00e0 distance, afin de r\u00e9aliser une v\u00e9ritable extinction sans surveillance.<\/li>\n<li>Protection multicouche contre l'incendie, suppression rapide de l'emballement thermique.<\/li>\n<li>Conception de l'\u00e9clatement par le haut pour \u00e9viter le risque d'explosion Efficace et flexible\uff0cDensit\u00e9 \u00e9nerg\u00e9tique \u00e9lev\u00e9e, pas d'armoire de raccordement, gain de place au sol<\/li>\n<li>Installation facile\uff0cla fondation de l'\u00e9quipement ne n\u00e9cessite pas de conception d'excavation, ce qui permet d'\u00e9conomiser le co\u00fbt de la construction civile du site.<\/li>\n<li>Refroidissement par liquide, dur\u00e9e de vie du syst\u00e8me plus longue, consommation d'\u00e9nergie auxiliaire plus faible.<\/li>\n<\/ul>","protected":false},"featured_media":1212,"comment_status":"open","ping_status":"closed","template":"","meta":[],"product_brand":[145],"product_cat":[35,82],"product_tag":[209,207,205,259],"class_list":{"0":"post-2276","1":"product","2":"type-product","3":"status-publish","4":"has-post-thumbnail","6":"product_brand-gotopower","7":"product_cat-lifepo4-battery-energy-storage-system","8":"product_cat-commercial-industrial-battery-energy-storage-system","9":"product_tag-all-in-one","10":"product_tag-commercial-ess","11":"product_tag-ess","12":"product_tag-industrial-energy-storage","14":"first","15":"instock","16":"downloadable","17":"shipping-taxable","18":"product-type-simple"},"_links":{"self":[{"href":"https:\/\/www.gotopess.com\/fr\/wp-json\/wp\/v2\/product\/2276","targetHints":{"allow":["GET"]}}],"collection":[{"href":"https:\/\/www.gotopess.com\/fr\/wp-json\/wp\/v2\/product"}],"about":[{"href":"https:\/\/www.gotopess.com\/fr\/wp-json\/wp\/v2\/types\/product"}],"replies":[{"embeddable":true,"href":"https:\/\/www.gotopess.com\/fr\/wp-json\/wp\/v2\/comments?post=2276"}],"wp:featuredmedia":[{"embeddable":true,"href":"https:\/\/www.gotopess.com\/fr\/wp-json\/wp\/v2\/media\/1212"}],"wp:attachment":[{"href":"https:\/\/www.gotopess.com\/fr\/wp-json\/wp\/v2\/media?parent=2276"}],"wp:term":[{"taxonomy":"product_brand","embeddable":true,"href":"https:\/\/www.gotopess.com\/fr\/wp-json\/wp\/v2\/product_brand?post=2276"},{"taxonomy":"product_cat","embeddable":true,"href":"https:\/\/www.gotopess.com\/fr\/wp-json\/wp\/v2\/product_cat?post=2276"},{"taxonomy":"product_tag","embeddable":true,"href":"https:\/\/www.gotopess.com\/fr\/wp-json\/wp\/v2\/product_tag?post=2276"}],"curies":[{"name":"wp","href":"https:\/\/api.w.org\/{rel}","templated":true}]}}