{"id":2367,"date":"2025-10-19T00:38:57","date_gmt":"2025-10-18T16:38:57","guid":{"rendered":"https:\/\/www.gotopess.com\/?post_type=product&#038;p=2367"},"modified":"2025-10-19T00:38:57","modified_gmt":"2025-10-18T16:38:57","slug":"reserve-battery","status":"publish","type":"product","link":"https:\/\/www.gotopess.com\/fr\/produit\/reserve-batterie\/","title":{"rendered":"Batterie de r\u00e9serve"},"content":{"rendered":"","protected":false},"excerpt":{"rendered":"<p>La s\u00e9rie GS GM GL HR FT de Gotopower est une batterie \u00e0 usage g\u00e9n\u00e9ral avec une dur\u00e9e de vie de 6 \u00e0 12 ans en service flottant. Gr\u00e2ce \u00e0 la technologie de r\u00e9gulation par valve AGM la plus r\u00e9cente et aux mati\u00e8res premi\u00e8res de haute puret\u00e9, cette s\u00e9rie de batteries maintient une coh\u00e9rence \u00e9lev\u00e9e pour une meilleure performance et une dur\u00e9e de vie fiable en mode veille. Elle convient aux applications UPS\/EPS, aux t\u00e9l\u00e9communications, aux centres de donn\u00e9es, aux \u00e9quipements m\u00e9dicaux, \u00e0 l'\u00e9clairage d'urgence et aux syst\u00e8mes de s\u00e9curit\u00e9.<\/p>","protected":false},"featured_media":2369,"comment_status":"open","ping_status":"closed","template":"","meta":[],"product_brand":[145],"product_cat":[45,85,156],"product_tag":[99,284,283],"class_list":{"0":"post-2367","1":"product","2":"type-product","3":"status-publish","4":"has-post-thumbnail","6":"product_brand-gotopower","7":"product_cat-lifepo4-battery","8":"product_cat-lead-acid","9":"product_cat-reserve-power-battery","10":"product_tag-battery","11":"product_tag-rechargeable-battery","12":"product_tag-reserve-power-battery","14":"first","15":"instock","16":"shipping-taxable","17":"product-type-simple"},"_links":{"self":[{"href":"https:\/\/www.gotopess.com\/fr\/wp-json\/wp\/v2\/product\/2367","targetHints":{"allow":["GET"]}}],"collection":[{"href":"https:\/\/www.gotopess.com\/fr\/wp-json\/wp\/v2\/product"}],"about":[{"href":"https:\/\/www.gotopess.com\/fr\/wp-json\/wp\/v2\/types\/product"}],"replies":[{"embeddable":true,"href":"https:\/\/www.gotopess.com\/fr\/wp-json\/wp\/v2\/comments?post=2367"}],"wp:featuredmedia":[{"embeddable":true,"href":"https:\/\/www.gotopess.com\/fr\/wp-json\/wp\/v2\/media\/2369"}],"wp:attachment":[{"href":"https:\/\/www.gotopess.com\/fr\/wp-json\/wp\/v2\/media?parent=2367"}],"wp:term":[{"taxonomy":"product_brand","embeddable":true,"href":"https:\/\/www.gotopess.com\/fr\/wp-json\/wp\/v2\/product_brand?post=2367"},{"taxonomy":"product_cat","embeddable":true,"href":"https:\/\/www.gotopess.com\/fr\/wp-json\/wp\/v2\/product_cat?post=2367"},{"taxonomy":"product_tag","embeddable":true,"href":"https:\/\/www.gotopess.com\/fr\/wp-json\/wp\/v2\/product_tag?post=2367"}],"curies":[{"name":"wp","href":"https:\/\/api.w.org\/{rel}","templated":true}]}}