{"id":2370,"date":"2025-10-19T12:08:20","date_gmt":"2025-10-19T04:08:20","guid":{"rendered":"https:\/\/www.gotopess.com\/?post_type=product&#038;p=2370"},"modified":"2025-10-19T12:16:54","modified_gmt":"2025-10-19T04:16:54","slug":"high-voltage-box-for-containerized-energy-storage-system","status":"publish","type":"product","link":"https:\/\/www.gotopess.com\/fr\/produit\/boitier-haute-tension-pour-systeme-de-stockage-denergie-conteneurise\/","title":{"rendered":"Bo\u00eetier haute tension pour syst\u00e8me de stockage d'\u00e9nergie en conteneur"},"content":{"rendered":"<p><img decoding=\"async\" class=\"aligncenter wp-image-2371 size-full\" src=\"https:\/\/www.gotopess.com\/wp-content\/uploads\/2025\/10\/High-Voltage-Box-for-Containerized-Energy-Storage-System-e1760847075706.webp\" alt=\"\" width=\"1718\" height=\"2334\" srcset=\"https:\/\/www.gotopess.com\/wp-content\/uploads\/2025\/10\/High-Voltage-Box-for-Containerized-Energy-Storage-System-e1760847075706.webp 1718w, https:\/\/www.gotopess.com\/wp-content\/uploads\/2025\/10\/High-Voltage-Box-for-Containerized-Energy-Storage-System-e1760847075706-294x400.webp 294w, https:\/\/www.gotopess.com\/wp-content\/uploads\/2025\/10\/High-Voltage-Box-for-Containerized-Energy-Storage-System-e1760847075706-589x800.webp 589w, https:\/\/www.gotopess.com\/wp-content\/uploads\/2025\/10\/High-Voltage-Box-for-Containerized-Energy-Storage-System-e1760847075706-768x1043.webp 768w, https:\/\/www.gotopess.com\/wp-content\/uploads\/2025\/10\/High-Voltage-Box-for-Containerized-Energy-Storage-System-e1760847075706-1131x1536.webp 1131w, https:\/\/www.gotopess.com\/wp-content\/uploads\/2025\/10\/High-Voltage-Box-for-Containerized-Energy-Storage-System-e1760847075706-1507x2048.webp 1507w, https:\/\/www.gotopess.com\/wp-content\/uploads\/2025\/10\/High-Voltage-Box-for-Containerized-Energy-Storage-System-e1760847075706-9x12.webp 9w, https:\/\/www.gotopess.com\/wp-content\/uploads\/2025\/10\/High-Voltage-Box-for-Containerized-Energy-Storage-System-e1760847075706-600x815.webp 600w\" sizes=\"(max-width: 1718px) 100vw, 1718px\" \/><\/p>","protected":false},"excerpt":{"rendered":"<div class=\"page\" title=\"Page 9\">\n<div class=\"layoutArea\">\n<div class=\"column\">\n<ul>\n<li>Capteurs d'acquisition de haute pr\u00e9cision<\/li>\n<li>Connecteur infaillible<\/li>\n<li>Ventilateur de refroidissement int\u00e9gr\u00e9<\/li>\n<li>Fonction de pr\u00e9charge de la batterie<\/li>\n<li>Interrupteur d'alimentation auxiliaire autonome<\/li>\n<li>Conception d\u00e9tachable du BiMS<\/li>\n<li>Commande ind\u00e9pendante de l'interrupteur de niveau du groupe<\/li>\n<li>Protection contre les courts-circuits par fusible<\/li>\n<\/ul>\n<\/div>\n<\/div>\n<\/div>","protected":false},"featured_media":2311,"comment_status":"open","ping_status":"closed","template":"","meta":[],"product_brand":[145],"product_cat":[35,81],"product_tag":[207,285,206,205,286],"class_list":{"0":"post-2370","1":"product","2":"type-product","3":"status-publish","4":"has-post-thumbnail","6":"product_brand-gotopower","7":"product_cat-lifepo4-battery-energy-storage-system","8":"product_cat-containerized-solution-battery-energy-storage-system","9":"product_tag-commercial-ess","10":"product_tag-containerized-energy-storage-system","11":"product_tag-energy-storage","12":"product_tag-ess","13":"product_tag-high-voltage-box","15":"first","16":"instock","17":"shipping-taxable","18":"product-type-simple"},"_links":{"self":[{"href":"https:\/\/www.gotopess.com\/fr\/wp-json\/wp\/v2\/product\/2370","targetHints":{"allow":["GET"]}}],"collection":[{"href":"https:\/\/www.gotopess.com\/fr\/wp-json\/wp\/v2\/product"}],"about":[{"href":"https:\/\/www.gotopess.com\/fr\/wp-json\/wp\/v2\/types\/product"}],"replies":[{"embeddable":true,"href":"https:\/\/www.gotopess.com\/fr\/wp-json\/wp\/v2\/comments?post=2370"}],"wp:featuredmedia":[{"embeddable":true,"href":"https:\/\/www.gotopess.com\/fr\/wp-json\/wp\/v2\/media\/2311"}],"wp:attachment":[{"href":"https:\/\/www.gotopess.com\/fr\/wp-json\/wp\/v2\/media?parent=2370"}],"wp:term":[{"taxonomy":"product_brand","embeddable":true,"href":"https:\/\/www.gotopess.com\/fr\/wp-json\/wp\/v2\/product_brand?post=2370"},{"taxonomy":"product_cat","embeddable":true,"href":"https:\/\/www.gotopess.com\/fr\/wp-json\/wp\/v2\/product_cat?post=2370"},{"taxonomy":"product_tag","embeddable":true,"href":"https:\/\/www.gotopess.com\/fr\/wp-json\/wp\/v2\/product_tag?post=2370"}],"curies":[{"name":"wp","href":"https:\/\/api.w.org\/{rel}","templated":true}]}}