{"id":2457,"date":"2025-10-20T22:57:18","date_gmt":"2025-10-20T14:57:18","guid":{"rendered":"https:\/\/www.gotopess.com\/?post_type=product&#038;p=2457"},"modified":"2025-10-20T22:57:19","modified_gmt":"2025-10-20T14:57:19","slug":"prismatic-sodium-ion-cell-50ah-160ah-high-energy-density","status":"publish","type":"product","link":"https:\/\/www.gotopess.com\/fr\/produit\/cellule-ion-prismatique-sodium-50ah-160ah-haute-densite-energetique\/","title":{"rendered":"Cellule prismatique sodium-ion 50Ah &amp; 160Ah haute densit\u00e9 \u00e9nerg\u00e9tique"},"content":{"rendered":"<p><img decoding=\"async\" class=\"aligncenter size-full wp-image-2458\" src=\"https:\/\/www.gotopess.com\/wp-content\/uploads\/2025\/10\/Gotopower-Sodium-ion-Battery1-scaled.webp\" alt=\"\" width=\"1810\" height=\"2560\" srcset=\"https:\/\/www.gotopess.com\/wp-content\/uploads\/2025\/10\/Gotopower-Sodium-ion-Battery1-scaled.webp 1810w, https:\/\/www.gotopess.com\/wp-content\/uploads\/2025\/10\/Gotopower-Sodium-ion-Battery1-283x400.webp 283w, https:\/\/www.gotopess.com\/wp-content\/uploads\/2025\/10\/Gotopower-Sodium-ion-Battery1-566x800.webp 566w, https:\/\/www.gotopess.com\/wp-content\/uploads\/2025\/10\/Gotopower-Sodium-ion-Battery1-768x1086.webp 768w, https:\/\/www.gotopess.com\/wp-content\/uploads\/2025\/10\/Gotopower-Sodium-ion-Battery1-1086x1536.webp 1086w, https:\/\/www.gotopess.com\/wp-content\/uploads\/2025\/10\/Gotopower-Sodium-ion-Battery1-1448x2048.webp 1448w, https:\/\/www.gotopess.com\/wp-content\/uploads\/2025\/10\/Gotopower-Sodium-ion-Battery1-8x12.webp 8w, https:\/\/www.gotopess.com\/wp-content\/uploads\/2025\/10\/Gotopower-Sodium-ion-Battery1-600x848.webp 600w\" sizes=\"(max-width: 1810px) 100vw, 1810px\" \/><\/p>","protected":false},"excerpt":{"rendered":"<p>D\u00e9couvrez les cellules prismatiques sodium-ion 50Ah et 160Ah de Gotopower, qui offrent une densit\u00e9 \u00e9nerg\u00e9tique \u00e9lev\u00e9e, une longue dur\u00e9e de vie et une excellente s\u00e9curit\u00e9 pour les applications ESS, EV et de stockage solaire.<\/p>","protected":false},"featured_media":2471,"comment_status":"open","ping_status":"closed","template":"","meta":[],"product_brand":[145],"product_cat":[45,84],"product_tag":[296,295,292,293,294,297],"class_list":{"0":"post-2457","1":"product","2":"type-product","3":"status-publish","4":"has-post-thumbnail","6":"product_brand-gotopower","7":"product_cat-lifepo4-battery","8":"product_cat-sodium-ion","9":"product_tag-160ah","10":"product_tag-50ah","11":"product_tag-prismatic-sodium-ion-cell","12":"product_tag-sodium","13":"product_tag-sodium-bess","14":"product_tag-sodium-ion-battery-cell","16":"first","17":"instock","18":"shipping-taxable","19":"product-type-simple"},"_links":{"self":[{"href":"https:\/\/www.gotopess.com\/fr\/wp-json\/wp\/v2\/product\/2457","targetHints":{"allow":["GET"]}}],"collection":[{"href":"https:\/\/www.gotopess.com\/fr\/wp-json\/wp\/v2\/product"}],"about":[{"href":"https:\/\/www.gotopess.com\/fr\/wp-json\/wp\/v2\/types\/product"}],"replies":[{"embeddable":true,"href":"https:\/\/www.gotopess.com\/fr\/wp-json\/wp\/v2\/comments?post=2457"}],"wp:featuredmedia":[{"embeddable":true,"href":"https:\/\/www.gotopess.com\/fr\/wp-json\/wp\/v2\/media\/2471"}],"wp:attachment":[{"href":"https:\/\/www.gotopess.com\/fr\/wp-json\/wp\/v2\/media?parent=2457"}],"wp:term":[{"taxonomy":"product_brand","embeddable":true,"href":"https:\/\/www.gotopess.com\/fr\/wp-json\/wp\/v2\/product_brand?post=2457"},{"taxonomy":"product_cat","embeddable":true,"href":"https:\/\/www.gotopess.com\/fr\/wp-json\/wp\/v2\/product_cat?post=2457"},{"taxonomy":"product_tag","embeddable":true,"href":"https:\/\/www.gotopess.com\/fr\/wp-json\/wp\/v2\/product_tag?post=2457"}],"curies":[{"name":"wp","href":"https:\/\/api.w.org\/{rel}","templated":true}]}}