{"id":2481,"date":"2025-10-20T23:12:19","date_gmt":"2025-10-20T15:12:19","guid":{"rendered":"https:\/\/www.gotopess.com\/?post_type=product&#038;p=2481"},"modified":"2025-10-22T15:31:17","modified_gmt":"2025-10-22T07:31:17","slug":"energy-storage-cabinet-with-sodium-ion-battery-outdoor-200kwh-and-115kwh","status":"publish","type":"product","link":"https:\/\/www.gotopess.com\/fr\/produit\/armoire-de-stockage-denergie-avec-batterie-ion-sodium-exterieur-200kwh-et-115kwh\/","title":{"rendered":"Armoire de stockage d'\u00e9nergie avec batterie sodium-ion - Ext\u00e9rieur 200KWh et 115KWh"},"content":{"rendered":"<p><img decoding=\"async\" class=\"aligncenter size-full wp-image-2461\" src=\"https:\/\/www.gotopess.com\/wp-content\/uploads\/2025\/10\/Gotopower-Sodium-ion-Battery4-scaled.webp\" alt=\"\" width=\"1810\" height=\"2560\" srcset=\"https:\/\/www.gotopess.com\/wp-content\/uploads\/2025\/10\/Gotopower-Sodium-ion-Battery4-scaled.webp 1810w, https:\/\/www.gotopess.com\/wp-content\/uploads\/2025\/10\/Gotopower-Sodium-ion-Battery4-283x400.webp 283w, https:\/\/www.gotopess.com\/wp-content\/uploads\/2025\/10\/Gotopower-Sodium-ion-Battery4-566x800.webp 566w, https:\/\/www.gotopess.com\/wp-content\/uploads\/2025\/10\/Gotopower-Sodium-ion-Battery4-768x1086.webp 768w, https:\/\/www.gotopess.com\/wp-content\/uploads\/2025\/10\/Gotopower-Sodium-ion-Battery4-1086x1536.webp 1086w, https:\/\/www.gotopess.com\/wp-content\/uploads\/2025\/10\/Gotopower-Sodium-ion-Battery4-1448x2048.webp 1448w, https:\/\/www.gotopess.com\/wp-content\/uploads\/2025\/10\/Gotopower-Sodium-ion-Battery4-8x12.webp 8w, https:\/\/www.gotopess.com\/wp-content\/uploads\/2025\/10\/Gotopower-Sodium-ion-Battery4-600x848.webp 600w\" sizes=\"(max-width: 1810px) 100vw, 1810px\" \/><\/p>","protected":false},"excerpt":{"rendered":"<p>D\u00e9couvrez l'armoire de stockage d'\u00e9nergie de Gotopower avec les batteries sodium-ion ext\u00e9rieures 200KWh et 115KWh - offrant une haute densit\u00e9 \u00e9nerg\u00e9tique, une longue dur\u00e9e de vie et une excellente s\u00e9curit\u00e9 pour les applications ESS, EV et de stockage solaire.<\/p>","protected":false},"featured_media":2467,"comment_status":"open","ping_status":"closed","template":"","meta":[],"product_brand":[145],"product_cat":[84,304,35,82],"product_tag":[293,294,299],"class_list":{"0":"post-2481","1":"product","2":"type-product","3":"status-publish","4":"has-post-thumbnail","6":"product_brand-gotopower","7":"product_cat-sodium-ion","8":"product_cat-sodium-ion-ess","9":"product_cat-lifepo4-battery-energy-storage-system","10":"product_cat-commercial-industrial-battery-energy-storage-system","11":"product_tag-sodium","12":"product_tag-sodium-bess","13":"product_tag-sodium-ion-battery","15":"first","16":"instock","17":"shipping-taxable","18":"product-type-simple"},"_links":{"self":[{"href":"https:\/\/www.gotopess.com\/fr\/wp-json\/wp\/v2\/product\/2481","targetHints":{"allow":["GET"]}}],"collection":[{"href":"https:\/\/www.gotopess.com\/fr\/wp-json\/wp\/v2\/product"}],"about":[{"href":"https:\/\/www.gotopess.com\/fr\/wp-json\/wp\/v2\/types\/product"}],"replies":[{"embeddable":true,"href":"https:\/\/www.gotopess.com\/fr\/wp-json\/wp\/v2\/comments?post=2481"}],"wp:featuredmedia":[{"embeddable":true,"href":"https:\/\/www.gotopess.com\/fr\/wp-json\/wp\/v2\/media\/2467"}],"wp:attachment":[{"href":"https:\/\/www.gotopess.com\/fr\/wp-json\/wp\/v2\/media?parent=2481"}],"wp:term":[{"taxonomy":"product_brand","embeddable":true,"href":"https:\/\/www.gotopess.com\/fr\/wp-json\/wp\/v2\/product_brand?post=2481"},{"taxonomy":"product_cat","embeddable":true,"href":"https:\/\/www.gotopess.com\/fr\/wp-json\/wp\/v2\/product_cat?post=2481"},{"taxonomy":"product_tag","embeddable":true,"href":"https:\/\/www.gotopess.com\/fr\/wp-json\/wp\/v2\/product_tag?post=2481"}],"curies":[{"name":"wp","href":"https:\/\/api.w.org\/{rel}","templated":true}]}}