{"id":581,"date":"2025-09-15T09:32:17","date_gmt":"2025-09-15T09:32:17","guid":{"rendered":"http:\/\/8.218.239.88\/?post_type=product&#038;p=581"},"modified":"2025-10-27T13:38:27","modified_gmt":"2025-10-27T05:38:27","slug":"12-8v-100ah-lifepo4-lithium-battery-smart-bluetooth","status":"publish","type":"product","link":"https:\/\/www.gotopess.com\/fr\/produit\/12-8v-100ah-lifepo4-batterie-lithium-smart-bluetooth-2\/","title":{"rendered":"12.8V 100Ah LiFePO4 Lithium Battery Smart Bluetooth"},"content":{"rendered":"<p><img decoding=\"async\" class=\"aligncenter size-full wp-image-1802\" src=\"https:\/\/www.gotopess.com\/wp-content\/uploads\/2025\/09\/12.8V-100ah-LiFePO4-Lithium-Battery-Smart-Bluetooth1.webp\" alt=\"\" width=\"1920\" height=\"787\" srcset=\"https:\/\/www.gotopess.com\/wp-content\/uploads\/2025\/09\/12.8V-100ah-LiFePO4-Lithium-Battery-Smart-Bluetooth1.webp 1920w, https:\/\/www.gotopess.com\/wp-content\/uploads\/2025\/09\/12.8V-100ah-LiFePO4-Lithium-Battery-Smart-Bluetooth1-800x328.webp 800w, https:\/\/www.gotopess.com\/wp-content\/uploads\/2025\/09\/12.8V-100ah-LiFePO4-Lithium-Battery-Smart-Bluetooth1-1400x574.webp 1400w, https:\/\/www.gotopess.com\/wp-content\/uploads\/2025\/09\/12.8V-100ah-LiFePO4-Lithium-Battery-Smart-Bluetooth1-768x315.webp 768w, https:\/\/www.gotopess.com\/wp-content\/uploads\/2025\/09\/12.8V-100ah-LiFePO4-Lithium-Battery-Smart-Bluetooth1-1536x630.webp 1536w, https:\/\/www.gotopess.com\/wp-content\/uploads\/2025\/09\/12.8V-100ah-LiFePO4-Lithium-Battery-Smart-Bluetooth1-18x7.webp 18w, https:\/\/www.gotopess.com\/wp-content\/uploads\/2025\/09\/12.8V-100ah-LiFePO4-Lithium-Battery-Smart-Bluetooth1-600x246.webp 600w\" sizes=\"(max-width: 1920px) 100vw, 1920px\" \/> <img decoding=\"async\" class=\"aligncenter size-full wp-image-1803\" src=\"https:\/\/www.gotopess.com\/wp-content\/uploads\/2025\/09\/12.8V-100ah-LiFePO4-Lithium-Battery-Smart-Bluetooth2.webp\" alt=\"\" width=\"1920\" height=\"787\" srcset=\"https:\/\/www.gotopess.com\/wp-content\/uploads\/2025\/09\/12.8V-100ah-LiFePO4-Lithium-Battery-Smart-Bluetooth2.webp 1920w, https:\/\/www.gotopess.com\/wp-content\/uploads\/2025\/09\/12.8V-100ah-LiFePO4-Lithium-Battery-Smart-Bluetooth2-800x328.webp 800w, https:\/\/www.gotopess.com\/wp-content\/uploads\/2025\/09\/12.8V-100ah-LiFePO4-Lithium-Battery-Smart-Bluetooth2-1400x574.webp 1400w, https:\/\/www.gotopess.com\/wp-content\/uploads\/2025\/09\/12.8V-100ah-LiFePO4-Lithium-Battery-Smart-Bluetooth2-768x315.webp 768w, https:\/\/www.gotopess.com\/wp-content\/uploads\/2025\/09\/12.8V-100ah-LiFePO4-Lithium-Battery-Smart-Bluetooth2-1536x630.webp 1536w, https:\/\/www.gotopess.com\/wp-content\/uploads\/2025\/09\/12.8V-100ah-LiFePO4-Lithium-Battery-Smart-Bluetooth2-18x7.webp 18w, https:\/\/www.gotopess.com\/wp-content\/uploads\/2025\/09\/12.8V-100ah-LiFePO4-Lithium-Battery-Smart-Bluetooth2-600x246.webp 600w\" sizes=\"(max-width: 1920px) 100vw, 1920px\" \/> <img decoding=\"async\" class=\"aligncenter size-full wp-image-1804\" src=\"https:\/\/www.gotopess.com\/wp-content\/uploads\/2025\/09\/12.8V-100ah-LiFePO4-Lithium-Battery-Smart-Bluetooth3.webp\" alt=\"\" width=\"1920\" height=\"787\" srcset=\"https:\/\/www.gotopess.com\/wp-content\/uploads\/2025\/09\/12.8V-100ah-LiFePO4-Lithium-Battery-Smart-Bluetooth3.webp 1920w, https:\/\/www.gotopess.com\/wp-content\/uploads\/2025\/09\/12.8V-100ah-LiFePO4-Lithium-Battery-Smart-Bluetooth3-800x328.webp 800w, https:\/\/www.gotopess.com\/wp-content\/uploads\/2025\/09\/12.8V-100ah-LiFePO4-Lithium-Battery-Smart-Bluetooth3-1400x574.webp 1400w, https:\/\/www.gotopess.com\/wp-content\/uploads\/2025\/09\/12.8V-100ah-LiFePO4-Lithium-Battery-Smart-Bluetooth3-768x315.webp 768w, https:\/\/www.gotopess.com\/wp-content\/uploads\/2025\/09\/12.8V-100ah-LiFePO4-Lithium-Battery-Smart-Bluetooth3-1536x630.webp 1536w, https:\/\/www.gotopess.com\/wp-content\/uploads\/2025\/09\/12.8V-100ah-LiFePO4-Lithium-Battery-Smart-Bluetooth3-18x7.webp 18w, https:\/\/www.gotopess.com\/wp-content\/uploads\/2025\/09\/12.8V-100ah-LiFePO4-Lithium-Battery-Smart-Bluetooth3-600x246.webp 600w\" sizes=\"(max-width: 1920px) 100vw, 1920px\" \/> <img decoding=\"async\" class=\"aligncenter size-full wp-image-1805\" src=\"https:\/\/www.gotopess.com\/wp-content\/uploads\/2025\/09\/12.8V-100ah-LiFePO4-Lithium-Battery-Smart-Bluetooth4.webp\" alt=\"\" width=\"1920\" height=\"787\" srcset=\"https:\/\/www.gotopess.com\/wp-content\/uploads\/2025\/09\/12.8V-100ah-LiFePO4-Lithium-Battery-Smart-Bluetooth4.webp 1920w, https:\/\/www.gotopess.com\/wp-content\/uploads\/2025\/09\/12.8V-100ah-LiFePO4-Lithium-Battery-Smart-Bluetooth4-800x328.webp 800w, https:\/\/www.gotopess.com\/wp-content\/uploads\/2025\/09\/12.8V-100ah-LiFePO4-Lithium-Battery-Smart-Bluetooth4-1400x574.webp 1400w, https:\/\/www.gotopess.com\/wp-content\/uploads\/2025\/09\/12.8V-100ah-LiFePO4-Lithium-Battery-Smart-Bluetooth4-768x315.webp 768w, https:\/\/www.gotopess.com\/wp-content\/uploads\/2025\/09\/12.8V-100ah-LiFePO4-Lithium-Battery-Smart-Bluetooth4-1536x630.webp 1536w, https:\/\/www.gotopess.com\/wp-content\/uploads\/2025\/09\/12.8V-100ah-LiFePO4-Lithium-Battery-Smart-Bluetooth4-18x7.webp 18w, https:\/\/www.gotopess.com\/wp-content\/uploads\/2025\/09\/12.8V-100ah-LiFePO4-Lithium-Battery-Smart-Bluetooth4-600x246.webp 600w\" sizes=\"(max-width: 1920px) 100vw, 1920px\" \/> <img decoding=\"async\" class=\"aligncenter size-full wp-image-1806\" src=\"https:\/\/www.gotopess.com\/wp-content\/uploads\/2025\/09\/12.8V-100ah-LiFePO4-Lithium-Battery-Smart-Bluetooth5.webp\" alt=\"\" width=\"1920\" height=\"787\" srcset=\"https:\/\/www.gotopess.com\/wp-content\/uploads\/2025\/09\/12.8V-100ah-LiFePO4-Lithium-Battery-Smart-Bluetooth5.webp 1920w, https:\/\/www.gotopess.com\/wp-content\/uploads\/2025\/09\/12.8V-100ah-LiFePO4-Lithium-Battery-Smart-Bluetooth5-800x328.webp 800w, https:\/\/www.gotopess.com\/wp-content\/uploads\/2025\/09\/12.8V-100ah-LiFePO4-Lithium-Battery-Smart-Bluetooth5-1400x574.webp 1400w, https:\/\/www.gotopess.com\/wp-content\/uploads\/2025\/09\/12.8V-100ah-LiFePO4-Lithium-Battery-Smart-Bluetooth5-768x315.webp 768w, https:\/\/www.gotopess.com\/wp-content\/uploads\/2025\/09\/12.8V-100ah-LiFePO4-Lithium-Battery-Smart-Bluetooth5-1536x630.webp 1536w, https:\/\/www.gotopess.com\/wp-content\/uploads\/2025\/09\/12.8V-100ah-LiFePO4-Lithium-Battery-Smart-Bluetooth5-18x7.webp 18w, https:\/\/www.gotopess.com\/wp-content\/uploads\/2025\/09\/12.8V-100ah-LiFePO4-Lithium-Battery-Smart-Bluetooth5-600x246.webp 600w\" sizes=\"(max-width: 1920px) 100vw, 1920px\" \/> <img decoding=\"async\" class=\"aligncenter size-full wp-image-1807\" src=\"https:\/\/www.gotopess.com\/wp-content\/uploads\/2025\/09\/12.8V-100ah-LiFePO4-Lithium-Battery-Smart-Bluetooth6.webp\" alt=\"\" width=\"1920\" height=\"787\" srcset=\"https:\/\/www.gotopess.com\/wp-content\/uploads\/2025\/09\/12.8V-100ah-LiFePO4-Lithium-Battery-Smart-Bluetooth6.webp 1920w, https:\/\/www.gotopess.com\/wp-content\/uploads\/2025\/09\/12.8V-100ah-LiFePO4-Lithium-Battery-Smart-Bluetooth6-800x328.webp 800w, https:\/\/www.gotopess.com\/wp-content\/uploads\/2025\/09\/12.8V-100ah-LiFePO4-Lithium-Battery-Smart-Bluetooth6-1400x574.webp 1400w, https:\/\/www.gotopess.com\/wp-content\/uploads\/2025\/09\/12.8V-100ah-LiFePO4-Lithium-Battery-Smart-Bluetooth6-768x315.webp 768w, https:\/\/www.gotopess.com\/wp-content\/uploads\/2025\/09\/12.8V-100ah-LiFePO4-Lithium-Battery-Smart-Bluetooth6-1536x630.webp 1536w, https:\/\/www.gotopess.com\/wp-content\/uploads\/2025\/09\/12.8V-100ah-LiFePO4-Lithium-Battery-Smart-Bluetooth6-18x7.webp 18w, https:\/\/www.gotopess.com\/wp-content\/uploads\/2025\/09\/12.8V-100ah-LiFePO4-Lithium-Battery-Smart-Bluetooth6-600x246.webp 600w\" sizes=\"(max-width: 1920px) 100vw, 1920px\" \/> <img decoding=\"async\" class=\"aligncenter size-full wp-image-1808\" src=\"https:\/\/www.gotopess.com\/wp-content\/uploads\/2025\/09\/12.8V-100ah-LiFePO4-Lithium-Battery-Smart-Bluetooth7.webp\" alt=\"\" width=\"1920\" height=\"787\" srcset=\"https:\/\/www.gotopess.com\/wp-content\/uploads\/2025\/09\/12.8V-100ah-LiFePO4-Lithium-Battery-Smart-Bluetooth7.webp 1920w, https:\/\/www.gotopess.com\/wp-content\/uploads\/2025\/09\/12.8V-100ah-LiFePO4-Lithium-Battery-Smart-Bluetooth7-800x328.webp 800w, https:\/\/www.gotopess.com\/wp-content\/uploads\/2025\/09\/12.8V-100ah-LiFePO4-Lithium-Battery-Smart-Bluetooth7-1400x574.webp 1400w, https:\/\/www.gotopess.com\/wp-content\/uploads\/2025\/09\/12.8V-100ah-LiFePO4-Lithium-Battery-Smart-Bluetooth7-768x315.webp 768w, https:\/\/www.gotopess.com\/wp-content\/uploads\/2025\/09\/12.8V-100ah-LiFePO4-Lithium-Battery-Smart-Bluetooth7-1536x630.webp 1536w, https:\/\/www.gotopess.com\/wp-content\/uploads\/2025\/09\/12.8V-100ah-LiFePO4-Lithium-Battery-Smart-Bluetooth7-18x7.webp 18w, https:\/\/www.gotopess.com\/wp-content\/uploads\/2025\/09\/12.8V-100ah-LiFePO4-Lithium-Battery-Smart-Bluetooth7-600x246.webp 600w\" sizes=\"(max-width: 1920px) 100vw, 1920px\" \/><\/p>","protected":false},"excerpt":{"rendered":"<p>S'int\u00e8gre parfaitement aux syst\u00e8mes Victron dans les v\u00e9hicules de loisirs et peut \u00eatre personnalis\u00e9 pour Xantrex, AIMS, Go Power, etc.<\/p>\n<ul>\n<li><strong data-end=\"122\" data-start=\"81\">Pr\u00eat \u00e0 l'emploi avec le syst\u00e8me Victron :\u00a0<\/strong>Contrairement aux batteries sans communication, il se connecte directement \u00e0 votre syst\u00e8me Victron (CAN\/RS485 Comms) - aucun SmartShunt n'est n\u00e9cessaire. Il communique de mani\u00e8re transparente avec Victron, non seulement pour surveiller et g\u00e9rer facilement l'ensemble de votre syst\u00e8me, mais aussi pour optimiser automatiquement les performances et la s\u00e9curit\u00e9 sans r\u00e9glage manuel.<\/li>\n<li><strong>Bluetooth de haute pr\u00e9cision :\u00a0<\/strong>V\u00e9rifiez les donn\u00e9es en temps r\u00e9el du syst\u00e8me de batterie et contr\u00f4lez la d\u00e9charge ou l'arr\u00eat \u00e0 partir de votre t\u00e9l\u00e9phone.<\/li>\n<li><strong>Optimisation intelligente de la dur\u00e9e de vie :\u00a0<\/strong>Il signale automatiquement les valeurs de charge id\u00e9ales en fonction de l'\u00e9tat de la batterie et de la temp\u00e9rature pour une meilleure sant\u00e9 de la batterie et une dur\u00e9e de vie prolong\u00e9e.<\/li>\n<li><strong>G\u00e9rer facilement 16 batteries comme une seule :\u00a0<\/strong>Mise sous tension\/hors tension de l'ensemble du parc de batteries \u00e0 l'aide d'un seul bouton en mode communication. Jusqu'\u00e0 16 batteries en parall\u00e8le (20,48 kW) en mode communication ; 4P4S pris en charge sans communication.<\/li>\n<\/ul>","protected":false},"featured_media":1809,"comment_status":"open","ping_status":"closed","template":"","meta":[],"product_brand":[145],"product_cat":[45,83,146],"product_tag":[99,101,103,100,186,106,102],"class_list":{"0":"post-581","1":"product","2":"type-product","3":"status-publish","4":"has-post-thumbnail","6":"product_brand-gotopower","7":"product_cat-lifepo4-battery","8":"product_cat-lithium-lifepo4-battery","9":"product_cat-12v-lifepo4-battery","10":"product_tag-battery","11":"product_tag-bluetooth","12":"product_tag-boat","13":"product_tag-lithium","14":"product_tag-marine","15":"product_tag-rv","16":"product_tag-trolling-motor","18":"first","19":"instock","20":"shipping-taxable","21":"product-type-simple"},"_links":{"self":[{"href":"https:\/\/www.gotopess.com\/fr\/wp-json\/wp\/v2\/product\/581","targetHints":{"allow":["GET"]}}],"collection":[{"href":"https:\/\/www.gotopess.com\/fr\/wp-json\/wp\/v2\/product"}],"about":[{"href":"https:\/\/www.gotopess.com\/fr\/wp-json\/wp\/v2\/types\/product"}],"replies":[{"embeddable":true,"href":"https:\/\/www.gotopess.com\/fr\/wp-json\/wp\/v2\/comments?post=581"}],"wp:featuredmedia":[{"embeddable":true,"href":"https:\/\/www.gotopess.com\/fr\/wp-json\/wp\/v2\/media\/1809"}],"wp:attachment":[{"href":"https:\/\/www.gotopess.com\/fr\/wp-json\/wp\/v2\/media?parent=581"}],"wp:term":[{"taxonomy":"product_brand","embeddable":true,"href":"https:\/\/www.gotopess.com\/fr\/wp-json\/wp\/v2\/product_brand?post=581"},{"taxonomy":"product_cat","embeddable":true,"href":"https:\/\/www.gotopess.com\/fr\/wp-json\/wp\/v2\/product_cat?post=581"},{"taxonomy":"product_tag","embeddable":true,"href":"https:\/\/www.gotopess.com\/fr\/wp-json\/wp\/v2\/product_tag?post=581"}],"curies":[{"name":"wp","href":"https:\/\/api.w.org\/{rel}","templated":true}]}}