{"id":619,"date":"2025-09-15T12:26:28","date_gmt":"2025-09-15T12:26:28","guid":{"rendered":"http:\/\/8.218.239.88\/?post_type=product&#038;p=619"},"modified":"2025-10-02T18:04:09","modified_gmt":"2025-10-02T18:04:09","slug":"36v-50ah-marine-trolling-motor-smart-lithium-battery","status":"publish","type":"product","link":"https:\/\/www.gotopess.com\/fr\/produit\/36v-50ah-marine-moteur-de-controle-smart-batterie-lithium-2\/","title":{"rendered":"Batterie Lithium 36V 50ah Bluetooth Smart pour moteur de p\u00eache \u00e0 la tra\u00eene"},"content":{"rendered":"<p><img decoding=\"async\" class=\"aligncenter size-full wp-image-1721\" src=\"https:\/\/www.gotopess.com\/wp-content\/uploads\/2025\/09\/36V-50ah-Bluetooth-Smart-Lithium-Battery-For-Marine-Trolling-Motor1.webp\" alt=\"\" width=\"1920\" height=\"787\" srcset=\"https:\/\/www.gotopess.com\/wp-content\/uploads\/2025\/09\/36V-50ah-Bluetooth-Smart-Lithium-Battery-For-Marine-Trolling-Motor1.webp 1920w, https:\/\/www.gotopess.com\/wp-content\/uploads\/2025\/09\/36V-50ah-Bluetooth-Smart-Lithium-Battery-For-Marine-Trolling-Motor1-800x328.webp 800w, https:\/\/www.gotopess.com\/wp-content\/uploads\/2025\/09\/36V-50ah-Bluetooth-Smart-Lithium-Battery-For-Marine-Trolling-Motor1-1400x574.webp 1400w, https:\/\/www.gotopess.com\/wp-content\/uploads\/2025\/09\/36V-50ah-Bluetooth-Smart-Lithium-Battery-For-Marine-Trolling-Motor1-768x315.webp 768w, https:\/\/www.gotopess.com\/wp-content\/uploads\/2025\/09\/36V-50ah-Bluetooth-Smart-Lithium-Battery-For-Marine-Trolling-Motor1-1536x630.webp 1536w, https:\/\/www.gotopess.com\/wp-content\/uploads\/2025\/09\/36V-50ah-Bluetooth-Smart-Lithium-Battery-For-Marine-Trolling-Motor1-18x7.webp 18w, https:\/\/www.gotopess.com\/wp-content\/uploads\/2025\/09\/36V-50ah-Bluetooth-Smart-Lithium-Battery-For-Marine-Trolling-Motor1-600x246.webp 600w\" sizes=\"(max-width: 1920px) 100vw, 1920px\" \/> <img decoding=\"async\" class=\"aligncenter size-full wp-image-1722\" src=\"https:\/\/www.gotopess.com\/wp-content\/uploads\/2025\/09\/36V-50ah-Bluetooth-Smart-Lithium-Battery-For-Marine-Trolling-Motor2.webp\" alt=\"\" width=\"1920\" height=\"787\" srcset=\"https:\/\/www.gotopess.com\/wp-content\/uploads\/2025\/09\/36V-50ah-Bluetooth-Smart-Lithium-Battery-For-Marine-Trolling-Motor2.webp 1920w, https:\/\/www.gotopess.com\/wp-content\/uploads\/2025\/09\/36V-50ah-Bluetooth-Smart-Lithium-Battery-For-Marine-Trolling-Motor2-800x328.webp 800w, https:\/\/www.gotopess.com\/wp-content\/uploads\/2025\/09\/36V-50ah-Bluetooth-Smart-Lithium-Battery-For-Marine-Trolling-Motor2-1400x574.webp 1400w, https:\/\/www.gotopess.com\/wp-content\/uploads\/2025\/09\/36V-50ah-Bluetooth-Smart-Lithium-Battery-For-Marine-Trolling-Motor2-768x315.webp 768w, https:\/\/www.gotopess.com\/wp-content\/uploads\/2025\/09\/36V-50ah-Bluetooth-Smart-Lithium-Battery-For-Marine-Trolling-Motor2-1536x630.webp 1536w, https:\/\/www.gotopess.com\/wp-content\/uploads\/2025\/09\/36V-50ah-Bluetooth-Smart-Lithium-Battery-For-Marine-Trolling-Motor2-18x7.webp 18w, https:\/\/www.gotopess.com\/wp-content\/uploads\/2025\/09\/36V-50ah-Bluetooth-Smart-Lithium-Battery-For-Marine-Trolling-Motor2-600x246.webp 600w\" sizes=\"(max-width: 1920px) 100vw, 1920px\" \/> <img decoding=\"async\" class=\"aligncenter size-full wp-image-1723\" src=\"https:\/\/www.gotopess.com\/wp-content\/uploads\/2025\/09\/36V-50ah-Bluetooth-Smart-Lithium-Battery-For-Marine-Trolling-Motor3.webp\" alt=\"\" width=\"1920\" height=\"787\" srcset=\"https:\/\/www.gotopess.com\/wp-content\/uploads\/2025\/09\/36V-50ah-Bluetooth-Smart-Lithium-Battery-For-Marine-Trolling-Motor3.webp 1920w, https:\/\/www.gotopess.com\/wp-content\/uploads\/2025\/09\/36V-50ah-Bluetooth-Smart-Lithium-Battery-For-Marine-Trolling-Motor3-800x328.webp 800w, https:\/\/www.gotopess.com\/wp-content\/uploads\/2025\/09\/36V-50ah-Bluetooth-Smart-Lithium-Battery-For-Marine-Trolling-Motor3-1400x574.webp 1400w, https:\/\/www.gotopess.com\/wp-content\/uploads\/2025\/09\/36V-50ah-Bluetooth-Smart-Lithium-Battery-For-Marine-Trolling-Motor3-768x315.webp 768w, https:\/\/www.gotopess.com\/wp-content\/uploads\/2025\/09\/36V-50ah-Bluetooth-Smart-Lithium-Battery-For-Marine-Trolling-Motor3-1536x630.webp 1536w, https:\/\/www.gotopess.com\/wp-content\/uploads\/2025\/09\/36V-50ah-Bluetooth-Smart-Lithium-Battery-For-Marine-Trolling-Motor3-18x7.webp 18w, https:\/\/www.gotopess.com\/wp-content\/uploads\/2025\/09\/36V-50ah-Bluetooth-Smart-Lithium-Battery-For-Marine-Trolling-Motor3-600x246.webp 600w\" sizes=\"(max-width: 1920px) 100vw, 1920px\" \/> <img decoding=\"async\" class=\"aligncenter size-full wp-image-1724\" src=\"https:\/\/www.gotopess.com\/wp-content\/uploads\/2025\/09\/36V-50ah-Bluetooth-Smart-Lithium-Battery-For-Marine-Trolling-Motor4.webp\" alt=\"\" width=\"1920\" height=\"787\" srcset=\"https:\/\/www.gotopess.com\/wp-content\/uploads\/2025\/09\/36V-50ah-Bluetooth-Smart-Lithium-Battery-For-Marine-Trolling-Motor4.webp 1920w, https:\/\/www.gotopess.com\/wp-content\/uploads\/2025\/09\/36V-50ah-Bluetooth-Smart-Lithium-Battery-For-Marine-Trolling-Motor4-800x328.webp 800w, https:\/\/www.gotopess.com\/wp-content\/uploads\/2025\/09\/36V-50ah-Bluetooth-Smart-Lithium-Battery-For-Marine-Trolling-Motor4-1400x574.webp 1400w, https:\/\/www.gotopess.com\/wp-content\/uploads\/2025\/09\/36V-50ah-Bluetooth-Smart-Lithium-Battery-For-Marine-Trolling-Motor4-768x315.webp 768w, https:\/\/www.gotopess.com\/wp-content\/uploads\/2025\/09\/36V-50ah-Bluetooth-Smart-Lithium-Battery-For-Marine-Trolling-Motor4-1536x630.webp 1536w, https:\/\/www.gotopess.com\/wp-content\/uploads\/2025\/09\/36V-50ah-Bluetooth-Smart-Lithium-Battery-For-Marine-Trolling-Motor4-18x7.webp 18w, https:\/\/www.gotopess.com\/wp-content\/uploads\/2025\/09\/36V-50ah-Bluetooth-Smart-Lithium-Battery-For-Marine-Trolling-Motor4-600x246.webp 600w\" sizes=\"(max-width: 1920px) 100vw, 1920px\" \/> <img decoding=\"async\" class=\"aligncenter size-full wp-image-1725\" src=\"https:\/\/www.gotopess.com\/wp-content\/uploads\/2025\/09\/36V-50ah-Bluetooth-Smart-Lithium-Battery-For-Marine-Trolling-Motor5.webp\" alt=\"\" width=\"1920\" height=\"787\" srcset=\"https:\/\/www.gotopess.com\/wp-content\/uploads\/2025\/09\/36V-50ah-Bluetooth-Smart-Lithium-Battery-For-Marine-Trolling-Motor5.webp 1920w, https:\/\/www.gotopess.com\/wp-content\/uploads\/2025\/09\/36V-50ah-Bluetooth-Smart-Lithium-Battery-For-Marine-Trolling-Motor5-800x328.webp 800w, https:\/\/www.gotopess.com\/wp-content\/uploads\/2025\/09\/36V-50ah-Bluetooth-Smart-Lithium-Battery-For-Marine-Trolling-Motor5-1400x574.webp 1400w, https:\/\/www.gotopess.com\/wp-content\/uploads\/2025\/09\/36V-50ah-Bluetooth-Smart-Lithium-Battery-For-Marine-Trolling-Motor5-768x315.webp 768w, https:\/\/www.gotopess.com\/wp-content\/uploads\/2025\/09\/36V-50ah-Bluetooth-Smart-Lithium-Battery-For-Marine-Trolling-Motor5-1536x630.webp 1536w, https:\/\/www.gotopess.com\/wp-content\/uploads\/2025\/09\/36V-50ah-Bluetooth-Smart-Lithium-Battery-For-Marine-Trolling-Motor5-18x7.webp 18w, https:\/\/www.gotopess.com\/wp-content\/uploads\/2025\/09\/36V-50ah-Bluetooth-Smart-Lithium-Battery-For-Marine-Trolling-Motor5-600x246.webp 600w\" sizes=\"(max-width: 1920px) 100vw, 1920px\" \/> <img decoding=\"async\" class=\"aligncenter size-full wp-image-1726\" src=\"https:\/\/www.gotopess.com\/wp-content\/uploads\/2025\/09\/36V-50ah-Bluetooth-Smart-Lithium-Battery-For-Marine-Trolling-Motor6.webp\" alt=\"\" width=\"1920\" height=\"787\" srcset=\"https:\/\/www.gotopess.com\/wp-content\/uploads\/2025\/09\/36V-50ah-Bluetooth-Smart-Lithium-Battery-For-Marine-Trolling-Motor6.webp 1920w, https:\/\/www.gotopess.com\/wp-content\/uploads\/2025\/09\/36V-50ah-Bluetooth-Smart-Lithium-Battery-For-Marine-Trolling-Motor6-800x328.webp 800w, https:\/\/www.gotopess.com\/wp-content\/uploads\/2025\/09\/36V-50ah-Bluetooth-Smart-Lithium-Battery-For-Marine-Trolling-Motor6-1400x574.webp 1400w, https:\/\/www.gotopess.com\/wp-content\/uploads\/2025\/09\/36V-50ah-Bluetooth-Smart-Lithium-Battery-For-Marine-Trolling-Motor6-768x315.webp 768w, https:\/\/www.gotopess.com\/wp-content\/uploads\/2025\/09\/36V-50ah-Bluetooth-Smart-Lithium-Battery-For-Marine-Trolling-Motor6-1536x630.webp 1536w, https:\/\/www.gotopess.com\/wp-content\/uploads\/2025\/09\/36V-50ah-Bluetooth-Smart-Lithium-Battery-For-Marine-Trolling-Motor6-18x7.webp 18w, https:\/\/www.gotopess.com\/wp-content\/uploads\/2025\/09\/36V-50ah-Bluetooth-Smart-Lithium-Battery-For-Marine-Trolling-Motor6-600x246.webp 600w\" sizes=\"(max-width: 1920px) 100vw, 1920px\" \/> <img decoding=\"async\" class=\"aligncenter size-full wp-image-1727\" src=\"https:\/\/www.gotopess.com\/wp-content\/uploads\/2025\/09\/36V-50ah-Bluetooth-Smart-Lithium-Battery-For-Marine-Trolling-Motor7.webp\" alt=\"\" width=\"1920\" height=\"787\" srcset=\"https:\/\/www.gotopess.com\/wp-content\/uploads\/2025\/09\/36V-50ah-Bluetooth-Smart-Lithium-Battery-For-Marine-Trolling-Motor7.webp 1920w, https:\/\/www.gotopess.com\/wp-content\/uploads\/2025\/09\/36V-50ah-Bluetooth-Smart-Lithium-Battery-For-Marine-Trolling-Motor7-800x328.webp 800w, https:\/\/www.gotopess.com\/wp-content\/uploads\/2025\/09\/36V-50ah-Bluetooth-Smart-Lithium-Battery-For-Marine-Trolling-Motor7-1400x574.webp 1400w, https:\/\/www.gotopess.com\/wp-content\/uploads\/2025\/09\/36V-50ah-Bluetooth-Smart-Lithium-Battery-For-Marine-Trolling-Motor7-768x315.webp 768w, https:\/\/www.gotopess.com\/wp-content\/uploads\/2025\/09\/36V-50ah-Bluetooth-Smart-Lithium-Battery-For-Marine-Trolling-Motor7-1536x630.webp 1536w, https:\/\/www.gotopess.com\/wp-content\/uploads\/2025\/09\/36V-50ah-Bluetooth-Smart-Lithium-Battery-For-Marine-Trolling-Motor7-18x7.webp 18w, https:\/\/www.gotopess.com\/wp-content\/uploads\/2025\/09\/36V-50ah-Bluetooth-Smart-Lithium-Battery-For-Marine-Trolling-Motor7-600x246.webp 600w\" sizes=\"(max-width: 1920px) 100vw, 1920px\" \/><\/p>","protected":false},"excerpt":{"rendered":"<ul>\n<li>Batterie LiFePO4 carr\u00e9e longue dur\u00e9e avec une dur\u00e9e de vie de plus de 6000 fois, -30~+55\u00b0C, \u00e9tanche IP65, certifi\u00e9e lEC62619, UL1973, UL9540A, UN38.3, MSDS, CE.<\/li>\n<li>OVP, LVP, OCP, OTP, LTP, protection contre les courts-circuits, protection ind\u00e9pendante pour la charge et la d\u00e9charge, haute fiabilit\u00e9, pi\u00e8ces en option : Module Bluetooth,Chauffage (110W)<\/li>\n<\/ul>","protected":false},"featured_media":1728,"comment_status":"open","ping_status":"closed","template":"","meta":[],"product_brand":[145],"product_cat":[45,83,149],"product_tag":[99,101,103,100,186,102],"class_list":{"0":"post-619","1":"product","2":"type-product","3":"status-publish","4":"has-post-thumbnail","6":"product_brand-gotopower","7":"product_cat-lifepo4-battery","8":"product_cat-lithium-lifepo4-battery","9":"product_cat-36v-lifepo4-battery","10":"product_tag-battery","11":"product_tag-bluetooth","12":"product_tag-boat","13":"product_tag-lithium","14":"product_tag-marine","15":"product_tag-trolling-motor","17":"first","18":"instock","19":"downloadable","20":"shipping-taxable","21":"purchasable","22":"product-type-simple"},"_links":{"self":[{"href":"https:\/\/www.gotopess.com\/fr\/wp-json\/wp\/v2\/product\/619","targetHints":{"allow":["GET"]}}],"collection":[{"href":"https:\/\/www.gotopess.com\/fr\/wp-json\/wp\/v2\/product"}],"about":[{"href":"https:\/\/www.gotopess.com\/fr\/wp-json\/wp\/v2\/types\/product"}],"replies":[{"embeddable":true,"href":"https:\/\/www.gotopess.com\/fr\/wp-json\/wp\/v2\/comments?post=619"}],"wp:featuredmedia":[{"embeddable":true,"href":"https:\/\/www.gotopess.com\/fr\/wp-json\/wp\/v2\/media\/1728"}],"wp:attachment":[{"href":"https:\/\/www.gotopess.com\/fr\/wp-json\/wp\/v2\/media?parent=619"}],"wp:term":[{"taxonomy":"product_brand","embeddable":true,"href":"https:\/\/www.gotopess.com\/fr\/wp-json\/wp\/v2\/product_brand?post=619"},{"taxonomy":"product_cat","embeddable":true,"href":"https:\/\/www.gotopess.com\/fr\/wp-json\/wp\/v2\/product_cat?post=619"},{"taxonomy":"product_tag","embeddable":true,"href":"https:\/\/www.gotopess.com\/fr\/wp-json\/wp\/v2\/product_tag?post=619"}],"curies":[{"name":"wp","href":"https:\/\/api.w.org\/{rel}","templated":true}]}}