{"id":640,"date":"2025-10-01T12:35:07","date_gmt":"2025-10-01T12:35:07","guid":{"rendered":"http:\/\/8.218.239.88\/?post_type=product&#038;p=640"},"modified":"2025-10-02T18:17:15","modified_gmt":"2025-10-02T18:17:15","slug":"48v-60ah-lithium-golf-cart-battery-up-to-30-miles-per-charge","status":"publish","type":"product","link":"https:\/\/www.gotopess.com\/fr\/produit\/batterie-de-chariot-de-golf-au-lithium-48v-60ah-jusqua-30-miles-par-charge-2\/","title":{"rendered":"Batterie lithium 48V 60Ah pour voiturette de golf jusqu'\u00e0 30 miles par charge"},"content":{"rendered":"<p><img decoding=\"async\" class=\"aligncenter size-full wp-image-1741\" src=\"https:\/\/www.gotopess.com\/wp-content\/uploads\/2025\/09\/48V-60Ah-Golf-Cart-Lithium-Battery-Up-to-30-Miles-Per-Charge1.webp\" alt=\"\" width=\"1920\" height=\"787\" srcset=\"https:\/\/www.gotopess.com\/wp-content\/uploads\/2025\/09\/48V-60Ah-Golf-Cart-Lithium-Battery-Up-to-30-Miles-Per-Charge1.webp 1920w, https:\/\/www.gotopess.com\/wp-content\/uploads\/2025\/09\/48V-60Ah-Golf-Cart-Lithium-Battery-Up-to-30-Miles-Per-Charge1-800x328.webp 800w, https:\/\/www.gotopess.com\/wp-content\/uploads\/2025\/09\/48V-60Ah-Golf-Cart-Lithium-Battery-Up-to-30-Miles-Per-Charge1-1400x574.webp 1400w, https:\/\/www.gotopess.com\/wp-content\/uploads\/2025\/09\/48V-60Ah-Golf-Cart-Lithium-Battery-Up-to-30-Miles-Per-Charge1-768x315.webp 768w, https:\/\/www.gotopess.com\/wp-content\/uploads\/2025\/09\/48V-60Ah-Golf-Cart-Lithium-Battery-Up-to-30-Miles-Per-Charge1-1536x630.webp 1536w, https:\/\/www.gotopess.com\/wp-content\/uploads\/2025\/09\/48V-60Ah-Golf-Cart-Lithium-Battery-Up-to-30-Miles-Per-Charge1-18x7.webp 18w, https:\/\/www.gotopess.com\/wp-content\/uploads\/2025\/09\/48V-60Ah-Golf-Cart-Lithium-Battery-Up-to-30-Miles-Per-Charge1-600x246.webp 600w\" sizes=\"(max-width: 1920px) 100vw, 1920px\" \/> <img decoding=\"async\" class=\"aligncenter size-full wp-image-1742\" src=\"https:\/\/www.gotopess.com\/wp-content\/uploads\/2025\/09\/48V-60Ah-Golf-Cart-Lithium-Battery-Up-to-30-Miles-Per-Charge2.webp\" alt=\"\" width=\"1920\" height=\"787\" srcset=\"https:\/\/www.gotopess.com\/wp-content\/uploads\/2025\/09\/48V-60Ah-Golf-Cart-Lithium-Battery-Up-to-30-Miles-Per-Charge2.webp 1920w, https:\/\/www.gotopess.com\/wp-content\/uploads\/2025\/09\/48V-60Ah-Golf-Cart-Lithium-Battery-Up-to-30-Miles-Per-Charge2-800x328.webp 800w, https:\/\/www.gotopess.com\/wp-content\/uploads\/2025\/09\/48V-60Ah-Golf-Cart-Lithium-Battery-Up-to-30-Miles-Per-Charge2-1400x574.webp 1400w, https:\/\/www.gotopess.com\/wp-content\/uploads\/2025\/09\/48V-60Ah-Golf-Cart-Lithium-Battery-Up-to-30-Miles-Per-Charge2-768x315.webp 768w, https:\/\/www.gotopess.com\/wp-content\/uploads\/2025\/09\/48V-60Ah-Golf-Cart-Lithium-Battery-Up-to-30-Miles-Per-Charge2-1536x630.webp 1536w, https:\/\/www.gotopess.com\/wp-content\/uploads\/2025\/09\/48V-60Ah-Golf-Cart-Lithium-Battery-Up-to-30-Miles-Per-Charge2-18x7.webp 18w, https:\/\/www.gotopess.com\/wp-content\/uploads\/2025\/09\/48V-60Ah-Golf-Cart-Lithium-Battery-Up-to-30-Miles-Per-Charge2-600x246.webp 600w\" sizes=\"(max-width: 1920px) 100vw, 1920px\" \/> <img decoding=\"async\" class=\"aligncenter size-full wp-image-1743\" src=\"https:\/\/www.gotopess.com\/wp-content\/uploads\/2025\/09\/48V-60Ah-Golf-Cart-Lithium-Battery-Up-to-30-Miles-Per-Charge3.webp\" alt=\"\" width=\"1920\" height=\"787\" srcset=\"https:\/\/www.gotopess.com\/wp-content\/uploads\/2025\/09\/48V-60Ah-Golf-Cart-Lithium-Battery-Up-to-30-Miles-Per-Charge3.webp 1920w, https:\/\/www.gotopess.com\/wp-content\/uploads\/2025\/09\/48V-60Ah-Golf-Cart-Lithium-Battery-Up-to-30-Miles-Per-Charge3-800x328.webp 800w, https:\/\/www.gotopess.com\/wp-content\/uploads\/2025\/09\/48V-60Ah-Golf-Cart-Lithium-Battery-Up-to-30-Miles-Per-Charge3-1400x574.webp 1400w, https:\/\/www.gotopess.com\/wp-content\/uploads\/2025\/09\/48V-60Ah-Golf-Cart-Lithium-Battery-Up-to-30-Miles-Per-Charge3-768x315.webp 768w, https:\/\/www.gotopess.com\/wp-content\/uploads\/2025\/09\/48V-60Ah-Golf-Cart-Lithium-Battery-Up-to-30-Miles-Per-Charge3-1536x630.webp 1536w, https:\/\/www.gotopess.com\/wp-content\/uploads\/2025\/09\/48V-60Ah-Golf-Cart-Lithium-Battery-Up-to-30-Miles-Per-Charge3-18x7.webp 18w, https:\/\/www.gotopess.com\/wp-content\/uploads\/2025\/09\/48V-60Ah-Golf-Cart-Lithium-Battery-Up-to-30-Miles-Per-Charge3-600x246.webp 600w\" sizes=\"(max-width: 1920px) 100vw, 1920px\" \/> <img decoding=\"async\" class=\"aligncenter size-full wp-image-1744\" src=\"https:\/\/www.gotopess.com\/wp-content\/uploads\/2025\/09\/48V-60Ah-Golf-Cart-Lithium-Battery-Up-to-30-Miles-Per-Charge4.webp\" alt=\"\" width=\"1920\" height=\"787\" srcset=\"https:\/\/www.gotopess.com\/wp-content\/uploads\/2025\/09\/48V-60Ah-Golf-Cart-Lithium-Battery-Up-to-30-Miles-Per-Charge4.webp 1920w, https:\/\/www.gotopess.com\/wp-content\/uploads\/2025\/09\/48V-60Ah-Golf-Cart-Lithium-Battery-Up-to-30-Miles-Per-Charge4-800x328.webp 800w, https:\/\/www.gotopess.com\/wp-content\/uploads\/2025\/09\/48V-60Ah-Golf-Cart-Lithium-Battery-Up-to-30-Miles-Per-Charge4-1400x574.webp 1400w, https:\/\/www.gotopess.com\/wp-content\/uploads\/2025\/09\/48V-60Ah-Golf-Cart-Lithium-Battery-Up-to-30-Miles-Per-Charge4-768x315.webp 768w, https:\/\/www.gotopess.com\/wp-content\/uploads\/2025\/09\/48V-60Ah-Golf-Cart-Lithium-Battery-Up-to-30-Miles-Per-Charge4-1536x630.webp 1536w, https:\/\/www.gotopess.com\/wp-content\/uploads\/2025\/09\/48V-60Ah-Golf-Cart-Lithium-Battery-Up-to-30-Miles-Per-Charge4-18x7.webp 18w, https:\/\/www.gotopess.com\/wp-content\/uploads\/2025\/09\/48V-60Ah-Golf-Cart-Lithium-Battery-Up-to-30-Miles-Per-Charge4-600x246.webp 600w\" sizes=\"(max-width: 1920px) 100vw, 1920px\" \/> <img decoding=\"async\" class=\"aligncenter size-full wp-image-1745\" src=\"https:\/\/www.gotopess.com\/wp-content\/uploads\/2025\/09\/48V-60Ah-Golf-Cart-Lithium-Battery-Up-to-30-Miles-Per-Charge5.webp\" alt=\"\" width=\"1920\" height=\"787\" srcset=\"https:\/\/www.gotopess.com\/wp-content\/uploads\/2025\/09\/48V-60Ah-Golf-Cart-Lithium-Battery-Up-to-30-Miles-Per-Charge5.webp 1920w, https:\/\/www.gotopess.com\/wp-content\/uploads\/2025\/09\/48V-60Ah-Golf-Cart-Lithium-Battery-Up-to-30-Miles-Per-Charge5-800x328.webp 800w, https:\/\/www.gotopess.com\/wp-content\/uploads\/2025\/09\/48V-60Ah-Golf-Cart-Lithium-Battery-Up-to-30-Miles-Per-Charge5-1400x574.webp 1400w, https:\/\/www.gotopess.com\/wp-content\/uploads\/2025\/09\/48V-60Ah-Golf-Cart-Lithium-Battery-Up-to-30-Miles-Per-Charge5-768x315.webp 768w, https:\/\/www.gotopess.com\/wp-content\/uploads\/2025\/09\/48V-60Ah-Golf-Cart-Lithium-Battery-Up-to-30-Miles-Per-Charge5-1536x630.webp 1536w, https:\/\/www.gotopess.com\/wp-content\/uploads\/2025\/09\/48V-60Ah-Golf-Cart-Lithium-Battery-Up-to-30-Miles-Per-Charge5-18x7.webp 18w, https:\/\/www.gotopess.com\/wp-content\/uploads\/2025\/09\/48V-60Ah-Golf-Cart-Lithium-Battery-Up-to-30-Miles-Per-Charge5-600x246.webp 600w\" sizes=\"(max-width: 1920px) 100vw, 1920px\" \/> <img decoding=\"async\" class=\"aligncenter size-full wp-image-1746\" src=\"https:\/\/www.gotopess.com\/wp-content\/uploads\/2025\/09\/48V-60Ah-Golf-Cart-Lithium-Battery-Up-to-30-Miles-Per-Charge6.webp\" alt=\"\" width=\"1920\" height=\"787\" srcset=\"https:\/\/www.gotopess.com\/wp-content\/uploads\/2025\/09\/48V-60Ah-Golf-Cart-Lithium-Battery-Up-to-30-Miles-Per-Charge6.webp 1920w, https:\/\/www.gotopess.com\/wp-content\/uploads\/2025\/09\/48V-60Ah-Golf-Cart-Lithium-Battery-Up-to-30-Miles-Per-Charge6-800x328.webp 800w, https:\/\/www.gotopess.com\/wp-content\/uploads\/2025\/09\/48V-60Ah-Golf-Cart-Lithium-Battery-Up-to-30-Miles-Per-Charge6-1400x574.webp 1400w, https:\/\/www.gotopess.com\/wp-content\/uploads\/2025\/09\/48V-60Ah-Golf-Cart-Lithium-Battery-Up-to-30-Miles-Per-Charge6-768x315.webp 768w, https:\/\/www.gotopess.com\/wp-content\/uploads\/2025\/09\/48V-60Ah-Golf-Cart-Lithium-Battery-Up-to-30-Miles-Per-Charge6-1536x630.webp 1536w, https:\/\/www.gotopess.com\/wp-content\/uploads\/2025\/09\/48V-60Ah-Golf-Cart-Lithium-Battery-Up-to-30-Miles-Per-Charge6-18x7.webp 18w, https:\/\/www.gotopess.com\/wp-content\/uploads\/2025\/09\/48V-60Ah-Golf-Cart-Lithium-Battery-Up-to-30-Miles-Per-Charge6-600x246.webp 600w\" sizes=\"(max-width: 1920px) 100vw, 1920px\" \/> <img decoding=\"async\" class=\"aligncenter size-full wp-image-1747\" src=\"https:\/\/www.gotopess.com\/wp-content\/uploads\/2025\/09\/48V-60Ah-Golf-Cart-Lithium-Battery-Up-to-30-Miles-Per-Charge7.webp\" alt=\"\" width=\"1920\" height=\"787\" srcset=\"https:\/\/www.gotopess.com\/wp-content\/uploads\/2025\/09\/48V-60Ah-Golf-Cart-Lithium-Battery-Up-to-30-Miles-Per-Charge7.webp 1920w, https:\/\/www.gotopess.com\/wp-content\/uploads\/2025\/09\/48V-60Ah-Golf-Cart-Lithium-Battery-Up-to-30-Miles-Per-Charge7-800x328.webp 800w, https:\/\/www.gotopess.com\/wp-content\/uploads\/2025\/09\/48V-60Ah-Golf-Cart-Lithium-Battery-Up-to-30-Miles-Per-Charge7-1400x574.webp 1400w, https:\/\/www.gotopess.com\/wp-content\/uploads\/2025\/09\/48V-60Ah-Golf-Cart-Lithium-Battery-Up-to-30-Miles-Per-Charge7-768x315.webp 768w, https:\/\/www.gotopess.com\/wp-content\/uploads\/2025\/09\/48V-60Ah-Golf-Cart-Lithium-Battery-Up-to-30-Miles-Per-Charge7-1536x630.webp 1536w, https:\/\/www.gotopess.com\/wp-content\/uploads\/2025\/09\/48V-60Ah-Golf-Cart-Lithium-Battery-Up-to-30-Miles-Per-Charge7-18x7.webp 18w, https:\/\/www.gotopess.com\/wp-content\/uploads\/2025\/09\/48V-60Ah-Golf-Cart-Lithium-Battery-Up-to-30-Miles-Per-Charge7-600x246.webp 600w\" sizes=\"(max-width: 1920px) 100vw, 1920px\" \/> <img decoding=\"async\" class=\"aligncenter size-full wp-image-1748\" src=\"https:\/\/www.gotopess.com\/wp-content\/uploads\/2025\/09\/48V-60Ah-Golf-Cart-Lithium-Battery-Up-to-30-Miles-Per-Charge8.webp\" alt=\"\" width=\"1920\" height=\"787\" srcset=\"https:\/\/www.gotopess.com\/wp-content\/uploads\/2025\/09\/48V-60Ah-Golf-Cart-Lithium-Battery-Up-to-30-Miles-Per-Charge8.webp 1920w, https:\/\/www.gotopess.com\/wp-content\/uploads\/2025\/09\/48V-60Ah-Golf-Cart-Lithium-Battery-Up-to-30-Miles-Per-Charge8-800x328.webp 800w, https:\/\/www.gotopess.com\/wp-content\/uploads\/2025\/09\/48V-60Ah-Golf-Cart-Lithium-Battery-Up-to-30-Miles-Per-Charge8-1400x574.webp 1400w, https:\/\/www.gotopess.com\/wp-content\/uploads\/2025\/09\/48V-60Ah-Golf-Cart-Lithium-Battery-Up-to-30-Miles-Per-Charge8-768x315.webp 768w, https:\/\/www.gotopess.com\/wp-content\/uploads\/2025\/09\/48V-60Ah-Golf-Cart-Lithium-Battery-Up-to-30-Miles-Per-Charge8-1536x630.webp 1536w, https:\/\/www.gotopess.com\/wp-content\/uploads\/2025\/09\/48V-60Ah-Golf-Cart-Lithium-Battery-Up-to-30-Miles-Per-Charge8-18x7.webp 18w, https:\/\/www.gotopess.com\/wp-content\/uploads\/2025\/09\/48V-60Ah-Golf-Cart-Lithium-Battery-Up-to-30-Miles-Per-Charge8-600x246.webp 600w\" sizes=\"(max-width: 1920px) 100vw, 1920px\" \/> <img decoding=\"async\" class=\"aligncenter size-full wp-image-1749\" src=\"https:\/\/www.gotopess.com\/wp-content\/uploads\/2025\/09\/48V-60Ah-Golf-Cart-Lithium-Battery-Up-to-30-Miles-Per-Charge9.webp\" alt=\"\" width=\"1920\" height=\"787\" srcset=\"https:\/\/www.gotopess.com\/wp-content\/uploads\/2025\/09\/48V-60Ah-Golf-Cart-Lithium-Battery-Up-to-30-Miles-Per-Charge9.webp 1920w, https:\/\/www.gotopess.com\/wp-content\/uploads\/2025\/09\/48V-60Ah-Golf-Cart-Lithium-Battery-Up-to-30-Miles-Per-Charge9-800x328.webp 800w, https:\/\/www.gotopess.com\/wp-content\/uploads\/2025\/09\/48V-60Ah-Golf-Cart-Lithium-Battery-Up-to-30-Miles-Per-Charge9-1400x574.webp 1400w, https:\/\/www.gotopess.com\/wp-content\/uploads\/2025\/09\/48V-60Ah-Golf-Cart-Lithium-Battery-Up-to-30-Miles-Per-Charge9-768x315.webp 768w, https:\/\/www.gotopess.com\/wp-content\/uploads\/2025\/09\/48V-60Ah-Golf-Cart-Lithium-Battery-Up-to-30-Miles-Per-Charge9-1536x630.webp 1536w, https:\/\/www.gotopess.com\/wp-content\/uploads\/2025\/09\/48V-60Ah-Golf-Cart-Lithium-Battery-Up-to-30-Miles-Per-Charge9-18x7.webp 18w, https:\/\/www.gotopess.com\/wp-content\/uploads\/2025\/09\/48V-60Ah-Golf-Cart-Lithium-Battery-Up-to-30-Miles-Per-Charge9-600x246.webp 600w\" sizes=\"(max-width: 1920px) 100vw, 1920px\" \/><\/p>","protected":false},"excerpt":{"rendered":"<ul>\n<li><strong>Remplacement tout-en-un :\u00a0<\/strong>Cette solution simplifie votre mise \u00e0 niveau en rempla\u00e7ant six batteries 8V ou huit batteries 6V au plomb.<\/li>\n<li><strong>2C D\u00e9charge continue :<\/strong>\u00a0fournit un courant continu de 120A et un courant de d\u00e9charge de pointe de 350A (1s) pour r\u00e9sister \u00e0 des surtensions plus importantes et permettre aux chariots de franchir n'importe quelle pente.<\/li>\n<li><strong>Compatibilit\u00e9 universelle avec les chariots de golf :\u00a0<\/strong>Convient \u00e0 la plupart des chariots de golf jusqu'\u00e0 4000W, y compris les mod\u00e8les Club Car, EZGO, ICON et Yamaha.<\/li>\n<li><strong>BMS 120A :\u00a0<\/strong>Garantit des performances fiables en \u00e9vitant les surintensit\u00e9s, les surcharges, les surd\u00e9charges, les courts-circuits et les surchauffes.<\/li>\n<li><strong>3072Wh d'\u00e9nergie :<\/strong>\u00a0Alimente votre voiturette de golf sur environ 23-28 miles, avec une faible consommation d'\u00e9nergie de 71,68Wh\/km.<\/li>\n<li><strong>Cellules de qualit\u00e9 sup\u00e9rieure :\u00a0<\/strong>Utilise des cellules LiFePO4 de qualit\u00e9 EV sup\u00e9rieure pour une meilleure r\u00e9sistance au stress et une meilleure dissipation de la chaleur, garantissant une dur\u00e9e de vie de plus de 10 ans et plus de 4000 cycles \u00e0 100% DOD.<\/li>\n<\/ul>","protected":false},"featured_media":1750,"comment_status":"open","ping_status":"closed","template":"","meta":[],"product_brand":[145],"product_cat":[45,83,150],"product_tag":[99,101,105,181],"class_list":{"0":"post-640","1":"product","2":"type-product","3":"status-publish","4":"has-post-thumbnail","6":"product_brand-gotopower","7":"product_cat-lifepo4-battery","8":"product_cat-lithium-lifepo4-battery","9":"product_cat-48v-lifepo4-battery","10":"product_tag-battery","11":"product_tag-bluetooth","12":"product_tag-golf-cart","13":"product_tag-lithium-battery","15":"first","16":"instock","17":"shipping-taxable","18":"product-type-simple"},"_links":{"self":[{"href":"https:\/\/www.gotopess.com\/fr\/wp-json\/wp\/v2\/product\/640","targetHints":{"allow":["GET"]}}],"collection":[{"href":"https:\/\/www.gotopess.com\/fr\/wp-json\/wp\/v2\/product"}],"about":[{"href":"https:\/\/www.gotopess.com\/fr\/wp-json\/wp\/v2\/types\/product"}],"replies":[{"embeddable":true,"href":"https:\/\/www.gotopess.com\/fr\/wp-json\/wp\/v2\/comments?post=640"}],"wp:featuredmedia":[{"embeddable":true,"href":"https:\/\/www.gotopess.com\/fr\/wp-json\/wp\/v2\/media\/1750"}],"wp:attachment":[{"href":"https:\/\/www.gotopess.com\/fr\/wp-json\/wp\/v2\/media?parent=640"}],"wp:term":[{"taxonomy":"product_brand","embeddable":true,"href":"https:\/\/www.gotopess.com\/fr\/wp-json\/wp\/v2\/product_brand?post=640"},{"taxonomy":"product_cat","embeddable":true,"href":"https:\/\/www.gotopess.com\/fr\/wp-json\/wp\/v2\/product_cat?post=640"},{"taxonomy":"product_tag","embeddable":true,"href":"https:\/\/www.gotopess.com\/fr\/wp-json\/wp\/v2\/product_tag?post=640"}],"curies":[{"name":"wp","href":"https:\/\/api.w.org\/{rel}","templated":true}]}}