{"id":757,"date":"2025-10-04T13:44:57","date_gmt":"2025-10-04T13:44:57","guid":{"rendered":"http:\/\/8.218.239.88\/?post_type=product&#038;p=757"},"modified":"2025-10-05T09:48:15","modified_gmt":"2025-10-05T09:48:15","slug":"12v-140ah-bluetooth-dual-purpose-lithium-battery","status":"publish","type":"product","link":"https:\/\/www.gotopess.com\/fr\/produit\/12v-140ah-bluetooth-batterie-lithium-a-double-usage-2\/","title":{"rendered":"Batterie lithium marine 12V 140Ah Bluetooth Dual Purpose 1000 CCA"},"content":{"rendered":"<p><img decoding=\"async\" class=\"aligncenter size-full wp-image-1702\" src=\"https:\/\/www.gotopess.com\/wp-content\/uploads\/2025\/09\/12V-140Ah-Bluetooth-Dual-Purpose-1000-CCA-Marine-Lithium-Battery1.webp\" alt=\"\" width=\"1920\" height=\"787\" srcset=\"https:\/\/www.gotopess.com\/wp-content\/uploads\/2025\/09\/12V-140Ah-Bluetooth-Dual-Purpose-1000-CCA-Marine-Lithium-Battery1.webp 1920w, https:\/\/www.gotopess.com\/wp-content\/uploads\/2025\/09\/12V-140Ah-Bluetooth-Dual-Purpose-1000-CCA-Marine-Lithium-Battery1-800x328.webp 800w, https:\/\/www.gotopess.com\/wp-content\/uploads\/2025\/09\/12V-140Ah-Bluetooth-Dual-Purpose-1000-CCA-Marine-Lithium-Battery1-1400x574.webp 1400w, https:\/\/www.gotopess.com\/wp-content\/uploads\/2025\/09\/12V-140Ah-Bluetooth-Dual-Purpose-1000-CCA-Marine-Lithium-Battery1-768x315.webp 768w, https:\/\/www.gotopess.com\/wp-content\/uploads\/2025\/09\/12V-140Ah-Bluetooth-Dual-Purpose-1000-CCA-Marine-Lithium-Battery1-1536x630.webp 1536w, https:\/\/www.gotopess.com\/wp-content\/uploads\/2025\/09\/12V-140Ah-Bluetooth-Dual-Purpose-1000-CCA-Marine-Lithium-Battery1-18x7.webp 18w, https:\/\/www.gotopess.com\/wp-content\/uploads\/2025\/09\/12V-140Ah-Bluetooth-Dual-Purpose-1000-CCA-Marine-Lithium-Battery1-600x246.webp 600w\" sizes=\"(max-width: 1920px) 100vw, 1920px\" \/> <img decoding=\"async\" class=\"aligncenter size-full wp-image-1703\" src=\"https:\/\/www.gotopess.com\/wp-content\/uploads\/2025\/09\/12V-140Ah-Bluetooth-Dual-Purpose-1000-CCA-Marine-Lithium-Battery2.webp\" alt=\"\" width=\"1920\" height=\"787\" srcset=\"https:\/\/www.gotopess.com\/wp-content\/uploads\/2025\/09\/12V-140Ah-Bluetooth-Dual-Purpose-1000-CCA-Marine-Lithium-Battery2.webp 1920w, https:\/\/www.gotopess.com\/wp-content\/uploads\/2025\/09\/12V-140Ah-Bluetooth-Dual-Purpose-1000-CCA-Marine-Lithium-Battery2-800x328.webp 800w, https:\/\/www.gotopess.com\/wp-content\/uploads\/2025\/09\/12V-140Ah-Bluetooth-Dual-Purpose-1000-CCA-Marine-Lithium-Battery2-1400x574.webp 1400w, https:\/\/www.gotopess.com\/wp-content\/uploads\/2025\/09\/12V-140Ah-Bluetooth-Dual-Purpose-1000-CCA-Marine-Lithium-Battery2-768x315.webp 768w, https:\/\/www.gotopess.com\/wp-content\/uploads\/2025\/09\/12V-140Ah-Bluetooth-Dual-Purpose-1000-CCA-Marine-Lithium-Battery2-1536x630.webp 1536w, https:\/\/www.gotopess.com\/wp-content\/uploads\/2025\/09\/12V-140Ah-Bluetooth-Dual-Purpose-1000-CCA-Marine-Lithium-Battery2-18x7.webp 18w, https:\/\/www.gotopess.com\/wp-content\/uploads\/2025\/09\/12V-140Ah-Bluetooth-Dual-Purpose-1000-CCA-Marine-Lithium-Battery2-600x246.webp 600w\" sizes=\"(max-width: 1920px) 100vw, 1920px\" \/> <img decoding=\"async\" class=\"aligncenter size-full wp-image-1704\" src=\"https:\/\/www.gotopess.com\/wp-content\/uploads\/2025\/09\/12V-140Ah-Bluetooth-Dual-Purpose-1000-CCA-Marine-Lithium-Battery3.webp\" alt=\"\" width=\"1920\" height=\"787\" srcset=\"https:\/\/www.gotopess.com\/wp-content\/uploads\/2025\/09\/12V-140Ah-Bluetooth-Dual-Purpose-1000-CCA-Marine-Lithium-Battery3.webp 1920w, https:\/\/www.gotopess.com\/wp-content\/uploads\/2025\/09\/12V-140Ah-Bluetooth-Dual-Purpose-1000-CCA-Marine-Lithium-Battery3-800x328.webp 800w, https:\/\/www.gotopess.com\/wp-content\/uploads\/2025\/09\/12V-140Ah-Bluetooth-Dual-Purpose-1000-CCA-Marine-Lithium-Battery3-1400x574.webp 1400w, https:\/\/www.gotopess.com\/wp-content\/uploads\/2025\/09\/12V-140Ah-Bluetooth-Dual-Purpose-1000-CCA-Marine-Lithium-Battery3-768x315.webp 768w, https:\/\/www.gotopess.com\/wp-content\/uploads\/2025\/09\/12V-140Ah-Bluetooth-Dual-Purpose-1000-CCA-Marine-Lithium-Battery3-1536x630.webp 1536w, https:\/\/www.gotopess.com\/wp-content\/uploads\/2025\/09\/12V-140Ah-Bluetooth-Dual-Purpose-1000-CCA-Marine-Lithium-Battery3-18x7.webp 18w, https:\/\/www.gotopess.com\/wp-content\/uploads\/2025\/09\/12V-140Ah-Bluetooth-Dual-Purpose-1000-CCA-Marine-Lithium-Battery3-600x246.webp 600w\" sizes=\"(max-width: 1920px) 100vw, 1920px\" \/> <img decoding=\"async\" class=\"aligncenter size-full wp-image-1705\" src=\"https:\/\/www.gotopess.com\/wp-content\/uploads\/2025\/09\/12V-140Ah-Bluetooth-Dual-Purpose-1000-CCA-Marine-Lithium-Battery4.webp\" alt=\"\" width=\"1920\" height=\"787\" srcset=\"https:\/\/www.gotopess.com\/wp-content\/uploads\/2025\/09\/12V-140Ah-Bluetooth-Dual-Purpose-1000-CCA-Marine-Lithium-Battery4.webp 1920w, https:\/\/www.gotopess.com\/wp-content\/uploads\/2025\/09\/12V-140Ah-Bluetooth-Dual-Purpose-1000-CCA-Marine-Lithium-Battery4-800x328.webp 800w, https:\/\/www.gotopess.com\/wp-content\/uploads\/2025\/09\/12V-140Ah-Bluetooth-Dual-Purpose-1000-CCA-Marine-Lithium-Battery4-1400x574.webp 1400w, https:\/\/www.gotopess.com\/wp-content\/uploads\/2025\/09\/12V-140Ah-Bluetooth-Dual-Purpose-1000-CCA-Marine-Lithium-Battery4-768x315.webp 768w, https:\/\/www.gotopess.com\/wp-content\/uploads\/2025\/09\/12V-140Ah-Bluetooth-Dual-Purpose-1000-CCA-Marine-Lithium-Battery4-1536x630.webp 1536w, https:\/\/www.gotopess.com\/wp-content\/uploads\/2025\/09\/12V-140Ah-Bluetooth-Dual-Purpose-1000-CCA-Marine-Lithium-Battery4-18x7.webp 18w, https:\/\/www.gotopess.com\/wp-content\/uploads\/2025\/09\/12V-140Ah-Bluetooth-Dual-Purpose-1000-CCA-Marine-Lithium-Battery4-600x246.webp 600w\" sizes=\"(max-width: 1920px) 100vw, 1920px\" \/> <img decoding=\"async\" class=\"aligncenter size-full wp-image-1706\" src=\"https:\/\/www.gotopess.com\/wp-content\/uploads\/2025\/09\/12V-140Ah-Bluetooth-Dual-Purpose-1000-CCA-Marine-Lithium-Battery5.webp\" alt=\"\" width=\"1920\" height=\"787\" srcset=\"https:\/\/www.gotopess.com\/wp-content\/uploads\/2025\/09\/12V-140Ah-Bluetooth-Dual-Purpose-1000-CCA-Marine-Lithium-Battery5.webp 1920w, https:\/\/www.gotopess.com\/wp-content\/uploads\/2025\/09\/12V-140Ah-Bluetooth-Dual-Purpose-1000-CCA-Marine-Lithium-Battery5-800x328.webp 800w, https:\/\/www.gotopess.com\/wp-content\/uploads\/2025\/09\/12V-140Ah-Bluetooth-Dual-Purpose-1000-CCA-Marine-Lithium-Battery5-1400x574.webp 1400w, https:\/\/www.gotopess.com\/wp-content\/uploads\/2025\/09\/12V-140Ah-Bluetooth-Dual-Purpose-1000-CCA-Marine-Lithium-Battery5-768x315.webp 768w, https:\/\/www.gotopess.com\/wp-content\/uploads\/2025\/09\/12V-140Ah-Bluetooth-Dual-Purpose-1000-CCA-Marine-Lithium-Battery5-1536x630.webp 1536w, https:\/\/www.gotopess.com\/wp-content\/uploads\/2025\/09\/12V-140Ah-Bluetooth-Dual-Purpose-1000-CCA-Marine-Lithium-Battery5-18x7.webp 18w, https:\/\/www.gotopess.com\/wp-content\/uploads\/2025\/09\/12V-140Ah-Bluetooth-Dual-Purpose-1000-CCA-Marine-Lithium-Battery5-600x246.webp 600w\" sizes=\"(max-width: 1920px) 100vw, 1920px\" \/> <img decoding=\"async\" class=\"aligncenter size-full wp-image-1707\" src=\"https:\/\/www.gotopess.com\/wp-content\/uploads\/2025\/09\/12V-140Ah-Bluetooth-Dual-Purpose-1000-CCA-Marine-Lithium-Battery6.webp\" alt=\"\" width=\"1920\" height=\"787\" srcset=\"https:\/\/www.gotopess.com\/wp-content\/uploads\/2025\/09\/12V-140Ah-Bluetooth-Dual-Purpose-1000-CCA-Marine-Lithium-Battery6.webp 1920w, https:\/\/www.gotopess.com\/wp-content\/uploads\/2025\/09\/12V-140Ah-Bluetooth-Dual-Purpose-1000-CCA-Marine-Lithium-Battery6-800x328.webp 800w, https:\/\/www.gotopess.com\/wp-content\/uploads\/2025\/09\/12V-140Ah-Bluetooth-Dual-Purpose-1000-CCA-Marine-Lithium-Battery6-1400x574.webp 1400w, https:\/\/www.gotopess.com\/wp-content\/uploads\/2025\/09\/12V-140Ah-Bluetooth-Dual-Purpose-1000-CCA-Marine-Lithium-Battery6-768x315.webp 768w, https:\/\/www.gotopess.com\/wp-content\/uploads\/2025\/09\/12V-140Ah-Bluetooth-Dual-Purpose-1000-CCA-Marine-Lithium-Battery6-1536x630.webp 1536w, https:\/\/www.gotopess.com\/wp-content\/uploads\/2025\/09\/12V-140Ah-Bluetooth-Dual-Purpose-1000-CCA-Marine-Lithium-Battery6-18x7.webp 18w, https:\/\/www.gotopess.com\/wp-content\/uploads\/2025\/09\/12V-140Ah-Bluetooth-Dual-Purpose-1000-CCA-Marine-Lithium-Battery6-600x246.webp 600w\" sizes=\"(max-width: 1920px) 100vw, 1920px\" \/> <img decoding=\"async\" class=\"aligncenter size-full wp-image-1708\" src=\"https:\/\/www.gotopess.com\/wp-content\/uploads\/2025\/09\/12V-140Ah-Bluetooth-Dual-Purpose-1000-CCA-Marine-Lithium-Battery7.webp\" alt=\"\" width=\"1920\" height=\"787\" srcset=\"https:\/\/www.gotopess.com\/wp-content\/uploads\/2025\/09\/12V-140Ah-Bluetooth-Dual-Purpose-1000-CCA-Marine-Lithium-Battery7.webp 1920w, https:\/\/www.gotopess.com\/wp-content\/uploads\/2025\/09\/12V-140Ah-Bluetooth-Dual-Purpose-1000-CCA-Marine-Lithium-Battery7-800x328.webp 800w, https:\/\/www.gotopess.com\/wp-content\/uploads\/2025\/09\/12V-140Ah-Bluetooth-Dual-Purpose-1000-CCA-Marine-Lithium-Battery7-1400x574.webp 1400w, https:\/\/www.gotopess.com\/wp-content\/uploads\/2025\/09\/12V-140Ah-Bluetooth-Dual-Purpose-1000-CCA-Marine-Lithium-Battery7-768x315.webp 768w, https:\/\/www.gotopess.com\/wp-content\/uploads\/2025\/09\/12V-140Ah-Bluetooth-Dual-Purpose-1000-CCA-Marine-Lithium-Battery7-1536x630.webp 1536w, https:\/\/www.gotopess.com\/wp-content\/uploads\/2025\/09\/12V-140Ah-Bluetooth-Dual-Purpose-1000-CCA-Marine-Lithium-Battery7-18x7.webp 18w, https:\/\/www.gotopess.com\/wp-content\/uploads\/2025\/09\/12V-140Ah-Bluetooth-Dual-Purpose-1000-CCA-Marine-Lithium-Battery7-600x246.webp 600w\" sizes=\"(max-width: 1920px) 100vw, 1920px\" \/><\/p>\n<table class=\"pdf-table\">\n<thead>\n<tr>\n<th>Sp\u00e9cifications<\/th>\n<th>Valeur<\/th>\n<\/tr>\n<\/thead>\n<tbody>\n<tr class=\"pdf-table-category\">\n<td colspan=\"2\">BATTERIE<\/td>\n<\/tr>\n<tr>\n<td class=\"pdf-table-spec-name\">Type de cellule<\/td>\n<td class=\"pdf-table-spec-value\">LiFePO4<\/td>\n<\/tr>\n<tr>\n<td class=\"pdf-table-spec-name\">Garantie<\/td>\n<td class=\"pdf-table-spec-value\">5 ans<\/td>\n<\/tr>\n<tr>\n<td class=\"pdf-table-spec-name\">Cycle de vie<\/td>\n<td class=\"pdf-table-spec-value\">\u22655000 temps de d\u00e9marrage<\/td>\n<\/tr>\n<tr>\n<td class=\"pdf-table-spec-name\">Tension nominale<\/td>\n<td class=\"pdf-table-spec-value\">12.8V<\/td>\n<\/tr>\n<tr>\n<td class=\"pdf-table-spec-name\">Capacit\u00e9 nominale<\/td>\n<td class=\"pdf-table-spec-value\">140Ah<\/td>\n<\/tr>\n<tr>\n<td class=\"pdf-table-spec-name\">L'\u00e9nergie<\/td>\n<td class=\"pdf-table-spec-value\">1792Wh<\/td>\n<\/tr>\n<tr>\n<td class=\"pdf-table-spec-name\">Max. Expansion (parall\u00e8le et s\u00e9rie)<\/td>\n<td class=\"pdf-table-spec-value\">Pour le d\u00e9marrage et le cycle profond : 4P1S ; Pour le seul stockage d'\u00e9nergie : 4P4S<\/td>\n<\/tr>\n<tr>\n<td class=\"pdf-table-spec-name\">R\u00e9sistance interne<\/td>\n<td class=\"pdf-table-spec-value\">&lt;40m\u03a9<\/td>\n<\/tr>\n<tr>\n<td class=\"pdf-table-spec-name\">Certifications<\/td>\n<td class=\"pdf-table-spec-value\">CE, ROHS, UN38.3, CE RED, FCC ID<\/td>\n<\/tr>\n<tr>\n<td class=\"pdf-table-spec-name\">Amp\u00e8res de d\u00e9marrage \u00e0 chaud (HCA)<\/td>\n<td class=\"pdf-table-spec-value\">1500A<\/td>\n<\/tr>\n<tr>\n<td class=\"pdf-table-spec-name\">Amp\u00e8res de d\u00e9marrage en mer (MCA)<\/td>\n<td class=\"pdf-table-spec-value\">1200A (0\u00b0C)<\/td>\n<\/tr>\n<tr>\n<td class=\"pdf-table-spec-name\">Amp\u00e8res de d\u00e9marrage \u00e0 froid (CCA)<\/td>\n<td class=\"pdf-table-spec-value\">1000A (-10\u00b0C) ; 900A (-18\u00b0C)<\/td>\n<\/tr>\n<tr>\n<td class=\"pdf-table-spec-name\">Bluetooth<\/td>\n<td class=\"pdf-table-spec-value\"><span class=\"pdf-table-checkmark\">\u2713<\/span><\/td>\n<\/tr>\n<tr>\n<td class=\"pdf-table-spec-name\">Auto-chauffage<\/td>\n<td class=\"pdf-table-spec-value\"><span class=\"pdf-table-checkmark\">\u2713<\/span><\/td>\n<\/tr>\n<tr class=\"pdf-table-category\">\n<td colspan=\"2\">BMS<\/td>\n<\/tr>\n<tr>\n<td class=\"pdf-table-spec-name\">Puissance de sortie max. Puissance de sortie continue<\/td>\n<td class=\"pdf-table-spec-value\">1792W<\/td>\n<\/tr>\n<tr>\n<td class=\"pdf-table-spec-name\">Courant de charge continu max. Courant de charge continu<\/td>\n<td class=\"pdf-table-spec-value\">140A<\/td>\n<\/tr>\n<tr>\n<td class=\"pdf-table-spec-name\">Courant de d\u00e9charge continu max. Courant de d\u00e9charge continu<\/td>\n<td class=\"pdf-table-spec-value\">140A<\/td>\n<\/tr>\n<tr>\n<td class=\"pdf-table-spec-name\">Courant de charge max. Courant de charge (alternateur hors-bord)<\/td>\n<td class=\"pdf-table-spec-value\"><span class=\"pdf-table-dash\">-<\/span><\/td>\n<\/tr>\n<tr class=\"pdf-table-category\">\n<td colspan=\"2\">CHARGE<\/td>\n<\/tr>\n<tr>\n<td class=\"pdf-table-spec-name\">M\u00e9thode d'imputation<\/td>\n<td class=\"pdf-table-spec-value\">CC\/CV<\/td>\n<\/tr>\n<tr>\n<td class=\"pdf-table-spec-name\">Tension de charge<\/td>\n<td class=\"pdf-table-spec-value\">14,4V \u00b1 0,2V (recommand\u00e9)<\/td>\n<\/tr>\n<tr>\n<td class=\"pdf-table-spec-name\">Courant de charge recommand\u00e9<\/td>\n<td class=\"pdf-table-spec-value\">28A<\/td>\n<\/tr>\n<tr class=\"pdf-table-category\">\n<td colspan=\"2\">TEMPERATURE<\/td>\n<\/tr>\n<tr>\n<td class=\"pdf-table-spec-name\">Temp\u00e9rature de charge<\/td>\n<td class=\"pdf-table-spec-value\">De -20\u00b0C \u00e0 50\u00b0C \/ -4\u00b0F \u00e0 122\u00b0F<\/td>\n<\/tr>\n<tr>\n<td class=\"pdf-table-spec-name\">Temp\u00e9rature de refoulement<\/td>\n<td class=\"pdf-table-spec-value\">De -20\u00b0C \u00e0 60\u00b0C \/ -4\u00b0F \u00e0 140\u00b0F<\/td>\n<\/tr>\n<tr>\n<td class=\"pdf-table-spec-name\">Temp\u00e9rature de stockage<\/td>\n<td class=\"pdf-table-spec-value\">-10\u00b0C \u00e0 50\u00b0C \/ 14\u00b0F \u00e0 122\u00b0F<\/td>\n<\/tr>\n<tr>\n<td class=\"pdf-table-spec-name\">Protection contre les basses temp\u00e9ratures<\/td>\n<td class=\"pdf-table-spec-value\"><span class=\"pdf-table-checkmark\">\u2713<\/span><\/td>\n<\/tr>\n<tr>\n<td class=\"pdf-table-spec-name\">Arr\u00eat de la d\u00e9charge automatique<\/td>\n<td class=\"pdf-table-spec-value\">&lt; -4\u00b0F \/ -20\u00b0C<\/td>\n<\/tr>\n<tr>\n<td class=\"pdf-table-spec-name\">Arr\u00eat automatique de la charge<\/td>\n<td class=\"pdf-table-spec-value\">&lt; 32\u00b0F \/ 0\u00b0C<\/td>\n<\/tr>\n<tr>\n<td class=\"pdf-table-spec-name\">R\u00e9cup\u00e9ration automatique de la charge<\/td>\n<td class=\"pdf-table-spec-value\">\u2265 41\u00b0F \/ 5\u00b0C<\/td>\n<\/tr>\n<tr class=\"pdf-table-category\">\n<td colspan=\"2\">AUTO-CHAUFFAGE<\/td>\n<\/tr>\n<tr>\n<td class=\"pdf-table-spec-name\">Plage de temp\u00e9rature de chauffage<\/td>\n<td class=\"pdf-table-spec-value\">Charge : -20\u00b0C \u00e0 5\u00b0C \/ -4\u00b0F \u00e0 41\u00b0F<\/td>\n<\/tr>\n<tr>\n<td class=\"pdf-table-spec-name\">Temps de chauffe approximatif<\/td>\n<td class=\"pdf-table-spec-value\">40-70 minutes (\u00e0 partir de -10\u00b0C \/ 14\u00b0F) ; 80-120 minutes (\u00e0 partir de -20\u00b0C \/ -4\u00b0F)<\/td>\n<\/tr>\n<tr>\n<td class=\"pdf-table-spec-name\">Courant de charge minimum requis pour le chauffage<\/td>\n<td class=\"pdf-table-spec-value\">10A<\/td>\n<\/tr>\n<tr class=\"pdf-table-category\">\n<td colspan=\"2\">AUTRES<\/td>\n<\/tr>\n<tr>\n<td class=\"pdf-table-spec-name\">Terminaux<\/td>\n<td class=\"pdf-table-spec-value\">Boulons M8<\/td>\n<\/tr>\n<tr>\n<td class=\"pdf-table-spec-name\">Poids<\/td>\n<td class=\"pdf-table-spec-value\">Approx. 36.56 lbs<\/td>\n<\/tr>\n<tr>\n<td class=\"pdf-table-spec-name\">Taille<\/td>\n<td class=\"pdf-table-spec-value\">L13 * H6.77 * L8.5 pouces (Taille du groupe 31)<\/td>\n<\/tr>\n<tr>\n<td class=\"pdf-table-spec-name\">Mat\u00e9riau du bo\u00eetier<\/td>\n<td class=\"pdf-table-spec-value\">ABS<\/td>\n<\/tr>\n<tr>\n<td class=\"pdf-table-spec-name\">Classe de protection<\/td>\n<td class=\"pdf-table-spec-value\"><span class=\"pdf-table-dash\">-<\/span><\/td>\n<\/tr>\n<\/tbody>\n<\/table>","protected":false},"excerpt":{"rendered":"<ul>\n<li>Convient \u00e0 la plupart des moteurs hors-bord \u00e0 carburant\uff0c NE PAS utiliser comme batterie de d\u00e9marrage pour les v\u00e9hicules (voitures, motos, tracteurs, etc.)<\/li>\n<li>Bluetooth 5.0 intelligent : Contr\u00f4le facile de l'\u00e9tat de la batterie sur le t\u00e9l\u00e9phone<\/li>\n<li>Nouveau mode de r\u00e9serve d'\u00e9nergie : Coupe automatiquement l'alimentation en cas de faible puissance, afin de r\u00e9server suffisamment d'\u00e9nergie pour le d\u00e9marrage.<\/li>\n<li>Auto-chauffage : de -4\u00b0F \u00e0 41\u00b0F, charge fiable dans les r\u00e9gions en dessous du point de cong\u00e9lation.<\/li>\n<li>Cellules de d\u00e9marrage LiFePO4 de qualit\u00e9 EV : 5000+ temps de d\u00e9marrage et 4000+ cycles profonds@100%DOD<\/li>\n<li>20+ protections : R\u00e9tablissement automatique apr\u00e8s protection contre les surcharges (30s), r\u00e9sistance aux projections de sel et \u00e0 l'humidit\u00e9, etc.<\/li>\n<li>Utilisation en cycle profond : Alimente l'\u00e9lectronique de p\u00eache 12V en tant que batterie marine \u00e0 cycle profond.<\/li>\n<\/ul>","protected":false},"featured_media":1709,"comment_status":"open","ping_status":"closed","template":"","meta":[],"product_brand":[145],"product_cat":[45,83,146],"product_tag":[99,103,100,186,106,102],"class_list":{"0":"post-757","1":"product","2":"type-product","3":"status-publish","4":"has-post-thumbnail","6":"product_brand-gotopower","7":"product_cat-lifepo4-battery","8":"product_cat-lithium-lifepo4-battery","9":"product_cat-12v-lifepo4-battery","10":"product_tag-battery","11":"product_tag-boat","12":"product_tag-lithium","13":"product_tag-marine","14":"product_tag-rv","15":"product_tag-trolling-motor","17":"first","18":"instock","19":"sale","20":"downloadable","21":"shipping-taxable","22":"purchasable","23":"product-type-simple"},"_links":{"self":[{"href":"https:\/\/www.gotopess.com\/fr\/wp-json\/wp\/v2\/product\/757","targetHints":{"allow":["GET"]}}],"collection":[{"href":"https:\/\/www.gotopess.com\/fr\/wp-json\/wp\/v2\/product"}],"about":[{"href":"https:\/\/www.gotopess.com\/fr\/wp-json\/wp\/v2\/types\/product"}],"replies":[{"embeddable":true,"href":"https:\/\/www.gotopess.com\/fr\/wp-json\/wp\/v2\/comments?post=757"}],"wp:featuredmedia":[{"embeddable":true,"href":"https:\/\/www.gotopess.com\/fr\/wp-json\/wp\/v2\/media\/1709"}],"wp:attachment":[{"href":"https:\/\/www.gotopess.com\/fr\/wp-json\/wp\/v2\/media?parent=757"}],"wp:term":[{"taxonomy":"product_brand","embeddable":true,"href":"https:\/\/www.gotopess.com\/fr\/wp-json\/wp\/v2\/product_brand?post=757"},{"taxonomy":"product_cat","embeddable":true,"href":"https:\/\/www.gotopess.com\/fr\/wp-json\/wp\/v2\/product_cat?post=757"},{"taxonomy":"product_tag","embeddable":true,"href":"https:\/\/www.gotopess.com\/fr\/wp-json\/wp\/v2\/product_tag?post=757"}],"curies":[{"name":"wp","href":"https:\/\/api.w.org\/{rel}","templated":true}]}}