{"id":781,"date":"2025-09-17T17:50:25","date_gmt":"2025-09-17T17:50:25","guid":{"rendered":"http:\/\/8.218.239.88\/?post_type=product&#038;p=781"},"modified":"2025-11-07T16:38:42","modified_gmt":"2025-11-07T08:38:42","slug":"12v-230ah-bluetooth-lithium-battery","status":"publish","type":"product","link":"https:\/\/www.gotopess.com\/fr\/produit\/12v-230ah-bluetooth-batterie-lithium-2\/","title":{"rendered":"Batterie lithium Bluetooth 12V 230Ah pour RV"},"content":{"rendered":"<p><img decoding=\"async\" class=\"aligncenter size-full wp-image-1763\" src=\"https:\/\/www.gotopess.com\/wp-content\/uploads\/2025\/09\/12V-230Ah-Bluetooth-Lithium-Battery2.webp\" alt=\"\" width=\"1920\" height=\"787\" srcset=\"https:\/\/www.gotopess.com\/wp-content\/uploads\/2025\/09\/12V-230Ah-Bluetooth-Lithium-Battery2.webp 1920w, https:\/\/www.gotopess.com\/wp-content\/uploads\/2025\/09\/12V-230Ah-Bluetooth-Lithium-Battery2-800x328.webp 800w, https:\/\/www.gotopess.com\/wp-content\/uploads\/2025\/09\/12V-230Ah-Bluetooth-Lithium-Battery2-1400x574.webp 1400w, https:\/\/www.gotopess.com\/wp-content\/uploads\/2025\/09\/12V-230Ah-Bluetooth-Lithium-Battery2-768x315.webp 768w, https:\/\/www.gotopess.com\/wp-content\/uploads\/2025\/09\/12V-230Ah-Bluetooth-Lithium-Battery2-1536x630.webp 1536w, https:\/\/www.gotopess.com\/wp-content\/uploads\/2025\/09\/12V-230Ah-Bluetooth-Lithium-Battery2-18x7.webp 18w, https:\/\/www.gotopess.com\/wp-content\/uploads\/2025\/09\/12V-230Ah-Bluetooth-Lithium-Battery2-600x246.webp 600w\" sizes=\"(max-width: 1920px) 100vw, 1920px\" \/><img decoding=\"async\" class=\"aligncenter size-full wp-image-1762\" src=\"https:\/\/www.gotopess.com\/wp-content\/uploads\/2025\/09\/12V-230Ah-Bluetooth-Lithium-Battery1.webp\" alt=\"\" width=\"1920\" height=\"787\" srcset=\"https:\/\/www.gotopess.com\/wp-content\/uploads\/2025\/09\/12V-230Ah-Bluetooth-Lithium-Battery1.webp 1920w, https:\/\/www.gotopess.com\/wp-content\/uploads\/2025\/09\/12V-230Ah-Bluetooth-Lithium-Battery1-800x328.webp 800w, https:\/\/www.gotopess.com\/wp-content\/uploads\/2025\/09\/12V-230Ah-Bluetooth-Lithium-Battery1-1400x574.webp 1400w, https:\/\/www.gotopess.com\/wp-content\/uploads\/2025\/09\/12V-230Ah-Bluetooth-Lithium-Battery1-768x315.webp 768w, https:\/\/www.gotopess.com\/wp-content\/uploads\/2025\/09\/12V-230Ah-Bluetooth-Lithium-Battery1-1536x630.webp 1536w, https:\/\/www.gotopess.com\/wp-content\/uploads\/2025\/09\/12V-230Ah-Bluetooth-Lithium-Battery1-18x7.webp 18w, https:\/\/www.gotopess.com\/wp-content\/uploads\/2025\/09\/12V-230Ah-Bluetooth-Lithium-Battery1-600x246.webp 600w\" sizes=\"(max-width: 1920px) 100vw, 1920px\" \/> <img decoding=\"async\" class=\"aligncenter size-full wp-image-1764\" src=\"https:\/\/www.gotopess.com\/wp-content\/uploads\/2025\/09\/12V-230Ah-Bluetooth-Lithium-Battery3.webp\" alt=\"\" width=\"1920\" height=\"787\" srcset=\"https:\/\/www.gotopess.com\/wp-content\/uploads\/2025\/09\/12V-230Ah-Bluetooth-Lithium-Battery3.webp 1920w, https:\/\/www.gotopess.com\/wp-content\/uploads\/2025\/09\/12V-230Ah-Bluetooth-Lithium-Battery3-800x328.webp 800w, https:\/\/www.gotopess.com\/wp-content\/uploads\/2025\/09\/12V-230Ah-Bluetooth-Lithium-Battery3-1400x574.webp 1400w, https:\/\/www.gotopess.com\/wp-content\/uploads\/2025\/09\/12V-230Ah-Bluetooth-Lithium-Battery3-768x315.webp 768w, https:\/\/www.gotopess.com\/wp-content\/uploads\/2025\/09\/12V-230Ah-Bluetooth-Lithium-Battery3-1536x630.webp 1536w, https:\/\/www.gotopess.com\/wp-content\/uploads\/2025\/09\/12V-230Ah-Bluetooth-Lithium-Battery3-18x7.webp 18w, https:\/\/www.gotopess.com\/wp-content\/uploads\/2025\/09\/12V-230Ah-Bluetooth-Lithium-Battery3-600x246.webp 600w\" sizes=\"(max-width: 1920px) 100vw, 1920px\" \/> <img decoding=\"async\" class=\"aligncenter size-full wp-image-1765\" src=\"https:\/\/www.gotopess.com\/wp-content\/uploads\/2025\/09\/12V-230Ah-Bluetooth-Lithium-Battery4.webp\" alt=\"\" width=\"1920\" height=\"787\" srcset=\"https:\/\/www.gotopess.com\/wp-content\/uploads\/2025\/09\/12V-230Ah-Bluetooth-Lithium-Battery4.webp 1920w, https:\/\/www.gotopess.com\/wp-content\/uploads\/2025\/09\/12V-230Ah-Bluetooth-Lithium-Battery4-800x328.webp 800w, https:\/\/www.gotopess.com\/wp-content\/uploads\/2025\/09\/12V-230Ah-Bluetooth-Lithium-Battery4-1400x574.webp 1400w, https:\/\/www.gotopess.com\/wp-content\/uploads\/2025\/09\/12V-230Ah-Bluetooth-Lithium-Battery4-768x315.webp 768w, https:\/\/www.gotopess.com\/wp-content\/uploads\/2025\/09\/12V-230Ah-Bluetooth-Lithium-Battery4-1536x630.webp 1536w, https:\/\/www.gotopess.com\/wp-content\/uploads\/2025\/09\/12V-230Ah-Bluetooth-Lithium-Battery4-18x7.webp 18w, https:\/\/www.gotopess.com\/wp-content\/uploads\/2025\/09\/12V-230Ah-Bluetooth-Lithium-Battery4-600x246.webp 600w\" sizes=\"(max-width: 1920px) 100vw, 1920px\" \/> <img decoding=\"async\" class=\"aligncenter size-full wp-image-1766\" src=\"https:\/\/www.gotopess.com\/wp-content\/uploads\/2025\/09\/12V-230Ah-Bluetooth-Lithium-Battery5.webp\" alt=\"\" width=\"1920\" height=\"787\" srcset=\"https:\/\/www.gotopess.com\/wp-content\/uploads\/2025\/09\/12V-230Ah-Bluetooth-Lithium-Battery5.webp 1920w, https:\/\/www.gotopess.com\/wp-content\/uploads\/2025\/09\/12V-230Ah-Bluetooth-Lithium-Battery5-800x328.webp 800w, https:\/\/www.gotopess.com\/wp-content\/uploads\/2025\/09\/12V-230Ah-Bluetooth-Lithium-Battery5-1400x574.webp 1400w, https:\/\/www.gotopess.com\/wp-content\/uploads\/2025\/09\/12V-230Ah-Bluetooth-Lithium-Battery5-768x315.webp 768w, https:\/\/www.gotopess.com\/wp-content\/uploads\/2025\/09\/12V-230Ah-Bluetooth-Lithium-Battery5-1536x630.webp 1536w, https:\/\/www.gotopess.com\/wp-content\/uploads\/2025\/09\/12V-230Ah-Bluetooth-Lithium-Battery5-18x7.webp 18w, https:\/\/www.gotopess.com\/wp-content\/uploads\/2025\/09\/12V-230Ah-Bluetooth-Lithium-Battery5-600x246.webp 600w\" sizes=\"(max-width: 1920px) 100vw, 1920px\" \/> <img decoding=\"async\" class=\"aligncenter size-full wp-image-1767\" src=\"https:\/\/www.gotopess.com\/wp-content\/uploads\/2025\/09\/12V-230Ah-Bluetooth-Lithium-Battery6.webp\" alt=\"\" width=\"1920\" height=\"787\" srcset=\"https:\/\/www.gotopess.com\/wp-content\/uploads\/2025\/09\/12V-230Ah-Bluetooth-Lithium-Battery6.webp 1920w, https:\/\/www.gotopess.com\/wp-content\/uploads\/2025\/09\/12V-230Ah-Bluetooth-Lithium-Battery6-800x328.webp 800w, https:\/\/www.gotopess.com\/wp-content\/uploads\/2025\/09\/12V-230Ah-Bluetooth-Lithium-Battery6-1400x574.webp 1400w, https:\/\/www.gotopess.com\/wp-content\/uploads\/2025\/09\/12V-230Ah-Bluetooth-Lithium-Battery6-768x315.webp 768w, https:\/\/www.gotopess.com\/wp-content\/uploads\/2025\/09\/12V-230Ah-Bluetooth-Lithium-Battery6-1536x630.webp 1536w, https:\/\/www.gotopess.com\/wp-content\/uploads\/2025\/09\/12V-230Ah-Bluetooth-Lithium-Battery6-18x7.webp 18w, https:\/\/www.gotopess.com\/wp-content\/uploads\/2025\/09\/12V-230Ah-Bluetooth-Lithium-Battery6-600x246.webp 600w\" sizes=\"(max-width: 1920px) 100vw, 1920px\" \/> <img decoding=\"async\" class=\"aligncenter size-full wp-image-1768\" src=\"https:\/\/www.gotopess.com\/wp-content\/uploads\/2025\/09\/12V-230Ah-Bluetooth-Lithium-Battery7.webp\" alt=\"\" width=\"1920\" height=\"787\" srcset=\"https:\/\/www.gotopess.com\/wp-content\/uploads\/2025\/09\/12V-230Ah-Bluetooth-Lithium-Battery7.webp 1920w, https:\/\/www.gotopess.com\/wp-content\/uploads\/2025\/09\/12V-230Ah-Bluetooth-Lithium-Battery7-800x328.webp 800w, https:\/\/www.gotopess.com\/wp-content\/uploads\/2025\/09\/12V-230Ah-Bluetooth-Lithium-Battery7-1400x574.webp 1400w, https:\/\/www.gotopess.com\/wp-content\/uploads\/2025\/09\/12V-230Ah-Bluetooth-Lithium-Battery7-768x315.webp 768w, https:\/\/www.gotopess.com\/wp-content\/uploads\/2025\/09\/12V-230Ah-Bluetooth-Lithium-Battery7-1536x630.webp 1536w, https:\/\/www.gotopess.com\/wp-content\/uploads\/2025\/09\/12V-230Ah-Bluetooth-Lithium-Battery7-18x7.webp 18w, https:\/\/www.gotopess.com\/wp-content\/uploads\/2025\/09\/12V-230Ah-Bluetooth-Lithium-Battery7-600x246.webp 600w\" sizes=\"(max-width: 1920px) 100vw, 1920px\" \/> <img decoding=\"async\" class=\"aligncenter size-full wp-image-1769\" src=\"https:\/\/www.gotopess.com\/wp-content\/uploads\/2025\/09\/12V-230Ah-Bluetooth-Lithium-Battery8.webp\" alt=\"\" width=\"1920\" height=\"787\" srcset=\"https:\/\/www.gotopess.com\/wp-content\/uploads\/2025\/09\/12V-230Ah-Bluetooth-Lithium-Battery8.webp 1920w, https:\/\/www.gotopess.com\/wp-content\/uploads\/2025\/09\/12V-230Ah-Bluetooth-Lithium-Battery8-800x328.webp 800w, https:\/\/www.gotopess.com\/wp-content\/uploads\/2025\/09\/12V-230Ah-Bluetooth-Lithium-Battery8-1400x574.webp 1400w, https:\/\/www.gotopess.com\/wp-content\/uploads\/2025\/09\/12V-230Ah-Bluetooth-Lithium-Battery8-768x315.webp 768w, https:\/\/www.gotopess.com\/wp-content\/uploads\/2025\/09\/12V-230Ah-Bluetooth-Lithium-Battery8-1536x630.webp 1536w, https:\/\/www.gotopess.com\/wp-content\/uploads\/2025\/09\/12V-230Ah-Bluetooth-Lithium-Battery8-18x7.webp 18w, https:\/\/www.gotopess.com\/wp-content\/uploads\/2025\/09\/12V-230Ah-Bluetooth-Lithium-Battery8-600x246.webp 600w\" sizes=\"(max-width: 1920px) 100vw, 1920px\" \/> <img decoding=\"async\" class=\"aligncenter size-full wp-image-1770\" src=\"https:\/\/www.gotopess.com\/wp-content\/uploads\/2025\/09\/12V-230Ah-Bluetooth-Lithium-Battery9.webp\" alt=\"\" width=\"1920\" height=\"787\" srcset=\"https:\/\/www.gotopess.com\/wp-content\/uploads\/2025\/09\/12V-230Ah-Bluetooth-Lithium-Battery9.webp 1920w, https:\/\/www.gotopess.com\/wp-content\/uploads\/2025\/09\/12V-230Ah-Bluetooth-Lithium-Battery9-800x328.webp 800w, https:\/\/www.gotopess.com\/wp-content\/uploads\/2025\/09\/12V-230Ah-Bluetooth-Lithium-Battery9-1400x574.webp 1400w, https:\/\/www.gotopess.com\/wp-content\/uploads\/2025\/09\/12V-230Ah-Bluetooth-Lithium-Battery9-768x315.webp 768w, https:\/\/www.gotopess.com\/wp-content\/uploads\/2025\/09\/12V-230Ah-Bluetooth-Lithium-Battery9-1536x630.webp 1536w, https:\/\/www.gotopess.com\/wp-content\/uploads\/2025\/09\/12V-230Ah-Bluetooth-Lithium-Battery9-18x7.webp 18w, https:\/\/www.gotopess.com\/wp-content\/uploads\/2025\/09\/12V-230Ah-Bluetooth-Lithium-Battery9-600x246.webp 600w\" sizes=\"(max-width: 1920px) 100vw, 1920px\" \/><\/p>","protected":false},"excerpt":{"rendered":"<ul>\n<li>La plus petite batterie LFP 12.8V 230Ah de Gotopower (Groupe 22NF)<\/li>\n<li>Coupure \u00e0 basse temp\u00e9rature pour une charge plus s\u00fbre par temps de gel<\/li>\n<li>Fonctionne avec un shunt de batterie Gotopower 230A pour la surveillance \u00e0 distance<\/li>\n<li>Peut \u00eatre mont\u00e9 sur les c\u00f4t\u00e9s pour s'adapter aux espaces restreints<\/li>\n<li>IP65 et r\u00e9sistance aux vibrations pour des performances accrues en ext\u00e9rieur<\/li>\n<li>Politique de retour de 30 jours, sauf pour les piles au lithium (7 jours).<\/li>\n<\/ul>","protected":false},"featured_media":1772,"comment_status":"open","ping_status":"closed","template":"","meta":[],"product_brand":[145],"product_cat":[45,83,146],"product_tag":[101,230,181,106,231],"class_list":{"0":"post-781","1":"product","2":"type-product","3":"status-publish","4":"has-post-thumbnail","6":"product_brand-gotopower","7":"product_cat-lifepo4-battery","8":"product_cat-lithium-lifepo4-battery","9":"product_cat-12v-lifepo4-battery","10":"product_tag-bluetooth","11":"product_tag-camper","12":"product_tag-lithium-battery","13":"product_tag-rv","14":"product_tag-trailer","16":"first","17":"instock","18":"featured","19":"downloadable","20":"shipping-taxable","21":"product-type-simple"},"_links":{"self":[{"href":"https:\/\/www.gotopess.com\/fr\/wp-json\/wp\/v2\/product\/781","targetHints":{"allow":["GET"]}}],"collection":[{"href":"https:\/\/www.gotopess.com\/fr\/wp-json\/wp\/v2\/product"}],"about":[{"href":"https:\/\/www.gotopess.com\/fr\/wp-json\/wp\/v2\/types\/product"}],"replies":[{"embeddable":true,"href":"https:\/\/www.gotopess.com\/fr\/wp-json\/wp\/v2\/comments?post=781"}],"wp:featuredmedia":[{"embeddable":true,"href":"https:\/\/www.gotopess.com\/fr\/wp-json\/wp\/v2\/media\/1772"}],"wp:attachment":[{"href":"https:\/\/www.gotopess.com\/fr\/wp-json\/wp\/v2\/media?parent=781"}],"wp:term":[{"taxonomy":"product_brand","embeddable":true,"href":"https:\/\/www.gotopess.com\/fr\/wp-json\/wp\/v2\/product_brand?post=781"},{"taxonomy":"product_cat","embeddable":true,"href":"https:\/\/www.gotopess.com\/fr\/wp-json\/wp\/v2\/product_cat?post=781"},{"taxonomy":"product_tag","embeddable":true,"href":"https:\/\/www.gotopess.com\/fr\/wp-json\/wp\/v2\/product_tag?post=781"}],"curies":[{"name":"wp","href":"https:\/\/api.w.org\/{rel}","templated":true}]}}