{"id":987,"date":"2025-10-10T09:15:00","date_gmt":"2025-10-10T01:15:00","guid":{"rendered":"http:\/\/8.218.239.88\/?post_type=product&#038;p=987"},"modified":"2025-10-18T21:14:05","modified_gmt":"2025-10-18T13:14:05","slug":"gt-series-ip54-waterproof-4000w-11000w-hybrid-inverterparallel","status":"publish","type":"product","link":"https:\/\/www.gotopess.com\/fr\/produit\/4000w11000w-hybrid-inverter-gt-series-2\/","title":{"rendered":"S\u00e9rie GT +IP54 Etanche Onduleur hybride 4000W-11000W + Parall\u00e8le"},"content":{"rendered":"<p><img decoding=\"async\" class=\"aligncenter wp-image-988 size-full\" src=\"https:\/\/www.gotopess.com\/wp-content\/uploads\/2025\/09\/\u5f69\u9875A4-4000W11000W-HYBRID-INVERTER-GT-SERIES_0-scaled.jpg\" alt=\"\" width=\"1886\" height=\"2560\" srcset=\"https:\/\/www.gotopess.com\/wp-content\/uploads\/2025\/09\/\u5f69\u9875A4-4000W11000W-HYBRID-INVERTER-GT-SERIES_0-scaled.jpg 1886w, https:\/\/www.gotopess.com\/wp-content\/uploads\/2025\/09\/\u5f69\u9875A4-4000W11000W-HYBRID-INVERTER-GT-SERIES_0-295x400.jpg 295w, https:\/\/www.gotopess.com\/wp-content\/uploads\/2025\/09\/\u5f69\u9875A4-4000W11000W-HYBRID-INVERTER-GT-SERIES_0-589x800.jpg 589w, https:\/\/www.gotopess.com\/wp-content\/uploads\/2025\/09\/\u5f69\u9875A4-4000W11000W-HYBRID-INVERTER-GT-SERIES_0-768x1042.jpg 768w, https:\/\/www.gotopess.com\/wp-content\/uploads\/2025\/09\/\u5f69\u9875A4-4000W11000W-HYBRID-INVERTER-GT-SERIES_0-1132x1536.jpg 1132w, https:\/\/www.gotopess.com\/wp-content\/uploads\/2025\/09\/\u5f69\u9875A4-4000W11000W-HYBRID-INVERTER-GT-SERIES_0-1509x2048.jpg 1509w, https:\/\/www.gotopess.com\/wp-content\/uploads\/2025\/09\/\u5f69\u9875A4-4000W11000W-HYBRID-INVERTER-GT-SERIES_0-600x814.jpg 600w\" sizes=\"(max-width: 1886px) 100vw, 1886px\" \/><br \/>\n<img decoding=\"async\" class=\"aligncenter wp-image-989 size-full\" src=\"https:\/\/www.gotopess.com\/wp-content\/uploads\/2025\/09\/\u5f69\u9875A4-4000W11000W-HYBRID-INVERTER-GT-SERIES_1-scaled.jpg\" alt=\"\" width=\"1886\" height=\"2560\" srcset=\"https:\/\/www.gotopess.com\/wp-content\/uploads\/2025\/09\/\u5f69\u9875A4-4000W11000W-HYBRID-INVERTER-GT-SERIES_1-scaled.jpg 1886w, https:\/\/www.gotopess.com\/wp-content\/uploads\/2025\/09\/\u5f69\u9875A4-4000W11000W-HYBRID-INVERTER-GT-SERIES_1-295x400.jpg 295w, https:\/\/www.gotopess.com\/wp-content\/uploads\/2025\/09\/\u5f69\u9875A4-4000W11000W-HYBRID-INVERTER-GT-SERIES_1-589x800.jpg 589w, https:\/\/www.gotopess.com\/wp-content\/uploads\/2025\/09\/\u5f69\u9875A4-4000W11000W-HYBRID-INVERTER-GT-SERIES_1-768x1042.jpg 768w, https:\/\/www.gotopess.com\/wp-content\/uploads\/2025\/09\/\u5f69\u9875A4-4000W11000W-HYBRID-INVERTER-GT-SERIES_1-1132x1536.jpg 1132w, https:\/\/www.gotopess.com\/wp-content\/uploads\/2025\/09\/\u5f69\u9875A4-4000W11000W-HYBRID-INVERTER-GT-SERIES_1-1509x2048.jpg 1509w, https:\/\/www.gotopess.com\/wp-content\/uploads\/2025\/09\/\u5f69\u9875A4-4000W11000W-HYBRID-INVERTER-GT-SERIES_1-600x814.jpg 600w\" sizes=\"(max-width: 1886px) 100vw, 1886px\" \/><\/p>","protected":false},"excerpt":{"rendered":"<ul>\n<li>Niveau de protection IP54, \u00e9tanche \u00e0 l'eau, \u00e0 la poussi\u00e8re, au brouillard salin et \u00e0 la corrosion<\/li>\n<li>Garantie de 3 ans, durable et fiable<\/li>\n<li>Certification CE, conforme aux normes de l'UE<\/li>\n<li>Prise en charge de la connexion parall\u00e8le de 11 unit\u00e9s<\/li>\n<li>Prise en charge de la fonction Wi-Fi pour v\u00e9rifier la production d'\u00e9lectricit\u00e9 et l'\u00e9tat de l'alimentation du r\u00e9seau<\/li>\n<li>Fonction anti-reflux CT, auto-utilisation, l\u00e9gale et conforme<\/li>\n<li>Fonctionnalit\u00e9 bi-mode hors r\u00e9seau et sur r\u00e9seau, permettant \u00e0 la production d'\u00e9nergie Pv d'\u00eatre inject\u00e9e dans le r\u00e9seau, ce qui permet d'\u00e9conomiser des factures d'\u00e9lectricit\u00e9.<\/li>\n<li>Affiche 6 param\u00e8tres principaux en temps r\u00e9el sur l'\u00e9cran LCD (entr\u00e9e PV\/\u00e9tat du r\u00e9seau\/puissance de charge\/efficience de conversion\/temp\u00e9rature\/mode de fonctionnement).<\/li>\n<\/ul>","protected":false},"featured_media":1071,"comment_status":"open","ping_status":"closed","template":"","meta":[],"product_brand":[145],"product_cat":[60,61],"product_tag":[276,177,275,178],"class_list":{"0":"post-987","1":"product","2":"type-product","3":"status-publish","4":"has-post-thumbnail","6":"product_brand-gotopower","7":"product_cat-inverters-battery-energy-storage-system","8":"product_cat-hybrid-inverter-battery-energy-storage-system","9":"product_tag-high-frequency-inverter","10":"product_tag-ip54","11":"product_tag-solar-inverter","12":"product_tag-waterproof","14":"first","15":"instock","16":"downloadable","17":"shipping-taxable","18":"product-type-simple"},"_links":{"self":[{"href":"https:\/\/www.gotopess.com\/fr\/wp-json\/wp\/v2\/product\/987","targetHints":{"allow":["GET"]}}],"collection":[{"href":"https:\/\/www.gotopess.com\/fr\/wp-json\/wp\/v2\/product"}],"about":[{"href":"https:\/\/www.gotopess.com\/fr\/wp-json\/wp\/v2\/types\/product"}],"replies":[{"embeddable":true,"href":"https:\/\/www.gotopess.com\/fr\/wp-json\/wp\/v2\/comments?post=987"}],"wp:featuredmedia":[{"embeddable":true,"href":"https:\/\/www.gotopess.com\/fr\/wp-json\/wp\/v2\/media\/1071"}],"wp:attachment":[{"href":"https:\/\/www.gotopess.com\/fr\/wp-json\/wp\/v2\/media?parent=987"}],"wp:term":[{"taxonomy":"product_brand","embeddable":true,"href":"https:\/\/www.gotopess.com\/fr\/wp-json\/wp\/v2\/product_brand?post=987"},{"taxonomy":"product_cat","embeddable":true,"href":"https:\/\/www.gotopess.com\/fr\/wp-json\/wp\/v2\/product_cat?post=987"},{"taxonomy":"product_tag","embeddable":true,"href":"https:\/\/www.gotopess.com\/fr\/wp-json\/wp\/v2\/product_tag?post=987"}],"curies":[{"name":"wp","href":"https:\/\/api.w.org\/{rel}","templated":true}]}}