{"id":87,"date":"2025-09-11T20:13:42","date_gmt":"2025-09-11T20:13:42","guid":{"rendered":"http:\/\/localhost:8888\/test\/?page_id=545"},"modified":"2025-09-29T19:55:23","modified_gmt":"2025-09-29T19:55:23","slug":"faq","status":"publish","type":"page","link":"https:\/\/www.gotopess.com\/pt\/about\/perguntas-frequentes\/","title":{"rendered":"PERGUNTAS FREQUENTES"},"content":{"rendered":"<section class=\"section\" id=\"section_569387923\">\n\t\t<div class=\"bg section-bg fill bg-fill bg-loaded bg-loaded\" >\n\n\t\t\t\n\t\t\t\n\t\t\t\n\n\t\t<\/div>\n\n\t\t\n\n\t\t<div class=\"section-content relative\">\n\t\t\t\n\n<div class=\"container section-title-container\" style=\"max-width:100%;\"><h3 class=\"section-title section-title-normal\"><b><\/b><span class=\"section-title-main\" >Perguntas frequentes<\/span><b><\/b><\/h3><\/div>\n\n<div class=\"row row-full-width\"  id=\"row-1792131982\">\n\n\n\t<div id=\"col-1323126384\" class=\"col small-12 large-12\"  >\n\t\t\t\t<div class=\"col-inner\"  >\n\t\t\t\n\t\t\t\n\n<p><span style=\"font-size: 20.16px; color: #333333;\">Quais capacidades de bateria voc\u00eas oferecem para uso dom\u00e9stico e comercial?<\/span><\/p>\n<section class=\"custom-faq-container\">\n<div class=\"custom-faq-card\">\n<p>Fornecemos uma ampla variedade de solu\u00e7\u00f5es, desde 5 kWh para uso dom\u00e9stico at\u00e9 solu\u00e7\u00f5es de v\u00e1rios MWh para projetos comerciais e industriais.<\/p>\n<\/div>\n<div class=\"custom-faq-card\">\n<h3>Seu ESS pode ser personalizado para diferentes aplica\u00e7\u00f5es industriais?<\/h3>\n<p>Sim, nossos sistemas s\u00e3o modulares e podem ser adaptados para atender a requisitos espec\u00edficos de energia e armazenamento.<\/p>\n<\/div>\n<div class=\"custom-faq-card\">\n<h3>Qual \u00e9 o per\u00edodo de garantia de suas baterias e sistemas?<\/h3>\n<p>Normalmente, de 5 a 10 anos, dependendo do modelo do produto e do aplicativo.<\/p>\n<\/div>\n<div class=\"custom-faq-card\">\n<h3>Voc\u00eas oferecem instala\u00e7\u00e3o e suporte p\u00f3s-venda?<\/h3>\n<p>Sim, oferecemos orienta\u00e7\u00e3o profissional de instala\u00e7\u00e3o, treinamento t\u00e9cnico e servi\u00e7o p\u00f3s-venda global.<\/p>\n<\/div>\n<div class=\"custom-faq-card\">\n<h3>Quais s\u00e3o as certifica\u00e7\u00f5es de seguran\u00e7a e conformidade de seus produtos?<\/h3>\n<p>Nossos produtos s\u00e3o certificados de acordo com padr\u00f5es internacionais, como CE, UL, UN38.3 e IEC.<\/p>\n<\/div>\n<div class=\"custom-faq-card\">\n<h3>Em quanto tempo posso receber meu pedido?<\/h3>\n<p>Os produtos padr\u00e3o s\u00e3o enviados em um prazo de 2 a 4 semanas, com op\u00e7\u00f5es r\u00e1pidas dispon\u00edveis para projetos urgentes.<\/p>\n<\/div>\n<div class=\"custom-faq-card\">\n<h3>Suas baterias suportam integra\u00e7\u00e3o solar e renov\u00e1vel?<\/h3>\n<p>Sim, nosso ESS se integra perfeitamente a sistemas de energia solar, e\u00f3lica e h\u00edbrida.<\/p>\n<\/div>\n<div class=\"custom-faq-card\">\n<h3>Qual \u00e9 a vida \u00fatil esperada de suas baterias?<\/h3>\n<p>Mais de 6.000 ciclos, proporcionando mais de 10 anos de desempenho confi\u00e1vel.<\/p>\n<\/div>\n<div class=\"custom-faq-card\">\n<h3>Seus sistemas podem ser expandidos posteriormente \u00e0 medida que a demanda aumenta?<\/h3>\n<p>Sim, nosso projeto modular permite uma f\u00e1cil expans\u00e3o da capacidade.<\/p>\n<\/div>\n<div class=\"custom-faq-card\">\n<h3>Voc\u00eas oferecem servi\u00e7os de OEM\/ODM para parceiros?<\/h3>\n<p>Sim, oferecemos suporte a OEM\/ODM para atender \u00e0s necessidades comerciais personalizadas.<\/p>\n<\/div>\n<\/section>\n<p>\u00a0<\/p>\n\n\t\t<\/div>\n\t\t\t\t\t<\/div>\n\n\t\n\n<\/div>\n\n\t\t<\/div>\n\n\t\t\n<style>\n#section_569387923 {\n  padding-top: 30px;\n  padding-bottom: 30px;\n}\n<\/style>\n\t<\/section>","protected":false},"excerpt":{"rendered":"","protected":false},"author":2,"featured_media":0,"parent":92,"menu_order":0,"comment_status":"closed","ping_status":"closed","template":"","meta":{"footnotes":""},"class_list":["post-87","page","type-page","status-publish","hentry"],"_links":{"self":[{"href":"https:\/\/www.gotopess.com\/pt\/wp-json\/wp\/v2\/pages\/87","targetHints":{"allow":["GET"]}}],"collection":[{"href":"https:\/\/www.gotopess.com\/pt\/wp-json\/wp\/v2\/pages"}],"about":[{"href":"https:\/\/www.gotopess.com\/pt\/wp-json\/wp\/v2\/types\/page"}],"author":[{"embeddable":true,"href":"https:\/\/www.gotopess.com\/pt\/wp-json\/wp\/v2\/users\/2"}],"replies":[{"embeddable":true,"href":"https:\/\/www.gotopess.com\/pt\/wp-json\/wp\/v2\/comments?post=87"}],"version-history":[{"count":5,"href":"https:\/\/www.gotopess.com\/pt\/wp-json\/wp\/v2\/pages\/87\/revisions"}],"predecessor-version":[{"id":1547,"href":"https:\/\/www.gotopess.com\/pt\/wp-json\/wp\/v2\/pages\/87\/revisions\/1547"}],"up":[{"embeddable":true,"href":"https:\/\/www.gotopess.com\/pt\/wp-json\/wp\/v2\/pages\/92"}],"wp:attachment":[{"href":"https:\/\/www.gotopess.com\/pt\/wp-json\/wp\/v2\/media?parent=87"}],"curies":[{"name":"wp","href":"https:\/\/api.w.org\/{rel}","templated":true}]}}