{"id":1038,"date":"2025-10-10T09:13:24","date_gmt":"2025-10-10T01:13:24","guid":{"rendered":"http:\/\/8.218.239.88\/?post_type=product&#038;p=1038"},"modified":"2025-10-18T21:13:04","modified_gmt":"2025-10-18T13:13:04","slug":"gd-pro-series-4000w11000w-not-parallel-hybrid-inverter","status":"publish","type":"product","link":"https:\/\/www.gotopess.com\/pt\/produto\/4000w11000w-solar-inverter-gd-pro-series-2\/","title":{"rendered":"Inversor h\u00edbrido GD Pro Series 4000W~11000W"},"content":{"rendered":"<p data-wp-editing=\"1\"><img decoding=\"async\" class=\"aligncenter wp-image-1068 size-full\" src=\"https:\/\/www.gotopess.com\/wp-content\/uploads\/2025\/09\/SOLAR-INVERTER-GD-PrO-SERIES6-scaled.jpg\" alt=\"\" width=\"1810\" height=\"2560\" srcset=\"https:\/\/www.gotopess.com\/wp-content\/uploads\/2025\/09\/SOLAR-INVERTER-GD-PrO-SERIES6-scaled.jpg 1810w, https:\/\/www.gotopess.com\/wp-content\/uploads\/2025\/09\/SOLAR-INVERTER-GD-PrO-SERIES6-283x400.jpg 283w, https:\/\/www.gotopess.com\/wp-content\/uploads\/2025\/09\/SOLAR-INVERTER-GD-PrO-SERIES6-566x800.jpg 566w, https:\/\/www.gotopess.com\/wp-content\/uploads\/2025\/09\/SOLAR-INVERTER-GD-PrO-SERIES6-768x1086.jpg 768w, https:\/\/www.gotopess.com\/wp-content\/uploads\/2025\/09\/SOLAR-INVERTER-GD-PrO-SERIES6-1086x1536.jpg 1086w, https:\/\/www.gotopess.com\/wp-content\/uploads\/2025\/09\/SOLAR-INVERTER-GD-PrO-SERIES6-1448x2048.jpg 1448w, https:\/\/www.gotopess.com\/wp-content\/uploads\/2025\/09\/SOLAR-INVERTER-GD-PrO-SERIES6-600x848.jpg 600w\" sizes=\"(max-width: 1810px) 100vw, 1810px\" \/> <img decoding=\"async\" class=\"aligncenter wp-image-1069 size-full\" src=\"https:\/\/www.gotopess.com\/wp-content\/uploads\/2025\/09\/SOLAR-INVERTER-GD-PrO-SERIES7-scaled.jpg\" alt=\"\" width=\"1810\" height=\"2560\" srcset=\"https:\/\/www.gotopess.com\/wp-content\/uploads\/2025\/09\/SOLAR-INVERTER-GD-PrO-SERIES7-scaled.jpg 1810w, https:\/\/www.gotopess.com\/wp-content\/uploads\/2025\/09\/SOLAR-INVERTER-GD-PrO-SERIES7-283x400.jpg 283w, https:\/\/www.gotopess.com\/wp-content\/uploads\/2025\/09\/SOLAR-INVERTER-GD-PrO-SERIES7-566x800.jpg 566w, https:\/\/www.gotopess.com\/wp-content\/uploads\/2025\/09\/SOLAR-INVERTER-GD-PrO-SERIES7-768x1086.jpg 768w, https:\/\/www.gotopess.com\/wp-content\/uploads\/2025\/09\/SOLAR-INVERTER-GD-PrO-SERIES7-1086x1536.jpg 1086w, https:\/\/www.gotopess.com\/wp-content\/uploads\/2025\/09\/SOLAR-INVERTER-GD-PrO-SERIES7-1448x2048.jpg 1448w, https:\/\/www.gotopess.com\/wp-content\/uploads\/2025\/09\/SOLAR-INVERTER-GD-PrO-SERIES7-600x848.jpg 600w\" sizes=\"(max-width: 1810px) 100vw, 1810px\" \/><\/p>","protected":false},"excerpt":{"rendered":"<ul>\n<li>Fun\u00e7\u00e3o de rein\u00edcio autom\u00e1tico da bateria de l\u00edtio, mais conveniente para o carregamento da bateria de l\u00edtio<\/li>\n<li>Modo de fornecimento de energia inteligente, distribui\u00e7\u00e3o inteligente de a\u00e7\u00f5es de energia do painel solar\/m\u00e3e\/bateria<\/li>\n<li>Tens\u00e3o de carregamento de servi\u00e7os p\u00fablicos\/tens\u00e3o de carregamento de TV ajust\u00e1vel, compat\u00edvel com diferentes requisitos de carregamento de bateria<\/li>\n<li>Corpo esbelto, conveniente para instala\u00e7\u00e3o e transporte<\/li>\n<li>Prote\u00e7\u00e3o contra conex\u00e3o reversa da bateria com chave fus\u00edvel, instala\u00e7\u00e3o mais segura<\/li>\n<li>PF1.0, alta efici\u00eancia, menor consumo, conserva\u00e7\u00e3o de energia\/prote\u00e7\u00e3o ambiental\/<\/li>\n<li>Economia de eletricidade\/economia de custos<\/li>\n<li>Permite trabalhar sem bateria: Reduzir o custo do sistema solar<\/li>\n<li>Fun\u00e7\u00e3o paralela at\u00e9 um m\u00e1ximo de 9 unidades: Amplia\u00e7\u00e3o de mais cargas<\/li>\n<li>Alta precis\u00e3o da tens\u00e3o de sa\u00edda,\u00b15%, cuide de seus aparelhos<\/li>\n<li>Op\u00e7\u00e3o de comunica\u00e7\u00e3o: WiFi externo, supervis\u00e3o a qualquer momento<\/li>\n<li>Fun\u00e7\u00e3o BMS para bateria de l\u00edtio<\/li>\n<\/ul>","protected":false},"featured_media":1840,"comment_status":"open","ping_status":"closed","template":"","meta":[],"product_brand":[145],"product_cat":[60,61],"product_tag":[276,275],"class_list":{"0":"post-1038","1":"product","2":"type-product","3":"status-publish","4":"has-post-thumbnail","6":"product_brand-gotopower","7":"product_cat-inverters-battery-energy-storage-system","8":"product_cat-hybrid-inverter-battery-energy-storage-system","9":"product_tag-high-frequency-inverter","10":"product_tag-solar-inverter","12":"first","13":"instock","14":"shipping-taxable","15":"product-type-simple"},"_links":{"self":[{"href":"https:\/\/www.gotopess.com\/pt\/wp-json\/wp\/v2\/product\/1038","targetHints":{"allow":["GET"]}}],"collection":[{"href":"https:\/\/www.gotopess.com\/pt\/wp-json\/wp\/v2\/product"}],"about":[{"href":"https:\/\/www.gotopess.com\/pt\/wp-json\/wp\/v2\/types\/product"}],"replies":[{"embeddable":true,"href":"https:\/\/www.gotopess.com\/pt\/wp-json\/wp\/v2\/comments?post=1038"}],"wp:featuredmedia":[{"embeddable":true,"href":"https:\/\/www.gotopess.com\/pt\/wp-json\/wp\/v2\/media\/1840"}],"wp:attachment":[{"href":"https:\/\/www.gotopess.com\/pt\/wp-json\/wp\/v2\/media?parent=1038"}],"wp:term":[{"taxonomy":"product_brand","embeddable":true,"href":"https:\/\/www.gotopess.com\/pt\/wp-json\/wp\/v2\/product_brand?post=1038"},{"taxonomy":"product_cat","embeddable":true,"href":"https:\/\/www.gotopess.com\/pt\/wp-json\/wp\/v2\/product_cat?post=1038"},{"taxonomy":"product_tag","embeddable":true,"href":"https:\/\/www.gotopess.com\/pt\/wp-json\/wp\/v2\/product_tag?post=1038"}],"curies":[{"name":"wp","href":"https:\/\/api.w.org\/{rel}","templated":true}]}}