{"id":1075,"date":"2025-10-10T09:12:56","date_gmt":"2025-10-10T01:12:56","guid":{"rendered":"http:\/\/8.218.239.88\/?post_type=product&#038;p=1075"},"modified":"2025-10-18T20:47:18","modified_gmt":"2025-10-18T12:47:18","slug":"gs-pro-series-5000w-10000w-parallel-solar-inverter","status":"publish","type":"product","link":"https:\/\/www.gotopess.com\/pt\/produto\/gs-pro-series-5000w-10000w-parallel-solar-inverter\/","title":{"rendered":"Inversor Solar Paralelo GS Pro+ Series 5000W-10000W+"},"content":{"rendered":"<p><img decoding=\"async\" class=\"aligncenter size-full wp-image-1076\" src=\"https:\/\/www.gotopess.com\/wp-content\/uploads\/2025\/09\/5000W10000W-SOLAR-INVERTER-GS-Pro-SERIES-scaled.jpg\" alt=\"\" width=\"1810\" height=\"2560\" srcset=\"https:\/\/www.gotopess.com\/wp-content\/uploads\/2025\/09\/5000W10000W-SOLAR-INVERTER-GS-Pro-SERIES-scaled.jpg 1810w, https:\/\/www.gotopess.com\/wp-content\/uploads\/2025\/09\/5000W10000W-SOLAR-INVERTER-GS-Pro-SERIES-283x400.jpg 283w, https:\/\/www.gotopess.com\/wp-content\/uploads\/2025\/09\/5000W10000W-SOLAR-INVERTER-GS-Pro-SERIES-566x800.jpg 566w, https:\/\/www.gotopess.com\/wp-content\/uploads\/2025\/09\/5000W10000W-SOLAR-INVERTER-GS-Pro-SERIES-768x1086.jpg 768w, https:\/\/www.gotopess.com\/wp-content\/uploads\/2025\/09\/5000W10000W-SOLAR-INVERTER-GS-Pro-SERIES-1086x1536.jpg 1086w, https:\/\/www.gotopess.com\/wp-content\/uploads\/2025\/09\/5000W10000W-SOLAR-INVERTER-GS-Pro-SERIES-1448x2048.jpg 1448w, https:\/\/www.gotopess.com\/wp-content\/uploads\/2025\/09\/5000W10000W-SOLAR-INVERTER-GS-Pro-SERIES-600x848.jpg 600w\" sizes=\"(max-width: 1810px) 100vw, 1810px\" \/> <img decoding=\"async\" class=\"aligncenter size-full wp-image-1077\" src=\"https:\/\/www.gotopess.com\/wp-content\/uploads\/2025\/09\/5000W10000W-SOLAR-INVERTER-GS-Pro-SERIES1-scaled.jpg\" alt=\"\" width=\"1810\" height=\"2560\" srcset=\"https:\/\/www.gotopess.com\/wp-content\/uploads\/2025\/09\/5000W10000W-SOLAR-INVERTER-GS-Pro-SERIES1-scaled.jpg 1810w, https:\/\/www.gotopess.com\/wp-content\/uploads\/2025\/09\/5000W10000W-SOLAR-INVERTER-GS-Pro-SERIES1-283x400.jpg 283w, https:\/\/www.gotopess.com\/wp-content\/uploads\/2025\/09\/5000W10000W-SOLAR-INVERTER-GS-Pro-SERIES1-566x800.jpg 566w, https:\/\/www.gotopess.com\/wp-content\/uploads\/2025\/09\/5000W10000W-SOLAR-INVERTER-GS-Pro-SERIES1-768x1086.jpg 768w, https:\/\/www.gotopess.com\/wp-content\/uploads\/2025\/09\/5000W10000W-SOLAR-INVERTER-GS-Pro-SERIES1-1086x1536.jpg 1086w, https:\/\/www.gotopess.com\/wp-content\/uploads\/2025\/09\/5000W10000W-SOLAR-INVERTER-GS-Pro-SERIES1-1448x2048.jpg 1448w, https:\/\/www.gotopess.com\/wp-content\/uploads\/2025\/09\/5000W10000W-SOLAR-INVERTER-GS-Pro-SERIES1-600x848.jpg 600w\" sizes=\"(max-width: 1810px) 100vw, 1810px\" \/><\/p>","protected":false},"excerpt":{"rendered":"<ul>\n<li>Sa\u00edda de onda senoidal pura<\/li>\n<li>Self design PCB board and cooling system<\/li>\n<li>Efici\u00eancia m\u00e1xima do MPPT 98%<\/li>\n<li>Fun\u00e7\u00e3o BMS para bateria de l\u00edtio<\/li>\n<li>High Efficiency Design &amp; &#8220;Power Saving Mode&#8221; to Conserve Energy<\/li>\n<li>Auto Restart when AC in recovering<\/li>\n<li>Parallel Function Up to Maximum 9 Units<\/li>\n<li>Corrente de carga selecion\u00e1vel com base nas aplica\u00e7\u00f5es<\/li>\n<li>Tens\u00e3o de inicializa\u00e7\u00e3o CA Tens\u00e3o de reinicializa\u00e7\u00e3o autom\u00e1tica<\/li>\n<li>Supports lithium battery communication and external WIFI<\/li>\n<\/ul>","protected":false},"featured_media":1078,"comment_status":"open","ping_status":"closed","template":"","meta":[],"product_brand":[145],"product_cat":[60,61],"product_tag":[274,176],"class_list":{"0":"post-1075","1":"product","2":"type-product","3":"status-publish","4":"has-post-thumbnail","6":"product_brand-gotopower","7":"product_cat-inverters-battery-energy-storage-system","8":"product_cat-hybrid-inverter-battery-energy-storage-system","9":"product_tag-frequency-inverter","10":"product_tag-inverter","12":"first","13":"instock","14":"shipping-taxable","15":"product-type-simple"},"_links":{"self":[{"href":"https:\/\/www.gotopess.com\/pt\/wp-json\/wp\/v2\/product\/1075","targetHints":{"allow":["GET"]}}],"collection":[{"href":"https:\/\/www.gotopess.com\/pt\/wp-json\/wp\/v2\/product"}],"about":[{"href":"https:\/\/www.gotopess.com\/pt\/wp-json\/wp\/v2\/types\/product"}],"replies":[{"embeddable":true,"href":"https:\/\/www.gotopess.com\/pt\/wp-json\/wp\/v2\/comments?post=1075"}],"wp:featuredmedia":[{"embeddable":true,"href":"https:\/\/www.gotopess.com\/pt\/wp-json\/wp\/v2\/media\/1078"}],"wp:attachment":[{"href":"https:\/\/www.gotopess.com\/pt\/wp-json\/wp\/v2\/media?parent=1075"}],"wp:term":[{"taxonomy":"product_brand","embeddable":true,"href":"https:\/\/www.gotopess.com\/pt\/wp-json\/wp\/v2\/product_brand?post=1075"},{"taxonomy":"product_cat","embeddable":true,"href":"https:\/\/www.gotopess.com\/pt\/wp-json\/wp\/v2\/product_cat?post=1075"},{"taxonomy":"product_tag","embeddable":true,"href":"https:\/\/www.gotopess.com\/pt\/wp-json\/wp\/v2\/product_tag?post=1075"}],"curies":[{"name":"wp","href":"https:\/\/api.w.org\/{rel}","templated":true}]}}